{"id":2053,"date":"2025-06-12T20:25:06","date_gmt":"2025-06-12T20:25:06","guid":{"rendered":"https:\/\/www.gainmode.to\/product\/tirzepatid-10mg-novo\/"},"modified":"2026-02-09T22:11:31","modified_gmt":"2026-02-09T22:11:31","slug":"tirzepatid-10mg-novo","status":"publish","type":"product","link":"https:\/\/www.gainmode.to\/de\/produkt\/tirzepatid-10mg-novo\/","title":{"rendered":"Tirzepatid 10mg novo"},"content":{"rendered":"<h3 data-start=\"98\" data-end=\"116\"><strong data-start=\"102\" data-end=\"116\">Eigenschaften<\/strong><\/h3>\n<p data-start=\"118\" data-end=\"618\">Tirzepatid ist ein langwirksamer, selektiver Agonist der Rezeptoren f\u00fcr \u201eglukoseabh\u00e4ngiges insulinotropes Polypeptid\u201c (GIP) und \u201eGlucagon-\u00e4hnliches Peptid-1\u201c (GLP-1). Seine Aktivit\u00e4t am GIP-Rezeptor ist vergleichbar mit der des k\u00f6rpereigenen GIP-Hormons, w\u00e4hrend seine Aktivit\u00e4t am GLP-1-Rezeptor geringer ist als die des k\u00f6rpereigenen GLP-1-Hormons. Beide Rezeptoren sind unter anderem auf den \u03b2-Zellen der Bauchspeicheldr\u00fcse, im Magen-Darm-Trakt und im Gehirn vorhanden. GIP-Rezeptoren finden sich auch auf Adipozyten (Fettzellen).   <\/p>\n<hr data-start=\"620\" data-end=\"623\">\n<h3 data-start=\"625\" data-end=\"649\"><strong data-start=\"629\" data-end=\"649\">Blutzuckerkontrolle<\/strong><\/h3>\n<p data-start=\"651\" data-end=\"1092\">Tirzepatid senkt den N\u00fcchtern- und Postprandialblutzuckerspiegel bei Typ-2-Diabetes durch verschiedene Mechanismen. Es erh\u00f6ht die Glukoseempfindlichkeit der \u03b2-Zellen in der Bauchspeicheldr\u00fcse, verbessert die Insulinsekretion der ersten und zweiten Phase glukoseabh\u00e4ngig, erh\u00f6ht die Insulinsensitivit\u00e4t und senkt den Glucagonspiegel. Tirzepatid verz\u00f6gert auch die Magenentleerung (insbesondere zu Beginn der Behandlung), was die Glukoseabsorption aus den Mahlzeiten verlangsamt.  <\/p>\n<hr data-start=\"1094\" data-end=\"1097\">\n<h3 data-start=\"1099\" data-end=\"1118\"><strong data-start=\"1103\" data-end=\"1118\">Gewichtsverlust<\/strong><\/h3>\n<p data-start=\"1120\" data-end=\"1601\">Tirzepatid aktiviert GIP- und GLP-1-Rezeptoren auf Neuronen in Hirnregionen, die an der Regulierung von Appetit und Nahrungsaufnahme beteiligt sind. Es aktiviert auch GIP-Rezeptoren auf Adipozyten, die die Glukoseaufnahme, Lipidaufnahme und Lipolyse regulieren. Tirzepatid erh\u00f6ht das S\u00e4ttigungsgef\u00fchl und die V\u00f6lle, w\u00e4hrend es den Hunger reduziert, was zu einer verringerten Energieaufnahme f\u00fchrt. Es reduziert auch Hei\u00dfhungerattacken und die Vorliebe f\u00fcr zucker- und fettreiche Lebensmittel. Das K\u00f6rpergewicht nimmt ab, haupts\u00e4chlich aufgrund einer reduzierten K\u00f6rperfettmasse.    <\/p>\n<hr data-start=\"1603\" data-end=\"1606\">\n<h3 data-start=\"1608\" data-end=\"1628\"><strong data-start=\"1612\" data-end=\"1628\">Nebenwirkungen<\/strong><\/h3>\n<p data-start=\"1630\" data-end=\"1655\"><strong data-start=\"1630\" data-end=\"1653\">Sehr h\u00e4ufig (&gt;10 %):<\/strong><\/p>\n<ul data-start=\"1656\" data-end=\"1804\">\n<li data-start=\"1656\" data-end=\"1743\">\n<p data-start=\"1658\" data-end=\"1743\">Hypoglyk\u00e4mie (insbesondere bei Anwendung mit Sulfonylharnstoff oder Insulin bei Typ-2-Diabetes)<\/p>\n<\/li>\n<li data-start=\"1744\" data-end=\"1804\">\n<p data-start=\"1746\" data-end=\"1804\">\u00dcbelkeit, Erbrechen, Bauchschmerzen, Durchfall, Verstopfung<\/p>\n<\/li>\n<\/ul>\n<p data-start=\"1806\" data-end=\"1827\"><strong data-start=\"1806\" data-end=\"1825\">H\u00e4ufig (1\u201310 %):<\/strong><\/p>\n<ul data-start=\"1828\" data-end=\"2255\">\n<li data-start=\"1828\" data-end=\"1884\">\n<p data-start=\"1830\" data-end=\"1884\">\u00dcberempfindlichkeitsreaktionen (z. B. Urtikaria, Ekzem)<\/p>\n<\/li>\n<li data-start=\"1885\" data-end=\"1948\">\n<p data-start=\"1887\" data-end=\"1948\">Hypoglyk\u00e4mie bei Anwendung mit Metformin und SGLT-2-Inhibitoren<\/p>\n<\/li>\n<li data-start=\"1949\" data-end=\"1982\">\n<p data-start=\"1951\" data-end=\"1982\">Schwindel, niedriger Blutdruck<\/p>\n<\/li>\n<li data-start=\"1983\" data-end=\"2087\">\n<p data-start=\"1985\" data-end=\"2087\">Reduzierter Appetit, Verdauungsst\u00f6rungen, Aufsto\u00dfen, gastro\u00f6sophageale Refluxkrankheit (GERD), Bl\u00e4hungen, Flatulenz<\/p>\n<\/li>\n<li data-start=\"2088\" data-end=\"2101\">\n<p data-start=\"2090\" data-end=\"2101\">Haarausfall<\/p>\n<\/li>\n<li data-start=\"2102\" data-end=\"2164\">\n<p data-start=\"2104\" data-end=\"2164\">M\u00fcdigkeit, Reaktionen an der Injektionsstelle (z. B. R\u00f6tung, Juckreiz)<\/p>\n<\/li>\n<li data-start=\"2165\" data-end=\"2189\">\n<p data-start=\"2167\" data-end=\"2189\">Erh\u00f6hte Herzfrequenz<\/p>\n<\/li>\n<li data-start=\"2190\" data-end=\"2255\">\n<p data-start=\"2192\" data-end=\"2255\">Erh\u00f6hte Serum-Lipase oder Amylase, erh\u00f6htes Blut-Calcitonin<\/p>\n<\/li>\n<\/ul>\n<p data-start=\"2257\" data-end=\"2281\"><strong data-start=\"2257\" data-end=\"2279\">Gelegentlich (0,1\u20131 %):<\/strong><\/p>\n<ul data-start=\"2282\" data-end=\"2503\">\n<li data-start=\"2282\" data-end=\"2332\">\n<p data-start=\"2284\" data-end=\"2332\">Hypoglyk\u00e4mie mit Metformin bei Typ-2-Diabetes<\/p>\n<\/li>\n<li data-start=\"2333\" data-end=\"2348\">\n<p data-start=\"2335\" data-end=\"2348\">Gewichtsverlust<\/p>\n<\/li>\n<li data-start=\"2349\" data-end=\"2389\">\n<p data-start=\"2351\" data-end=\"2389\">Geschmacksst\u00f6rungen, abnormale Empfindungen<\/p>\n<\/li>\n<li data-start=\"2390\" data-end=\"2479\">\n<p data-start=\"2392\" data-end=\"2479\">Gallensteine, Gallenblasenentz\u00fcndung, akute Pankreatitis, verz\u00f6gerte Magenentleerung<\/p>\n<\/li>\n<li data-start=\"2480\" data-end=\"2503\">\n<p data-start=\"2482\" data-end=\"2503\">Schmerzen an der Injektionsstelle<\/p>\n<\/li>\n<\/ul>\n<p data-start=\"2505\" data-end=\"2528\"><strong data-start=\"2505\" data-end=\"2526\">Selten (0,01\u20130,1 %):<\/strong><\/p>\n<ul data-start=\"2529\" data-end=\"2569\">\n<li data-start=\"2529\" data-end=\"2554\">\n<p data-start=\"2531\" data-end=\"2554\">Anaphylaktische Reaktion<\/p>\n<\/li>\n<li data-start=\"2555\" data-end=\"2569\">\n<p data-start=\"2557\" data-end=\"2569\">Angio\u00f6dem<\/p>\n<\/li>\n<\/ul>\n<p data-start=\"2571\" data-end=\"2694\">Gastrointestinale Nebenwirkungen sind in der Regel mild bis m\u00e4\u00dfig, treten h\u00e4ufiger w\u00e4hrend der Dosiserh\u00f6hung auf und nehmen mit der Zeit ab.<\/p>\n<p data-start=\"2696\" data-end=\"2826\">Schwindel, niedriger Blutdruck und Haarausfall treten haupts\u00e4chlich bei Patienten mit Adipositas oder \u00dcbergewicht auf, mit oder ohne Typ-2-Diabetes.<\/p>\n<hr data-start=\"2828\" data-end=\"2831\">\n<h3 data-start=\"2833\" data-end=\"2847\"><strong data-start=\"2837\" data-end=\"2847\">Dosierung<\/strong><\/h3>\n<p data-start=\"2849\" data-end=\"2925\"><strong data-start=\"2849\" data-end=\"2896\">Typ-2-Diabetes mellitus, Gewichtsmanagement<\/strong><br data-start=\"2896\" data-end=\"2899\">Erwachsene (einschlie\u00dflich \u00e4lterer Menschen)<\/p>\n<ul data-start=\"2927\" data-end=\"3140\">\n<li data-start=\"2927\" data-end=\"2988\">\n<p data-start=\"2929\" data-end=\"2988\">Subkutane Injektion: Anfangsdosis 2,5 mg einmal w\u00f6chentlich.<\/p>\n<\/li>\n<li data-start=\"2989\" data-end=\"3037\">\n<p data-start=\"2991\" data-end=\"3037\">Nach 4 Wochen auf 5 mg einmal w\u00f6chentlich erh\u00f6hen.<\/p>\n<\/li>\n<li data-start=\"3038\" data-end=\"3140\">\n<p data-start=\"3040\" data-end=\"3140\">Bei Bedarf alle 4 Wochen in Schritten von 2,5 mg bis zu einem Maximum von 15 mg einmal w\u00f6chentlich weiter erh\u00f6hen.<\/p>\n<\/li>\n<\/ul>\n<p data-start=\"3142\" data-end=\"3239\">Bei Zugabe zu Metformin und\/oder einem SGLT2-Inhibitor die aktuellen Dosen dieser Medikamente beibehalten.<\/p>\n<p data-start=\"3241\" data-end=\"3469\">Bei Zugabe zu einem Sulfonylharnstoff und\/oder Insulin die Dosis des Sulfonylharnstoffs oder Insulins zur Reduzierung des Hypoglyk\u00e4mie-Risikos in Betracht ziehen; eine Blutzuckerselbstkontrolle ist erforderlich. Die Insulindosisreduktion sollte schrittweise erfolgen. <\/p>\n<p data-start=\"3471\" data-end=\"3634\">Bei Patienten mit eingeschr\u00e4nkter Nierenfunktion ist keine Dosisanpassung erforderlich. Bei schwerer Nierenfunktionsst\u00f6rung oder terminaler Niereninsuffizienz ist aufgrund unzureichender Daten Vorsicht geboten. <\/p>\n<p data-start=\"3636\" data-end=\"3770\">Bei Patienten mit eingeschr\u00e4nkter Leberfunktion ist keine Dosisanpassung erforderlich. Bei schwerer Leberfunktionsst\u00f6rung ist aufgrund unzureichender Daten Vorsicht geboten. <\/p>\n","protected":false},"excerpt":{"rendered":"<p>Eigenschaften Tirzepatid ist ein langwirksamer, selektiver Agonist der Rezeptoren f\u00fcr \u201eglukoseabh\u00e4ngiges insulinotropes Polypeptid\u201c (GIP) und \u201eGlucagon-\u00e4hnliches Peptid-1\u201c (GLP-1). Seine Aktivit\u00e4t am GIP-Rezeptor ist vergleichbar mit der des k\u00f6rpereigenen GIP-Hormons, w\u00e4hrend seine Aktivit\u00e4t am GLP-1-Rezeptor geringer ist als die des k\u00f6rpereigenen GLP-1-Hormons. Beide Rezeptoren sind unter anderem auf den \u03b2-Zellen der Bauchspeicheldr\u00fcse, im Magen-Darm-Trakt und im &#8230; <a title=\"Tirzepatid 10mg novo\" class=\"read-more\" href=\"https:\/\/www.gainmode.to\/de\/produkt\/tirzepatid-10mg-novo\/\" aria-label=\"Mehr Informationen \u00fcber Tirzepatid 10mg novo\">Weiterlesen<\/a><\/p>\n","protected":false},"featured_media":1194,"comment_status":"open","ping_status":"closed","template":"","meta":[],"product_brand":[83],"product_cat":[970,971],"product_tag":[980,976,975,977,979,978,974,972,973,981],"class_list":{"0":"post-2053","1":"product","2":"type-product","3":"status-publish","4":"has-post-thumbnail","6":"product_brand-novo","7":"product_cat-gewichtsverlust","8":"product_cat-tirzepatid","9":"product_tag-blutzuckerregulierung","10":"product_tag-diabetesbehandlung","11":"product_tag-gewichtsverlust","12":"product_tag-glp-1-de","13":"product_tag-injizierbares-peptid","14":"product_tag-mounjaro-alternative-de","15":"product_tag-novo-tirzepatid","16":"product_tag-tirzepatid","17":"product_tag-tirzepatid-10mg","18":"product_tag-tirzepatid-injektion","20":"first","21":"instock","22":"sale","23":"shipping-taxable","24":"purchasable","25":"product-type-simple"},"_links":{"self":[{"href":"https:\/\/www.gainmode.to\/de\/wp-json\/wp\/v2\/product\/2053","targetHints":{"allow":["GET"]}}],"collection":[{"href":"https:\/\/www.gainmode.to\/de\/wp-json\/wp\/v2\/product"}],"about":[{"href":"https:\/\/www.gainmode.to\/de\/wp-json\/wp\/v2\/types\/product"}],"replies":[{"embeddable":true,"href":"https:\/\/www.gainmode.to\/de\/wp-json\/wp\/v2\/comments?post=2053"}],"wp:featuredmedia":[{"embeddable":true,"href":"https:\/\/www.gainmode.to\/de\/wp-json\/wp\/v2\/media\/1194"}],"wp:attachment":[{"href":"https:\/\/www.gainmode.to\/de\/wp-json\/wp\/v2\/media?parent=2053"}],"wp:term":[{"taxonomy":"product_brand","embeddable":true,"href":"https:\/\/www.gainmode.to\/de\/wp-json\/wp\/v2\/product_brand?post=2053"},{"taxonomy":"product_cat","embeddable":true,"href":"https:\/\/www.gainmode.to\/de\/wp-json\/wp\/v2\/product_cat?post=2053"},{"taxonomy":"product_tag","embeddable":true,"href":"https:\/\/www.gainmode.to\/de\/wp-json\/wp\/v2\/product_tag?post=2053"}],"curies":[{"name":"wp","href":"https:\/\/api.w.org\/{rel}","templated":true}]}}