{"id":2081,"date":"2025-06-12T20:25:25","date_gmt":"2025-06-12T20:25:25","guid":{"rendered":"https:\/\/www.gainmode.to\/product\/testosteron-enanthate-250mg-ml-prime-pharma\/"},"modified":"2025-11-15T18:59:36","modified_gmt":"2025-11-15T18:59:36","slug":"testosteron-enanthate-250mg-ml-prime-pharma","status":"publish","type":"product","link":"https:\/\/www.gainmode.to\/de\/produkt\/testosteron-enanthate-250mg-ml-prime-pharma\/","title":{"rendered":"Testosteron Enanthate 250mg\/ml Prime Pharma"},"content":{"rendered":"<p data-start=\"100\" data-end=\"195\"><strong data-start=\"100\" data-end=\"150\">Testosteron Enanthate 250mg\/ml \u2013 Prime Pharma<\/strong><br data-start=\"150\" data-end=\"153\"><strong data-start=\"153\" data-end=\"195\">Testosteron Enanthate von h\u00f6chster Qualit\u00e4t<\/strong><\/p>\n<p data-start=\"197\" data-end=\"399\">Testosteron Enantat 250 mg\/ml ist ein Steroid, das als \u00f6lbasiertes Injektionsmittel zur intramuskul\u00e4ren Anwendung hergestellt wird. Es wird in einer 10-ml-Glasflasche geliefert. Testosteron Enantat wird normalerweise 1- bis 3-mal pro Woche injiziert.  <\/p>\n<hr data-start=\"401\" data-end=\"404\">\n<h3 data-start=\"406\" data-end=\"447\"><strong data-start=\"410\" data-end=\"447\">Wirkungsweise von Testosteron Enantat:<\/strong><\/h3>\n<ul data-start=\"449\" data-end=\"948\">\n<li data-start=\"449\" data-end=\"487\">\n<p data-start=\"451\" data-end=\"487\">F\u00fchrt zu einer Zunahme der Muskelmasse.<\/p>\n<\/li>\n<li data-start=\"488\" data-end=\"564\">\n<p data-start=\"490\" data-end=\"564\">Verbessert die Trainingskapazit\u00e4t erheblich \u2014 Sie k\u00f6nnen viel h\u00e4rter als gew\u00f6hnlich trainieren.<\/p>\n<\/li>\n<li data-start=\"565\" data-end=\"711\">\n<p data-start=\"567\" data-end=\"711\">Verbessert m\u00e4nnliche sekund\u00e4re Geschlechtsmerkmale, wie die Akzentuierung m\u00e4nnlicher Gesichtsz\u00fcge, die Vertiefung der Stimme und die Zunahme der K\u00f6rperbehaarung.<\/p>\n<\/li>\n<li data-start=\"712\" data-end=\"763\">\n<p data-start=\"714\" data-end=\"763\">Verbessert und stimuliert regenerative Prozesse.<\/p>\n<\/li>\n<li data-start=\"764\" data-end=\"792\">\n<p data-start=\"766\" data-end=\"792\">Steigert das sexuelle Verlangen.<\/p>\n<\/li>\n<li data-start=\"793\" data-end=\"879\">\n<p data-start=\"795\" data-end=\"879\">Lindert Druck in den Armen, verschiedene Bandscheibenprobleme und Gelenkschmerzen.<\/p>\n<\/li>\n<li data-start=\"880\" data-end=\"948\">\n<p data-start=\"882\" data-end=\"948\">Steigert die Motivation, das Beste aus jeder Trainingseinheit herauszuholen.<\/p>\n<\/li>\n<\/ul>\n<hr data-start=\"950\" data-end=\"953\">\n<h3 data-start=\"955\" data-end=\"976\"><strong data-start=\"959\" data-end=\"976\">Nebenwirkungen:<\/strong><\/h3>\n<p data-start=\"978\" data-end=\"1046\">Aufgrund hoher \u00d6strogenaktivit\u00e4t k\u00f6nnen folgende Nebenwirkungen auftreten:<\/p>\n<ul data-start=\"1048\" data-end=\"1457\">\n<li data-start=\"1048\" data-end=\"1101\">\n<p data-start=\"1050\" data-end=\"1101\">Gyn\u00e4komastie (Entwicklung von m\u00e4nnlichem Brustgewebe).<\/p>\n<\/li>\n<li data-start=\"1102\" data-end=\"1177\">\n<p data-start=\"1104\" data-end=\"1177\">Einlagerung von \u00fcbersch\u00fcssiger Fl\u00fcssigkeit im K\u00f6rper und Bildung von weiblichem Fettgewebe.<\/p>\n<\/li>\n<li data-start=\"1178\" data-end=\"1255\">\n<p data-start=\"1180\" data-end=\"1255\">Hodenatrophie bei M\u00e4nnern, wenn keine Vorsichtsma\u00dfnahmen getroffen werden (z. B. HCG-Anwendung).<\/p>\n<\/li>\n<li data-start=\"1256\" data-end=\"1307\">\n<p data-start=\"1258\" data-end=\"1307\">Unterdr\u00fcckung der nat\u00fcrlichen Testosteronproduktion.<\/p>\n<\/li>\n<li data-start=\"1308\" data-end=\"1322\">\n<p data-start=\"1310\" data-end=\"1322\">Haarausfall.<\/p>\n<\/li>\n<li data-start=\"1323\" data-end=\"1376\">\n<p data-start=\"1325\" data-end=\"1376\">Unterdr\u00fcckung der endogenen Testosteronsekretion.<\/p>\n<\/li>\n<li data-start=\"1377\" data-end=\"1411\">\n<p data-start=\"1379\" data-end=\"1411\">Akne und Prostatahyperplasie.<\/p>\n<\/li>\n<li data-start=\"1412\" data-end=\"1457\">\n<p data-start=\"1414\" data-end=\"1457\">Es kann die Schilddr\u00fcsenhormonregulation beeinflussen.<\/p>\n<\/li>\n<\/ul>\n","protected":false},"excerpt":{"rendered":"<p>&nbsp;<\/p>\n<p><b>Informationen:<\/b><\/p>\n<p>&nbsp;<\/p>\n<table class=\"table table-bordered\" width=\"288\">\n<tbody>\n<tr>\n<td>Halbwertszeit<\/td>\n<td>4-5 Tage<\/td>\n<\/tr>\n<tr>\n<td>Verabreichung<\/td>\n<td>Injektion<\/td>\n<\/tr>\n<tr>\n<td>Dosis<\/td>\n<td>250-1000 mg<\/td>\n<\/tr>\n<tr>\n<td>Akne<\/td>\n<td>Bei h\u00f6heren Dosierungen<\/td>\n<\/tr>\n<tr>\n<td>Wassereinlagerungen<\/td>\n<td>Bei h\u00f6heren Dosierungen<\/td>\n<\/tr>\n<tr>\n<td>Hoher Blutdruck<\/td>\n<td>Bei h\u00f6heren Dosierungen<\/td>\n<\/tr>\n<tr>\n<td>Lebersch\u00e4den<\/td>\n<td>Bei h\u00f6heren Dosierungen<\/td>\n<\/tr>\n<tr>\n<td>Aromatisierung<\/td>\n<td>ja<\/td>\n<\/tr>\n<tr>\n<td>DHT-Konversion<\/td>\n<td>Ja<\/td>\n<\/tr>\n<\/tbody>\n<\/table>\n<p>&nbsp;<\/p>\n","protected":false},"featured_media":1149,"comment_status":"open","ping_status":"closed","template":"","meta":[],"product_brand":[80],"product_cat":[1063,1125],"product_tag":[1070,1127,1068,1067,1069,1066,1123,1126,1139],"class_list":{"0":"post-2081","1":"product","2":"type-product","3":"status-publish","4":"has-post-thumbnail","6":"product_brand-prime-pharma","7":"product_cat-injektionen","8":"product_cat-testosteron-enantat","9":"product_tag-bodybuilding-steroid-de","10":"product_tag-enantat-250","11":"product_tag-injizierbares-testosteron","12":"product_tag-kraftsteigerung","13":"product_tag-langwirksames-testosteron","14":"product_tag-muskelwachstum","15":"product_tag-prime-pharma-de","16":"product_tag-testosteron-enantat","17":"product_tag-testosteron-enanthate-250mg-ml","19":"first","20":"instock","21":"shipping-taxable","22":"purchasable","23":"product-type-simple"},"_links":{"self":[{"href":"https:\/\/www.gainmode.to\/de\/wp-json\/wp\/v2\/product\/2081","targetHints":{"allow":["GET"]}}],"collection":[{"href":"https:\/\/www.gainmode.to\/de\/wp-json\/wp\/v2\/product"}],"about":[{"href":"https:\/\/www.gainmode.to\/de\/wp-json\/wp\/v2\/types\/product"}],"replies":[{"embeddable":true,"href":"https:\/\/www.gainmode.to\/de\/wp-json\/wp\/v2\/comments?post=2081"}],"wp:featuredmedia":[{"embeddable":true,"href":"https:\/\/www.gainmode.to\/de\/wp-json\/wp\/v2\/media\/1149"}],"wp:attachment":[{"href":"https:\/\/www.gainmode.to\/de\/wp-json\/wp\/v2\/media?parent=2081"}],"wp:term":[{"taxonomy":"product_brand","embeddable":true,"href":"https:\/\/www.gainmode.to\/de\/wp-json\/wp\/v2\/product_brand?post=2081"},{"taxonomy":"product_cat","embeddable":true,"href":"https:\/\/www.gainmode.to\/de\/wp-json\/wp\/v2\/product_cat?post=2081"},{"taxonomy":"product_tag","embeddable":true,"href":"https:\/\/www.gainmode.to\/de\/wp-json\/wp\/v2\/product_tag?post=2081"}],"curies":[{"name":"wp","href":"https:\/\/api.w.org\/{rel}","templated":true}]}}