{"id":2093,"date":"2025-06-23T22:36:16","date_gmt":"2025-06-23T22:36:16","guid":{"rendered":"https:\/\/www.gainmode.to\/product\/bakteriostatisches-wasser-10ml\/"},"modified":"2025-11-16T18:22:26","modified_gmt":"2025-11-16T18:22:26","slug":"bakteriostatisches-wasser-10ml","status":"publish","type":"product","link":"https:\/\/www.gainmode.to\/de\/produkt\/bakteriostatisches-wasser-10ml\/","title":{"rendered":"Bakteriostatisches Wasser 10ml"},"content":{"rendered":"<p align=\"justify\">Bakteriostatisches Wasser zur Injektion ist steriles, nicht-pyrogenes Wasser, das 0,9 % Benzylalkohol (9 mg\/ml) als bakteriostatisches Konservierungsmittel enth\u00e4lt. Diese Zubereitung aus sterilem Wasser und Benzylalkohol (BnOH) erm\u00f6glicht wiederholte Entnahmen aus einem einzigen 30-ml-Kunststofffl\u00e4schchen. Hospira, der weltweit f\u00fchrende Hersteller und Lieferant von bakteriostatischem und sterilem Wasser, empfiehlt, dass nach dem \u00d6ffnen eines Fl\u00e4schchens bakteriostatischen Wassers die Konservierungsmittel dessen Haltbarkeit um bis zu 28 Tage verl\u00e4ngern. Nach diesem Zeitraum sollte das Fl\u00e4schchen entsorgt werden.   <\/p>\n","protected":false},"excerpt":{"rendered":"<p>Bakteriostatisches Wasser zur Injektion ist steriles, nicht-pyrogenes Wasser, das 0,9 % Benzylalkohol (9 mg\/ml) als bakteriostatisches Konservierungsmittel enth\u00e4lt. Diese Zubereitung aus sterilem Wasser und Benzylalkohol (BnOH) erm\u00f6glicht wiederholte Entnahmen aus einem einzigen 30-ml-Kunststofffl\u00e4schchen. Hospira, der weltweit f\u00fchrende Hersteller und Lieferant von bakteriostatischem und sterilem Wasser, empfiehlt, dass nach dem \u00d6ffnen eines Fl\u00e4schchens bakteriostatischen Wassers die &#8230; <a title=\"Bakteriostatisches Wasser 10ml\" class=\"read-more\" href=\"https:\/\/www.gainmode.to\/de\/produkt\/bakteriostatisches-wasser-10ml\/\" aria-label=\"Mehr Informationen \u00fcber Bakteriostatisches Wasser 10ml\">Weiterlesen<\/a><\/p>\n","protected":false},"featured_media":1204,"comment_status":"open","ping_status":"closed","template":"","meta":[],"product_brand":[80],"product_cat":[1196],"product_tag":[1209,1207,1199,1202,1206,1208,1210,1204],"class_list":{"0":"post-2093","1":"product","2":"type-product","3":"status-publish","4":"has-post-thumbnail","6":"product_brand-prime-pharma","7":"product_cat-peptide","8":"product_tag-10ml-bakteriostatisches-wasser","9":"product_tag-bakteriostatisches-steriles-wasser","10":"product_tag-bakteriostatisches-wasser","11":"product_tag-bakteriostatisches-wasser-10ml","12":"product_tag-injektionswasser","13":"product_tag-medizinisches-wasser","14":"product_tag-steriles-bakteriostatisches-wasser","15":"product_tag-steriles-wasser","17":"first","18":"instock","19":"shipping-taxable","20":"purchasable","21":"product-type-simple"},"_links":{"self":[{"href":"https:\/\/www.gainmode.to\/de\/wp-json\/wp\/v2\/product\/2093","targetHints":{"allow":["GET"]}}],"collection":[{"href":"https:\/\/www.gainmode.to\/de\/wp-json\/wp\/v2\/product"}],"about":[{"href":"https:\/\/www.gainmode.to\/de\/wp-json\/wp\/v2\/types\/product"}],"replies":[{"embeddable":true,"href":"https:\/\/www.gainmode.to\/de\/wp-json\/wp\/v2\/comments?post=2093"}],"wp:featuredmedia":[{"embeddable":true,"href":"https:\/\/www.gainmode.to\/de\/wp-json\/wp\/v2\/media\/1204"}],"wp:attachment":[{"href":"https:\/\/www.gainmode.to\/de\/wp-json\/wp\/v2\/media?parent=2093"}],"wp:term":[{"taxonomy":"product_brand","embeddable":true,"href":"https:\/\/www.gainmode.to\/de\/wp-json\/wp\/v2\/product_brand?post=2093"},{"taxonomy":"product_cat","embeddable":true,"href":"https:\/\/www.gainmode.to\/de\/wp-json\/wp\/v2\/product_cat?post=2093"},{"taxonomy":"product_tag","embeddable":true,"href":"https:\/\/www.gainmode.to\/de\/wp-json\/wp\/v2\/product_tag?post=2093"}],"curies":[{"name":"wp","href":"https:\/\/api.w.org\/{rel}","templated":true}]}}