{"id":2125,"date":"2025-06-24T09:24:29","date_gmt":"2025-06-24T09:24:29","guid":{"rendered":"https:\/\/www.gainmode.to\/product\/dhb-100mg-ml-prime\/"},"modified":"2025-11-21T09:21:56","modified_gmt":"2025-11-21T09:21:56","slug":"dhb-100mg-ml-prime","status":"publish","type":"product","link":"https:\/\/www.gainmode.to\/de\/produkt\/dhb-100mg-ml-prime\/","title":{"rendered":"DHB 50 mg\/ml Einzigartig"},"content":{"rendered":"<p data-start=\"109\" data-end=\"170\"><strong data-start=\"109\" data-end=\"131\">DHB 50 mg\/ml Einzigartig<\/strong><br data-start=\"131\" data-end=\"134\"><strong data-start=\"134\" data-end=\"170\">Dihydroboldenon Cypionat (DHB)<\/strong><\/p>\n<hr data-start=\"172\" data-end=\"175\">\n<p data-start=\"177\" data-end=\"730\">Dihydroboldenon Cypionat, auch bekannt als <strong data-start=\"219\" data-end=\"226\">DHB<\/strong> oder <strong data-start=\"230\" data-end=\"248\">1-Testosteron<\/strong>, ist eine sehr interessante Verbindung, um viel Muskelmasse ohne Nebenwirkungen aufzubauen. Diese Verbindung ist <strong data-start=\"353\" data-end=\"403\">doppelt so anabol wie Testosteron oder Boldenon<\/strong>. Beim Kauf von DHB sollte man bedenken, dass es die Produktion roter Blutk\u00f6rperchen stark anregt \u2013 genau wie Boldenon \u2013 sodass sowohl Ausdauer als auch Appetit sofort gesteigert werden. Es eignet sich daher haupts\u00e4chlich als F\u00fcllstoff, um viel Muskelmasse aufzubauen! Das anabole\/androgene Verh\u00e4ltnis dieser Verbindung betr\u00e4gt <strong data-start=\"715\" data-end=\"729\">200 zu 100<\/strong>.    <\/p>\n<p data-start=\"732\" data-end=\"1348\">Auf dem Papier hat DHB ein anaboles zu androgenes Verh\u00e4ltnis von 200\/100.<br data-start=\"793\" data-end=\"796\">Wenn Ihnen diese Zahlen nicht viel sagen, denken Sie daran, dass das Verh\u00e4ltnis f\u00fcr Testosteron genau 100 betr\u00e4gt, DHB also doppelt so anabol ist wie Testosteron.<br data-start=\"938\" data-end=\"941\">Vergessen wir jedoch nicht, dass die f\u00fcr anabole androgene Steroide (AAS) angegebenen Verh\u00e4ltnisse irref\u00fchrend sein k\u00f6nnen.<br data-start=\"1046\" data-end=\"1049\">Daher ist DHB tats\u00e4chlich sehr minimal androgen, sodass Nebenwirkungen wie Aggression und Bluthochdruck geringer sein werden als bei anderen Steroiden.<br data-start=\"1198\" data-end=\"1201\">Dar\u00fcber hinaus ist DHB im Vergleich zu anderen Verbindungen sehr mild und <strong data-start=\"1266\" data-end=\"1283\">aromatisiert nicht<\/strong>, sodass Sie sich keine Sorgen um \u00f6strogenbedingte Nebenwirkungen machen m\u00fcssen.<\/p>\n<hr data-start=\"1350\" data-end=\"1353\">\n<h3 data-start=\"1355\" data-end=\"1374\"><strong data-start=\"1359\" data-end=\"1374\">DHB-Dosierung?<\/strong><\/h3>\n<p data-start=\"1376\" data-end=\"1751\">Was ist die perfekte Dosis, um Nebenwirkungen zu vermeiden und dennoch optimal Muskeln aufzubauen? Viele Sportler f\u00fchlen sich bei <strong data-start=\"1483\" data-end=\"1506\">400-600 mg pro Woche<\/strong> wohl, aber einige erzielen optimale Ergebnisse erst bei <strong data-start=\"1549\" data-end=\"1573\">800-1000 mg pro Woche<\/strong>. Dies variiert stark pro Person, daher ist es haupts\u00e4chlich eine Frage des Ausprobierens.<br data-start=\"1651\" data-end=\"1654\">Da DHB 1,5-mal st\u00e4rker ist als Boldenon, empfehlen wir eine Dosis von <strong data-start=\"1727\" data-end=\"1750\">200-600 mg pro Woche<\/strong>.  <\/p>\n<p data-start=\"1376\" data-end=\"1751\">\n","protected":false},"excerpt":{"rendered":"<p>Halbwertszeit bis ca. 4 &#8211; 5 Tage<\/p>\n","protected":false},"featured_media":3174,"comment_status":"open","ping_status":"closed","template":"","meta":[],"product_brand":[79],"product_cat":[4909,1063],"product_tag":[1493,1070,1488,1489,1492,1491,1495,1487,1286],"class_list":{"0":"post-2125","1":"product","2":"type-product","3":"status-publish","4":"has-post-thumbnail","6":"product_brand-unique","7":"product_cat-dhb","8":"product_cat-injektionen","9":"product_tag-100mg-ml-dhb-de","10":"product_tag-bodybuilding-steroid-de","11":"product_tag-dhb-de","12":"product_tag-dhb-100mg-ml-de","13":"product_tag-dhb-injektion","14":"product_tag-dhb-steroid-de","15":"product_tag-injizierbares-dhb","16":"product_tag-leistungssteigerer","17":"product_tag-muskelwachstumssteroid","19":"first","20":"instock","21":"shipping-taxable","22":"purchasable","23":"product-type-simple"},"_links":{"self":[{"href":"https:\/\/www.gainmode.to\/de\/wp-json\/wp\/v2\/product\/2125","targetHints":{"allow":["GET"]}}],"collection":[{"href":"https:\/\/www.gainmode.to\/de\/wp-json\/wp\/v2\/product"}],"about":[{"href":"https:\/\/www.gainmode.to\/de\/wp-json\/wp\/v2\/types\/product"}],"replies":[{"embeddable":true,"href":"https:\/\/www.gainmode.to\/de\/wp-json\/wp\/v2\/comments?post=2125"}],"wp:featuredmedia":[{"embeddable":true,"href":"https:\/\/www.gainmode.to\/de\/wp-json\/wp\/v2\/media\/3174"}],"wp:attachment":[{"href":"https:\/\/www.gainmode.to\/de\/wp-json\/wp\/v2\/media?parent=2125"}],"wp:term":[{"taxonomy":"product_brand","embeddable":true,"href":"https:\/\/www.gainmode.to\/de\/wp-json\/wp\/v2\/product_brand?post=2125"},{"taxonomy":"product_cat","embeddable":true,"href":"https:\/\/www.gainmode.to\/de\/wp-json\/wp\/v2\/product_cat?post=2125"},{"taxonomy":"product_tag","embeddable":true,"href":"https:\/\/www.gainmode.to\/de\/wp-json\/wp\/v2\/product_tag?post=2125"}],"curies":[{"name":"wp","href":"https:\/\/api.w.org\/{rel}","templated":true}]}}