{"id":2129,"date":"2025-06-23T23:44:29","date_gmt":"2025-06-23T23:44:29","guid":{"rendered":"https:\/\/www.gainmode.to\/product\/deca-nandrolon-decanoat-200-mg-ml-unique-pharma\/"},"modified":"2025-06-23T23:44:29","modified_gmt":"2025-06-23T23:44:29","slug":"deca-nandrolon-decanoat-200-mg-ml-unique-pharma","status":"publish","type":"product","link":"https:\/\/www.gainmode.to\/de\/produkt\/deca-nandrolon-decanoat-200-mg-ml-unique-pharma\/","title":{"rendered":"DECA Nandrolon Decanoat 200 mg\/ml Unique pharma"},"content":{"rendered":"<p data-start=\"104\" data-end=\"157\"><strong data-start=\"104\" data-end=\"157\">DECA Nandrolon Decanoat 200 mg\/ml \u2013 Prime Pharma<\/strong><\/p>\n<p data-start=\"159\" data-end=\"313\">Es st\u00e4rkt die Knochen und erh\u00f6ht die Anzahl der roten Blutk\u00f6rperchen. \u00c4rzte verschreiben Nandrolon bei schwerer Osteoporose nach den Wechseljahren und bei An\u00e4mie. <\/p>\n<p data-start=\"315\" data-end=\"446\">Bei l\u00e4ngerer Anwendung in hohen Dosen k\u00f6nnen Nebenwirkungen wie Schlafst\u00f6rungen, psychische Unruhe und aggressives Verhalten auftreten.<\/p>\n","protected":false},"excerpt":{"rendered":"<p><b>Informationen:<\/b><\/p>\n<table class=\"table table-bordered\">\n<tbody>\n<tr>\n<td>Halbwertszeit<\/td>\n<td>14-16 Tage<\/td>\n<\/tr>\n<tr>\n<td>Verabreichung<\/td>\n<td>Injektion<\/td>\n<\/tr>\n<tr>\n<td>Dosis<\/td>\n<td>100-800 mg<\/td>\n<\/tr>\n<tr>\n<td>Akne<\/td>\n<td>ja<\/td>\n<\/tr>\n<tr>\n<td>Wassereinlagerungen<\/td>\n<td>ja<\/td>\n<\/tr>\n<tr>\n<td>Hoher Blutdruck<\/td>\n<td>Ja<\/td>\n<\/tr>\n<tr>\n<td>Lebersch\u00e4digung<\/td>\n<td>Nein<\/td>\n<\/tr>\n<tr>\n<td>Aromatisierung<\/td>\n<td>gering<\/td>\n<\/tr>\n<tr>\n<td>DHT-Konversion<\/td>\n<td>Niedrig<\/td>\n<\/tr>\n<\/tbody>\n<\/table>\n","protected":false},"featured_media":299,"comment_status":"open","ping_status":"closed","template":"","meta":[],"product_brand":[79],"product_cat":[1283,1063],"product_tag":[1298,1284,1070,1288,1293,1297,1299,1286,1290,1295,1499],"class_list":{"0":"post-2129","1":"product","2":"type-product","3":"status-publish","4":"has-post-thumbnail","6":"product_brand-unique","7":"product_cat-deca-de","8":"product_cat-injektionen","9":"product_tag-200mg-ml-deca-de","10":"product_tag-anaboles-steroid","11":"product_tag-bodybuilding-steroid-de","12":"product_tag-deca-de","13":"product_tag-deca-200mg-ml-de","14":"product_tag-deca-injektion","15":"product_tag-injizierbares-deca","16":"product_tag-muskelwachstumssteroid","17":"product_tag-nandrolon-decanoat","18":"product_tag-nandrolon-decanoat-de","19":"product_tag-unique-pharma-deca-de","21":"first","22":"instock","23":"shipping-taxable","24":"purchasable","25":"product-type-simple"},"_links":{"self":[{"href":"https:\/\/www.gainmode.to\/de\/wp-json\/wp\/v2\/product\/2129","targetHints":{"allow":["GET"]}}],"collection":[{"href":"https:\/\/www.gainmode.to\/de\/wp-json\/wp\/v2\/product"}],"about":[{"href":"https:\/\/www.gainmode.to\/de\/wp-json\/wp\/v2\/types\/product"}],"replies":[{"embeddable":true,"href":"https:\/\/www.gainmode.to\/de\/wp-json\/wp\/v2\/comments?post=2129"}],"wp:featuredmedia":[{"embeddable":true,"href":"https:\/\/www.gainmode.to\/de\/wp-json\/wp\/v2\/media\/299"}],"wp:attachment":[{"href":"https:\/\/www.gainmode.to\/de\/wp-json\/wp\/v2\/media?parent=2129"}],"wp:term":[{"taxonomy":"product_brand","embeddable":true,"href":"https:\/\/www.gainmode.to\/de\/wp-json\/wp\/v2\/product_brand?post=2129"},{"taxonomy":"product_cat","embeddable":true,"href":"https:\/\/www.gainmode.to\/de\/wp-json\/wp\/v2\/product_cat?post=2129"},{"taxonomy":"product_tag","embeddable":true,"href":"https:\/\/www.gainmode.to\/de\/wp-json\/wp\/v2\/product_tag?post=2129"}],"curies":[{"name":"wp","href":"https:\/\/api.w.org\/{rel}","templated":true}]}}