{"id":2150,"date":"2025-06-24T11:59:17","date_gmt":"2025-06-24T11:59:17","guid":{"rendered":"https:\/\/www.gainmode.to\/product\/masteron-propionat-unique-100mg-ml\/"},"modified":"2025-06-24T11:59:17","modified_gmt":"2025-06-24T11:59:17","slug":"masteron-propionat-unique-100mg-ml","status":"publish","type":"product","link":"https:\/\/www.gainmode.to\/de\/produkt\/masteron-propionat-unique-100mg-ml\/","title":{"rendered":"Masteron Propionat Unique 100mg\/ml"},"content":{"rendered":"<h2>Masteron Propionat Steroide<\/h2>\n<div class=\"row\">\n<div class=\"col-sm-10\">\n<section>\n<h1>Masteron Propionat \u2013 f\u00fcr einen trockenen und definierten K\u00f6rperbau<\/h1>\n<p>Masteron Propionat ist ein schnell wirkendes Steroid, ideal f\u00fcr Sportler, die ein trockenes und definiertes Aussehen anstreben. Bei Steroiden.io bieten wir <strong>Unique Pharma Masteron Propionat<\/strong>, perfekt f\u00fcr Definitionsphasen oder die Wettkampfvorbereitung. Dieses Produkt garantiert zuverl\u00e4ssige Ergebnisse f\u00fcr diejenigen, die ihre k\u00f6rperliche \u00c4sthetik maximieren m\u00f6chten.  <\/p>\n<h2>Warum Masteron Propionat w\u00e4hlen?<\/h2>\n<ul>\n<li>Schnell wirkend f\u00fcr Muskelh\u00e4rte und Definition.<\/li>\n<li>Ideal f\u00fcr kurze Zyklen und die Wettkampfvorbereitung.<\/li>\n<li><strong>Unique Pharma Masteron Propionat<\/strong>: bew\u00e4hrte Qualit\u00e4t und zuverl\u00e4ssige Ergebnisse.<\/li>\n<li>Diskret verpackt und schnell geliefert bei Online-Bestellungen.<\/li>\n<\/ul>\n<p>Vergleichen Sie einfach den <strong>Preis von Masteron Propionat<\/strong> und sehen Sie, warum Sportler weltweit dieses Produkt w\u00e4hlen. Bei Steroiden.io k\u00f6nnen Sie <strong>Masteron Propionat sicher und einfach kaufen<\/strong>. <strong>Bestellen Sie noch heute<\/strong> und entdecken Sie die Vorteile dieses leistungsstarken Produkts! <strong>Verwandeln Sie Ihren K\u00f6rperbau mit Masteron Propionat!<\/strong> <\/p>\n<\/section>\n<\/div>\n<\/div>\n","protected":false},"excerpt":{"rendered":"<p>Masteron Propionat Steroide Masteron Propionat \u2013 f\u00fcr einen trockenen und definierten K\u00f6rperbau Masteron Propionat ist ein schnell wirkendes Steroid, ideal f\u00fcr Sportler, die ein trockenes und definiertes Aussehen anstreben. Bei Steroiden.io bieten wir Unique Pharma Masteron Propionat, perfekt f\u00fcr Definitionsphasen oder die Wettkampfvorbereitung. Dieses Produkt garantiert zuverl\u00e4ssige Ergebnisse f\u00fcr diejenigen, die ihre k\u00f6rperliche \u00c4sthetik maximieren &#8230; <a title=\"Masteron Propionat Unique 100mg\/ml\" class=\"read-more\" href=\"https:\/\/www.gainmode.to\/de\/produkt\/masteron-propionat-unique-100mg-ml\/\" aria-label=\"Mehr Informationen \u00fcber Masteron Propionat Unique 100mg\/ml\">Weiterlesen<\/a><\/p>\n","protected":false},"featured_media":318,"comment_status":"open","ping_status":"closed","template":"","meta":[],"product_brand":[79],"product_cat":[1063,1643],"product_tag":[1585,1646,1583,1584,1580,1644,1645,1581,1582,1065],"class_list":{"0":"post-2150","1":"product","2":"type-product","3":"status-publish","4":"has-post-thumbnail","6":"product_brand-unique","7":"product_cat-injektionen","8":"product_cat-masteron-propionat-de","9":"product_tag-definitionssteroid","10":"product_tag-drostanolon-propionat","11":"product_tag-masteron-anabol","12":"product_tag-masteron-dosierung","13":"product_tag-masteron-injektion","14":"product_tag-masteron-propionat","15":"product_tag-masteron-propionat-100mg-ml","16":"product_tag-masteron-steroid-de","17":"product_tag-masteron-zu-verkaufen","18":"product_tag-unique-pharma-de","20":"first","21":"outofstock","22":"shipping-taxable","23":"purchasable","24":"product-type-simple"},"_links":{"self":[{"href":"https:\/\/www.gainmode.to\/de\/wp-json\/wp\/v2\/product\/2150","targetHints":{"allow":["GET"]}}],"collection":[{"href":"https:\/\/www.gainmode.to\/de\/wp-json\/wp\/v2\/product"}],"about":[{"href":"https:\/\/www.gainmode.to\/de\/wp-json\/wp\/v2\/types\/product"}],"replies":[{"embeddable":true,"href":"https:\/\/www.gainmode.to\/de\/wp-json\/wp\/v2\/comments?post=2150"}],"wp:featuredmedia":[{"embeddable":true,"href":"https:\/\/www.gainmode.to\/de\/wp-json\/wp\/v2\/media\/318"}],"wp:attachment":[{"href":"https:\/\/www.gainmode.to\/de\/wp-json\/wp\/v2\/media?parent=2150"}],"wp:term":[{"taxonomy":"product_brand","embeddable":true,"href":"https:\/\/www.gainmode.to\/de\/wp-json\/wp\/v2\/product_brand?post=2150"},{"taxonomy":"product_cat","embeddable":true,"href":"https:\/\/www.gainmode.to\/de\/wp-json\/wp\/v2\/product_cat?post=2150"},{"taxonomy":"product_tag","embeddable":true,"href":"https:\/\/www.gainmode.to\/de\/wp-json\/wp\/v2\/product_tag?post=2150"}],"curies":[{"name":"wp","href":"https:\/\/api.w.org\/{rel}","templated":true}]}}