{"id":2167,"date":"2025-06-25T14:47:39","date_gmt":"2025-06-25T14:47:39","guid":{"rendered":"https:\/\/www.gainmode.to\/product\/cenforce-100-x-200mg\/"},"modified":"2025-06-25T14:47:39","modified_gmt":"2025-06-25T14:47:39","slug":"cenforce-100-x-200mg","status":"publish","type":"product","link":"https:\/\/www.gainmode.to\/de\/produkt\/cenforce-100-x-200mg\/","title":{"rendered":"Cenforce 100 x 200mg"},"content":{"rendered":"<h3 data-start=\"97\" data-end=\"136\">Cenforce 200 \u2013 100 Tabletten \u00e0 200mg<\/h3>\n<p data-start=\"138\" data-end=\"440\">Diese Erektionspillen enthalten satte <strong data-start=\"175\" data-end=\"198\">200mg Sildenafil<\/strong>. Dieses Medikament ist <strong data-start=\"219\" data-end=\"256\">nicht f\u00fcr Erstanwender geeignet<\/strong>! Wenn Sie mit Sildenafil noch nicht vertraut sind, empfiehlt es sich, zuerst Cenforce mit <strong data-start=\"348\" data-end=\"368\">100mg Sildenafil<\/strong> auszuprobieren. Wir raten Ihnen immer, vor der Einnahme dieses Medikaments Ihren Arzt zu konsultieren.  <\/p>\n<p data-start=\"442\" data-end=\"903\">Der Wirkstoff, der die Erektion verursacht, hei\u00dft <strong data-start=\"499\" data-end=\"513\">Sildenafil<\/strong>. Diese Substanz wurde in der wissenschaftlichen Forschung von Pfizer entdeckt, die zeigte, dass sie bei Patienten Erektionen hervorrufen konnte. Nat\u00fcrlich hielt Pfizer dies nicht geheim, und schon bald war eine gut funktionierende Erektionspille auf dem Markt. Nach Ablauf des Patents im Jahr 2013 wurden generische (identische) Versionen verf\u00fcgbar, wie Cenforce, entwickelt von dem Pharmaunternehmen Skree Venkateshe\u00ae.   <\/p>\n<h3 data-start=\"905\" data-end=\"927\">Wie Cenforce wirkt<\/h3>\n<p data-start=\"929\" data-end=\"1277\">Die Wirkungszeit von Cenforce betr\u00e4gt <strong data-start=\"959\" data-end=\"979\">30 bis 60 Minuten<\/strong>. Die Wirkung h\u00e4lt etwa <strong data-start=\"1012\" data-end=\"1028\">4 bis 8 Stunden<\/strong> an. Wichtig ist, dass Sie nur bei sexueller Stimulation eine Erektion bekommen. Achten Sie darauf, w\u00e4hrend der Anwendung ausreichend Wasser zu trinken und den Alkoholkonsum auf ein Minimum zu beschr\u00e4nken. Die Einnahme von Cenforce mit Drogen ist aufgrund der hohen Sildenafil-Dosis <strong data-start=\"1217\" data-end=\"1241\">dringend abzuraten<\/strong>!    <\/p>\n<h3 data-start=\"1279\" data-end=\"1303\">Verpackung und Dosierung<\/h3>\n<p data-start=\"1305\" data-end=\"1574\">Cenforce 200mg Erektionspillen werden in Blistern geliefert. Jeder Blister enth\u00e4lt <strong data-start=\"1379\" data-end=\"1405\">10 filmbeschichtete Tabletten<\/strong>, die schwarz sind. Bevorzugen Sie eine niedrigere Dosis? Sie k\u00f6nnen die Cenforce-Tabletten in kleinere St\u00fccke brechen. Viele M\u00e4nner profitieren bereits von beispielsweise <strong data-start=\"1554\" data-end=\"1573\">50mg Sildenafil<\/strong>.    <\/p>\n<p data-start=\"1305\" data-end=\"1574\">\n","protected":false},"excerpt":{"rendered":"<p>Cenforce 200 \u2013 100 Tabletten \u00e0 200mg Diese Erektionspillen enthalten satte 200mg Sildenafil. Dieses Medikament ist nicht f\u00fcr Erstanwender geeignet! Wenn Sie mit Sildenafil noch nicht vertraut sind, empfiehlt es sich, zuerst Cenforce mit 100mg Sildenafil auszuprobieren. Wir raten Ihnen immer, vor der Einnahme dieses Medikaments Ihren Arzt zu konsultieren. Der Wirkstoff, der die Erektion &#8230; <a title=\"Cenforce 100 x 200mg\" class=\"read-more\" href=\"https:\/\/www.gainmode.to\/de\/produkt\/cenforce-100-x-200mg\/\" aria-label=\"Mehr Informationen \u00fcber Cenforce 100 x 200mg\">Weiterlesen<\/a><\/p>\n","protected":false},"featured_media":392,"comment_status":"open","ping_status":"closed","template":"","meta":[],"product_brand":[89],"product_cat":[1730],"product_tag":[1737,1739,1742,1738,1740,1736,1735,1734,1733,1732,1741,1731],"class_list":{"0":"post-2167","1":"product","2":"type-product","3":"status-publish","4":"has-post-thumbnail","6":"product_brand-centurion-laboratories","7":"product_cat-libido-de","8":"product_tag-cenforce-200mg-de","9":"product_tag-cenforce-200mg-tabletten","10":"product_tag-cenforce-fur-manner","11":"product_tag-cenforce-packung-mit-100","12":"product_tag-cenforce-sildenafil-de","13":"product_tag-centurion-labore","14":"product_tag-ed-behandlung","15":"product_tag-ed-tabletten-de","16":"product_tag-erektile-dysfunktion","17":"product_tag-mannliche-verbesserung","18":"product_tag-sildenafil-200mg-de","19":"product_tag-sildenafilcitrat","21":"first","22":"instock","23":"shipping-taxable","24":"purchasable","25":"product-type-simple"},"_links":{"self":[{"href":"https:\/\/www.gainmode.to\/de\/wp-json\/wp\/v2\/product\/2167","targetHints":{"allow":["GET"]}}],"collection":[{"href":"https:\/\/www.gainmode.to\/de\/wp-json\/wp\/v2\/product"}],"about":[{"href":"https:\/\/www.gainmode.to\/de\/wp-json\/wp\/v2\/types\/product"}],"replies":[{"embeddable":true,"href":"https:\/\/www.gainmode.to\/de\/wp-json\/wp\/v2\/comments?post=2167"}],"wp:featuredmedia":[{"embeddable":true,"href":"https:\/\/www.gainmode.to\/de\/wp-json\/wp\/v2\/media\/392"}],"wp:attachment":[{"href":"https:\/\/www.gainmode.to\/de\/wp-json\/wp\/v2\/media?parent=2167"}],"wp:term":[{"taxonomy":"product_brand","embeddable":true,"href":"https:\/\/www.gainmode.to\/de\/wp-json\/wp\/v2\/product_brand?post=2167"},{"taxonomy":"product_cat","embeddable":true,"href":"https:\/\/www.gainmode.to\/de\/wp-json\/wp\/v2\/product_cat?post=2167"},{"taxonomy":"product_tag","embeddable":true,"href":"https:\/\/www.gainmode.to\/de\/wp-json\/wp\/v2\/product_tag?post=2167"}],"curies":[{"name":"wp","href":"https:\/\/api.w.org\/{rel}","templated":true}]}}