{"id":2175,"date":"2025-06-25T14:35:16","date_gmt":"2025-06-25T14:35:16","guid":{"rendered":"https:\/\/www.gainmode.to\/product\/aldactone-pfizer-20x100mg\/"},"modified":"2025-06-25T14:35:16","modified_gmt":"2025-06-25T14:35:16","slug":"aldactone-pfizer-20x100mg","status":"publish","type":"product","link":"https:\/\/www.gainmode.to\/de\/produkt\/aldactone-pfizer-20x100mg\/","title":{"rendered":"Aldactone Pfizer 20x100mg"},"content":{"rendered":"<h3 data-start=\"87\" data-end=\"113\"><strong data-start=\"91\" data-end=\"113\">Was ist Aldactone?<\/strong><\/h3>\n<p data-start=\"115\" data-end=\"193\">Aldactone ist ein <strong data-start=\"130\" data-end=\"160\">kaliumsparendes Diuretikum<\/strong>, das die Urinproduktion erh\u00f6ht.<\/p>\n<p data-start=\"195\" data-end=\"210\">Es wird verwendet f\u00fcr:<\/p>\n<ul data-start=\"212\" data-end=\"569\">\n<li data-start=\"212\" data-end=\"252\">\n<p data-start=\"214\" data-end=\"252\"><strong data-start=\"214\" data-end=\"252\">Hoher Blutdruck (Hypertonie)<\/strong><\/p>\n<\/li>\n<li data-start=\"253\" data-end=\"282\">\n<p data-start=\"255\" data-end=\"282\"><strong data-start=\"255\" data-end=\"282\">Fl\u00fcssigkeitsansammlung (\u00d6deme)<\/strong><\/p>\n<\/li>\n<li data-start=\"283\" data-end=\"401\">\n<p data-start=\"285\" data-end=\"334\"><strong data-start=\"285\" data-end=\"326\">\u00dcberm\u00e4\u00dfige Fl\u00fcssigkeit im Bauch (Aszites)<\/strong> aufgrund von:<\/p>\n<ul data-start=\"337\" data-end=\"401\">\n<li data-start=\"337\" data-end=\"354\">\n<p data-start=\"339\" data-end=\"354\">Herzinsuffizienz<\/p>\n<\/li>\n<li data-start=\"357\" data-end=\"376\">\n<p data-start=\"359\" data-end=\"376\">Leberzirrhose<\/p>\n<\/li>\n<li data-start=\"379\" data-end=\"401\">\n<p data-start=\"381\" data-end=\"401\">Nierenfunktionsst\u00f6rung<\/p>\n<\/li>\n<\/ul>\n<\/li>\n<li data-start=\"402\" data-end=\"543\">\n<p data-start=\"404\" data-end=\"543\"><strong data-start=\"404\" data-end=\"429\">Prim\u00e4rer Aldosteronismus<\/strong> (ein Zustand, der durch \u00fcberm\u00e4\u00dfige Aldosteronsekretion verursacht wird und zu Natriumretention und schwerem Kaliumverlust f\u00fchrt)<\/p>\n<\/li>\n<li data-start=\"544\" data-end=\"569\">\n<p data-start=\"546\" data-end=\"569\"><strong data-start=\"546\" data-end=\"569\">Schwere Hypertonie<\/strong><\/p>\n<\/li>\n<\/ul>\n<hr data-start=\"571\" data-end=\"574\">\n<h3 data-start=\"576\" data-end=\"609\"><strong data-start=\"580\" data-end=\"609\">Nebenwirkungen von Aldactone<\/strong><\/h3>\n<p data-start=\"611\" data-end=\"708\">Wie alle Arzneimittel kann Aldactone Nebenwirkungen haben, die aber nicht bei jedem auftreten m\u00fcssen.<\/p>\n<p data-start=\"710\" data-end=\"789\">Wenn Nebenwirkungen auftreten oder l\u00e4nger als eine Woche anhalten, konsultieren Sie Ihren Arzt.<\/p>\n<h4 data-start=\"791\" data-end=\"850\"><strong data-start=\"796\" data-end=\"811\">Sehr h\u00e4ufig<\/strong> (kann mehr als 1 von 10 Personen betreffen):<\/h4>\n<ul data-start=\"852\" data-end=\"912\">\n<li data-start=\"852\" data-end=\"912\">\n<p data-start=\"854\" data-end=\"912\">Erh\u00f6hte Kaliumspiegel im Blut (<strong data-start=\"895\" data-end=\"911\">Hyperkali\u00e4mie<\/strong>)<\/p>\n<\/li>\n<\/ul>\n<h4 data-start=\"914\" data-end=\"964\"><strong data-start=\"919\" data-end=\"929\">H\u00e4ufig<\/strong> (kann bis zu 1 von 10 Personen betreffen):<\/h4>\n<ul data-start=\"966\" data-end=\"1162\">\n<li data-start=\"966\" data-end=\"979\">\n<p data-start=\"968\" data-end=\"979\">Verwirrung<\/p>\n<\/li>\n<li data-start=\"980\" data-end=\"993\">\n<p data-start=\"982\" data-end=\"993\">Schwindel<\/p>\n<\/li>\n<li data-start=\"994\" data-end=\"1004\">\n<p data-start=\"996\" data-end=\"1004\">\u00dcbelkeit<\/p>\n<\/li>\n<li data-start=\"1005\" data-end=\"1027\">\n<p data-start=\"1007\" data-end=\"1027\">Juckreiz, Hautausschlag<\/p>\n<\/li>\n<li data-start=\"1028\" data-end=\"1045\">\n<p data-start=\"1030\" data-end=\"1045\">Muskelkr\u00e4mpfe<\/p>\n<\/li>\n<li data-start=\"1046\" data-end=\"1074\">\n<p data-start=\"1048\" data-end=\"1074\">Akute Nierenfunktionsst\u00f6rung<\/p>\n<\/li>\n<li data-start=\"1075\" data-end=\"1128\">\n<p data-start=\"1077\" data-end=\"1128\">Abnormales Brustwachstum bei M\u00e4nnern, Brustschmerzen bei M\u00e4nnern<\/p>\n<\/li>\n<li data-start=\"1129\" data-end=\"1162\">\n<p data-start=\"1131\" data-end=\"1162\">Allgemeines Unwohlsein<\/p>\n<\/li>\n<\/ul>\n<h4 data-start=\"1164\" data-end=\"1217\"><strong data-start=\"1169\" data-end=\"1181\">Gelegentlich<\/strong> (kann bis zu 1 von 100 Personen betreffen):<\/h4>\n<ul data-start=\"1219\" data-end=\"1490\">\n<li data-start=\"1219\" data-end=\"1250\">\n<p data-start=\"1221\" data-end=\"1250\">Gutartige Brusttumoren bei M\u00e4nnern<\/p>\n<\/li>\n<li data-start=\"1251\" data-end=\"1338\">\n<p data-start=\"1253\" data-end=\"1338\">Elektrolytst\u00f6rungen (Ver\u00e4nderungen der Kalium-, Natrium-, Chlorid- und Kalziumspiegel)<\/p>\n<\/li>\n<li data-start=\"1339\" data-end=\"1366\">\n<p data-start=\"1341\" data-end=\"1366\">Abnormale Leberfunktion<\/p>\n<\/li>\n<li data-start=\"1367\" data-end=\"1388\">\n<p data-start=\"1369\" data-end=\"1388\">Nesselsucht (Urtikaria)<\/p>\n<\/li>\n<li data-start=\"1389\" data-end=\"1467\">\n<p data-start=\"1391\" data-end=\"1467\">Menstruationsst\u00f6rungen (unregelm\u00e4\u00dfige oder ausbleibende Perioden, postmenopausale Blutungen)<\/p>\n<\/li>\n<li data-start=\"1468\" data-end=\"1490\">\n<p data-start=\"1470\" data-end=\"1490\">Brustschmerzen bei Frauen<\/p>\n<\/li>\n<\/ul>\n<h4 data-start=\"1492\" data-end=\"1561\"><strong data-start=\"1497\" data-end=\"1518\">H\u00e4ufigkeit unbekannt<\/strong> (kann aus den verf\u00fcgbaren Daten nicht gesch\u00e4tzt werden):<\/h4>\n<ul data-start=\"1563\" data-end=\"2226\">\n<li data-start=\"1563\" data-end=\"1674\">\n<p data-start=\"1565\" data-end=\"1674\">Reduktion oder Verlust von wei\u00dfen Blutk\u00f6rperchen (Leukopenie, Agranulozytose) und Blutpl\u00e4ttchen (Thrombozytopenie)<\/p>\n<\/li>\n<li data-start=\"1675\" data-end=\"1721\">\n<p data-start=\"1677\" data-end=\"1721\">Azidose, niedrige Natriumspiegel (Hyponatri\u00e4mie)<\/p>\n<\/li>\n<li data-start=\"1722\" data-end=\"1742\">\n<p data-start=\"1724\" data-end=\"1742\">Libidost\u00f6rungen<\/p>\n<\/li>\n<li data-start=\"1743\" data-end=\"1815\">\n<p data-start=\"1745\" data-end=\"1815\">Schl\u00e4frigkeit, Migr\u00e4ne, geistige Verwirrung, Koordinationsst\u00f6rungen (Ataxie)<\/p>\n<\/li>\n<li data-start=\"1816\" data-end=\"1850\">\n<p data-start=\"1818\" data-end=\"1850\">Schneller Herzschlag (Tachykardie)<\/p>\n<\/li>\n<li data-start=\"1851\" data-end=\"1897\">\n<p data-start=\"1853\" data-end=\"1897\">Magen-Darm-Probleme (Kr\u00e4mpfe, Durchfall)<\/p>\n<\/li>\n<li data-start=\"1898\" data-end=\"2077\">\n<p data-start=\"1900\" data-end=\"1930\"><strong data-start=\"1900\" data-end=\"1929\">Schwere allergische Reaktionen<\/strong>:<\/p>\n<ul data-start=\"1933\" data-end=\"2077\">\n<li data-start=\"1933\" data-end=\"1961\">\n<p data-start=\"1935\" data-end=\"1961\">Stevens-Johnson-Syndrom<\/p>\n<\/li>\n<li data-start=\"1964\" data-end=\"1994\">\n<p data-start=\"1966\" data-end=\"1994\">Toxische epidermale Nekrolyse<\/p>\n<\/li>\n<li data-start=\"1997\" data-end=\"2077\">\n<p data-start=\"1999\" data-end=\"2077\">DRESS-Syndrom (Ausschlag mit hoher Leukozytenzahl und systemischen Symptomen)<\/p>\n<\/li>\n<\/ul>\n<\/li>\n<li data-start=\"2078\" data-end=\"2114\">\n<p data-start=\"2080\" data-end=\"2114\">Haarausfall, \u00fcberm\u00e4\u00dfiger Haarwuchs<\/p>\n<\/li>\n<li data-start=\"2115\" data-end=\"2157\">\n<p data-start=\"2117\" data-end=\"2157\">Pemphigoid (blasige Hauterkrankung)<\/p>\n<\/li>\n<li data-start=\"2158\" data-end=\"2182\">\n<p data-start=\"2160\" data-end=\"2182\">Erektile Dysfunktion<\/p>\n<\/li>\n<li data-start=\"2183\" data-end=\"2226\">\n<p data-start=\"2185\" data-end=\"2226\">Fieber, m\u00f6gliche Stimmver\u00e4nderungen, Wadenkr\u00e4mpfe<\/p>\n<\/li>\n<\/ul>\n","protected":false},"excerpt":{"rendered":"<p>Was ist Aldactone? Aldactone ist ein kaliumsparendes Diuretikum, das die Urinproduktion erh\u00f6ht. Es wird verwendet f\u00fcr: Hoher Blutdruck (Hypertonie) Fl\u00fcssigkeitsansammlung (\u00d6deme) \u00dcberm\u00e4\u00dfige Fl\u00fcssigkeit im Bauch (Aszites) aufgrund von: Herzinsuffizienz Leberzirrhose Nierenfunktionsst\u00f6rung Prim\u00e4rer Aldosteronismus (ein Zustand, der durch \u00fcberm\u00e4\u00dfige Aldosteronsekretion verursacht wird und zu Natriumretention und schwerem Kaliumverlust f\u00fchrt) Schwere Hypertonie Nebenwirkungen von Aldactone Wie alle &#8230; <a title=\"Aldactone Pfizer 20x100mg\" class=\"read-more\" href=\"https:\/\/www.gainmode.to\/de\/produkt\/aldactone-pfizer-20x100mg\/\" aria-label=\"Mehr Informationen \u00fcber Aldactone Pfizer 20x100mg\">Weiterlesen<\/a><\/p>\n","protected":false},"featured_media":385,"comment_status":"open","ping_status":"closed","template":"","meta":[],"product_brand":[86],"product_cat":[1813],"product_tag":[1819,1815,1818,1823,1820,1825,1827,1817,1831,1816,1829,1814],"class_list":{"0":"post-2175","1":"product","2":"type-product","3":"status-publish","4":"has-post-thumbnail","6":"product_brand-pfizer","7":"product_cat-apotheke","8":"product_tag-20-tabletten-de","9":"product_tag-aldactone-de","10":"product_tag-aldactone-100mg-de","11":"product_tag-behandlung-von-bluthochdruck","12":"product_tag-diuretisches-medikament","13":"product_tag-herzinsuffizienz","14":"product_tag-kaliumsparendes-diuretikum","15":"product_tag-pfizer-de","16":"product_tag-pfizer-aldactone-de","17":"product_tag-spironolacton-de","18":"product_tag-spironolacton-tabletten-de","19":"product_tag-wassereinlagerungen","21":"first","22":"instock","23":"shipping-taxable","24":"purchasable","25":"product-type-simple"},"_links":{"self":[{"href":"https:\/\/www.gainmode.to\/de\/wp-json\/wp\/v2\/product\/2175","targetHints":{"allow":["GET"]}}],"collection":[{"href":"https:\/\/www.gainmode.to\/de\/wp-json\/wp\/v2\/product"}],"about":[{"href":"https:\/\/www.gainmode.to\/de\/wp-json\/wp\/v2\/types\/product"}],"replies":[{"embeddable":true,"href":"https:\/\/www.gainmode.to\/de\/wp-json\/wp\/v2\/comments?post=2175"}],"wp:featuredmedia":[{"embeddable":true,"href":"https:\/\/www.gainmode.to\/de\/wp-json\/wp\/v2\/media\/385"}],"wp:attachment":[{"href":"https:\/\/www.gainmode.to\/de\/wp-json\/wp\/v2\/media?parent=2175"}],"wp:term":[{"taxonomy":"product_brand","embeddable":true,"href":"https:\/\/www.gainmode.to\/de\/wp-json\/wp\/v2\/product_brand?post=2175"},{"taxonomy":"product_cat","embeddable":true,"href":"https:\/\/www.gainmode.to\/de\/wp-json\/wp\/v2\/product_cat?post=2175"},{"taxonomy":"product_tag","embeddable":true,"href":"https:\/\/www.gainmode.to\/de\/wp-json\/wp\/v2\/product_tag?post=2175"}],"curies":[{"name":"wp","href":"https:\/\/api.w.org\/{rel}","templated":true}]}}