{"id":2202,"date":"2025-06-24T22:43:56","date_gmt":"2025-06-24T22:43:56","guid":{"rendered":"https:\/\/www.gainmode.to\/product\/trenbolonacetat-100mg-ml-unique-pharma\/"},"modified":"2025-06-24T22:43:56","modified_gmt":"2025-06-24T22:43:56","slug":"trenbolonacetat-100mg-ml-unique-pharma","status":"publish","type":"product","link":"https:\/\/www.gainmode.to\/de\/produkt\/trenbolonacetat-100mg-ml-unique-pharma\/","title":{"rendered":"Trenbolonacetat 100mg\/ml Unique Pharma"},"content":{"rendered":"<h2><b>Was ist Trenbolonacetat?<\/b><\/h2>\n<p>Trenbolonacetat ist ein starkes injizierbares Steroid, das f\u00fcr seine au\u00dfergew\u00f6hnliche F\u00e4higkeit bekannt ist, Muskelmasse und Kraft zu steigern. Es wird oft in Cutting- und Bulking-Zyklen verwendet. Dies macht den <strong>Kauf von Trenbolonacetat<\/strong> zu einer beliebten Wahl f\u00fcr Sportler, die schnelle und sichtbare Ergebnisse anstreben.  <\/p>\n<h2><b>Wie wirkt Trenbolonacetat Prime Pharma?<\/b><\/h2>\n<p><strong>Trenbolonacetat-Anabolika<\/strong> erh\u00f6hen die Stickstoffretention in den Muskeln und stimulieren die Proteinsynthese. Dies f\u00f6rdert das Muskelwachstum, steigert die Kraft und beschleunigt die Erholung nach intensiven Trainingseinheiten. Der einzigartige Vorteil von Trenbolonacetat ist, dass es die Wassereinlagerungen minimiert, was zu einem trockenen und definierten Aussehen f\u00fchrt.  <\/p>\n<h2><b>Nebenwirkungen von Trenbolonacetat<\/b><\/h2>\n<p>Obwohl die <strong>Verwendung von Trenbolonacetat w\u00e4hrend eines Zyklus<\/strong> hochwirksam ist, k\u00f6nnen bei unsachgem\u00e4\u00dfer Anwendung Nebenwirkungen auftreten, wie zum Beispiel: <\/p>\n<ul>\n<li>Erh\u00f6hte Aggression.<\/li>\n<li>Reizungen oder Nachtschwei\u00df.<\/li>\n<li>Unterdr\u00fcckung der nat\u00fcrlichen Testosteronproduktion.<\/li>\n<\/ul>\n<p>Die Einhaltung der empfohlenen Dosierung und die Anwendung einer Post-Cycle-Therapie minimieren das Risiko von Nebenwirkungen.<\/p>\n<h2><b>Dosierung von Trenbolonacetat<\/b><\/h2>\n<p>Die empfohlene Dosierung von <strong>Trenbolonacetat Prime Pharma<\/strong> liegt zwischen 75-100 mg jeden zweiten Tag, abh\u00e4ngig von Ihrer Erfahrung und Ihren Zielen. Regelm\u00e4\u00dfige Injektionen gew\u00e4hrleisten einen stabilen Spiegel und optimale Ergebnisse. <\/p>\n","protected":false},"excerpt":{"rendered":"<p>Was ist Trenbolonacetat? Trenbolonacetat ist ein starkes injizierbares Steroid, das f\u00fcr seine au\u00dfergew\u00f6hnliche F\u00e4higkeit bekannt ist, Muskelmasse und Kraft zu steigern. Es wird oft in Cutting- und Bulking-Zyklen verwendet. Dies macht den Kauf von Trenbolonacetat zu einer beliebten Wahl f\u00fcr Sportler, die schnelle und sichtbare Ergebnisse anstreben. Wie wirkt Trenbolonacetat Prime Pharma? Trenbolonacetat-Anabolika erh\u00f6hen die &#8230; <a title=\"Trenbolonacetat 100mg\/ml Unique Pharma\" class=\"read-more\" href=\"https:\/\/www.gainmode.to\/de\/produkt\/trenbolonacetat-100mg-ml-unique-pharma\/\" aria-label=\"Mehr Informationen \u00fcber Trenbolonacetat 100mg\/ml Unique Pharma\">Weiterlesen<\/a><\/p>\n","protected":false},"featured_media":361,"comment_status":"open","ping_status":"closed","template":"","meta":[],"product_brand":[79],"product_cat":[1063,1925],"product_tag":[1927,1284,1804,1812,1905,1487,1066,1928,1926,1065],"class_list":{"0":"post-2202","1":"product","2":"type-product","3":"status-publish","4":"has-post-thumbnail","6":"product_brand-unique","7":"product_cat-injektionen","8":"product_cat-trenbolonacetat-de","9":"product_tag-100mg-ml-de","10":"product_tag-anaboles-steroid","11":"product_tag-bodybuilding-de","12":"product_tag-fitness-erganzung","13":"product_tag-kraftverstarker","14":"product_tag-leistungssteigerer","15":"product_tag-muskelwachstum","16":"product_tag-trenacetat","17":"product_tag-trenbolonacetat","18":"product_tag-unique-pharma-de","20":"first","21":"instock","22":"shipping-taxable","23":"product-type-simple"},"_links":{"self":[{"href":"https:\/\/www.gainmode.to\/de\/wp-json\/wp\/v2\/product\/2202","targetHints":{"allow":["GET"]}}],"collection":[{"href":"https:\/\/www.gainmode.to\/de\/wp-json\/wp\/v2\/product"}],"about":[{"href":"https:\/\/www.gainmode.to\/de\/wp-json\/wp\/v2\/types\/product"}],"replies":[{"embeddable":true,"href":"https:\/\/www.gainmode.to\/de\/wp-json\/wp\/v2\/comments?post=2202"}],"wp:featuredmedia":[{"embeddable":true,"href":"https:\/\/www.gainmode.to\/de\/wp-json\/wp\/v2\/media\/361"}],"wp:attachment":[{"href":"https:\/\/www.gainmode.to\/de\/wp-json\/wp\/v2\/media?parent=2202"}],"wp:term":[{"taxonomy":"product_brand","embeddable":true,"href":"https:\/\/www.gainmode.to\/de\/wp-json\/wp\/v2\/product_brand?post=2202"},{"taxonomy":"product_cat","embeddable":true,"href":"https:\/\/www.gainmode.to\/de\/wp-json\/wp\/v2\/product_cat?post=2202"},{"taxonomy":"product_tag","embeddable":true,"href":"https:\/\/www.gainmode.to\/de\/wp-json\/wp\/v2\/product_tag?post=2202"}],"curies":[{"name":"wp","href":"https:\/\/api.w.org\/{rel}","templated":true}]}}