{"id":2222,"date":"2025-06-24T21:41:13","date_gmt":"2025-06-24T21:41:13","guid":{"rendered":"https:\/\/www.gainmode.to\/product\/testosteronpropionat-100mg-ml-unique-pharma\/"},"modified":"2025-10-20T17:40:12","modified_gmt":"2025-10-20T17:40:12","slug":"testosteronpropionat-100mg-ml-unique-pharma","status":"publish","type":"product","link":"https:\/\/www.gainmode.to\/de\/produkt\/testosteronpropionat-100mg-ml-unique-pharma\/","title":{"rendered":"Testosteronpropionat 100mg\/ml Unique Pharma"},"content":{"rendered":"<h2><b>Was ist Testosteronpropionat?<\/b><\/h2>\n<p>Testosteronpropionat ist ein schnell wirkender Testosteronester, der h\u00e4ufig in Cutting-Zyklen verwendet wird. Es wird schnell vom K\u00f6rper aufgenommen, was es ideal f\u00fcr Sportler macht, die schnelle Ergebnisse erzielen m\u00f6chten. Dies macht den <strong>Kauf von Testosteronpropionat<\/strong> zu einer beliebten Wahl f\u00fcr diejenigen, die Muskelmasse und Kraft mit minimaler Wassereinlagerung aufbauen m\u00f6chten.  <\/p>\n<h2><b>Wie wirkt Testosteronpropionat Prime Pharma?<\/b><\/h2>\n<p><strong>Testosteronpropionat-Anabolika<\/strong> erh\u00f6hen den Testosteronspiegel im K\u00f6rper, f\u00f6rdern die Proteinsynthese und die Stickstoffretention. Dies unterst\u00fctzt das Muskelwachstum, steigert die Kraft und beschleunigt die Erholung. Aufgrund seiner kurzen Wirkungsdauer ist eine h\u00e4ufige Verabreichung erforderlich, um stabile Testosteronspiegel aufrechtzuerhalten.  <\/p>\n<h2><b>Nebenwirkungen eines Testosteronpropionat-Zyklus<\/b><\/h2>\n<p>Obwohl die <strong>Anwendung von Testosteronpropionat w\u00e4hrend eines Zyklus<\/strong> wirksam ist, k\u00f6nnen bei unsachgem\u00e4\u00dfer Anwendung Nebenwirkungen auftreten, wie zum Beispiel: <\/p>\n<ul>\n<li>Reizungen oder Schmerzen an der Injektionsstelle.<\/li>\n<li>Akne und fettige Haut.<\/li>\n<li>Unterdr\u00fcckung der nat\u00fcrlichen Testosteronproduktion.<\/li>\n<\/ul>\n<p>Die Einhaltung der korrekten Dosierung und die Anwendung einer Post-Cycle-Therapie minimieren diese Risiken.<\/p>\n<h2><b>Dosierung von Testosteronpropionat<\/b><\/h2>\n<p>Die empfohlene Dosierung von <strong>Testosteronpropionat Prime Pharma<\/strong> liegt zwischen 100-150 mg jeden zweiten Tag, abh\u00e4ngig von Ihrer Erfahrung und Ihren Zielen. Regelm\u00e4\u00dfige Injektionen gew\u00e4hrleisten stabile Testosteronspiegel und optimale Ergebnisse. <\/p>\n","protected":false},"excerpt":{"rendered":"<p>Was ist Testosteronpropionat? Testosteronpropionat ist ein schnell wirkender Testosteronester, der h\u00e4ufig in Cutting-Zyklen verwendet wird. Es wird schnell vom K\u00f6rper aufgenommen, was es ideal f\u00fcr Sportler macht, die schnelle Ergebnisse erzielen m\u00f6chten. Dies macht den Kauf von Testosteronpropionat zu einer beliebten Wahl f\u00fcr diejenigen, die Muskelmasse und Kraft mit minimaler Wassereinlagerung aufbauen m\u00f6chten. Wie wirkt &#8230; <a title=\"Testosteronpropionat 100mg\/ml Unique Pharma\" class=\"read-more\" href=\"https:\/\/www.gainmode.to\/de\/produkt\/testosteronpropionat-100mg-ml-unique-pharma\/\" aria-label=\"Mehr Informationen \u00fcber Testosteronpropionat 100mg\/ml Unique Pharma\">Weiterlesen<\/a><\/p>\n","protected":false},"featured_media":1334,"comment_status":"open","ping_status":"closed","template":"","meta":[],"product_brand":[79],"product_cat":[1063,2018],"product_tag":[2035,2031,2019,2022,2029,2033,2024,2026,2027,1065],"class_list":{"0":"post-2222","1":"product","2":"type-product","3":"status-publish","4":"has-post-thumbnail","6":"product_brand-unique","7":"product_cat-injektionen","8":"product_cat-testosteronpropionat","9":"product_tag-testosteron-hormon","10":"product_tag-testosteron-steroid","11":"product_tag-testosteronpropionat","12":"product_tag-testosteronpropionat-100mg-ml","13":"product_tag-testosteronpropionat-anabolikum","14":"product_tag-testosteronpropionat-dosierung","15":"product_tag-testosteronpropionat-injektion","16":"product_tag-testosteronpropionat-steroid","17":"product_tag-testosteronpropionat-zu-verkaufen","18":"product_tag-unique-pharma-de","20":"first","21":"instock","22":"shipping-taxable","23":"purchasable","24":"product-type-simple"},"_links":{"self":[{"href":"https:\/\/www.gainmode.to\/de\/wp-json\/wp\/v2\/product\/2222","targetHints":{"allow":["GET"]}}],"collection":[{"href":"https:\/\/www.gainmode.to\/de\/wp-json\/wp\/v2\/product"}],"about":[{"href":"https:\/\/www.gainmode.to\/de\/wp-json\/wp\/v2\/types\/product"}],"replies":[{"embeddable":true,"href":"https:\/\/www.gainmode.to\/de\/wp-json\/wp\/v2\/comments?post=2222"}],"wp:featuredmedia":[{"embeddable":true,"href":"https:\/\/www.gainmode.to\/de\/wp-json\/wp\/v2\/media\/1334"}],"wp:attachment":[{"href":"https:\/\/www.gainmode.to\/de\/wp-json\/wp\/v2\/media?parent=2222"}],"wp:term":[{"taxonomy":"product_brand","embeddable":true,"href":"https:\/\/www.gainmode.to\/de\/wp-json\/wp\/v2\/product_brand?post=2222"},{"taxonomy":"product_cat","embeddable":true,"href":"https:\/\/www.gainmode.to\/de\/wp-json\/wp\/v2\/product_cat?post=2222"},{"taxonomy":"product_tag","embeddable":true,"href":"https:\/\/www.gainmode.to\/de\/wp-json\/wp\/v2\/product_tag?post=2222"}],"curies":[{"name":"wp","href":"https:\/\/api.w.org\/{rel}","templated":true}]}}