{"id":2246,"date":"2025-06-26T17:42:51","date_gmt":"2025-06-26T17:42:51","guid":{"rendered":"https:\/\/www.gainmode.to\/product\/nolvadex-prime-100x10mg\/"},"modified":"2025-06-26T17:42:51","modified_gmt":"2025-06-26T17:42:51","slug":"nolvadex-prime-100x10mg","status":"publish","type":"product","link":"https:\/\/www.gainmode.to\/de\/produkt\/nolvadex-prime-100x10mg\/","title":{"rendered":"Nolvadex prime 100x10mg"},"content":{"rendered":"<h2 data-start=\"90\" data-end=\"113\">Tamoxifen (Nolvadex)<\/h2>\n<p data-start=\"115\" data-end=\"474\"><strong data-start=\"115\" data-end=\"127\">Nolvadex<\/strong> ist ein nicht-steroidales Medikament, das f\u00fcr seine starken anti\u00f6strogenen Wirkungen bekannt ist. Es bindet an \u00d6strogenrezeptoren und blockiert effektiv die Wirkung von \u00d6strogen. Es wird haupts\u00e4chlich f\u00fcr bestimmte Arten von Brustkrebs bei M\u00e4nnern und Frauen sowie als vorbeugende Ma\u00dfnahme f\u00fcr Frauen mit einer Vorgeschichte von duktalem Karzinom in situ (DCIS) verschrieben, die ein erh\u00f6htes Risiko haben.  <\/p>\n<h3 data-start=\"476\" data-end=\"491\">Indikationen<\/h3>\n<ul data-start=\"492\" data-end=\"762\">\n<li data-start=\"492\" data-end=\"593\">\n<p data-start=\"494\" data-end=\"593\">Behandlung von metastasierendem Brustkrebs bei beiden Geschlechtern, besonders vorteilhaft f\u00fcr pr\u00e4menopausale Frauen.<\/p>\n<\/li>\n<li data-start=\"594\" data-end=\"676\">\n<p data-start=\"596\" data-end=\"676\">Oft chirurgischen Methoden wie Oophorektomie oder Strahlentherapie vorgezogen.<\/p>\n<\/li>\n<li data-start=\"677\" data-end=\"762\">\n<p data-start=\"679\" data-end=\"762\">Empfohlen als adjuvante Therapie nach Operationen bei \u00d6strogenrezeptor-positiven Tumoren.<\/p>\n<\/li>\n<\/ul>\n<h3 data-start=\"764\" data-end=\"774\">Dosierung<\/h3>\n<ul data-start=\"775\" data-end=\"1075\">\n<li data-start=\"775\" data-end=\"836\">\n<p data-start=\"777\" data-end=\"836\">Erh\u00e4ltlich als 10 mg und 20 mg Tabletten sowie als 10 mg L\u00f6sung.<\/p>\n<\/li>\n<li data-start=\"837\" data-end=\"936\">\n<p data-start=\"839\" data-end=\"936\">Standarddosis: 20 mg oral pro Tag, manchmal bis zu 40 mg, aufgeteilt in mehrere Dosen.<\/p>\n<\/li>\n<li data-start=\"937\" data-end=\"1010\">\n<p data-start=\"939\" data-end=\"1010\">Bodybuilder beginnen oft mit 20 mg pro Tag, einige gehen bis zu 30 mg pro Tag.<\/p>\n<\/li>\n<li data-start=\"1011\" data-end=\"1075\">\n<p data-start=\"1013\" data-end=\"1075\">Eine Langzeittherapie \u00fcber 5 Jahre hinaus wird im Allgemeinen nicht empfohlen.<\/p>\n<\/li>\n<\/ul>\n<h3 data-start=\"1077\" data-end=\"1100\">Anwendung im Bodybuilding<\/h3>\n<ul data-start=\"1101\" data-end=\"1465\">\n<li data-start=\"1101\" data-end=\"1148\">\n<p data-start=\"1103\" data-end=\"1148\">Hat keine direkten anabolen oder androgenen Wirkungen.<\/p>\n<\/li>\n<li data-start=\"1149\" data-end=\"1272\">\n<p data-start=\"1151\" data-end=\"1272\">Blockiert \u00d6strogenrezeptoren im Hypothalamus, was die LH- und FSH-Produktion erh\u00f6ht und die Testosteronsynthese stimuliert.<\/p>\n<\/li>\n<li data-start=\"1273\" data-end=\"1390\">\n<p data-start=\"1275\" data-end=\"1390\">Wird nach anabolen Steroidzyklen eingesetzt, um die Testosteronunterdr\u00fcckung zu bek\u00e4mpfen und Gyn\u00e4komastie sowie Wassereinlagerungen vorzubeugen.<\/p>\n<\/li>\n<li data-start=\"1391\" data-end=\"1465\">\n<p data-start=\"1393\" data-end=\"1465\">Hilft bei der Wiederherstellung der nat\u00fcrlichen Testosteronproduktion w\u00e4hrend der Auswaschphasen.<\/p>\n<\/li>\n<\/ul>\n<h3 data-start=\"1467\" data-end=\"1483\">Anwendung bei Frauen<\/h3>\n<ul data-start=\"1484\" data-end=\"1875\">\n<li data-start=\"1484\" data-end=\"1545\">\n<p data-start=\"1486\" data-end=\"1545\">Standardbehandlung f\u00fcr Frauen mit metastasierendem Brustkrebs.<\/p>\n<\/li>\n<li data-start=\"1546\" data-end=\"1622\">\n<p data-start=\"1548\" data-end=\"1622\">Es ist entscheidend, einen Arzt zu konsultieren, wenn es f\u00fcr medizinische oder Bodybuilding-Zwecke verwendet wird.<\/p>\n<\/li>\n<li data-start=\"1623\" data-end=\"1775\">\n<p data-start=\"1625\" data-end=\"1775\">M\u00f6gliche Nebenwirkungen: Vaginalblutungen, neue Brustknoten, Beckenschmerzen, Beinschwellungen, Kurzatmigkeit, Sehst\u00f6rungen, unregelm\u00e4\u00dfige Menstruationszyklen.<\/p>\n<\/li>\n<li data-start=\"1776\" data-end=\"1820\">\n<p data-start=\"1778\" data-end=\"1820\">Regelm\u00e4\u00dfige Brustuntersuchungen sind unerl\u00e4sslich.<\/p>\n<\/li>\n<li data-start=\"1821\" data-end=\"1875\">\n<p data-start=\"1823\" data-end=\"1875\">Kann die Wirksamkeit von Antibabypillen verringern.<\/p>\n<\/li>\n<\/ul>\n<h3 data-start=\"1877\" data-end=\"1900\">H\u00e4ufige Nebenwirkungen<\/h3>\n<ul data-start=\"1901\" data-end=\"2170\">\n<li data-start=\"1901\" data-end=\"1973\">\n<p data-start=\"1903\" data-end=\"1973\">Hitzewallungen, Beinschwellungen, Geschmacksverlust, Genitaljucken, Depressionen.<\/p>\n<\/li>\n<li data-start=\"1974\" data-end=\"2034\">\n<p data-start=\"1976\" data-end=\"2034\">M\u00fcdigkeit, Schwindel, Kopfschmerzen, Haarausfall, Scheidentrockenheit.<\/p>\n<\/li>\n<li data-start=\"2035\" data-end=\"2111\">\n<p data-start=\"2037\" data-end=\"2111\">\u00dcbelkeit, Erbrechen, Knochenschmerzen, Husten, Bauchkr\u00e4mpfe, Appetitlosigkeit.<\/p>\n<\/li>\n<li data-start=\"2112\" data-end=\"2170\">\n<p data-start=\"2114\" data-end=\"2170\">Die meisten Nebenwirkungen klingen nach Absetzen des Medikaments ab.<\/p>\n<\/li>\n<\/ul>\n<h3 data-start=\"2172\" data-end=\"2184\">Warnungen<\/h3>\n<ul data-start=\"2185\" data-end=\"2559\">\n<li data-start=\"2185\" data-end=\"2255\">\n<p data-start=\"2187\" data-end=\"2255\">Kann kurz nach der Anwendung bei Brustkrebspatientinnen Hyperkalz\u00e4mie verursachen.<\/p>\n<\/li>\n<li data-start=\"2256\" data-end=\"2310\">\n<p data-start=\"2258\" data-end=\"2310\">Es wurden F\u00e4lle von Geb\u00e4rmutterkrebs im Zusammenhang mit dem Medikament gemeldet.<\/p>\n<\/li>\n<li data-start=\"2311\" data-end=\"2425\">\n<p data-start=\"2313\" data-end=\"2425\">Zu den schwerwiegenden Risiken geh\u00f6ren Blutgerinnsel, die zu Lungenembolien f\u00fchren k\u00f6nnen, seltene F\u00e4lle von Leberkrebs und Sehst\u00f6rungen.<\/p>\n<\/li>\n<li data-start=\"2426\" data-end=\"2559\">\n<p data-start=\"2428\" data-end=\"2559\">Eine \u00dcberdosierung ist selten; Symptome sind Zittern, Unsicherheit, Schwindel und Herzrhythmusst\u00f6rungen. Die Behandlung ist haupts\u00e4chlich unterst\u00fctzend. <\/p>\n<\/li>\n<\/ul>\n<h3 data-start=\"2561\" data-end=\"2584\">Nachweis im Sport<\/h3>\n<ul data-start=\"2585\" data-end=\"2774\">\n<li data-start=\"2585\" data-end=\"2638\">\n<p data-start=\"2587\" data-end=\"2638\">Wird von verschiedenen Sportorganisationen aktiv \u00fcberwacht.<\/p>\n<\/li>\n<li data-start=\"2639\" data-end=\"2727\">\n<p data-start=\"2641\" data-end=\"2727\">Das Vorhandensein von Nolvadex im Urin, selbst mit einem Rezept, kann zur Disqualifikation f\u00fchren.<\/p>\n<\/li>\n<li data-start=\"2728\" data-end=\"2774\">\n<p data-start=\"2730\" data-end=\"2774\">Nachweisbar im Urin f\u00fcr 3-4 Wochen nach der Anwendung.<\/p>\n<\/li>\n<\/ul>\n","protected":false},"excerpt":{"rendered":"<p>Tamoxifen (Nolvadex) Nolvadex ist ein nicht-steroidales Medikament, das f\u00fcr seine starken anti\u00f6strogenen Wirkungen bekannt ist. Es bindet an \u00d6strogenrezeptoren und blockiert effektiv die Wirkung von \u00d6strogen. Es wird haupts\u00e4chlich f\u00fcr bestimmte Arten von Brustkrebs bei M\u00e4nnern und Frauen sowie als vorbeugende Ma\u00dfnahme f\u00fcr Frauen mit einer Vorgeschichte von duktalem Karzinom in situ (DCIS) verschrieben, die &#8230; <a title=\"Nolvadex prime 100x10mg\" class=\"read-more\" href=\"https:\/\/www.gainmode.to\/de\/produkt\/nolvadex-prime-100x10mg\/\" aria-label=\"Mehr Informationen \u00fcber Nolvadex prime 100x10mg\">Weiterlesen<\/a><\/p>\n","protected":false},"featured_media":486,"comment_status":"open","ping_status":"closed","template":"","meta":[],"product_brand":[80],"product_cat":[2118,875],"product_tag":[2091,2078,2119,2121,2120,2082,2088,2080,1123,2123,2122,2096],"class_list":{"0":"post-2246","1":"product","2":"type-product","3":"status-publish","4":"has-post-thumbnail","6":"product_brand-prime-pharma","7":"product_cat-nolvadex-de","8":"product_cat-nicht-kategorisiert","9":"product_tag-hormonhaushalt","10":"product_tag-mannliche-fruchtbarkeit","11":"product_tag-nolvadex-de","12":"product_tag-nolvadex-100-tabletten-de","13":"product_tag-nolvadex-10mg-de","14":"product_tag-ostrogenblocker","15":"product_tag-ovulationsinduktor","16":"product_tag-post-cycle-therapie","17":"product_tag-prime-pharma-de","18":"product_tag-selektiver-ostrogenrezeptor-modulator","19":"product_tag-tamoxifen-citrat","20":"product_tag-weibliche-fruchtbarkeit","22":"first","23":"instock","24":"shipping-taxable","25":"purchasable","26":"product-type-simple"},"_links":{"self":[{"href":"https:\/\/www.gainmode.to\/de\/wp-json\/wp\/v2\/product\/2246","targetHints":{"allow":["GET"]}}],"collection":[{"href":"https:\/\/www.gainmode.to\/de\/wp-json\/wp\/v2\/product"}],"about":[{"href":"https:\/\/www.gainmode.to\/de\/wp-json\/wp\/v2\/types\/product"}],"replies":[{"embeddable":true,"href":"https:\/\/www.gainmode.to\/de\/wp-json\/wp\/v2\/comments?post=2246"}],"wp:featuredmedia":[{"embeddable":true,"href":"https:\/\/www.gainmode.to\/de\/wp-json\/wp\/v2\/media\/486"}],"wp:attachment":[{"href":"https:\/\/www.gainmode.to\/de\/wp-json\/wp\/v2\/media?parent=2246"}],"wp:term":[{"taxonomy":"product_brand","embeddable":true,"href":"https:\/\/www.gainmode.to\/de\/wp-json\/wp\/v2\/product_brand?post=2246"},{"taxonomy":"product_cat","embeddable":true,"href":"https:\/\/www.gainmode.to\/de\/wp-json\/wp\/v2\/product_cat?post=2246"},{"taxonomy":"product_tag","embeddable":true,"href":"https:\/\/www.gainmode.to\/de\/wp-json\/wp\/v2\/product_tag?post=2246"}],"curies":[{"name":"wp","href":"https:\/\/api.w.org\/{rel}","templated":true}]}}