{"id":2247,"date":"2025-06-26T17:47:16","date_gmt":"2025-06-26T17:47:16","guid":{"rendered":"https:\/\/www.gainmode.to\/product\/nolvadex-unique-100x10mg\/"},"modified":"2025-06-26T17:47:16","modified_gmt":"2025-06-26T17:47:16","slug":"nolvadex-unique-100x10mg","status":"publish","type":"product","link":"https:\/\/www.gainmode.to\/de\/produkt\/nolvadex-unique-100x10mg\/","title":{"rendered":"Nolvadex Unique 100x10mg"},"content":{"rendered":"<h3 data-start=\"95\" data-end=\"123\"><strong data-start=\"99\" data-end=\"123\">Tamoxifen \u2013 Nolvadex<\/strong><\/h3>\n<p data-start=\"125\" data-end=\"718\">Nolvadex ist ein nicht-steroidales Medikament, das f\u00fcr seine starken anti\u00f6strogenen Wirkungen bekannt ist. Durch die Bindung an \u00d6strogenrezeptoren hemmt es effektiv den Einfluss von \u00d6strogen. Dieses Medikament wird haupts\u00e4chlich zur Behandlung spezifischer Arten von Brustkrebs bei Frauen und M\u00e4nnern verschrieben. Zus\u00e4tzlich dient es als vorbeugende Ma\u00dfnahme gegen Brustkrebs bei Frauen mit einer Vorgeschichte von duktalem Karzinom in situ (DCIS), die ein erh\u00f6htes Risiko haben. Laufende Forschungen untersuchen seine Wirksamkeit bei verschiedenen anderen Arten von Brustkrebs. Es wird auch als <strong data-start=\"679\" data-end=\"692\">Tamoxifen<\/strong> oder <strong data-start=\"696\" data-end=\"717\">Tamoxifen-Citrat<\/strong> bezeichnet.     <\/p>\n<hr data-start=\"720\" data-end=\"723\">\n<h3 data-start=\"725\" data-end=\"744\"><strong data-start=\"729\" data-end=\"744\">Indikationen<\/strong><\/h3>\n<p data-start=\"746\" data-end=\"1126\">Nolvadex ist zur Behandlung von metastasierendem Brustkrebs bei beiden Geschlechtern indiziert. Es ist besonders vorteilhaft f\u00fcr pr\u00e4menopausale Frauen. Anstelle chirurgischer Methoden wie Oophorektomie oder Bestrahlung wird Nolvadex oft bevorzugt. Patienten mit \u00d6strogenrezeptor-positiven Tumoren profitieren stark von dieser Therapie, und es wird auch als adjuvante Behandlung nach einer Operation empfohlen.   <\/p>\n<hr data-start=\"1128\" data-end=\"1131\">\n<h3 data-start=\"1133\" data-end=\"1147\"><strong data-start=\"1137\" data-end=\"1147\">Dosierung<\/strong><\/h3>\n<p data-start=\"1149\" data-end=\"1620\">Nolvadex ist in 10 mg und 20 mg Tabletten sowie als 10 mg L\u00f6sung erh\u00e4ltlich. Die empfohlene Standarddosis betr\u00e4gt <strong data-start=\"1266\" data-end=\"1283\">20 mg pro Tag<\/strong>, oral eingenommen und gut resorbiert, unabh\u00e4ngig von der Nahrungsaufnahme. Bei Brustkrebspatienten liegt die Dosis typischerweise zwischen <strong data-start=\"1405\" data-end=\"1431\">20 mg und 40 mg pro Tag<\/strong>, aufgeteilt in 1 bis 3 Dosen, wenn die Gesamtdosis 20 mg \u00fcberschreitet. Viele Bodybuilder beginnen mit <strong data-start=\"1516\" data-end=\"1531\">20 mg t\u00e4glich<\/strong>, wobei einige bis zu 30 mg einnehmen. Eine Langzeittherapie \u00fcber 5 Jahre hinaus wird generell nicht empfohlen.    <\/p>\n<hr data-start=\"1622\" data-end=\"1625\">\n<h3 data-start=\"1627\" data-end=\"1647\"><strong data-start=\"1631\" data-end=\"1647\">Bodybuilder<\/strong><\/h3>\n<p data-start=\"1649\" data-end=\"2041\">Obwohl Nolvadex keine direkten anabolen oder androgenen Eigenschaften besitzt, beeinflusst es ma\u00dfgeblich die <strong data-start=\"1741\" data-end=\"1772\">Blockierung von \u00d6strogenrezeptoren<\/strong>. Durch die Blockierung dieser Rezeptoren im Hypothalamus f\u00fchrt es zu einer erh\u00f6hten Produktion von <strong data-start=\"1859\" data-end=\"1889\">Gonadotropinen (LH und FSH)<\/strong>, die wiederum die Testosteronsynthese stimulieren. Dieser Testosteronanstieg tr\u00e4gt zu anabolen und androgenen Effekten bei, die indirekt mit Nolvadex zusammenh\u00e4ngen.  <\/p>\n<p data-start=\"2043\" data-end=\"2465\">Bodybuilder verwenden Nolvadex h\u00e4ufig <strong data-start=\"2078\" data-end=\"2111\">nach anabolen Steroidzyklen<\/strong>, um die Testosteronunterdr\u00fcckung entgegenzuwirken. W\u00e4hrend einige <strong data-start=\"2171\" data-end=\"2183\">Arimidex<\/strong> bevorzugen, entscheiden sich andere f\u00fcr Nolvadex, um \u00e4hnliche Effekte zu erzielen, insbesondere bei der <strong data-start=\"2245\" data-end=\"2272\">Vorbeugung von Gyn\u00e4komastie<\/strong> und <strong data-start=\"2277\" data-end=\"2296\">Wassereinlagerungen<\/strong>. Nolvadex allein verursacht minimale Gewichtszunahme, wird aber bevorzugt, um die durch andere Steroide erzielten Zuw\u00e4chse w\u00e4hrend der Post-Cycle-Therapie (PCT) aufrechtzuerhalten und die Testosteronwiederherstellung zu unterst\u00fctzen.  <\/p>\n<hr data-start=\"2467\" data-end=\"2470\">\n<h3 data-start=\"2472\" data-end=\"2485\"><strong data-start=\"2476\" data-end=\"2485\">Damen<\/strong><\/h3>\n<p data-start=\"2487\" data-end=\"2721\">Nolvadex wird routinem\u00e4\u00dfig Frauen verschrieben, die an metastasierendem Brustkrebs leiden. Es ist f\u00fcr jede Frau, die dieses Medikament verwendet \u2013 sei es aus medizinischen oder Bodybuilding-Gr\u00fcnden \u2013 entscheidend, eng mit einem Arzt zusammenzuarbeiten. Bemerkenswerte Nebenwirkungen k\u00f6nnen sein:  <\/p>\n<ul data-start=\"2723\" data-end=\"2900\">\n<li data-start=\"2723\" data-end=\"2743\">\n<p data-start=\"2725\" data-end=\"2743\">Vaginale Blutungen<\/p>\n<\/li>\n<li data-start=\"2744\" data-end=\"2764\">\n<p data-start=\"2746\" data-end=\"2764\">Neue Brustknoten<\/p>\n<\/li>\n<li data-start=\"2765\" data-end=\"2793\">\n<p data-start=\"2767\" data-end=\"2793\">V\u00f6llegef\u00fchl im Unterbauch<\/p>\n<\/li>\n<li data-start=\"2794\" data-end=\"2809\">\n<p data-start=\"2796\" data-end=\"2809\">Beckenschmerzen<\/p>\n<\/li>\n<li data-start=\"2810\" data-end=\"2826\">\n<p data-start=\"2812\" data-end=\"2826\">Beinschwellungen<\/p>\n<\/li>\n<li data-start=\"2827\" data-end=\"2850\">\n<p data-start=\"2829\" data-end=\"2850\">Kurzatmigkeit<\/p>\n<\/li>\n<li data-start=\"2851\" data-end=\"2869\">\n<p data-start=\"2853\" data-end=\"2869\">Sehst\u00f6rungen<\/p>\n<\/li>\n<li data-start=\"2870\" data-end=\"2900\">\n<p data-start=\"2872\" data-end=\"2900\">Unregelm\u00e4\u00dfige Menstruationszyklen<\/p>\n<\/li>\n<\/ul>\n<p data-start=\"2902\" data-end=\"3106\">Regelm\u00e4\u00dfige Brustuntersuchungen durch einen Arzt sind unerl\u00e4sslich, um seltene Komplikationen zu vermeiden. Weibliche Bodybuilderinnen sollten sich auch bewusst sein, dass <strong data-start=\"3033\" data-end=\"3105\">Nolvadex die Wirksamkeit von Antibabypillen beeintr\u00e4chtigen kann<\/strong>. <\/p>\n<hr data-start=\"3108\" data-end=\"3111\">\n<h3 data-start=\"3113\" data-end=\"3140\"><strong data-start=\"3117\" data-end=\"3140\">H\u00e4ufige Nebenwirkungen<\/strong><\/h3>\n<p data-start=\"3142\" data-end=\"3318\">Dieses Medikament gilt im Allgemeinen als sicher, wobei nur 1\u20133 % der Frauen signifikante Nebenwirkungen berichten. Die am h\u00e4ufigsten beobachteten Nebenwirkungen bei M\u00e4nnern und Frauen sind: <\/p>\n<ul data-start=\"3320\" data-end=\"3568\">\n<li data-start=\"3320\" data-end=\"3335\">\n<p data-start=\"3322\" data-end=\"3335\">Hitzewallungen<\/p>\n<\/li>\n<li data-start=\"3336\" data-end=\"3352\">\n<p data-start=\"3338\" data-end=\"3352\">Beinschwellungen<\/p>\n<\/li>\n<li data-start=\"3353\" data-end=\"3370\">\n<p data-start=\"3355\" data-end=\"3370\">Geschmacksverlust<\/p>\n<\/li>\n<li data-start=\"3371\" data-end=\"3390\">\n<p data-start=\"3373\" data-end=\"3390\">Genitaler Juckreiz<\/p>\n<\/li>\n<li data-start=\"3391\" data-end=\"3405\">\n<p data-start=\"3393\" data-end=\"3405\">Depressionen<\/p>\n<\/li>\n<li data-start=\"3406\" data-end=\"3431\">\n<p data-start=\"3408\" data-end=\"3431\">M\u00fcdigkeit und Schwindel<\/p>\n<\/li>\n<li data-start=\"3432\" data-end=\"3444\">\n<p data-start=\"3434\" data-end=\"3444\">Kopfschmerzen<\/p>\n<\/li>\n<li data-start=\"3445\" data-end=\"3458\">\n<p data-start=\"3447\" data-end=\"3458\">Haarausfall<\/p>\n<\/li>\n<li data-start=\"3459\" data-end=\"3478\">\n<p data-start=\"3461\" data-end=\"3478\">Vaginale Trockenheit<\/p>\n<\/li>\n<li data-start=\"3479\" data-end=\"3502\">\n<p data-start=\"3481\" data-end=\"3502\">\u00dcbelkeit und Erbrechen<\/p>\n<\/li>\n<li data-start=\"3503\" data-end=\"3516\">\n<p data-start=\"3505\" data-end=\"3516\">Knochenschmerzen<\/p>\n<\/li>\n<li data-start=\"3517\" data-end=\"3526\">\n<p data-start=\"3519\" data-end=\"3526\">Husten<\/p>\n<\/li>\n<li data-start=\"3527\" data-end=\"3547\">\n<p data-start=\"3529\" data-end=\"3547\">Bauchkr\u00e4mpfe<\/p>\n<\/li>\n<li data-start=\"3548\" data-end=\"3568\">\n<p data-start=\"3550\" data-end=\"3568\">Appetitlosigkeit<\/p>\n<\/li>\n<\/ul>\n<p data-start=\"3570\" data-end=\"3649\">Die meisten dieser Nebenwirkungen klingen in der Regel ab, sobald die Einnahme von Nolvadex beendet wird.<\/p>\n<hr data-start=\"3651\" data-end=\"3654\">\n<h3 data-start=\"3656\" data-end=\"3672\"><strong data-start=\"3660\" data-end=\"3672\">Warnungen<\/strong><\/h3>\n<p data-start=\"3674\" data-end=\"3991\">\u26a0\ufe0f <strong data-start=\"3677\" data-end=\"3690\">Wichtig<\/strong>: Nolvadex kann kurz nach Beginn der Behandlung bei Brustkrebspatienten <strong data-start=\"3711\" data-end=\"3728\">Hyperkalz\u00e4mie<\/strong> verursachen. F\u00e4lle von <strong data-start=\"3798\" data-end=\"3816\">Geb\u00e4rmutterkrebs<\/strong> wurden ebenfalls mit diesem Medikament in Verbindung gebracht. Blutgerinnsel, die zu einer <strong data-start=\"3882\" data-end=\"3904\">Lungenembolie<\/strong> f\u00fchren, stellen ein ernstes Risiko dar, zusammen mit seltenen F\u00e4llen von <strong data-start=\"3951\" data-end=\"3967\">Leberkrebs<\/strong> und <strong data-start=\"3972\" data-end=\"3990\">Sehst\u00f6rungen<\/strong>.  <\/p>\n<hr data-start=\"3993\" data-end=\"3996\">\n<h3 data-start=\"3998\" data-end=\"4014\"><strong data-start=\"4002\" data-end=\"4014\">\u00dcberdosierung<\/strong><\/h3>\n<p data-start=\"4016\" data-end=\"4297\">Obwohl selten, wurde eine \u00dcberdosierung von Nolvadex nicht h\u00e4ufig gemeldet. Symptome k\u00f6nnen erst <strong data-start=\"4113\" data-end=\"4125\">4\u20136 Tage<\/strong> nach \u00fcberm\u00e4\u00dfiger Einnahme auftreten und Zittern, unsicheres Gehen, Schwindel oder Herzrhythmusst\u00f6rungen umfassen. Eine Langzeittoxizit\u00e4t ist unwahrscheinlich, und die Behandlung ist prim\u00e4r unterst\u00fctzend.  <\/p>\n<hr data-start=\"4299\" data-end=\"4302\">\n<h3 data-start=\"4304\" data-end=\"4321\"><strong data-start=\"4308\" data-end=\"4321\">Nachweis<\/strong><\/h3>\n<p data-start=\"4323\" data-end=\"4565\">Dieses Medikament wird von verschiedenen Sportorganisationen aktiv \u00fcberwacht. Selbst mit einem legalen Rezept kann <strong data-start=\"4420\" data-end=\"4486\">das Vorhandensein von Nolvadex im Urin zur Disqualifikation<\/strong> von Wettk\u00e4mpfen f\u00fchren. Es kann <strong data-start=\"4541\" data-end=\"4564\">3\u20134 Wochen nach der Anwendung<\/strong> nachweisbar bleiben.  <\/p>\n","protected":false},"excerpt":{"rendered":"<p>Tamoxifen \u2013 Nolvadex Nolvadex ist ein nicht-steroidales Medikament, das f\u00fcr seine starken anti\u00f6strogenen Wirkungen bekannt ist. Durch die Bindung an \u00d6strogenrezeptoren hemmt es effektiv den Einfluss von \u00d6strogen. Dieses Medikament wird haupts\u00e4chlich zur Behandlung spezifischer Arten von Brustkrebs bei Frauen und M\u00e4nnern verschrieben. Zus\u00e4tzlich dient es als vorbeugende Ma\u00dfnahme gegen Brustkrebs bei Frauen mit einer &#8230; <a title=\"Nolvadex Unique 100x10mg\" class=\"read-more\" href=\"https:\/\/www.gainmode.to\/de\/produkt\/nolvadex-unique-100x10mg\/\" aria-label=\"Mehr Informationen \u00fcber Nolvadex Unique 100x10mg\">Weiterlesen<\/a><\/p>\n","protected":false},"featured_media":489,"comment_status":"open","ping_status":"closed","template":"","meta":[],"product_brand":[79],"product_cat":[2118,875],"product_tag":[2127,2119,2121,2120,2082,2126,2125,2124,2122,1065],"class_list":{"0":"post-2247","1":"product","2":"type-product","3":"status-publish","4":"has-post-thumbnail","6":"product_brand-unique","7":"product_cat-nolvadex-de","8":"product_cat-nicht-kategorisiert","9":"product_tag-hormontherapie","10":"product_tag-nolvadex-de","11":"product_tag-nolvadex-100-tabletten-de","12":"product_tag-nolvadex-10mg-de","13":"product_tag-ostrogenblocker","14":"product_tag-pct-de","15":"product_tag-serms-de","16":"product_tag-tamoxifen-de","17":"product_tag-tamoxifen-citrat","18":"product_tag-unique-pharma-de","20":"first","21":"instock","22":"shipping-taxable","23":"purchasable","24":"product-type-simple"},"_links":{"self":[{"href":"https:\/\/www.gainmode.to\/de\/wp-json\/wp\/v2\/product\/2247","targetHints":{"allow":["GET"]}}],"collection":[{"href":"https:\/\/www.gainmode.to\/de\/wp-json\/wp\/v2\/product"}],"about":[{"href":"https:\/\/www.gainmode.to\/de\/wp-json\/wp\/v2\/types\/product"}],"replies":[{"embeddable":true,"href":"https:\/\/www.gainmode.to\/de\/wp-json\/wp\/v2\/comments?post=2247"}],"wp:featuredmedia":[{"embeddable":true,"href":"https:\/\/www.gainmode.to\/de\/wp-json\/wp\/v2\/media\/489"}],"wp:attachment":[{"href":"https:\/\/www.gainmode.to\/de\/wp-json\/wp\/v2\/media?parent=2247"}],"wp:term":[{"taxonomy":"product_brand","embeddable":true,"href":"https:\/\/www.gainmode.to\/de\/wp-json\/wp\/v2\/product_brand?post=2247"},{"taxonomy":"product_cat","embeddable":true,"href":"https:\/\/www.gainmode.to\/de\/wp-json\/wp\/v2\/product_cat?post=2247"},{"taxonomy":"product_tag","embeddable":true,"href":"https:\/\/www.gainmode.to\/de\/wp-json\/wp\/v2\/product_tag?post=2247"}],"curies":[{"name":"wp","href":"https:\/\/api.w.org\/{rel}","templated":true}]}}