{"id":2254,"date":"2025-06-26T17:32:24","date_gmt":"2025-06-26T17:32:24","guid":{"rendered":"https:\/\/www.gainmode.to\/product\/roaccutane-10x20mg\/"},"modified":"2025-06-26T17:32:24","modified_gmt":"2025-06-26T17:32:24","slug":"roaccutane-10x20mg","status":"publish","type":"product","link":"https:\/\/www.gainmode.to\/de\/produkt\/roaccutane-10x20mg\/","title":{"rendered":"Roaccutane 10x20mg"},"content":{"rendered":"<p data-start=\"104\" data-end=\"205\"><strong data-start=\"104\" data-end=\"120\">Isotretinoin<\/strong> hilft, Pickel (Akne) und Unebenheiten zu reduzieren. Es wird bei schwerer Akne und schwerer Rosazea eingesetzt. <\/p>\n<ul data-start=\"207\" data-end=\"542\">\n<li data-start=\"207\" data-end=\"286\">\n<p data-start=\"209\" data-end=\"286\"><strong data-start=\"209\" data-end=\"231\">Anf\u00e4ngliche Verschlechterung:<\/strong> Akne kann sich in den ersten Wochen verschlimmern; das ist normal.<\/p>\n<\/li>\n<li data-start=\"287\" data-end=\"357\">\n<p data-start=\"289\" data-end=\"357\"><strong data-start=\"289\" data-end=\"307\">Wirksamkeit:<\/strong> Man bemerkt die Wirkung normalerweise nach einigen Wochen.<\/p>\n<\/li>\n<li data-start=\"358\" data-end=\"542\">\n<p data-start=\"360\" data-end=\"373\"><strong data-start=\"360\" data-end=\"373\">Dauer:<\/strong><\/p>\n<ul data-start=\"376\" data-end=\"542\">\n<li data-start=\"376\" data-end=\"491\">\n<p data-start=\"378\" data-end=\"491\">Die Aknebehandlung dauert normalerweise 4 bis 6 Monate. Falls eine zweite Behandlung erforderlich ist, warten Sie 2 Monate, bevor Sie erneut beginnen. <\/p>\n<\/li>\n<li data-start=\"494\" data-end=\"542\">\n<p data-start=\"496\" data-end=\"542\">Die Rosazea-Behandlung dauert normalerweise 3 bis 4 Monate.<\/p>\n<\/li>\n<\/ul>\n<\/li>\n<\/ul>\n<p data-start=\"544\" data-end=\"563\"><strong data-start=\"544\" data-end=\"563\">Einnahme:<\/strong><\/p>\n<ul data-start=\"564\" data-end=\"634\">\n<li data-start=\"564\" data-end=\"634\">\n<p data-start=\"566\" data-end=\"634\">Nehmen Sie Isotretinoin w\u00e4hrend oder direkt nach den Mahlzeiten ein, um die Aufnahme zu verbessern.<\/p>\n<\/li>\n<\/ul>\n<p data-start=\"636\" data-end=\"660\"><strong data-start=\"636\" data-end=\"660\">H\u00e4ufige Nebenwirkungen:<\/strong><\/p>\n<ul data-start=\"661\" data-end=\"1183\">\n<li data-start=\"661\" data-end=\"687\">\n<p data-start=\"663\" data-end=\"687\">Trockene Lippen, Augen und Nase<\/p>\n<\/li>\n<li data-start=\"688\" data-end=\"722\">\n<p data-start=\"690\" data-end=\"722\">Augenentz\u00fcndung und Halsschmerzen<\/p>\n<\/li>\n<li data-start=\"723\" data-end=\"805\">\n<p data-start=\"725\" data-end=\"805\">Erh\u00f6hte Sonnenempfindlichkeit (verwenden Sie Sonnenschutzmittel mit hohem LSF oder vermeiden Sie Sonneneinstrahlung)<\/p>\n<\/li>\n<li data-start=\"806\" data-end=\"1081\">\n<p data-start=\"808\" data-end=\"1081\">Nicht w\u00e4hrend der Schwangerschaft anwenden \u2014 Isotretinoin ist sehr sch\u00e4dlich f\u00fcr das Baby. Schwangerschaftstests werden vor und w\u00e4hrend der Behandlung durchgef\u00fchrt, und Sie m\u00fcssen gleichzeitig zwei Verh\u00fctungsmethoden anwenden (z. B. die Pille und Kondome), von einem Monat vor bis zu einem Monat nach der Behandlung. <\/p>\n<\/li>\n<li data-start=\"1082\" data-end=\"1183\">\n<p data-start=\"1084\" data-end=\"1183\">W\u00e4hrend der Behandlung nicht stillen, da das Medikament in die Muttermilch \u00fcbergehen und dem Baby schaden k\u00f6nnte.<\/p>\n<\/li>\n<\/ul>\n<hr data-start=\"1185\" data-end=\"1188\">\n<h3 data-start=\"1190\" data-end=\"1216\">Nebenwirkungen im \u00dcberblick:<\/h3>\n<p data-start=\"1218\" data-end=\"1258\"><strong data-start=\"1218\" data-end=\"1258\">Sehr h\u00e4ufig (mehr als 30 von 100 Personen):<\/strong><\/p>\n<ul data-start=\"1259\" data-end=\"1394\">\n<li data-start=\"1259\" data-end=\"1322\">\n<p data-start=\"1261\" data-end=\"1322\">Fehlgeburt oder schwere Geburtsfehler bei Einnahme w\u00e4hrend der Schwangerschaft<\/p>\n<\/li>\n<li data-start=\"1323\" data-end=\"1376\">\n<p data-start=\"1325\" data-end=\"1376\">Trockene Schleimh\u00e4ute (Haut mit einer d\u00fcnnen Schleimschicht)<\/p>\n<\/li>\n<li data-start=\"1377\" data-end=\"1394\">\n<p data-start=\"1379\" data-end=\"1394\">Hautreizung<\/p>\n<\/li>\n<\/ul>\n<p data-start=\"1396\" data-end=\"1429\"><strong data-start=\"1396\" data-end=\"1429\">H\u00e4ufig (10-30 von 100 Personen):<\/strong><\/p>\n<ul data-start=\"1430\" data-end=\"1576\">\n<li data-start=\"1430\" data-end=\"1459\">\n<p data-start=\"1432\" data-end=\"1459\">Gelenk-, Muskel- oder R\u00fcckenschmerzen<\/p>\n<\/li>\n<li data-start=\"1460\" data-end=\"1505\">\n<p data-start=\"1462\" data-end=\"1505\">Erh\u00f6hte Cholesterin- oder Blutzuckerwerte<\/p>\n<\/li>\n<li data-start=\"1506\" data-end=\"1576\">\n<p data-start=\"1508\" data-end=\"1576\">Niedrige Blutzellzahlen (Anzeichen: Bluterg\u00fcsse, Nasenbluten, extreme M\u00fcdigkeit)<\/p>\n<\/li>\n<\/ul>\n<p data-start=\"1578\" data-end=\"1615\"><strong data-start=\"1578\" data-end=\"1615\">Weniger h\u00e4ufig (1-10 von 100 Personen):<\/strong><\/p>\n<ul data-start=\"1616\" data-end=\"1688\">\n<li data-start=\"1616\" data-end=\"1627\">\n<p data-start=\"1618\" data-end=\"1627\">Haarausfall<\/p>\n<\/li>\n<li data-start=\"1628\" data-end=\"1688\">\n<p data-start=\"1630\" data-end=\"1688\">Erh\u00f6hte Hautempfindlichkeit gegen\u00fcber UV-Licht (Sonne, Solarien)<\/p>\n<\/li>\n<\/ul>\n<p data-start=\"1690\" data-end=\"1727\"><strong data-start=\"1690\" data-end=\"1727\">Selten (weniger als 1 von 100 Personen):<\/strong><\/p>\n<ul data-start=\"1728\" data-end=\"2522\">\n<li data-start=\"1728\" data-end=\"1759\">\n<p data-start=\"1730\" data-end=\"1759\">Sehnenprobleme und Knochenschwund<\/p>\n<\/li>\n<li data-start=\"1760\" data-end=\"1852\">\n<p data-start=\"1762\" data-end=\"1852\">\u00dcberm\u00e4\u00dfiger Haarwuchs bei Frauen, \u00fcberm\u00e4\u00dfiges Schwitzen, Nagelwachstumsst\u00f6rungen und Nagelinfektionen<\/p>\n<\/li>\n<li data-start=\"1853\" data-end=\"1949\">\n<p data-start=\"1855\" data-end=\"1949\">Psychische Probleme (Angstzust\u00e4nde, Psychosen, Stimmungs\u00e4nderungen wie Depressionen oder feindselige Gef\u00fchle)<\/p>\n<\/li>\n<li data-start=\"1950\" data-end=\"2066\">\n<p data-start=\"1952\" data-end=\"2066\">Sehst\u00f6rungen (verschwommenes Sehen, schlechtes Nachtsehen, Farbenblindheit, Lichtempfindlichkeit, Katarakte, gereizte Augen)<\/p>\n<\/li>\n<li data-start=\"2067\" data-end=\"2081\">\n<p data-start=\"2069\" data-end=\"2081\">H\u00f6rverlust<\/p>\n<\/li>\n<li data-start=\"2082\" data-end=\"2167\">\n<p data-start=\"2084\" data-end=\"2167\">Erh\u00f6hter Druck im Kopf (starke Kopfschmerzen, \u00dcbelkeit, Erbrechen, Sehst\u00f6rungen)<\/p>\n<\/li>\n<li data-start=\"2168\" data-end=\"2212\">\n<p data-start=\"2170\" data-end=\"2212\">Magen-Darm-Probleme (\u00dcbelkeit, Durchfall)<\/p>\n<\/li>\n<li data-start=\"2213\" data-end=\"2247\">\n<p data-start=\"2215\" data-end=\"2247\">Kopfschmerzen, Schl\u00e4frigkeit, Schwindel<\/p>\n<\/li>\n<li data-start=\"2248\" data-end=\"2298\">\n<p data-start=\"2250\" data-end=\"2298\">Verschlechterung der Akne, Hautausschlag, Dunklerwerden der Haut<\/p>\n<\/li>\n<li data-start=\"2299\" data-end=\"2327\">\n<p data-start=\"2301\" data-end=\"2327\">Leber- oder Bauchspeicheldr\u00fcsenprobleme<\/p>\n<\/li>\n<li data-start=\"2328\" data-end=\"2345\">\n<p data-start=\"2330\" data-end=\"2345\">Nierenprobleme<\/p>\n<\/li>\n<li data-start=\"2346\" data-end=\"2370\">\n<p data-start=\"2348\" data-end=\"2370\">Herzinfarkt oder Schlaganfall<\/p>\n<\/li>\n<li data-start=\"2371\" data-end=\"2463\">\n<p data-start=\"2373\" data-end=\"2463\">Bei M\u00e4nnern: Erektionsst\u00f6rungen, verminderte oder manchmal erh\u00f6hte Libido, Brustvergr\u00f6\u00dferung<\/p>\n<\/li>\n<li data-start=\"2464\" data-end=\"2493\">\n<p data-start=\"2466\" data-end=\"2493\">Harnr\u00f6hrenentz\u00fcndung<\/p>\n<\/li>\n<li data-start=\"2494\" data-end=\"2522\">\n<p data-start=\"2496\" data-end=\"2522\">\u00dcberempfindlichkeitsreaktionen<\/p>\n<\/li>\n<\/ul>\n<hr data-start=\"2524\" data-end=\"2527\">\n<p data-start=\"2529\" data-end=\"2567\"><strong data-start=\"2529\" data-end=\"2567\">Anwendungshinweise f\u00fcr Roaccutane:<\/strong><\/p>\n<ul data-start=\"2569\" data-end=\"2867\">\n<li data-start=\"2569\" data-end=\"2636\">\n<p data-start=\"2571\" data-end=\"2636\">Nehmen Sie Kapseln w\u00e4hrend oder direkt nach einer Mahlzeit f\u00fcr eine bessere Aufnahme ein.<\/p>\n<\/li>\n<li data-start=\"2637\" data-end=\"2867\">\n<p data-start=\"2639\" data-end=\"2661\">Behandlungsdauer:<\/p>\n<ul data-start=\"2664\" data-end=\"2867\">\n<li data-start=\"2664\" data-end=\"2831\">\n<p data-start=\"2666\" data-end=\"2831\">Akne: normalerweise 4 bis 6 Monate; falls ein zweiter Behandlungszyklus erforderlich ist, warten Sie 2 Monate, bevor Sie erneut beginnen. Akne kann sich bis zu 2 Monate nach Behandlungsende weiter verbessern. <\/p>\n<\/li>\n<li data-start=\"2834\" data-end=\"2867\">\n<p data-start=\"2836\" data-end=\"2867\">Rosazea: normalerweise 3 bis 4 Monate.<\/p>\n<\/li>\n<\/ul>\n<\/li>\n<\/ul>\n","protected":false},"excerpt":{"rendered":"<p>Isotretinoin hilft, Pickel (Akne) und Unebenheiten zu reduzieren. Es wird bei schwerer Akne und schwerer Rosazea eingesetzt. Anf\u00e4ngliche Verschlechterung: Akne kann sich in den ersten Wochen verschlimmern; das ist normal. Wirksamkeit: Man bemerkt die Wirkung normalerweise nach einigen Wochen. Dauer: Die Aknebehandlung dauert normalerweise 4 bis 6 Monate. Falls eine zweite Behandlung erforderlich ist, warten &#8230; <a title=\"Roaccutane 10x20mg\" class=\"read-more\" href=\"https:\/\/www.gainmode.to\/de\/produkt\/roaccutane-10x20mg\/\" aria-label=\"Mehr Informationen \u00fcber Roaccutane 10x20mg\">Weiterlesen<\/a><\/p>\n","protected":false},"featured_media":479,"comment_status":"open","ping_status":"closed","template":"","meta":[],"product_brand":[],"product_cat":[1813],"product_tag":[2188,2196,2190,2194,2187,2185,2186,2192,2198],"class_list":{"0":"post-2254","1":"product","2":"type-product","3":"status-publish","4":"has-post-thumbnail","6":"product_cat-apotheke","7":"product_tag-aknebehandlung","8":"product_tag-aknelosung","9":"product_tag-aknemedikament","10":"product_tag-hautpflege","11":"product_tag-isotretinoin-de","12":"product_tag-roaccutane-de","13":"product_tag-roaccutane-10x20mg-de","14":"product_tag-roaccutane-kapseln","15":"product_tag-verschreibungspflichtiges-aknemedikament","17":"first","18":"instock","19":"shipping-taxable","20":"purchasable","21":"product-type-simple"},"_links":{"self":[{"href":"https:\/\/www.gainmode.to\/de\/wp-json\/wp\/v2\/product\/2254","targetHints":{"allow":["GET"]}}],"collection":[{"href":"https:\/\/www.gainmode.to\/de\/wp-json\/wp\/v2\/product"}],"about":[{"href":"https:\/\/www.gainmode.to\/de\/wp-json\/wp\/v2\/types\/product"}],"replies":[{"embeddable":true,"href":"https:\/\/www.gainmode.to\/de\/wp-json\/wp\/v2\/comments?post=2254"}],"wp:featuredmedia":[{"embeddable":true,"href":"https:\/\/www.gainmode.to\/de\/wp-json\/wp\/v2\/media\/479"}],"wp:attachment":[{"href":"https:\/\/www.gainmode.to\/de\/wp-json\/wp\/v2\/media?parent=2254"}],"wp:term":[{"taxonomy":"product_brand","embeddable":true,"href":"https:\/\/www.gainmode.to\/de\/wp-json\/wp\/v2\/product_brand?post=2254"},{"taxonomy":"product_cat","embeddable":true,"href":"https:\/\/www.gainmode.to\/de\/wp-json\/wp\/v2\/product_cat?post=2254"},{"taxonomy":"product_tag","embeddable":true,"href":"https:\/\/www.gainmode.to\/de\/wp-json\/wp\/v2\/product_tag?post=2254"}],"curies":[{"name":"wp","href":"https:\/\/api.w.org\/{rel}","templated":true}]}}