{"id":2265,"date":"2025-06-25T21:41:55","date_gmt":"2025-06-25T21:41:55","guid":{"rendered":"https:\/\/www.gainmode.to\/product\/prime-stack-fatburner-30-kapseln\/"},"modified":"2025-06-25T21:41:55","modified_gmt":"2025-06-25T21:41:55","slug":"prime-stack-fatburner-30-kapseln","status":"publish","type":"product","link":"https:\/\/www.gainmode.to\/de\/produkt\/prime-stack-fatburner-30-kapseln\/","title":{"rendered":"Prime Stack Fatburner 30 Kapseln"},"content":{"rendered":"<p data-start=\"94\" data-end=\"145\"><strong data-start=\"94\" data-end=\"122\">Prime Pharma Prime Stack<\/strong><br data-start=\"122\" data-end=\"125\">30 x 100 mg Kapseln<\/p>\n<ul data-start=\"147\" data-end=\"237\">\n<li data-start=\"147\" data-end=\"162\">\n<p data-start=\"149\" data-end=\"162\">Mehr Energie<\/p>\n<\/li>\n<li data-start=\"163\" data-end=\"183\">\n<p data-start=\"165\" data-end=\"183\">Reduzierter Appetit<\/p>\n<\/li>\n<li data-start=\"184\" data-end=\"215\">\n<p data-start=\"186\" data-end=\"215\">Reduzierter K\u00f6rperfettanteil<\/p>\n<\/li>\n<li data-start=\"216\" data-end=\"237\">\n<p data-start=\"218\" data-end=\"237\">Reduziertes K\u00f6rpergewicht<\/p>\n<\/li>\n<\/ul>\n<h3 data-start=\"239\" data-end=\"289\">Was ist Prime Stack Prime Pharma \u2013 Fatburner?<\/h3>\n<p data-start=\"291\" data-end=\"560\">Prime Stack Prime Pharma wurde entwickelt, um einen Energieschub zu liefern, Hei\u00dfhungerattacken zu kontrollieren und beim Abnehmen zu helfen. Wenn Sie schnell Fett verlieren und Energie gewinnen m\u00f6chten, ist das Hinzuf\u00fcgen von Prime Stack zu Ihrer Ern\u00e4hrung die richtige Wahl. Das Ergebnis ist eine schnelle Fettreduktion und Gewichtsabnahme.  <\/p>\n<h3 data-start=\"562\" data-end=\"572\">Dosierung<\/h3>\n<p data-start=\"574\" data-end=\"625\">Wir empfehlen, t\u00e4glich 1 Kapsel morgens einzunehmen.<\/p>\n<h3 data-start=\"627\" data-end=\"652\">M\u00f6gliche Nebenwirkungen<\/h3>\n<ul data-start=\"654\" data-end=\"675\">\n<li data-start=\"654\" data-end=\"666\">\n<p data-start=\"656\" data-end=\"666\">Kopfschmerzen<\/p>\n<\/li>\n<li data-start=\"667\" data-end=\"675\">\n<p data-start=\"669\" data-end=\"675\">\u00dcbelkeit<\/p>\n<\/li>\n<\/ul>\n","protected":false},"excerpt":{"rendered":"<p>Prime Pharma Prime Stack30 x 100 mg Kapseln Mehr Energie Reduzierter Appetit Reduzierter K\u00f6rperfettanteil Reduziertes K\u00f6rpergewicht Was ist Prime Stack Prime Pharma \u2013 Fatburner? Prime Stack Prime Pharma wurde entwickelt, um einen Energieschub zu liefern, Hei\u00dfhungerattacken zu kontrollieren und beim Abnehmen zu helfen. Wenn Sie schnell Fett verlieren und Energie gewinnen m\u00f6chten, ist das Hinzuf\u00fcgen &#8230; <a title=\"Prime Stack Fatburner 30 Kapseln\" class=\"read-more\" href=\"https:\/\/www.gainmode.to\/de\/produkt\/prime-stack-fatburner-30-kapseln\/\" aria-label=\"Mehr Informationen \u00fcber Prime Stack Fatburner 30 Kapseln\">Weiterlesen<\/a><\/p>\n","protected":false},"featured_media":462,"comment_status":"open","ping_status":"closed","template":"","meta":[],"product_brand":[80],"product_cat":[970,2278],"product_tag":[2283,2288,2290,2292,2289,2282,2291,2286,2280],"class_list":{"0":"post-2265","1":"product","2":"type-product","3":"status-publish","4":"has-post-thumbnail","6":"product_brand-prime-pharma","7":"product_cat-gewichtsverlust","8":"product_cat-stacker-de","9":"product_tag-fatburner-de","10":"product_tag-fatburner-kapseln","11":"product_tag-fettverbrennungs-supplement","12":"product_tag-gewichtsmanagement","13":"product_tag-nahrungserganzungsmittel-zur-gewichtsabnahme","14":"product_tag-prime-stack-de","15":"product_tag-prime-stack-30-kapseln","16":"product_tag-prime-stack-fatburner-de","17":"product_tag-thermogen","19":"first","20":"instock","21":"shipping-taxable","22":"purchasable","23":"product-type-simple"},"_links":{"self":[{"href":"https:\/\/www.gainmode.to\/de\/wp-json\/wp\/v2\/product\/2265","targetHints":{"allow":["GET"]}}],"collection":[{"href":"https:\/\/www.gainmode.to\/de\/wp-json\/wp\/v2\/product"}],"about":[{"href":"https:\/\/www.gainmode.to\/de\/wp-json\/wp\/v2\/types\/product"}],"replies":[{"embeddable":true,"href":"https:\/\/www.gainmode.to\/de\/wp-json\/wp\/v2\/comments?post=2265"}],"wp:featuredmedia":[{"embeddable":true,"href":"https:\/\/www.gainmode.to\/de\/wp-json\/wp\/v2\/media\/462"}],"wp:attachment":[{"href":"https:\/\/www.gainmode.to\/de\/wp-json\/wp\/v2\/media?parent=2265"}],"wp:term":[{"taxonomy":"product_brand","embeddable":true,"href":"https:\/\/www.gainmode.to\/de\/wp-json\/wp\/v2\/product_brand?post=2265"},{"taxonomy":"product_cat","embeddable":true,"href":"https:\/\/www.gainmode.to\/de\/wp-json\/wp\/v2\/product_cat?post=2265"},{"taxonomy":"product_tag","embeddable":true,"href":"https:\/\/www.gainmode.to\/de\/wp-json\/wp\/v2\/product_tag?post=2265"}],"curies":[{"name":"wp","href":"https:\/\/api.w.org\/{rel}","templated":true}]}}