{"id":2275,"date":"2025-06-25T21:37:44","date_gmt":"2025-06-25T21:37:44","guid":{"rendered":"https:\/\/www.gainmode.to\/product\/ozempic-novo-nordisk-1-mg\/"},"modified":"2025-06-25T21:37:44","modified_gmt":"2025-06-25T21:37:44","slug":"ozempic-novo-nordisk-1-mg","status":"publish","type":"product","link":"https:\/\/www.gainmode.to\/de\/produkt\/ozempic-novo-nordisk-1-mg\/","title":{"rendered":"Ozempic Novo Nordisk 1 mg"},"content":{"rendered":"<p data-start=\"77\" data-end=\"141\"><strong data-start=\"77\" data-end=\"100\">Produktinformationen<\/strong><br data-start=\"100\" data-end=\"103\">Verpackung:<br data-start=\"113\" data-end=\"116\">1 Pen inklusive 4 Nadeln<\/p>\n<h3 data-start=\"143\" data-end=\"187\">Was ist Ozempic und wof\u00fcr wird es angewendet?<\/h3>\n<p data-start=\"189\" data-end=\"482\">Ozempic ist ein Medikament, das den Wirkstoff <strong data-start=\"245\" data-end=\"260\">Semaglutid<\/strong> enth\u00e4lt, der zur Klasse der Inkretin-\u00e4hnlichen Mittel geh\u00f6rt. Dieser Stoff hilft, den Insulinspiegel nach den Mahlzeiten zu regulieren und die Zuckermenge zu reduzieren, die in den K\u00f6rper freigesetzt wird. Ozempic wird bei Diabetes mellitus (Zuckerkrankheit) verschrieben.  <\/p>\n<h3 data-start=\"484\" data-end=\"523\">Wie soll dieses Medikament gelagert werden?<\/h3>\n<ul data-start=\"525\" data-end=\"783\">\n<li data-start=\"525\" data-end=\"569\">\n<p data-start=\"527\" data-end=\"569\">Dieses Medikament wird gek\u00fchlt versandt.<\/p>\n<\/li>\n<li data-start=\"570\" data-end=\"661\">\n<p data-start=\"572\" data-end=\"661\">Lagern Sie den Pen unter 30 \u00b0C oder im K\u00fchlschrank (2 \u00b0C &#8211; 8 \u00b0C). Frieren Sie Ozempic <strong data-start=\"636\" data-end=\"643\">nicht<\/strong> ein. <\/p>\n<\/li>\n<li data-start=\"662\" data-end=\"724\">\n<p data-start=\"664\" data-end=\"724\">Bewahren Sie den Pen mit aufgesetzter Kappe auf, um ihn vor Licht zu sch\u00fctzen.<\/p>\n<\/li>\n<li data-start=\"725\" data-end=\"783\">\n<p data-start=\"727\" data-end=\"783\">Bewahren Sie dieses Medikament au\u00dferhalb der Reichweite und Sichtweite von Kindern auf.<\/p>\n<\/li>\n<\/ul>\n<p data-start=\"785\" data-end=\"963\">Entsorgen Sie Medikamente nicht \u00fcber die Toilette oder das Waschbecken. Fragen Sie Ihren Apotheker, wie Sie nicht mehr ben\u00f6tigte Medikamente ordnungsgem\u00e4\u00df entsorgen k\u00f6nnen. Diese Ma\u00dfnahmen tragen dazu bei, die Sicherheit aller zu sch\u00fctzen.  <\/p>\n<h3 data-start=\"965\" data-end=\"1011\">Welche m\u00f6glichen Nebenwirkungen hat Ozempic?<\/h3>\n<p data-start=\"1013\" data-end=\"1107\">Neben der gew\u00fcnschten Wirkung kann dieses Medikament Nebenwirkungen verursachen. Die Hauptnebenwirkungen sind: <\/p>\n<p data-start=\"1109\" data-end=\"1125\"><strong data-start=\"1109\" data-end=\"1123\">Manchmal:<\/strong><\/p>\n<ul data-start=\"1126\" data-end=\"1147\">\n<li data-start=\"1126\" data-end=\"1147\">\n<p data-start=\"1128\" data-end=\"1147\">\u00dcbelkeit und Durchfall<\/p>\n<\/li>\n<\/ul>\n<p data-start=\"1149\" data-end=\"1162\"><strong data-start=\"1149\" data-end=\"1160\">Selten:<\/strong><\/p>\n<ul data-start=\"1163\" data-end=\"2073\">\n<li data-start=\"1163\" data-end=\"1445\">\n<p data-start=\"1165\" data-end=\"1445\">Niedriger Blutzucker (Hypoglyk\u00e4mie), der h\u00e4ufiger auftritt, wenn er mit anderen blutzuckersenkenden Medikamenten oder Insulin kombiniert wird. Symptome einer Hypoglyk\u00e4mie sind Hunger, Stimmungsschwankungen, Verwirrtheit, Kopfschmerzen, M\u00fcdigkeit, Schwindel, blasses Gesicht, verschwommenes Sehen, Zittern, Schwitzen und Herzklopfen. <\/p>\n<\/li>\n<li data-start=\"1446\" data-end=\"1552\">\n<p data-start=\"1448\" data-end=\"1552\">Augensch\u00e4den, die im Laufe der Zeit zu verschwommenem oder sich verschlechterndem Sehen, dem Sehen von schwebenden Flecken oder Blindheit f\u00fchren k\u00f6nnen.<\/p>\n<\/li>\n<li data-start=\"1553\" data-end=\"1709\">\n<p data-start=\"1555\" data-end=\"1709\">Magen-Darm-Beschwerden wie \u00dcbelkeit, Erbrechen, Bauch- oder Magenschmerzen, Gastritis, Verstopfung, Sodbrennen, Bl\u00e4hungen und \u00fcberm\u00e4\u00dfige Bl\u00e4hungen.<\/p>\n<\/li>\n<li data-start=\"1710\" data-end=\"1762\">\n<p data-start=\"1712\" data-end=\"1762\">Reduzierter Appetit, der zu Gewichtsverlust f\u00fchren kann.<\/p>\n<\/li>\n<li data-start=\"1763\" data-end=\"1789\">\n<p data-start=\"1765\" data-end=\"1789\">Schwindel und M\u00fcdigkeit.<\/p>\n<\/li>\n<li data-start=\"1790\" data-end=\"1957\">\n<p data-start=\"1792\" data-end=\"1957\">Gallensteine, die Steine in der Gallenblase und den Galleng\u00e4ngen sind. Meist unbemerkt, k\u00f6nnen aber starke Oberbauchschmerzen (Koliken) mit \u00dcbelkeit und Erbrechen verursachen. <\/p>\n<\/li>\n<li data-start=\"1958\" data-end=\"2073\">\n<p data-start=\"1960\" data-end=\"2073\">\u00dcberempfindlichkeit gegen dieses Medikament, die sich als Ausschlag, Nesselsucht oder Juckreiz \u00e4u\u00dfern kann. Suchen Sie Ihren Arzt auf, wenn dies auftritt. <\/p>\n<\/li>\n<\/ul>\n<p data-start=\"2075\" data-end=\"2093\"><strong data-start=\"2075\" data-end=\"2091\">Sehr selten:<\/strong><\/p>\n<ul data-start=\"2094\" data-end=\"2336\">\n<li data-start=\"2094\" data-end=\"2115\">\n<p data-start=\"2096\" data-end=\"2115\">Schnellerer Herzschlag.<\/p>\n<\/li>\n<li data-start=\"2116\" data-end=\"2151\">\n<p data-start=\"2118\" data-end=\"2151\">Roter Ausschlag an der Injektionsstelle.<\/p>\n<\/li>\n<li data-start=\"2152\" data-end=\"2170\">\n<p data-start=\"2154\" data-end=\"2170\">Ver\u00e4nderter Geschmack.<\/p>\n<\/li>\n<li data-start=\"2171\" data-end=\"2336\">\n<p data-start=\"2173\" data-end=\"2336\">Pl\u00f6tzliche Pankreatitis wurde bei semaglutid\u00e4hnlichen Medikamenten berichtet. Wenn Sie sehr starke, anhaltende Bauchschmerzen versp\u00fcren, kontaktieren Sie sofort Ihren Arzt. <\/p>\n<\/li>\n<\/ul>\n<h3 data-start=\"2338\" data-end=\"2372\">Wie und wann wende ich Ozempic an?<\/h3>\n<p data-start=\"2374\" data-end=\"2384\"><strong data-start=\"2374\" data-end=\"2382\">Wie?<\/strong><\/p>\n<ul data-start=\"2385\" data-end=\"2761\">\n<li data-start=\"2385\" data-end=\"2485\">\n<p data-start=\"2387\" data-end=\"2485\">Die Injektionsfl\u00fcssigkeit ist in einem Pen enthalten. Lesen Sie auch die in der Verpackung enthaltene Gebrauchsanweisung. <\/p>\n<\/li>\n<li data-start=\"2486\" data-end=\"2669\">\n<p data-start=\"2488\" data-end=\"2669\">Dieses Medikament muss direkt unter die Haut injiziert werden, in den Oberschenkel, Bauch oder Oberarm. Normalerweise wurden Sie geschult, sich selbst zu injizieren, oder eine Ihnen nahestehende Person wird es tun. <\/p>\n<\/li>\n<li data-start=\"2670\" data-end=\"2761\">\n<p data-start=\"2672\" data-end=\"2761\">Wenn Sie einen roten Ausschlag an der Injektionsstelle bekommen, w\u00e4hlen Sie jede Woche eine andere Injektionsstelle.<\/p>\n<\/li>\n<\/ul>\n<p data-start=\"2763\" data-end=\"2774\"><strong data-start=\"2763\" data-end=\"2772\">Wann?<\/strong><\/p>\n<ul data-start=\"2775\" data-end=\"2825\">\n<li data-start=\"2775\" data-end=\"2825\">\n<p data-start=\"2777\" data-end=\"2825\">Sie injizieren Ozempic einmal pro Woche zur gleichen Zeit.<\/p>\n<\/li>\n<\/ul>\n<h3 data-start=\"2827\" data-end=\"2865\">Was soll ich tun, wenn ich eine Dosis vergessen habe?<\/h3>\n<p data-start=\"2867\" data-end=\"3147\">Wenn Sie eine Dosis vergessen haben, injizieren Sie diese so bald wie m\u00f6glich, vorausgesetzt, die n\u00e4chste Dosis ist 2 oder mehr Tage sp\u00e4ter geplant. Wenn es weniger als 2 Tage bis zur n\u00e4chsten Dosis sind, lassen Sie die vergessene Dosis aus und injizieren Sie die n\u00e4chste Dosis zur geplanten Zeit. Injizieren Sie niemals zwei Dosen, um eine vergessene Dosis auszugleichen.  <\/p>\n<h3 data-start=\"3149\" data-end=\"3197\">Was soll ich tun, wenn ich zu viel Ozempic injiziert habe?<\/h3>\n<p data-start=\"3199\" data-end=\"3245\">Kontaktieren Sie sofort Ihren Arzt oder Apotheker.<\/p>\n","protected":false},"excerpt":{"rendered":"<p>ProduktinformationenVerpackung:1 Pen inklusive 4 Nadeln Was ist Ozempic und wof\u00fcr wird es angewendet? Ozempic ist ein Medikament, das den Wirkstoff Semaglutid enth\u00e4lt, der zur Klasse der Inkretin-\u00e4hnlichen Mittel geh\u00f6rt. Dieser Stoff hilft, den Insulinspiegel nach den Mahlzeiten zu regulieren und die Zuckermenge zu reduzieren, die in den K\u00f6rper freigesetzt wird. Ozempic wird bei Diabetes mellitus &#8230; <a title=\"Ozempic Novo Nordisk 1 mg\" class=\"read-more\" href=\"https:\/\/www.gainmode.to\/de\/produkt\/ozempic-novo-nordisk-1-mg\/\" aria-label=\"Mehr Informationen \u00fcber Ozempic Novo Nordisk 1 mg\">Weiterlesen<\/a><\/p>\n","protected":false},"featured_media":459,"comment_status":"open","ping_status":"closed","template":"","meta":[],"product_brand":[82],"product_cat":[1813,970,1027],"product_tag":[2374,980,2368,1030,2372,2363,2366,2370,1028],"class_list":{"0":"post-2275","1":"product","2":"type-product","3":"status-publish","4":"has-post-thumbnail","6":"product_brand-novo-nordisk","7":"product_cat-apotheke","8":"product_cat-gewichtsverlust","9":"product_cat-semaglutid","10":"product_tag-behandlung-von-typ-2-diabetes","11":"product_tag-blutzuckerregulierung","12":"product_tag-diabetes-medikament","13":"product_tag-novo-nordisk-de","14":"product_tag-novo-nordisk-ozempic-de","15":"product_tag-ozempic-de","16":"product_tag-ozempic-1-mg-de","17":"product_tag-ozempic-injektion","18":"product_tag-semaglutid","20":"first","21":"outofstock","22":"sale","23":"shipping-taxable","24":"purchasable","25":"product-type-simple"},"_links":{"self":[{"href":"https:\/\/www.gainmode.to\/de\/wp-json\/wp\/v2\/product\/2275","targetHints":{"allow":["GET"]}}],"collection":[{"href":"https:\/\/www.gainmode.to\/de\/wp-json\/wp\/v2\/product"}],"about":[{"href":"https:\/\/www.gainmode.to\/de\/wp-json\/wp\/v2\/types\/product"}],"replies":[{"embeddable":true,"href":"https:\/\/www.gainmode.to\/de\/wp-json\/wp\/v2\/comments?post=2275"}],"wp:featuredmedia":[{"embeddable":true,"href":"https:\/\/www.gainmode.to\/de\/wp-json\/wp\/v2\/media\/459"}],"wp:attachment":[{"href":"https:\/\/www.gainmode.to\/de\/wp-json\/wp\/v2\/media?parent=2275"}],"wp:term":[{"taxonomy":"product_brand","embeddable":true,"href":"https:\/\/www.gainmode.to\/de\/wp-json\/wp\/v2\/product_brand?post=2275"},{"taxonomy":"product_cat","embeddable":true,"href":"https:\/\/www.gainmode.to\/de\/wp-json\/wp\/v2\/product_cat?post=2275"},{"taxonomy":"product_tag","embeddable":true,"href":"https:\/\/www.gainmode.to\/de\/wp-json\/wp\/v2\/product_tag?post=2275"}],"curies":[{"name":"wp","href":"https:\/\/api.w.org\/{rel}","templated":true}]}}