{"id":2284,"date":"2025-06-25T21:18:42","date_gmt":"2025-06-25T21:18:42","guid":{"rendered":"https:\/\/www.gainmode.to\/product\/parabolan-prime-75mg-ml\/"},"modified":"2025-06-25T21:18:42","modified_gmt":"2025-06-25T21:18:42","slug":"parabolan-prime-75mg-ml","status":"publish","type":"product","link":"https:\/\/www.gainmode.to\/de\/produkt\/parabolan-prime-75mg-ml\/","title":{"rendered":"Parabolan Prime 75mg\/ml"},"content":{"rendered":"<p data-start=\"94\" data-end=\"129\"><strong data-start=\"94\" data-end=\"129\">Parabolan Prime Pharma 75 mg\/ml<\/strong><\/p>\n<p data-start=\"131\" data-end=\"209\"><strong data-start=\"131\" data-end=\"151\">Magere Muskelmasse<\/strong><br data-start=\"151\" data-end=\"154\"><strong data-start=\"154\" data-end=\"178\">Kraftzuwachs<\/strong><br data-start=\"178\" data-end=\"181\"><strong data-start=\"181\" data-end=\"209\">75\u2013150 mg jeden zweiten Tag<\/strong><\/p>\n<hr data-start=\"211\" data-end=\"214\">\n<h3 data-start=\"216\" data-end=\"261\">Wie Parabolan Prime Pharmaceuticals wirkt<\/h3>\n<p data-start=\"263\" data-end=\"650\">Parabolan Prime Pharma ist ein synthetisches Steroid, das urspr\u00fcnglich f\u00fcr den veterin\u00e4rmedizinischen Gebrauch entwickelt wurde. Es wurde verwendet, um Pferde bei Wettk\u00e4mpfen schneller und st\u00e4rker zu machen. In den 1980er Jahren wurde entdeckt, dass es auch beim Menschen angewendet werden kann, zusammen mit den Vorteilen, die es bot. Von diesem Zeitpunkt an wurde es schnell von Bodybuildern \u00fcbernommen. Parabolan gilt als das st\u00e4rkste anabole Steroid auf dem Markt.    <\/p>\n<p data-start=\"652\" data-end=\"952\">Parabolan ist bekannt f\u00fcr seine F\u00e4higkeit, ein trockeneres, h\u00e4rteres Aussehen der Muskeln zu f\u00f6rdern. Es erreicht diesen Effekt durch mehrere Mechanismen. Erstens hilft es, die Wassereinlagerungen im K\u00f6rper zu reduzieren, was bedeutet, dass weniger Wasser zwischen den Muskelfasern gespeichert wird. Dies f\u00fchrt zu einem definierteren und sch\u00e4rferen muskul\u00f6sen Erscheinungsbild.   <\/p>\n<p data-start=\"954\" data-end=\"1112\">Ein weiteres Merkmal von Parabolan ist seine F\u00e4higkeit, der \u00d6strogenbildung entgegenzuwirken. Dadurch entsteht ein h\u00e4rteres Aussehen und die Fl\u00fcssigkeitsretention im K\u00f6rper wird minimiert. <\/p>\n<p data-start=\"1114\" data-end=\"1388\">Parabolan hat einen kurzen Ester, was zu schnell wirkenden Effekten und einer schnellen Freisetzung in den Blutkreislauf f\u00fchrt. Um stabile Blutspiegel aufrechtzuerhalten, m\u00fcssen Injektionen h\u00e4ufiger verabreicht werden als bei der Enanthate-Version. Idealerweise sollte Parabolan jeden zweiten Tag verabreicht werden.  <\/p>\n<hr data-start=\"1390\" data-end=\"1393\">\n<h3 data-start=\"1395\" data-end=\"1439\">Nebenwirkungen \u2013 Parabolan Pharmaceuticals<\/h3>\n<p data-start=\"1441\" data-end=\"1604\">Wie alle anabolen Steroide kann <strong data-start=\"1469\" data-end=\"1482\">Parabolan<\/strong> Nebenwirkungen verursachen. Es ist bekannt f\u00fcr seine DHT-Aktivit\u00e4t (Dihydrotestosteron), die zu Nebenwirkungen wie den folgenden f\u00fchren kann: <\/p>\n<ul data-start=\"1605\" data-end=\"1649\">\n<li data-start=\"1605\" data-end=\"1618\">\n<p data-start=\"1607\" data-end=\"1618\">Haarausfall<\/p>\n<\/li>\n<li data-start=\"1619\" data-end=\"1627\">\n<p data-start=\"1621\" data-end=\"1627\">Akne<\/p>\n<\/li>\n<li data-start=\"1628\" data-end=\"1649\">\n<p data-start=\"1630\" data-end=\"1649\">Vergr\u00f6\u00dferte Prostata<\/p>\n<\/li>\n<\/ul>\n<p data-start=\"1651\" data-end=\"1723\">In vielen F\u00e4llen verursacht Parabolan auch Verhaltens\u00e4nderungen und Stimmungsschwankungen.<\/p>\n<hr data-start=\"1725\" data-end=\"1728\">\n<h3 data-start=\"1730\" data-end=\"1774\">Dosierung \u2013 Parabolan Prime Pharmaceuticals<\/h3>\n<p data-start=\"1776\" data-end=\"1970\">Die Dosierung von <strong data-start=\"1790\" data-end=\"1816\">Parabolan Prime Pharma<\/strong> variiert je nach K\u00f6rpergewicht des Anwenders. Die empfohlene w\u00f6chentliche Dosierung liegt zwischen <strong data-start=\"1902\" data-end=\"1917\">225 \u2013 450 mg<\/strong>, aufgeteilt auf <strong data-start=\"1932\" data-end=\"1960\">drei bis vier Injektionen<\/strong> pro Woche. <\/p>\n","protected":false},"excerpt":{"rendered":"<p>Parabolan Prime Pharma 75 mg\/ml Magere MuskelmasseKraftzuwachs75\u2013150 mg jeden zweiten Tag Wie Parabolan Prime Pharmaceuticals wirkt Parabolan Prime Pharma ist ein synthetisches Steroid, das urspr\u00fcnglich f\u00fcr den veterin\u00e4rmedizinischen Gebrauch entwickelt wurde. Es wurde verwendet, um Pferde bei Wettk\u00e4mpfen schneller und st\u00e4rker zu machen. In den 1980er Jahren wurde entdeckt, dass es auch beim Menschen angewendet &#8230; <a title=\"Parabolan Prime 75mg\/ml\" class=\"read-more\" href=\"https:\/\/www.gainmode.to\/de\/produkt\/parabolan-prime-75mg-ml\/\" aria-label=\"Mehr Informationen \u00fcber Parabolan Prime 75mg\/ml\">Weiterlesen<\/a><\/p>\n","protected":false},"featured_media":453,"comment_status":"open","ping_status":"closed","template":"","meta":[],"product_brand":[80],"product_cat":[1063,2348],"product_tag":[2359,1804,2357,1487,1066,2349,2419,2418,2421,2361,2420,2355],"class_list":{"0":"post-2284","1":"product","2":"type-product","3":"status-publish","4":"has-post-thumbnail","6":"product_brand-prime-pharma","7":"product_cat-injektionen","8":"product_cat-parabolan-de","9":"product_tag-anabole-steroide","10":"product_tag-bodybuilding-de","11":"product_tag-injizierbare-steroide","12":"product_tag-leistungssteigerer","13":"product_tag-muskelwachstum","14":"product_tag-parabolan-de","15":"product_tag-parabolan-75mg-de","16":"product_tag-prime-labs-de","17":"product_tag-prime-parabolan-de","18":"product_tag-trenbolon","19":"product_tag-trenbolon-hex","20":"product_tag-trenbolon-hexahydrobenzylcarbonat","22":"first","23":"instock","24":"shipping-taxable","25":"purchasable","26":"product-type-simple"},"_links":{"self":[{"href":"https:\/\/www.gainmode.to\/de\/wp-json\/wp\/v2\/product\/2284","targetHints":{"allow":["GET"]}}],"collection":[{"href":"https:\/\/www.gainmode.to\/de\/wp-json\/wp\/v2\/product"}],"about":[{"href":"https:\/\/www.gainmode.to\/de\/wp-json\/wp\/v2\/types\/product"}],"replies":[{"embeddable":true,"href":"https:\/\/www.gainmode.to\/de\/wp-json\/wp\/v2\/comments?post=2284"}],"wp:featuredmedia":[{"embeddable":true,"href":"https:\/\/www.gainmode.to\/de\/wp-json\/wp\/v2\/media\/453"}],"wp:attachment":[{"href":"https:\/\/www.gainmode.to\/de\/wp-json\/wp\/v2\/media?parent=2284"}],"wp:term":[{"taxonomy":"product_brand","embeddable":true,"href":"https:\/\/www.gainmode.to\/de\/wp-json\/wp\/v2\/product_brand?post=2284"},{"taxonomy":"product_cat","embeddable":true,"href":"https:\/\/www.gainmode.to\/de\/wp-json\/wp\/v2\/product_cat?post=2284"},{"taxonomy":"product_tag","embeddable":true,"href":"https:\/\/www.gainmode.to\/de\/wp-json\/wp\/v2\/product_tag?post=2284"}],"curies":[{"name":"wp","href":"https:\/\/api.w.org\/{rel}","templated":true}]}}