{"id":2285,"date":"2025-06-25T18:28:10","date_gmt":"2025-06-25T18:28:10","guid":{"rendered":"https:\/\/www.gainmode.to\/product\/npp-unique-100-mg-ml\/"},"modified":"2025-06-25T18:28:10","modified_gmt":"2025-06-25T18:28:10","slug":"npp-unique-100-mg-ml","status":"publish","type":"product","link":"https:\/\/www.gainmode.to\/de\/produkt\/npp-unique-100-mg-ml\/","title":{"rendered":"NPP Unique 100 mg\/ml"},"content":{"rendered":"<p data-start=\"64\" data-end=\"94\"><strong data-start=\"64\" data-end=\"81\">Unique Pharma<\/strong><br data-start=\"81\" data-end=\"84\">100 mg \/ ml<\/p>\n<ul data-start=\"96\" data-end=\"284\">\n<li data-start=\"96\" data-end=\"116\">\n<p data-start=\"98\" data-end=\"116\">Massenzunahme<\/p>\n<\/li>\n<li data-start=\"117\" data-end=\"141\">\n<p data-start=\"119\" data-end=\"141\">Kraftzunahme<\/p>\n<\/li>\n<li data-start=\"142\" data-end=\"176\">\n<p data-start=\"144\" data-end=\"176\">Steigerung der Hormonproduktion<\/p>\n<\/li>\n<li data-start=\"177\" data-end=\"206\">\n<p data-start=\"179\" data-end=\"206\">Verhindert Muskelabbau<\/p>\n<\/li>\n<li data-start=\"207\" data-end=\"230\">\n<p data-start=\"209\" data-end=\"230\">Geringe Wassereinlagerung<\/p>\n<\/li>\n<li data-start=\"231\" data-end=\"262\">\n<p data-start=\"233\" data-end=\"262\">Kann bei hohen Dosen aromatisieren<\/p>\n<\/li>\n<li data-start=\"263\" data-end=\"284\">\n<p data-start=\"265\" data-end=\"284\">Halbwertszeit: 4 Tage<\/p>\n<\/li>\n<\/ul>\n<p data-start=\"286\" data-end=\"307\"><strong data-start=\"286\" data-end=\"307\">NPP Unique Pharma<\/strong><\/p>\n<p data-start=\"309\" data-end=\"534\">NPP Unique Pharma, auch bekannt als Nandrolon Phenylpropionat, ist ein anaboles Steroid, das Bodybuilder oft nur w\u00e4hrend einer Massephase verwenden. Es wird manchmal auch w\u00e4hrend Definitionsphasen eingesetzt, aber in der Regel nur in der Anfangsphase. <\/p>\n<p data-start=\"536\" data-end=\"796\">Zun\u00e4chst stimuliert NPP Unique Pharma die Stickstoffretention in den Muskeln. Dies ist entscheidend, da Stickstoff ein Baustein von Proteinen ist. Die Erh\u00f6hung der Stickstoffretention tr\u00e4gt dazu bei, eine positive Stickstoffbilanz zu f\u00f6rdern, was vorteilhaft f\u00fcr das Muskelwachstum ist.  <\/p>\n<p data-start=\"798\" data-end=\"935\">NPP f\u00f6rdert auch die Proteinsynthese. Eine verbesserte Proteinsynthese ist wichtig f\u00fcr den Aufbau und die Reparatur von Muskelgewebe nach dem Training. <\/p>\n<p data-start=\"937\" data-end=\"1094\">NPP ist auch bekannt f\u00fcr seine positiven Auswirkungen auf die Kollagensynthese. Diese Eigenschaft kann vorteilhaft f\u00fcr die Gelenk- und Sehnen Gesundheit sein, wodurch das Verletzungsrisiko reduziert wird. <\/p>\n<p data-start=\"1096\" data-end=\"1239\">Dar\u00fcber hinaus kann NPP helfen, Gelenkschmerzen zu reduzieren. Dies liegt daran, dass der K\u00f6rper zus\u00e4tzliche Fl\u00fcssigkeit einlagert, wodurch Sie bequemer und effektiver trainieren k\u00f6nnen. <\/p>\n<p data-start=\"1241\" data-end=\"1325\">NPP enth\u00e4lt einen relativ kurzen Ester, was es notwendig macht, alle zwei Tage zu injizieren.<\/p>\n<p data-start=\"1327\" data-end=\"1364\"><strong data-start=\"1327\" data-end=\"1364\">Nebenwirkungen von NPP Unique Pharma<\/strong><\/p>\n<p data-start=\"1366\" data-end=\"1580\">NPP Unique Pharma kann androgene Nebenwirkungen verursachen, die zu Akne und fettiger Haut f\u00fchren k\u00f6nnen. Bei schlechter Ern\u00e4hrung kann NPP die Wahrscheinlichkeit von Wassereinlagerungen erh\u00f6hen, was zu einem aufgebl\u00e4hten Aussehen und Gewichtszunahme f\u00fchren kann. <\/p>\n<p data-start=\"1582\" data-end=\"1613\"><strong data-start=\"1582\" data-end=\"1613\">Dosierung von NPP Unique Pharma<\/strong><\/p>\n<p data-start=\"1615\" data-end=\"1793\">Die Dosierung von Deca Unique Pharma variiert je nach K\u00f6rpergewicht des Benutzers. Die empfohlene Tagesdosis liegt zwischen 300 \u2013 600 mg, aufgeteilt auf drei bis vier Injektionen pro Woche. <\/p>\n","protected":false},"excerpt":{"rendered":"<p>Unique Pharma100 mg \/ ml Massenzunahme Kraftzunahme Steigerung der Hormonproduktion Verhindert Muskelabbau Geringe Wassereinlagerung Kann bei hohen Dosen aromatisieren Halbwertszeit: 4 Tage NPP Unique Pharma NPP Unique Pharma, auch bekannt als Nandrolon Phenylpropionat, ist ein anaboles Steroid, das Bodybuilder oft nur w\u00e4hrend einer Massephase verwenden. Es wird manchmal auch w\u00e4hrend Definitionsphasen eingesetzt, aber in der &#8230; <a title=\"NPP Unique 100 mg\/ml\" class=\"read-more\" href=\"https:\/\/www.gainmode.to\/de\/produkt\/npp-unique-100-mg-ml\/\" aria-label=\"Mehr Informationen \u00fcber NPP Unique 100 mg\/ml\">Weiterlesen<\/a><\/p>\n","protected":false},"featured_media":450,"comment_status":"open","ping_status":"closed","template":"","meta":[],"product_brand":[79],"product_cat":[1063,2422],"product_tag":[1070,2428,2427,1067,2423,2425,2424,2426,1065,2429],"class_list":{"0":"post-2285","1":"product","2":"type-product","3":"status-publish","4":"has-post-thumbnail","6":"product_brand-unique","7":"product_cat-injektionen","8":"product_cat-npp-de","9":"product_tag-bodybuilding-steroid-de","10":"product_tag-gelenkunterstutzung","11":"product_tag-injizierbares-npp","12":"product_tag-kraftsteigerung","13":"product_tag-muskelmasse","14":"product_tag-nandrolon-phenylpropionat","15":"product_tag-npp-de","16":"product_tag-npp-100-mg-ml-de","17":"product_tag-unique-pharma-de","18":"product_tag-unique-pharma-npp-de","20":"first","21":"instock","22":"shipping-taxable","23":"purchasable","24":"product-type-simple"},"_links":{"self":[{"href":"https:\/\/www.gainmode.to\/de\/wp-json\/wp\/v2\/product\/2285","targetHints":{"allow":["GET"]}}],"collection":[{"href":"https:\/\/www.gainmode.to\/de\/wp-json\/wp\/v2\/product"}],"about":[{"href":"https:\/\/www.gainmode.to\/de\/wp-json\/wp\/v2\/types\/product"}],"replies":[{"embeddable":true,"href":"https:\/\/www.gainmode.to\/de\/wp-json\/wp\/v2\/comments?post=2285"}],"wp:featuredmedia":[{"embeddable":true,"href":"https:\/\/www.gainmode.to\/de\/wp-json\/wp\/v2\/media\/450"}],"wp:attachment":[{"href":"https:\/\/www.gainmode.to\/de\/wp-json\/wp\/v2\/media?parent=2285"}],"wp:term":[{"taxonomy":"product_brand","embeddable":true,"href":"https:\/\/www.gainmode.to\/de\/wp-json\/wp\/v2\/product_brand?post=2285"},{"taxonomy":"product_cat","embeddable":true,"href":"https:\/\/www.gainmode.to\/de\/wp-json\/wp\/v2\/product_cat?post=2285"},{"taxonomy":"product_tag","embeddable":true,"href":"https:\/\/www.gainmode.to\/de\/wp-json\/wp\/v2\/product_tag?post=2285"}],"curies":[{"name":"wp","href":"https:\/\/api.w.org\/{rel}","templated":true}]}}