{"id":2305,"date":"2025-06-25T17:43:43","date_gmt":"2025-06-25T17:43:43","guid":{"rendered":"https:\/\/www.gainmode.to\/product\/melanotan-ii-novo-10-mg\/"},"modified":"2025-06-25T17:43:43","modified_gmt":"2025-06-25T17:43:43","slug":"melanotan-ii-novo-10-mg","status":"publish","type":"product","link":"https:\/\/www.gainmode.to\/de\/produkt\/melanotan-ii-novo-10-mg\/","title":{"rendered":"Melanotan II Novo 10 mg"},"content":{"rendered":"<h2 data-start=\"115\" data-end=\"176\"><strong data-start=\"118\" data-end=\"176\">Melanotan II Novo 10 mg (inkl. bakteriostatischem Wasser)<\/strong><\/h2>\n<hr data-start=\"178\" data-end=\"181\">\n<h3 data-start=\"183\" data-end=\"218\"><strong data-start=\"187\" data-end=\"218\">Wie Melanotan II Novo wirkt<\/strong><\/h3>\n<p data-start=\"220\" data-end=\"548\">Melanotan Novo ist ein synthetisches Peptid, das zur Stimulierung der <strong data-start=\"294\" data-end=\"305\">Melaninproduktion<\/strong> im K\u00f6rper eingesetzt wird. Melanin ist das Pigment, das f\u00fcr die Farbe von Haut, Augen und Haaren verantwortlich ist. Melanotan II ist vor allem f\u00fcr seine F\u00e4higkeit bekannt, den Hautton zu ver\u00e4ndern und eine Br\u00e4unungsreaktion zu f\u00f6rdern, indem es den Feuchtigkeits- und Fettgehalt beeinflusst, den Ihr K\u00f6rper speichert.  <\/p>\n<hr data-start=\"550\" data-end=\"553\">\n<h3 data-start=\"555\" data-end=\"596\"><strong data-start=\"559\" data-end=\"596\">Nebenwirkungen von Melanotan II Novo<\/strong><\/h3>\n<ul data-start=\"598\" data-end=\"672\">\n<li data-start=\"598\" data-end=\"621\">\n<p data-start=\"600\" data-end=\"621\">\u00dcbelkeit und Erbrechen<\/p>\n<\/li>\n<li data-start=\"622\" data-end=\"647\">\n<p data-start=\"624\" data-end=\"647\">Schwindel und M\u00fcdigkeit<\/p>\n<\/li>\n<li data-start=\"648\" data-end=\"672\">\n<p data-start=\"650\" data-end=\"672\">Dunkle Flecken auf der Haut<\/p>\n<\/li>\n<\/ul>\n<hr data-start=\"674\" data-end=\"677\">\n<h3 data-start=\"679\" data-end=\"714\"><strong data-start=\"683\" data-end=\"714\">Dosierung von Melanotan II Novo<\/strong><\/h3>\n<p data-start=\"716\" data-end=\"850\">Die Dosierung variiert je nach K\u00f6rpergewicht des Anwenders. Die empfohlene Dosis liegt zwischen <strong data-start=\"804\" data-end=\"849\">100 und 500 mcg pro Tag oder jeden zweiten Tag<\/strong>. <\/p>\n","protected":false},"excerpt":{"rendered":"<p>Melanotan II Novo 10 mg (inkl. bakteriostatischem Wasser) Wie Melanotan II Novo wirkt Melanotan Novo ist ein synthetisches Peptid, das zur Stimulierung der Melaninproduktion im K\u00f6rper eingesetzt wird. Melanin ist das Pigment, das f\u00fcr die Farbe von Haut, Augen und Haaren verantwortlich ist. Melanotan II ist vor allem f\u00fcr seine F\u00e4higkeit bekannt, den Hautton zu &#8230; <a title=\"Melanotan II Novo 10 mg\" class=\"read-more\" href=\"https:\/\/www.gainmode.to\/de\/produkt\/melanotan-ii-novo-10-mg\/\" aria-label=\"Mehr Informationen \u00fcber Melanotan II Novo 10 mg\">Weiterlesen<\/a><\/p>\n","protected":false},"featured_media":431,"comment_status":"open","ping_status":"closed","template":"","meta":[],"product_brand":[83],"product_cat":[2576,1196],"product_tag":[2582,2592,2584,2579,2578,2594,2588,2586,2577,1273,2590],"class_list":{"0":"post-2305","1":"product","2":"type-product","3":"status-publish","4":"has-post-thumbnail","6":"product_brand-novo","7":"product_cat-melanotan-ii","8":"product_cat-peptide","9":"product_tag-braunungspeptid","10":"product_tag-hautpigmentierung","11":"product_tag-hautverdunkelung","12":"product_tag-melanotan-10-mg-de","13":"product_tag-melanotan-ii-de","14":"product_tag-melanotan-ii-novo-de","15":"product_tag-melanotan-ii-peptid","16":"product_tag-melanotan-injektion","17":"product_tag-novo-de","18":"product_tag-peptid","19":"product_tag-sonnenlose-braunung","21":"first","22":"instock","23":"shipping-taxable","24":"purchasable","25":"product-type-simple"},"_links":{"self":[{"href":"https:\/\/www.gainmode.to\/de\/wp-json\/wp\/v2\/product\/2305","targetHints":{"allow":["GET"]}}],"collection":[{"href":"https:\/\/www.gainmode.to\/de\/wp-json\/wp\/v2\/product"}],"about":[{"href":"https:\/\/www.gainmode.to\/de\/wp-json\/wp\/v2\/types\/product"}],"replies":[{"embeddable":true,"href":"https:\/\/www.gainmode.to\/de\/wp-json\/wp\/v2\/comments?post=2305"}],"wp:featuredmedia":[{"embeddable":true,"href":"https:\/\/www.gainmode.to\/de\/wp-json\/wp\/v2\/media\/431"}],"wp:attachment":[{"href":"https:\/\/www.gainmode.to\/de\/wp-json\/wp\/v2\/media?parent=2305"}],"wp:term":[{"taxonomy":"product_brand","embeddable":true,"href":"https:\/\/www.gainmode.to\/de\/wp-json\/wp\/v2\/product_brand?post=2305"},{"taxonomy":"product_cat","embeddable":true,"href":"https:\/\/www.gainmode.to\/de\/wp-json\/wp\/v2\/product_cat?post=2305"},{"taxonomy":"product_tag","embeddable":true,"href":"https:\/\/www.gainmode.to\/de\/wp-json\/wp\/v2\/product_tag?post=2305"}],"curies":[{"name":"wp","href":"https:\/\/api.w.org\/{rel}","templated":true}]}}