{"id":2324,"date":"2025-06-25T17:21:47","date_gmt":"2025-06-25T17:21:47","guid":{"rendered":"https:\/\/www.gainmode.to\/product\/kamagra-40-x-100mg\/"},"modified":"2025-06-25T17:21:47","modified_gmt":"2025-06-25T17:21:47","slug":"kamagra-40-x-100mg","status":"publish","type":"product","link":"https:\/\/www.gainmode.to\/de\/produkt\/kamagra-40-x-100mg\/","title":{"rendered":"Kamagra 40 x 100mg"},"content":{"rendered":"<h3 data-start=\"67\" data-end=\"109\">Kamagra 100mg \u2013 10 Streifen (40 Tabletten)<\/h3>\n<p data-start=\"111\" data-end=\"367\"><strong data-start=\"111\" data-end=\"122\">Kamagra<\/strong> ist ein Medikament zur Behandlung von erektiler Dysfunktion. Der Wirkstoff ist <strong data-start=\"200\" data-end=\"222\">Sildenafilcitrat<\/strong>, derselbe wie in Viagra. Sildenafil hilft, die Blutgef\u00e4\u00dfe im Penis zu erweitern, wodurch die Durchblutung verbessert und eine Erektion leichter erreicht werden kann.  <\/p>\n<hr data-start=\"369\" data-end=\"372\">\n<h3 data-start=\"374\" data-end=\"400\">Wie wirkt Kamagra?<\/h3>\n<ul data-start=\"402\" data-end=\"652\">\n<li data-start=\"402\" data-end=\"474\">\n<p data-start=\"404\" data-end=\"474\"><strong data-start=\"404\" data-end=\"434\">Verbessert die Durchblutung<\/strong> des Penis durch Erweiterung der Blutgef\u00e4\u00dfe.<\/p>\n<\/li>\n<li data-start=\"475\" data-end=\"560\">\n<p data-start=\"477\" data-end=\"560\">Wirkt nur in Kombination mit <strong data-start=\"508\" data-end=\"530\">sexueller Stimulation<\/strong>; sexuelle Erregung ist notwendig.<\/p>\n<\/li>\n<li data-start=\"561\" data-end=\"652\">\n<p data-start=\"563\" data-end=\"652\">Hemmt ein Enzym (PDE5), das Erektionen reduziert, und erm\u00f6glicht so eine l\u00e4nger anhaltende Erektion.<\/p>\n<\/li>\n<\/ul>\n<hr data-start=\"654\" data-end=\"657\">\n<h3 data-start=\"659\" data-end=\"681\">Dauer und Anwendung<\/h3>\n<ul data-start=\"683\" data-end=\"912\">\n<li data-start=\"683\" data-end=\"735\">\n<p data-start=\"685\" data-end=\"735\">Beginnt innerhalb von <strong data-start=\"707\" data-end=\"721\">30 Minuten<\/strong> nach der Einnahme zu wirken.<\/p>\n<\/li>\n<li data-start=\"736\" data-end=\"769\">\n<p data-start=\"738\" data-end=\"769\">Spitzenwirkung nach etwa <strong data-start=\"757\" data-end=\"768\">2 Stunden<\/strong>.<\/p>\n<\/li>\n<li data-start=\"770\" data-end=\"854\">\n<p data-start=\"772\" data-end=\"854\">Die Wirkung h\u00e4lt durchschnittlich <strong data-start=\"796\" data-end=\"807\">4 Stunden<\/strong> an, was jedoch keine Dauererektion bedeutet.<\/p>\n<\/li>\n<li data-start=\"855\" data-end=\"912\">\n<p data-start=\"857\" data-end=\"912\">Nehmen Sie Kamagra etwa eine halbe Stunde vor sexueller Aktivit\u00e4t ein.<\/p>\n<\/li>\n<\/ul>\n<hr data-start=\"914\" data-end=\"917\">\n<h3 data-start=\"919\" data-end=\"935\">Nebenwirkungen<\/h3>\n<p data-start=\"937\" data-end=\"988\">Nebenwirkungen \u00e4hneln denen von Viagra und k\u00f6nnen umfassen:<\/p>\n<ul data-start=\"990\" data-end=\"1348\">\n<li data-start=\"990\" data-end=\"1014\">\n<p data-start=\"992\" data-end=\"1014\">Kopfschmerzen (am h\u00e4ufigsten)<\/p>\n<\/li>\n<li data-start=\"1015\" data-end=\"1026\">\n<p data-start=\"1017\" data-end=\"1026\">Schwindel<\/p>\n<\/li>\n<li data-start=\"1027\" data-end=\"1055\">\n<p data-start=\"1029\" data-end=\"1055\">\u00dcbelkeit, Erbrechen, Durchfall<\/p>\n<\/li>\n<li data-start=\"1056\" data-end=\"1069\">\n<p data-start=\"1058\" data-end=\"1069\">Muskelschmerzen<\/p>\n<\/li>\n<li data-start=\"1070\" data-end=\"1082\">\n<p data-start=\"1072\" data-end=\"1082\">Nasenbluten<\/p>\n<\/li>\n<li data-start=\"1083\" data-end=\"1159\">\n<p data-start=\"1085\" data-end=\"1159\">Ver\u00e4ndertes Farbsehen (Sehen anderer Farben oder Verlust der Farbwahrnehmung)<\/p>\n<\/li>\n<li data-start=\"1160\" data-end=\"1211\">\n<p data-start=\"1162\" data-end=\"1211\">Priapismus (schmerzhafte, mehrere Stunden anhaltende Erektion)<\/p>\n<\/li>\n<li data-start=\"1212\" data-end=\"1238\">\n<p data-start=\"1214\" data-end=\"1238\">H\u00f6rverlust oder Taubheit<\/p>\n<\/li>\n<li data-start=\"1239\" data-end=\"1283\">\n<p data-start=\"1241\" data-end=\"1283\">Verminderte Fruchtbarkeit oder dauerhafte Unfruchtbarkeit<\/p>\n<\/li>\n<li data-start=\"1284\" data-end=\"1308\">\n<p data-start=\"1286\" data-end=\"1308\">Herzrhythmusst\u00f6rungen<\/p>\n<\/li>\n<li data-start=\"1309\" data-end=\"1348\">\n<p data-start=\"1311\" data-end=\"1348\">Erh\u00f6htes Risiko f\u00fcr schweren Hautkrebs<\/p>\n<\/li>\n<\/ul>\n<p data-start=\"1350\" data-end=\"1465\"><strong data-start=\"1350\" data-end=\"1358\">Tipps<\/strong>: Essen Sie etwa eine Stunde vor der Einnahme des Medikaments etwas und trinken Sie ausreichend Wasser, um Kopfschmerzen zu reduzieren.<\/p>\n<hr data-start=\"1467\" data-end=\"1470\">\n<h3 data-start=\"1472\" data-end=\"1494\">Kamagra vs. Viagra<\/h3>\n<ul data-start=\"1496\" data-end=\"1862\">\n<li data-start=\"1496\" data-end=\"1564\">\n<p data-start=\"1498\" data-end=\"1564\">Beide enthalten <strong data-start=\"1511\" data-end=\"1525\">Sildenafil<\/strong> und werden bei erektiler Dysfunktion eingesetzt.<\/p>\n<\/li>\n<li data-start=\"1565\" data-end=\"1677\">\n<p data-start=\"1567\" data-end=\"1677\">Viagra hat in der Regel weniger und mildere Nebenwirkungen und ist im Allgemeinen die erste Wahl, die von \u00c4rzten verschrieben wird.<\/p>\n<\/li>\n<li data-start=\"1678\" data-end=\"1754\">\n<p data-start=\"1680\" data-end=\"1754\">Kamagra ist billiger, kann aber riskanter sein und wird selten von \u00c4rzten verschrieben.<\/p>\n<\/li>\n<li data-start=\"1755\" data-end=\"1862\">\n<p data-start=\"1757\" data-end=\"1862\">Verwenden Sie Kamagra nicht ohne \u00e4rztlichen Rat und vermeiden Sie die Kombination mit anderen Medikamenten ohne Genehmigung.<\/p>\n<\/li>\n<\/ul>\n<hr data-start=\"1864\" data-end=\"1867\">\n<h3 data-start=\"1869\" data-end=\"1882\">Wichtig<\/h3>\n<p data-start=\"1884\" data-end=\"2069\">Kamagra ist nur f\u00fcr M\u00e4nner mit erektiler Dysfunktion bestimmt und nicht ohne Rezept erh\u00e4ltlich. Verwenden Sie es verantwortungsvoll und konsultieren Sie einen Arzt, wenn Sie Zweifel haben oder andere Medikamente einnehmen. <\/p>\n","protected":false},"excerpt":{"rendered":"<p>Kamagra 100mg \u2013 10 Streifen (40 Tabletten) Kamagra ist ein Medikament zur Behandlung von erektiler Dysfunktion. Der Wirkstoff ist Sildenafilcitrat, derselbe wie in Viagra. Sildenafil hilft, die Blutgef\u00e4\u00dfe im Penis zu erweitern, wodurch die Durchblutung verbessert und eine Erektion leichter erreicht werden kann. Wie wirkt Kamagra? Verbessert die Durchblutung des Penis durch Erweiterung der Blutgef\u00e4\u00dfe. &#8230; <a title=\"Kamagra 40 x 100mg\" class=\"read-more\" href=\"https:\/\/www.gainmode.to\/de\/produkt\/kamagra-40-x-100mg\/\" aria-label=\"Mehr Informationen \u00fcber Kamagra 40 x 100mg\">Weiterlesen<\/a><\/p>\n","protected":false},"featured_media":419,"comment_status":"open","ping_status":"closed","template":"","meta":[],"product_brand":[81],"product_cat":[1730],"product_tag":[2657,1735,1734,1733,2705,2655,2711,2707,2708,2710,1732,1731],"class_list":{"0":"post-2324","1":"product","2":"type-product","3":"status-publish","4":"has-post-thumbnail","6":"product_brand-ananta-pharma","7":"product_cat-libido-de","8":"product_tag-ajanta-pharma-de","9":"product_tag-ed-behandlung","10":"product_tag-ed-tabletten-de","11":"product_tag-erektile-dysfunktion","12":"product_tag-kamagra-de","13":"product_tag-kamagra-100mg-de","14":"product_tag-kamagra-fur-manner","15":"product_tag-kamagra-packung-mit-40","16":"product_tag-kamagra-sildenafil-de","17":"product_tag-kamagra-tabletten-de","18":"product_tag-mannliche-verbesserung","19":"product_tag-sildenafilcitrat","21":"first","22":"instock","23":"shipping-taxable","24":"purchasable","25":"product-type-simple"},"_links":{"self":[{"href":"https:\/\/www.gainmode.to\/de\/wp-json\/wp\/v2\/product\/2324","targetHints":{"allow":["GET"]}}],"collection":[{"href":"https:\/\/www.gainmode.to\/de\/wp-json\/wp\/v2\/product"}],"about":[{"href":"https:\/\/www.gainmode.to\/de\/wp-json\/wp\/v2\/types\/product"}],"replies":[{"embeddable":true,"href":"https:\/\/www.gainmode.to\/de\/wp-json\/wp\/v2\/comments?post=2324"}],"wp:featuredmedia":[{"embeddable":true,"href":"https:\/\/www.gainmode.to\/de\/wp-json\/wp\/v2\/media\/419"}],"wp:attachment":[{"href":"https:\/\/www.gainmode.to\/de\/wp-json\/wp\/v2\/media?parent=2324"}],"wp:term":[{"taxonomy":"product_brand","embeddable":true,"href":"https:\/\/www.gainmode.to\/de\/wp-json\/wp\/v2\/product_brand?post=2324"},{"taxonomy":"product_cat","embeddable":true,"href":"https:\/\/www.gainmode.to\/de\/wp-json\/wp\/v2\/product_cat?post=2324"},{"taxonomy":"product_tag","embeddable":true,"href":"https:\/\/www.gainmode.to\/de\/wp-json\/wp\/v2\/product_tag?post=2324"}],"curies":[{"name":"wp","href":"https:\/\/api.w.org\/{rel}","templated":true}]}}