{"id":2326,"date":"2025-06-25T15:36:48","date_gmt":"2025-06-25T15:36:48","guid":{"rendered":"https:\/\/www.gainmode.to\/product\/dapoxetin-100-x-60-mg\/"},"modified":"2025-06-25T15:36:48","modified_gmt":"2025-06-25T15:36:48","slug":"dapoxetin-100-x-60-mg","status":"publish","type":"product","link":"https:\/\/www.gainmode.to\/de\/produkt\/dapoxetin-100-x-60-mg\/","title":{"rendered":"Dapoxetin 100 x 60 mg"},"content":{"rendered":"<h3 data-start=\"73\" data-end=\"107\">Dapoxetin 100 Tabletten zu 60 mg<\/h3>\n<p data-start=\"109\" data-end=\"557\">Dapoxetin 60 ist eine wirksame Behandlung bei vorzeitigem Samenerguss, geeignet f\u00fcr M\u00e4nner ab 18 Jahren. Mit dem Wirkstoff Dapoxetin erlangen Patienten eine bessere Kontrolle \u00fcber die Dauer des Geschlechtsverkehrs. Generische Dapoxetin-Medikamente werden von Zenit Pharmaceutical Industries Pvt. Ltd. unter klinischen Bedingungen nach hohen Qualit\u00e4tsstandards hergestellt, um ihre Sicherheit und Wirksamkeit zu gew\u00e4hrleisten und alle europ\u00e4ischen und FDA-Vorschriften zu erf\u00fcllen.   <\/p>\n<p data-start=\"559\" data-end=\"1066\">Dapoxetin geh\u00f6rt zur Klasse der selektiven Serotonin-Wiederaufnahmehemmer (SSRIs). Es ist das einzige Medikament mit offizieller Zulassung zur Behandlung von vorzeitigem Samenerguss. Sein Wirkmechanismus soll die Hemmung der neuronalen Serotonin-Wiederaufnahme umfassen, wodurch die Neurotransmitteraktivit\u00e4t verst\u00e4rkt wird. Generisches Dapoxetin unterdr\u00fcckt den Ejakulationsreflex, indem es auf supraspinaler Ebene im lateralen paragigantozellul\u00e4ren Kern (LPGi) wirkt. Dieses Medikament kann die Zeit zwischen sexueller Erregung und H\u00f6hepunkt verl\u00e4ngern.    <\/p>\n<p data-start=\"1068\" data-end=\"1159\">F\u00fcr detailliertere Informationen zur Wirkungsweise des Medikaments lesen Sie bitte den Abschnitt \u201eWirkungsweise\u201c.<\/p>\n<hr data-start=\"1161\" data-end=\"1164\">\n<h3 data-start=\"1166\" data-end=\"1178\">Vorteile<\/h3>\n<p data-start=\"1180\" data-end=\"1468\">Der Hauptvorteil von Dapoxetin 60 mg Tabletten ist ein verl\u00e4ngerter Geschlechtsverkehr ohne vorzeitigen Samenerguss. Klinische Studien zeigten, dass sich der Geschlechtsverkehr und die Zeit bis zum H\u00f6hepunkt verdreifachten, wenn Patienten das Medikament einnahmen. Gleichzeitig war die Ejakulation besser kontrollierbar.  <\/p>\n<p data-start=\"1470\" data-end=\"1512\">Zus\u00e4tzliche Vorteile von Dapoxetin sind:<\/p>\n<ul data-start=\"1514\" data-end=\"1688\">\n<li data-start=\"1514\" data-end=\"1544\">\n<p data-start=\"1516\" data-end=\"1544\">Verl\u00e4ngerter Geschlechtsverkehr<\/p>\n<\/li>\n<li data-start=\"1545\" data-end=\"1584\">\n<p data-start=\"1547\" data-end=\"1584\">Schneller Wirkungseintritt (30-60 Minuten)<\/p>\n<\/li>\n<li data-start=\"1585\" data-end=\"1635\">\n<p data-start=\"1587\" data-end=\"1635\">Langes wirksames Behandlungsfenster (bis zu 12 Stunden)<\/p>\n<\/li>\n<li data-start=\"1636\" data-end=\"1688\">\n<p data-start=\"1638\" data-end=\"1688\">Niedrigerer Preis im Vergleich zur Originalmarke Priligy<\/p>\n<\/li>\n<\/ul>\n<p data-start=\"1690\" data-end=\"1850\">W\u00e4hlen Sie Ihre bevorzugte Verpackung und kaufen Sie g\u00fcnstige generische Dapoxetin 60 Tabletten online zum besten Preis in den Niederlanden mit Rabatt, ohne Rezept.<\/p>\n<hr data-start=\"1852\" data-end=\"1855\">\n<h3 data-start=\"1857\" data-end=\"1873\">Nebenwirkungen<\/h3>\n<p data-start=\"1875\" data-end=\"2033\">Neben den gew\u00fcnschten Wirkungen kann Dapoxetin 60 mg einige unerw\u00fcnschte Nebenwirkungen verursachen. Nicht alle Nebenwirkungen m\u00fcssen auftreten, aber einige k\u00f6nnen medizinische Aufmerksamkeit erfordern. <\/p>\n<p data-start=\"2035\" data-end=\"2074\">H\u00e4ufig berichtete Nebenwirkungen sind:<\/p>\n<ul data-start=\"2076\" data-end=\"2167\">\n<li data-start=\"2076\" data-end=\"2086\">\n<p data-start=\"2078\" data-end=\"2086\">Kopfschmerzen<\/p>\n<\/li>\n<li data-start=\"2087\" data-end=\"2097\">\n<p data-start=\"2089\" data-end=\"2097\">Hitzewallungen<\/p>\n<\/li>\n<li data-start=\"2098\" data-end=\"2106\">\n<p data-start=\"2100\" data-end=\"2106\">\u00dcbelkeit<\/p>\n<\/li>\n<li data-start=\"2107\" data-end=\"2118\">\n<p data-start=\"2109\" data-end=\"2118\">Schwindel<\/p>\n<\/li>\n<li data-start=\"2119\" data-end=\"2129\">\n<p data-start=\"2121\" data-end=\"2129\">Durchfall<\/p>\n<\/li>\n<li data-start=\"2130\" data-end=\"2140\">\n<p data-start=\"2132\" data-end=\"2140\">Erbrechen<\/p>\n<\/li>\n<li data-start=\"2141\" data-end=\"2167\">\n<p data-start=\"2143\" data-end=\"2167\">Erh\u00f6hter Blutdruck<\/p>\n<\/li>\n<\/ul>\n<p data-start=\"2169\" data-end=\"2249\">F\u00fcr eine vollst\u00e4ndige Liste der Nebenwirkungen lesen Sie bitte den Abschnitt \u201eNebenwirkungen\u201c.<\/p>\n<hr data-start=\"2251\" data-end=\"2254\">\n<h3 data-start=\"2256\" data-end=\"2286\">Einnahme des Medikaments<\/h3>\n<p data-start=\"2288\" data-end=\"2609\">Beachten Sie die maximale Tagesdosis des Wirkstoffs: eine Tablette pro Tag. Es wird empfohlen, die Tabletten mit mindestens einem vollen Glas Wasser einzunehmen. Nehmen Sie das Medikament etwa eine halbe Stunde vor der sexuellen Aktivit\u00e4t ein. Da es kein Aphrodisiakum ist, ist sexuelle Stimulation notwendig, damit die Wirkung eintritt.   <\/p>\n<p data-start=\"2611\" data-end=\"2677\">Bitte lesen Sie sorgf\u00e4ltig, um die besten Ergebnisse aus Ihrer Behandlung zu erzielen:<\/p>\n<ul data-start=\"2679\" data-end=\"2865\">\n<li data-start=\"2679\" data-end=\"2720\">\n<p data-start=\"2681\" data-end=\"2720\">Die empfohlene Anfangsdosis betr\u00e4gt 30 mg.<\/p>\n<\/li>\n<li data-start=\"2721\" data-end=\"2786\">\n<p data-start=\"2723\" data-end=\"2786\">Sie sollten die Tablette 1 bis 3 Stunden vor der sexuellen Aktivit\u00e4t einnehmen.<\/p>\n<\/li>\n<li data-start=\"2787\" data-end=\"2865\">\n<p data-start=\"2789\" data-end=\"2865\">Die sichere empfohlene Dosis von Dapoxetin innerhalb von 24 Stunden betr\u00e4gt 60 mg (1 Tablette).<\/p>\n<\/li>\n<\/ul>\n<p data-start=\"2867\" data-end=\"3131\">Die Kombination von Alkohol mit Dapoxetin kann neurokognitive Nebenwirkungen verst\u00e4rken und unerw\u00fcnschte Wirkungen wie Ohnmacht (Synkope) verschlimmern. Daher wird Patienten geraten, w\u00e4hrend der Einnahme von Dapoxetin 60 mg Alkohol zu meiden. Es besteht das Risiko einer \u00dcberdosierung oder verst\u00e4rkter Nebenwirkungen.  <\/p>\n","protected":false},"excerpt":{"rendered":"<p>Dapoxetin 100 Tabletten zu 60 mg Dapoxetin 60 ist eine wirksame Behandlung bei vorzeitigem Samenerguss, geeignet f\u00fcr M\u00e4nner ab 18 Jahren. Mit dem Wirkstoff Dapoxetin erlangen Patienten eine bessere Kontrolle \u00fcber die Dauer des Geschlechtsverkehrs. Generische Dapoxetin-Medikamente werden von Zenit Pharmaceutical Industries Pvt. Ltd. unter klinischen Bedingungen nach hohen Qualit\u00e4tsstandards hergestellt, um ihre Sicherheit und &#8230; <a title=\"Dapoxetin 100 x 60 mg\" class=\"read-more\" href=\"https:\/\/www.gainmode.to\/de\/produkt\/dapoxetin-100-x-60-mg\/\" aria-label=\"Mehr Informationen \u00fcber Dapoxetin 100 x 60 mg\">Weiterlesen<\/a><\/p>\n","protected":false},"featured_media":415,"comment_status":"open","ping_status":"closed","template":"","meta":[],"product_brand":[92],"product_cat":[1813,1730],"product_tag":[2657,2729,2721,2725,2731,2730,2727,2654,2732,1732,2728,2723],"class_list":{"0":"post-2326","1":"product","2":"type-product","3":"status-publish","4":"has-post-thumbnail","6":"product_brand-careclub","7":"product_cat-apotheke","8":"product_cat-libido-de","9":"product_tag-ajanta-pharma-de","10":"product_tag-bedarfsbehandlung","11":"product_tag-dapoxetin","12":"product_tag-dapoxetin-60-mg","13":"product_tag-dapoxetin-fur-manner","14":"product_tag-dapoxetin-packung-mit-100","15":"product_tag-dapoxetin-tabletten","16":"product_tag-ed-medikament","17":"product_tag-generisches-dapoxetin","18":"product_tag-mannliche-verbesserung","19":"product_tag-sexuelles-wohlbefinden","20":"product_tag-vorzeitiger-samenerguss","22":"first","23":"instock","24":"shipping-taxable","25":"purchasable","26":"product-type-simple"},"_links":{"self":[{"href":"https:\/\/www.gainmode.to\/de\/wp-json\/wp\/v2\/product\/2326","targetHints":{"allow":["GET"]}}],"collection":[{"href":"https:\/\/www.gainmode.to\/de\/wp-json\/wp\/v2\/product"}],"about":[{"href":"https:\/\/www.gainmode.to\/de\/wp-json\/wp\/v2\/types\/product"}],"replies":[{"embeddable":true,"href":"https:\/\/www.gainmode.to\/de\/wp-json\/wp\/v2\/comments?post=2326"}],"wp:featuredmedia":[{"embeddable":true,"href":"https:\/\/www.gainmode.to\/de\/wp-json\/wp\/v2\/media\/415"}],"wp:attachment":[{"href":"https:\/\/www.gainmode.to\/de\/wp-json\/wp\/v2\/media?parent=2326"}],"wp:term":[{"taxonomy":"product_brand","embeddable":true,"href":"https:\/\/www.gainmode.to\/de\/wp-json\/wp\/v2\/product_brand?post=2326"},{"taxonomy":"product_cat","embeddable":true,"href":"https:\/\/www.gainmode.to\/de\/wp-json\/wp\/v2\/product_cat?post=2326"},{"taxonomy":"product_tag","embeddable":true,"href":"https:\/\/www.gainmode.to\/de\/wp-json\/wp\/v2\/product_tag?post=2326"}],"curies":[{"name":"wp","href":"https:\/\/api.w.org\/{rel}","templated":true}]}}