{"id":2334,"date":"2025-06-25T15:23:12","date_gmt":"2025-06-25T15:23:12","guid":{"rendered":"https:\/\/www.gainmode.to\/product\/cobra-50-x-120mg\/"},"modified":"2025-06-25T15:23:12","modified_gmt":"2025-06-25T15:23:12","slug":"cobra-50-x-120mg","status":"publish","type":"product","link":"https:\/\/www.gainmode.to\/de\/produkt\/cobra-50-x-120mg\/","title":{"rendered":"Cobra 50 x 120mg"},"content":{"rendered":"<h1>Cobra<\/h1>\n<p>10 Streifen \u00e0 5 Tabletten (50 St\u00fcck)<\/p>\n<p>Cobra Sildenafil Citrate Tabletten 120mg ist die beliebteste, erfolgreichste und am weitesten verbreitete Behandlung f\u00fcr erektile Dysfunktion. Cobra wird nach h\u00f6chsten Qualit\u00e4tsstandards hergestellt, um Sicherheit und Wirksamkeit zu gew\u00e4hrleisten. Patienten, die Cobra regelm\u00e4\u00dfig anwenden, berichten von erfolgreichem Geschlechtsverkehr und setzen die Behandlung im Allgemeinen fort. Die effektive Behandlungszeit von Cobra betr\u00e4gt 4\u20136 Stunden, viele \u00c4rzte berichten jedoch von l\u00e4ngeren effektiven Zeiten.   <\/p>\n<p>Der Wirkstoff von Cobra ist Sildenafilcitrat. Es geh\u00f6rt zur PDE-5-Familie der Vasodilatatoren. Diese Medikamente wirken, indem sie die Blutgef\u00e4\u00dfe im K\u00f6rper erweitern \u2013 insbesondere im Genitalbereich. Dies erm\u00f6glicht einen st\u00e4rkeren Blutfluss, um eine Erektion zu erm\u00f6glichen. Sildenafilcitrat ist heute eine der Standardbehandlungen f\u00fcr erektile Dysfunktion.    <\/p>\n<p>Cobra ist kein Aphrodisiakum und eine Stimulation ist erforderlich, um eine Erektion zu entwickeln.<\/p>\n","protected":false},"excerpt":{"rendered":"<p>Cobra 10 Streifen \u00e0 5 Tabletten (50 St\u00fcck) Cobra Sildenafil Citrate Tabletten 120mg ist die beliebteste, erfolgreichste und am weitesten verbreitete Behandlung f\u00fcr erektile Dysfunktion. Cobra wird nach h\u00f6chsten Qualit\u00e4tsstandards hergestellt, um Sicherheit und Wirksamkeit zu gew\u00e4hrleisten. Patienten, die Cobra regelm\u00e4\u00dfig anwenden, berichten von erfolgreichem Geschlechtsverkehr und setzen die Behandlung im Allgemeinen fort. Die effektive &#8230; <a title=\"Cobra 50 x 120mg\" class=\"read-more\" href=\"https:\/\/www.gainmode.to\/de\/produkt\/cobra-50-x-120mg\/\" aria-label=\"Mehr Informationen \u00fcber Cobra 50 x 120mg\">Weiterlesen<\/a><\/p>\n","protected":false},"featured_media":411,"comment_status":"open","ping_status":"closed","template":"","meta":[],"product_brand":[91],"product_cat":[1730],"product_tag":[2789,2795,2794,2791,2793,1734,1733,1732,2792,1731],"class_list":{"0":"post-2334","1":"product","2":"type-product","3":"status-publish","4":"has-post-thumbnail","6":"product_brand-hab-pharmaceuticals","7":"product_cat-libido-de","8":"product_tag-cobra-120mg-de","9":"product_tag-cobra-120mg-blau","10":"product_tag-cobra-blaue-tablette","11":"product_tag-cobra-packung-mit-50-stuck","12":"product_tag-cobra-sildenafil-de","13":"product_tag-ed-tabletten-de","14":"product_tag-erektile-dysfunktion","15":"product_tag-mannliche-verbesserung","16":"product_tag-sildenafil-120mg-de","17":"product_tag-sildenafilcitrat","19":"first","20":"instock","21":"shipping-taxable","22":"purchasable","23":"product-type-simple"},"_links":{"self":[{"href":"https:\/\/www.gainmode.to\/de\/wp-json\/wp\/v2\/product\/2334","targetHints":{"allow":["GET"]}}],"collection":[{"href":"https:\/\/www.gainmode.to\/de\/wp-json\/wp\/v2\/product"}],"about":[{"href":"https:\/\/www.gainmode.to\/de\/wp-json\/wp\/v2\/types\/product"}],"replies":[{"embeddable":true,"href":"https:\/\/www.gainmode.to\/de\/wp-json\/wp\/v2\/comments?post=2334"}],"wp:featuredmedia":[{"embeddable":true,"href":"https:\/\/www.gainmode.to\/de\/wp-json\/wp\/v2\/media\/411"}],"wp:attachment":[{"href":"https:\/\/www.gainmode.to\/de\/wp-json\/wp\/v2\/media?parent=2334"}],"wp:term":[{"taxonomy":"product_brand","embeddable":true,"href":"https:\/\/www.gainmode.to\/de\/wp-json\/wp\/v2\/product_brand?post=2334"},{"taxonomy":"product_cat","embeddable":true,"href":"https:\/\/www.gainmode.to\/de\/wp-json\/wp\/v2\/product_cat?post=2334"},{"taxonomy":"product_tag","embeddable":true,"href":"https:\/\/www.gainmode.to\/de\/wp-json\/wp\/v2\/product_tag?post=2334"}],"curies":[{"name":"wp","href":"https:\/\/api.w.org\/{rel}","templated":true}]}}