{"id":2403,"date":"2025-06-27T14:40:45","date_gmt":"2025-06-27T14:40:45","guid":{"rendered":"https:\/\/www.gainmode.to\/product\/telmisartan-actavis-28x80mg\/"},"modified":"2025-06-27T14:40:45","modified_gmt":"2025-06-27T14:40:45","slug":"telmisartan-actavis-28x80mg","status":"publish","type":"product","link":"https:\/\/www.gainmode.to\/de\/produkt\/telmisartan-actavis-28x80mg\/","title":{"rendered":"Telmisartan actavis 28x80mg"},"content":{"rendered":"<ul>\n<li>\n<p data-start=\"89\" data-end=\"371\"><strong data-start=\"89\" data-end=\"163\">Telmisartan senkt den Blutdruck. Es wird bei hohem Blutdruck eingesetzt. <\/strong><br data-start=\"163\" data-end=\"166\">Die Wirkung baut sich allm\u00e4hlich \u00fcber 4 bis 8 Wochen auf. Nach diesem Zeitraum kann gemessen werden, wie stark Ihr Blutdruck gesunken ist.<br data-start=\"295\" data-end=\"298\">Durch die t\u00e4gliche Einnahme reduzieren Sie das Risiko f\u00fcr Herz- und Gef\u00e4\u00dferkrankungen. <\/p>\n<p data-start=\"373\" data-end=\"590\">In den ersten Wochen k\u00f6nnen Sie beim Aufstehen Schwindel versp\u00fcren. Nehmen Sie das Medikament aus diesem Grund in den ersten Tagen abends im Sitzen auf Ihrem Bett ein. So k\u00f6nnen Sie sich hinlegen, falls Ihnen schwindelig wird.  <\/p>\n<p data-start=\"592\" data-end=\"812\">Es gibt einige wichtige Wechselwirkungen mit anderen Medikamenten. Fragen Sie Ihren Apotheker, ob Sie Telmisartan sicher mit Ihren anderen Medikamenten, einschlie\u00dflich rezeptfreier Medikamente, anwenden k\u00f6nnen. <br data-start=\"774\" data-end=\"777\"><strong data-start=\"777\" data-end=\"812\">Nicht anwenden, wenn Sie schwanger sind.<\/strong><\/p>\n<p data-start=\"814\" data-end=\"948\">Telmisartan geh\u00f6rt zur Gruppe der Angiotensin-II-Blocker. Es senkt den Blutdruck.<br data-start=\"900\" data-end=\"903\">\u00c4rzte verschreiben es bei hohem Blutdruck. <\/p>\n<hr data-start=\"950\" data-end=\"953\">\n<p data-start=\"955\" data-end=\"1060\"><strong data-start=\"955\" data-end=\"1027\">Neben der beabsichtigten Wirkung kann dieses Medikament Nebenwirkungen verursachen.<\/strong><br data-start=\"1027\" data-end=\"1030\">Die Hauptnebenwirkungen sind:<\/p>\n<p data-start=\"1062\" data-end=\"1104\"><strong data-start=\"1062\" data-end=\"1104\">Sehr selten (weniger als 1 von 100 Personen):<\/strong><\/p>\n<ul data-start=\"1106\" data-end=\"2572\">\n<li data-start=\"1106\" data-end=\"1168\">\n<p data-start=\"1108\" data-end=\"1168\">Schwindel, insbesondere beim Aufstehen aus dem Bett oder von einem Stuhl<\/p>\n<\/li>\n<li data-start=\"1169\" data-end=\"1264\">\n<p data-start=\"1171\" data-end=\"1264\">Magen-Darm-Beschwerden, wie Bauchschmerzen, Durchfall, Bl\u00e4hungen, Erbrechen und \u00dcbelkeit<\/p>\n<\/li>\n<li data-start=\"1265\" data-end=\"1286\">\n<p data-start=\"1267\" data-end=\"1286\">M\u00fcdigkeit, Schw\u00e4che<\/p>\n<\/li>\n<li data-start=\"1287\" data-end=\"1329\">\n<p data-start=\"1289\" data-end=\"1329\">Erh\u00f6hte Kaliumspiegel im Blut<\/p>\n<\/li>\n<li data-start=\"1330\" data-end=\"1492\">\n<p data-start=\"1332\" data-end=\"1492\">Grippe\u00e4hnliche Symptome wie Husten, Schnupfen, Halsschmerzen, Kurzatmigkeit, Schwitzen, Lungenentz\u00fcndung. Suchen Sie einen Arzt auf bei schwerer Atemnot <\/p>\n<\/li>\n<li data-start=\"1493\" data-end=\"1533\">\n<p data-start=\"1495\" data-end=\"1533\">Schl\u00e4frigkeit, Schlaflosigkeit und Depressionen<\/p>\n<\/li>\n<li data-start=\"1534\" data-end=\"1565\">\n<p data-start=\"1536\" data-end=\"1565\">Mundtrockenheit und Geschmacksver\u00e4nderungen<\/p>\n<\/li>\n<li data-start=\"1566\" data-end=\"1584\">\n<p data-start=\"1568\" data-end=\"1584\">Verschwommenes Sehen<\/p>\n<\/li>\n<li data-start=\"1585\" data-end=\"1627\">\n<p data-start=\"1587\" data-end=\"1627\">Muskelschmerzen, Gelenkschmerzen und R\u00fcckenschmerzen<\/p>\n<\/li>\n<li data-start=\"1628\" data-end=\"1740\">\n<p data-start=\"1630\" data-end=\"1740\">Hautausschlag, Juckreiz und Nesselsucht. Wenn Sie Psoriasis haben, k\u00f6nnen sich die Symptome verschlimmern \u2013 konsultieren Sie Ihren Arzt, falls dies auftritt <\/p>\n<\/li>\n<li data-start=\"1741\" data-end=\"1788\">\n<p data-start=\"1743\" data-end=\"1788\">Eingeschr\u00e4nkte Nierenfunktion nach l\u00e4ngerer Anwendung<\/p>\n<\/li>\n<li data-start=\"1789\" data-end=\"1999\">\n<p data-start=\"1791\" data-end=\"1999\">Ver\u00e4nderte Leberfunktion und Blutbildst\u00f6rungen. Kontaktieren Sie sofort einen Arzt bei starken Oberbauchschmerzen, Gelbsucht, unerkl\u00e4rlichen Bluterg\u00fcssen, extremer M\u00fcdigkeit oder Halsschmerzen mit Fieber und Mundbl\u00e4schen <\/p>\n<\/li>\n<li data-start=\"2000\" data-end=\"2218\">\n<p data-start=\"2002\" data-end=\"2218\">\u00dcberempfindlichkeit gegen\u00fcber dem Medikament, die sich als Hautausschlag und Juckreiz \u00e4u\u00dfern kann. Es kann auch Angio\u00f6deme verursachen: Schwellungen im Gesicht, an Lippen, Mund, Zunge oder Rachen, die potenziell zu schwerer Atemnot f\u00fchren k\u00f6nnen <\/p>\n<\/li>\n<li data-start=\"2219\" data-end=\"2420\">\n<p data-start=\"2221\" data-end=\"2420\">Ein zu starker Abfall Ihres Blutzuckers (eine \u201eHypo\u201c oder Hypoglyk\u00e4mie). Symptome sind Hunger, Stimmungsschwankungen, Verwirrung, Kopfschmerzen, M\u00fcdigkeit, Schwindel, blasses Gesicht, verschwommenes Sehen, Zittern und Schwitzen <\/p>\n<\/li>\n<li data-start=\"2421\" data-end=\"2572\">\n<p data-start=\"2423\" data-end=\"2572\">Schneller kalte H\u00e4nde und F\u00fc\u00dfe als gew\u00f6hnlich, insbesondere bei Personen mit Raynaud-Krankheit, die verst\u00e4rkte Symptome in ihren Fingern und Zehen bemerken k\u00f6nnen<\/p>\n<\/li>\n<\/ul>\n<hr data-start=\"2574\" data-end=\"2577\">\n<p data-start=\"2579\" data-end=\"2846\"><strong data-start=\"2579\" data-end=\"2599\">Wann einzunehmen:<\/strong><br data-start=\"2599\" data-end=\"2602\">Sie k\u00f6nnen dieses Medikament zu jeder Tageszeit einnehmen. W\u00e4hlen Sie eine feste Zeit \u2013 vorzugsweise morgens zum Fr\u00fchst\u00fcck \u2013, um das Vergessen einer Dosis zu vermeiden.<br data-start=\"2743\" data-end=\"2746\">Wenn Sie zu Beginn Schwindel versp\u00fcren, kann es besser sein, es abends vor dem Schlafengehen einzunehmen. <\/p>\n<p data-start=\"2848\" data-end=\"2997\"><strong data-start=\"2848\" data-end=\"2861\">Dauer:<\/strong><br data-start=\"2861\" data-end=\"2864\">Die Behandlung von hohem Blutdruck ist in der Regel langfristig. Wenn dieses Medikament bei Ihnen gut wirkt, werden Sie es wahrscheinlich lebenslang einnehmen m\u00fcssen. <\/p>\n<\/li>\n<\/ul>\n","protected":false},"excerpt":{"rendered":"<p>Telmisartan senkt den Blutdruck. Es wird bei hohem Blutdruck eingesetzt. Die Wirkung baut sich allm\u00e4hlich \u00fcber 4 bis 8 Wochen auf. Nach diesem Zeitraum kann gemessen werden, wie stark Ihr Blutdruck gesunken ist.Durch die t\u00e4gliche Einnahme reduzieren Sie das Risiko f\u00fcr Herz- und Gef\u00e4\u00dferkrankungen. In den ersten Wochen k\u00f6nnen Sie beim Aufstehen Schwindel versp\u00fcren. Nehmen &#8230; <a title=\"Telmisartan actavis 28x80mg\" class=\"read-more\" href=\"https:\/\/www.gainmode.to\/de\/produkt\/telmisartan-actavis-28x80mg\/\" aria-label=\"Mehr Informationen \u00fcber Telmisartan actavis 28x80mg\">Weiterlesen<\/a><\/p>\n","protected":false},"featured_media":619,"comment_status":"open","ping_status":"closed","template":"","meta":[],"product_brand":[84],"product_cat":[1813,875],"product_tag":[3682,3684,3667,3680,3666,3676,3678,3674,3686,3688,3670,3672],"class_list":{"0":"post-2403","1":"product","2":"type-product","3":"status-publish","4":"has-post-thumbnail","6":"product_brand-actavis","7":"product_cat-apotheke","8":"product_cat-nicht-kategorisiert","9":"product_tag-actavis-telmisartan-tabletten","10":"product_tag-bester-preis-telmisartan-actavis","11":"product_tag-telmisartan-28-tabletten","12":"product_tag-telmisartan-actavis-2025-de","13":"product_tag-telmisartan-actavis-80mg-de","14":"product_tag-telmisartan-actavis-80mg-dosierung","15":"product_tag-telmisartan-actavis-apotheke","16":"product_tag-telmisartan-actavis-blutdruck","17":"product_tag-telmisartan-actavis-herzgesundheit","18":"product_tag-telmisartan-actavis-medikament","19":"product_tag-telmisartan-actavis-online-kaufen","20":"product_tag-telmisartan-bei-bluthochdruck","22":"first","23":"instock","24":"shipping-taxable","25":"purchasable","26":"product-type-simple"},"_links":{"self":[{"href":"https:\/\/www.gainmode.to\/de\/wp-json\/wp\/v2\/product\/2403","targetHints":{"allow":["GET"]}}],"collection":[{"href":"https:\/\/www.gainmode.to\/de\/wp-json\/wp\/v2\/product"}],"about":[{"href":"https:\/\/www.gainmode.to\/de\/wp-json\/wp\/v2\/types\/product"}],"replies":[{"embeddable":true,"href":"https:\/\/www.gainmode.to\/de\/wp-json\/wp\/v2\/comments?post=2403"}],"wp:featuredmedia":[{"embeddable":true,"href":"https:\/\/www.gainmode.to\/de\/wp-json\/wp\/v2\/media\/619"}],"wp:attachment":[{"href":"https:\/\/www.gainmode.to\/de\/wp-json\/wp\/v2\/media?parent=2403"}],"wp:term":[{"taxonomy":"product_brand","embeddable":true,"href":"https:\/\/www.gainmode.to\/de\/wp-json\/wp\/v2\/product_brand?post=2403"},{"taxonomy":"product_cat","embeddable":true,"href":"https:\/\/www.gainmode.to\/de\/wp-json\/wp\/v2\/product_cat?post=2403"},{"taxonomy":"product_tag","embeddable":true,"href":"https:\/\/www.gainmode.to\/de\/wp-json\/wp\/v2\/product_tag?post=2403"}],"curies":[{"name":"wp","href":"https:\/\/api.w.org\/{rel}","templated":true}]}}