{"id":2440,"date":"2025-06-27T13:36:05","date_gmt":"2025-06-27T13:36:05","guid":{"rendered":"https:\/\/www.gainmode.to\/product\/t3-prime-100x25mcg\/"},"modified":"2025-06-27T13:36:05","modified_gmt":"2025-06-27T13:36:05","slug":"t3-prime-100x25mcg","status":"publish","type":"product","link":"https:\/\/www.gainmode.to\/de\/produkt\/t3-prime-100x25mcg\/","title":{"rendered":"T3 Prime 100x25mcg"},"content":{"rendered":"<h2><b>Was ist T3?<\/b><\/h2>\n<p>T3, auch bekannt als Liothyronin, ist ein synthetisches Schilddr\u00fcsenhormon, das oft zur F\u00f6rderung des Fettabbaus eingesetzt wird. Es erh\u00f6ht den Stoffwechsel und hilft so, Kalorien schneller zu verbrennen. Dies macht den <strong>Kauf von T3<\/strong> zu einer idealen Wahl f\u00fcr Sportler, die Fett verlieren m\u00f6chten, ohne Muskelmasse einzub\u00fc\u00dfen.  <\/p>\n<h2><b>Wie wirkt T3 Prime Pharma?<\/b><\/h2>\n<p><strong>T3-Anabolika<\/strong> stimulieren die Schilddr\u00fcse, um den Stoffwechsel zu erh\u00f6hen. Dies beschleunigt den Fettabbau und steigert das Energieniveau, wodurch es ideal f\u00fcr die Anwendung w\u00e4hrend eines Definitionszyklus ist. Es unterst\u00fctzt auch die schlanke Muskelmasse, was w\u00e4hrend einer kalorienreduzierten Di\u00e4t unerl\u00e4sslich ist.  <\/p>\n<h2><b>Nebenwirkungen eines T3-Zyklus<\/b><\/h2>\n<p>Obwohl der <strong>Einsatz von T3 zur Gewichtsabnahme<\/strong> eine effektive Strategie ist, k\u00f6nnen bei unsachgem\u00e4\u00dfer Anwendung Nebenwirkungen auftreten, wie zum Beispiel: <\/p>\n<ul>\n<li>Herzklopfen.<\/li>\n<li>\u00dcberm\u00e4\u00dfiges Schwitzen.<\/li>\n<li>Schilddr\u00fcsenunterdr\u00fcckung bei l\u00e4ngerer Anwendung.<\/li>\n<\/ul>\n<p>Eine richtige Dosierung und schrittweises Ausschleichen minimieren das Risiko von Nebenwirkungen.<\/p>\n<h2><b>Dosierung von T3<\/b><\/h2>\n<p>Die empfohlene Dosierung von <strong>T3 Prime Pharma<\/strong> liegt zwischen 25-50 mcg pro Tag, abh\u00e4ngig von Ihrer Erfahrung und Ihren Zielen. Beginnen Sie mit einer niedrigen Dosis und erh\u00f6hen Sie diese schrittweise, um Anpassungsprobleme zu vermeiden. <\/p>\n<h2><b>Warum T3 kaufen?<\/b><\/h2>\n<p><strong>T3 Prime Pharma<\/strong> ist eine ausgezeichnete Wahl f\u00fcr alle, die schnell Fett verlieren und w\u00e4hrend eines Zyklus Energie aufrechterhalten m\u00f6chten. Bestellen Sie noch heute <\/p>\n","protected":false},"excerpt":{"rendered":"<p>Was ist T3? T3, auch bekannt als Liothyronin, ist ein synthetisches Schilddr\u00fcsenhormon, das oft zur F\u00f6rderung des Fettabbaus eingesetzt wird. Es erh\u00f6ht den Stoffwechsel und hilft so, Kalorien schneller zu verbrennen. Dies macht den Kauf von T3 zu einer idealen Wahl f\u00fcr Sportler, die Fett verlieren m\u00f6chten, ohne Muskelmasse einzub\u00fc\u00dfen. Wie wirkt T3 Prime Pharma? &#8230; <a title=\"T3 Prime 100x25mcg\" class=\"read-more\" href=\"https:\/\/www.gainmode.to\/de\/produkt\/t3-prime-100x25mcg\/\" aria-label=\"Mehr Informationen \u00fcber T3 Prime 100x25mcg\">Weiterlesen<\/a><\/p>\n","protected":false},"featured_media":594,"comment_status":"open","ping_status":"closed","template":"","meta":[],"product_brand":[80],"product_cat":[970,875,3953],"product_tag":[3956,3911,3906,3902,3903,3904,3960,3954,4008,4009],"class_list":{"0":"post-2440","1":"product","2":"type-product","3":"status-publish","4":"has-post-thumbnail","6":"product_brand-prime-pharma","7":"product_cat-gewichtsverlust","8":"product_cat-nicht-kategorisiert","9":"product_cat-t3-de","10":"product_tag-liothyronin","11":"product_tag-medikament-gegen-hypothyreose","12":"product_tag-prime-de","13":"product_tag-schilddrusenhormon","14":"product_tag-schilddrusenunterstutzung","15":"product_tag-stoffwechsel-booster","16":"product_tag-synthetisches-t3","17":"product_tag-t3-de","18":"product_tag-t3-prime-de","19":"product_tag-t3-therapie-de","21":"first","22":"instock","23":"shipping-taxable","24":"purchasable","25":"product-type-simple"},"_links":{"self":[{"href":"https:\/\/www.gainmode.to\/de\/wp-json\/wp\/v2\/product\/2440","targetHints":{"allow":["GET"]}}],"collection":[{"href":"https:\/\/www.gainmode.to\/de\/wp-json\/wp\/v2\/product"}],"about":[{"href":"https:\/\/www.gainmode.to\/de\/wp-json\/wp\/v2\/types\/product"}],"replies":[{"embeddable":true,"href":"https:\/\/www.gainmode.to\/de\/wp-json\/wp\/v2\/comments?post=2440"}],"wp:featuredmedia":[{"embeddable":true,"href":"https:\/\/www.gainmode.to\/de\/wp-json\/wp\/v2\/media\/594"}],"wp:attachment":[{"href":"https:\/\/www.gainmode.to\/de\/wp-json\/wp\/v2\/media?parent=2440"}],"wp:term":[{"taxonomy":"product_brand","embeddable":true,"href":"https:\/\/www.gainmode.to\/de\/wp-json\/wp\/v2\/product_brand?post=2440"},{"taxonomy":"product_cat","embeddable":true,"href":"https:\/\/www.gainmode.to\/de\/wp-json\/wp\/v2\/product_cat?post=2440"},{"taxonomy":"product_tag","embeddable":true,"href":"https:\/\/www.gainmode.to\/de\/wp-json\/wp\/v2\/product_tag?post=2440"}],"curies":[{"name":"wp","href":"https:\/\/api.w.org\/{rel}","templated":true}]}}