{"id":2450,"date":"2025-06-27T13:15:21","date_gmt":"2025-06-27T13:15:21","guid":{"rendered":"https:\/\/www.gainmode.to\/product\/r-hcg-prime-5000-ie\/"},"modified":"2025-11-08T11:02:37","modified_gmt":"2025-11-08T11:02:37","slug":"r-hcg-prime-5000-ie","status":"publish","type":"product","link":"https:\/\/www.gainmode.to\/de\/produkt\/r-hcg-prime-5000-ie\/","title":{"rendered":"r-HCG Prime 5000 IE"},"content":{"rendered":"<h2><b>Was ist r-HCG?<\/b><\/h2>\n<p>r-HCG, oder humanes Choriongonadotropin, ist ein Peptidhormon, das h\u00e4ufig in Kombination mit einem anabolen Zyklus verwendet wird. Es unterst\u00fctzt die nat\u00fcrliche Testosteronproduktion und beugt Hodenatrophie vor. Dies macht den <strong>Kauf von HCG<\/strong> zu einer wichtigen Wahl f\u00fcr Sportler, die ihr hormonelles Gleichgewicht sch\u00fctzen m\u00f6chten.  <\/p>\n<h2><b>Wie wirkt r-HCG Prime Pharma?<\/b><\/h2>\n<p><strong>HCG w\u00e4hrend eines Zyklus<\/strong> stimuliert die Produktion des luteinisierenden Hormons (LH), das die nat\u00fcrliche Testosteronproduktion in den Hoden f\u00f6rdert. Es hilft auch, das hormonelle Gleichgewicht w\u00e4hrend einer <strong>HCG-Post-Cycle-Therapie<\/strong> wiederherzustellen, was nach einem intensiven anabolen Zyklus entscheidend ist. <\/p>\n<h2><b>Nebenwirkungen von HCG<\/b><\/h2>\n<p>Obwohl der <strong>Kauf von HCG<\/strong> als sicher gilt, k\u00f6nnen bei unsachgem\u00e4\u00dfer Anwendung Nebenwirkungen auftreten, wie zum Beispiel: <\/p>\n<ul>\n<li>Kopfschmerzen.<\/li>\n<li>Leichte Reizung an der Injektionsstelle.<\/li>\n<li>Hormonelle Schwankungen bei \u00dcberdosierung.<\/li>\n<\/ul>\n<p>Die Einhaltung der empfohlenen Dosierung minimiert diese Risiken.<\/p>\n<h2><b>Dosierung von r-HCG<\/b><\/h2>\n<p>Die empfohlene Dosierung von <strong>HCG Prime Pharma<\/strong> liegt zwischen 500-1000 IE pro Woche, abh\u00e4ngig von Ihren Zielen und Bed\u00fcrfnissen. Es wird intramuskul\u00e4r oder subkutan verabreicht, oft aufgeteilt in zwei Injektionen pro Woche. <\/p>\n<h2><b>Warum HCG kaufen?<\/b><\/h2>\n<p><strong>HCG Prime Pharma<\/strong> ist eine zuverl\u00e4ssige Wahl f\u00fcr Sportler, die ihre nat\u00fcrliche Testosteronproduktion unterst\u00fctzen und Nebenwirkungen vermeiden m\u00f6chten. Bestellen Sie noch heute <\/p>\n","protected":false},"excerpt":{"rendered":"<p>Was ist r-HCG? r-HCG, oder humanes Choriongonadotropin, ist ein Peptidhormon, das h\u00e4ufig in Kombination mit einem anabolen Zyklus verwendet wird. Es unterst\u00fctzt die nat\u00fcrliche Testosteronproduktion und beugt Hodenatrophie vor. Dies macht den Kauf von HCG zu einer wichtigen Wahl f\u00fcr Sportler, die ihr hormonelles Gleichgewicht sch\u00fctzen m\u00f6chten. Wie wirkt r-HCG Prime Pharma? HCG w\u00e4hrend eines &#8230; <a title=\"r-HCG Prime 5000 IE\" class=\"read-more\" href=\"https:\/\/www.gainmode.to\/de\/produkt\/r-hcg-prime-5000-ie\/\" aria-label=\"Mehr Informationen \u00fcber r-HCG Prime 5000 IE\">Weiterlesen<\/a><\/p>\n","protected":false},"featured_media":1764,"comment_status":"open","ping_status":"closed","template":"","meta":[],"product_brand":[80],"product_cat":[4020,1196],"product_tag":[4025,4023,4024,4026,4028,3906,4021,4067,4029,4027],"class_list":{"0":"post-2450","1":"product","2":"type-product","3":"status-publish","4":"has-post-thumbnail","6":"product_brand-prime-pharma","7":"product_cat-hcg-de","8":"product_cat-peptide","9":"product_tag-fruchtbarkeitsinjektion","10":"product_tag-hcg-5000-ie-de","11":"product_tag-humanes-choriongonadotropin","12":"product_tag-mannlicher-hypogonadismus","13":"product_tag-ovulationsausloser","14":"product_tag-prime-de","15":"product_tag-r-hcg-de","16":"product_tag-r-hcg-prime-de","17":"product_tag-testosteron-unterstutzung","18":"product_tag-weibliche-unfruchtbarkeit","20":"first","21":"outofstock","22":"shipping-taxable","23":"purchasable","24":"product-type-simple"},"_links":{"self":[{"href":"https:\/\/www.gainmode.to\/de\/wp-json\/wp\/v2\/product\/2450","targetHints":{"allow":["GET"]}}],"collection":[{"href":"https:\/\/www.gainmode.to\/de\/wp-json\/wp\/v2\/product"}],"about":[{"href":"https:\/\/www.gainmode.to\/de\/wp-json\/wp\/v2\/types\/product"}],"replies":[{"embeddable":true,"href":"https:\/\/www.gainmode.to\/de\/wp-json\/wp\/v2\/comments?post=2450"}],"wp:featuredmedia":[{"embeddable":true,"href":"https:\/\/www.gainmode.to\/de\/wp-json\/wp\/v2\/media\/1764"}],"wp:attachment":[{"href":"https:\/\/www.gainmode.to\/de\/wp-json\/wp\/v2\/media?parent=2450"}],"wp:term":[{"taxonomy":"product_brand","embeddable":true,"href":"https:\/\/www.gainmode.to\/de\/wp-json\/wp\/v2\/product_brand?post=2450"},{"taxonomy":"product_cat","embeddable":true,"href":"https:\/\/www.gainmode.to\/de\/wp-json\/wp\/v2\/product_cat?post=2450"},{"taxonomy":"product_tag","embeddable":true,"href":"https:\/\/www.gainmode.to\/de\/wp-json\/wp\/v2\/product_tag?post=2450"}],"curies":[{"name":"wp","href":"https:\/\/api.w.org\/{rel}","templated":true}]}}