{"id":2500,"date":"2025-06-26T21:35:35","date_gmt":"2025-06-26T21:35:35","guid":{"rendered":"https:\/\/www.gainmode.to\/product\/bpc-157-novo-5mg\/"},"modified":"2025-06-26T21:35:35","modified_gmt":"2025-06-26T21:35:35","slug":"bpc-157-novo-5mg","status":"publish","type":"product","link":"https:\/\/www.gainmode.to\/de\/produkt\/bpc-157-novo-5mg\/","title":{"rendered":"BPC-157 novo 5mg"},"content":{"rendered":"<p>1 Fl\u00e4schchen mit 5 mg BPC-157 der Marke NOVO.<\/p>\n<p>BPC-157 ist eine k\u00f6rpereigene Substanz, die verwendet wird, um die Regenerationsf\u00e4higkeit zu beschleunigen. Es beschleunigt den Heilungsprozess von Sportverletzungen. In Kombination mit TB-500 erzielt es die besten Ergebnisse, um beispielsweise Muskelrisse bis zu 2-3 Mal schneller zu heilen.  <\/p>\n","protected":false},"excerpt":{"rendered":"<p>1 Fl\u00e4schchen mit 5 mg BPC-157 der Marke NOVO. BPC-157 ist eine k\u00f6rpereigene Substanz, die verwendet wird, um die Regenerationsf\u00e4higkeit zu beschleunigen. Es beschleunigt den Heilungsprozess von Sportverletzungen. In Kombination mit TB-500 erzielt es die besten Ergebnisse, um beispielsweise Muskelrisse bis zu 2-3 Mal schneller zu heilen.<\/p>\n","protected":false},"featured_media":545,"comment_status":"open","ping_status":"closed","template":"","meta":[],"product_brand":[83],"product_cat":[4402,1196],"product_tag":[4407,4403,4405,4411,4408,4409,4412,4161,2577,1272,4410],"class_list":{"0":"post-2500","1":"product","2":"type-product","3":"status-publish","4":"has-post-thumbnail","6":"product_brand-novo","7":"product_cat-bpc-157-de","8":"product_cat-peptide","9":"product_tag-5-mg-de","10":"product_tag-bpc157-de","11":"product_tag-bpc157-novo-de","12":"product_tag-entzundungshemmende-unterstutzung","13":"product_tag-gewebereparatur","14":"product_tag-heilendes-peptid","15":"product_tag-magen-darm-unterstutzung","16":"product_tag-muskelerholung","17":"product_tag-novo-de","18":"product_tag-peptidtherapie","19":"product_tag-verletzungserholung","21":"first","22":"instock","23":"shipping-taxable","24":"purchasable","25":"product-type-simple"},"_links":{"self":[{"href":"https:\/\/www.gainmode.to\/de\/wp-json\/wp\/v2\/product\/2500","targetHints":{"allow":["GET"]}}],"collection":[{"href":"https:\/\/www.gainmode.to\/de\/wp-json\/wp\/v2\/product"}],"about":[{"href":"https:\/\/www.gainmode.to\/de\/wp-json\/wp\/v2\/types\/product"}],"replies":[{"embeddable":true,"href":"https:\/\/www.gainmode.to\/de\/wp-json\/wp\/v2\/comments?post=2500"}],"wp:featuredmedia":[{"embeddable":true,"href":"https:\/\/www.gainmode.to\/de\/wp-json\/wp\/v2\/media\/545"}],"wp:attachment":[{"href":"https:\/\/www.gainmode.to\/de\/wp-json\/wp\/v2\/media?parent=2500"}],"wp:term":[{"taxonomy":"product_brand","embeddable":true,"href":"https:\/\/www.gainmode.to\/de\/wp-json\/wp\/v2\/product_brand?post=2500"},{"taxonomy":"product_cat","embeddable":true,"href":"https:\/\/www.gainmode.to\/de\/wp-json\/wp\/v2\/product_cat?post=2500"},{"taxonomy":"product_tag","embeddable":true,"href":"https:\/\/www.gainmode.to\/de\/wp-json\/wp\/v2\/product_tag?post=2500"}],"curies":[{"name":"wp","href":"https:\/\/api.w.org\/{rel}","templated":true}]}}