{"id":2526,"date":"2025-06-26T19:07:51","date_gmt":"2025-06-26T19:07:51","guid":{"rendered":"https:\/\/www.gainmode.to\/product\/anadrol-unique-100x25mg\/"},"modified":"2025-06-26T19:07:51","modified_gmt":"2025-06-26T19:07:51","slug":"anadrol-unique-100x25mg","status":"publish","type":"product","link":"https:\/\/www.gainmode.to\/de\/produkt\/anadrol-unique-100x25mg\/","title":{"rendered":"Anadrol Unique 100x25mg"},"content":{"rendered":"<h2><b>Wie funktioniert Anadrol Unique Pharma?<\/b><\/h2>\n<p>Anadrol Unique Pharma ist ein starkes anaboles Steroid, das schnelle und effektive Ergebnisse liefert. Anwender k\u00f6nnen innerhalb von zwei Wochen bis zu 6 Kilogramm zunehmen. Dies macht Anadrol ideal f\u00fcr Sportler, die Muskelmasse aufbauen m\u00f6chten. <strong>Hinweis:<\/strong> Anadrol ist hepatotoxisch und sollte mit Vorsicht angewendet werden.  <\/p>\n<p>Anadrol erh\u00f6ht die Produktion roter Blutk\u00f6rperchen und stimuliert die Proteinsynthese im K\u00f6rper. Dies f\u00fchrt zu erh\u00f6hter Muskelmasse, besserer Ausdauer und schneller Gewichtszunahme. Beachten Sie, dass diese Gewichtszunahme teilweise durch Wassereinlagerungen und Fett verursacht wird, da Anadrol an \u00d6strogenrezeptoren bindet.  <\/p>\n<h2><b>Nebenwirkungen von Anadrol Unique Pharma<\/b><\/h2>\n<p>Wie alle anabolen Steroide kann Anadrol Nebenwirkungen verursachen, darunter:<\/p>\n<ul>\n<li>Akne und Haarausfall.<\/li>\n<li>Hoher Blutdruck.<\/li>\n<li>Erh\u00f6htes Risiko f\u00fcr Leberprobleme.<\/li>\n<\/ul>\n<p>Begrenzen Sie die Anwendung von Anadrol auf maximal 6 Wochen und halten Sie sich an die empfohlene Dosierung.<\/p>\n<h2><b>Anadrol-Dosierung<\/b><\/h2>\n<p>Die empfohlene Dosierung f\u00fcr Anadrol Unique Pharma liegt zwischen 50 und 150 mg pro Tag, abh\u00e4ngig vom K\u00f6rpergewicht des Anwenders. Anadrol wird oral in Tablettenform eingenommen und bleibt etwa 16 Stunden im K\u00f6rper aktiv. Kombinieren Sie dieses Produkt mit einem ausgewogenen Zyklus f\u00fcr optimale Ergebnisse.  <\/p>\n","protected":false},"excerpt":{"rendered":"<p>Wie funktioniert Anadrol Unique Pharma? Anadrol Unique Pharma ist ein starkes anaboles Steroid, das schnelle und effektive Ergebnisse liefert. Anwender k\u00f6nnen innerhalb von zwei Wochen bis zu 6 Kilogramm zunehmen. Dies macht Anadrol ideal f\u00fcr Sportler, die Muskelmasse aufbauen m\u00f6chten. Hinweis: Anadrol ist hepatotoxisch und sollte mit Vorsicht angewendet werden. Anadrol erh\u00f6ht die Produktion roter &#8230; <a title=\"Anadrol Unique 100x25mg\" class=\"read-more\" href=\"https:\/\/www.gainmode.to\/de\/produkt\/anadrol-unique-100x25mg\/\" aria-label=\"Mehr Informationen \u00fcber Anadrol Unique 100x25mg\">Weiterlesen<\/a><\/p>\n","protected":false},"featured_media":522,"comment_status":"open","ping_status":"closed","template":"","meta":[],"product_brand":[79],"product_cat":[4472,875],"product_tag":[4220,4475,4473,1067,4480,4478,4286,2423,4221,4474,1065,1814],"class_list":{"0":"post-2526","1":"product","2":"type-product","3":"status-publish","4":"has-post-thumbnail","6":"product_brand-unique","7":"product_cat-anadrol-de","8":"product_cat-nicht-kategorisiert","9":"product_tag-100-stuck","10":"product_tag-25-mg-tabletten","11":"product_tag-anadrol-de","12":"product_tag-kraftsteigerung","13":"product_tag-leberunterstutzung","14":"product_tag-leistungssteigerer-de","15":"product_tag-masseaufbau-zyklus","16":"product_tag-muskelmasse","17":"product_tag-oral-anabol","18":"product_tag-oxymetholon","19":"product_tag-unique-pharma-de","20":"product_tag-wassereinlagerungen","22":"first","23":"instock","24":"shipping-taxable","25":"purchasable","26":"product-type-simple"},"_links":{"self":[{"href":"https:\/\/www.gainmode.to\/de\/wp-json\/wp\/v2\/product\/2526","targetHints":{"allow":["GET"]}}],"collection":[{"href":"https:\/\/www.gainmode.to\/de\/wp-json\/wp\/v2\/product"}],"about":[{"href":"https:\/\/www.gainmode.to\/de\/wp-json\/wp\/v2\/types\/product"}],"replies":[{"embeddable":true,"href":"https:\/\/www.gainmode.to\/de\/wp-json\/wp\/v2\/comments?post=2526"}],"wp:featuredmedia":[{"embeddable":true,"href":"https:\/\/www.gainmode.to\/de\/wp-json\/wp\/v2\/media\/522"}],"wp:attachment":[{"href":"https:\/\/www.gainmode.to\/de\/wp-json\/wp\/v2\/media?parent=2526"}],"wp:term":[{"taxonomy":"product_brand","embeddable":true,"href":"https:\/\/www.gainmode.to\/de\/wp-json\/wp\/v2\/product_brand?post=2526"},{"taxonomy":"product_cat","embeddable":true,"href":"https:\/\/www.gainmode.to\/de\/wp-json\/wp\/v2\/product_cat?post=2526"},{"taxonomy":"product_tag","embeddable":true,"href":"https:\/\/www.gainmode.to\/de\/wp-json\/wp\/v2\/product_tag?post=2526"}],"curies":[{"name":"wp","href":"https:\/\/api.w.org\/{rel}","templated":true}]}}