{"id":2545,"date":"2025-06-26T18:45:33","date_gmt":"2025-06-26T18:45:33","guid":{"rendered":"https:\/\/www.gainmode.to\/product\/mentacetat-prime-100-mg-ml\/"},"modified":"2025-06-26T18:45:33","modified_gmt":"2025-06-26T18:45:33","slug":"mentacetat-prime-100-mg-ml","status":"publish","type":"product","link":"https:\/\/www.gainmode.to\/de\/produkt\/mentacetat-prime-100-mg-ml\/","title":{"rendered":"Mentacetat Prime 100 mg\/ml"},"content":{"rendered":"<p data-start=\"90\" data-end=\"439\"><strong data-start=\"90\" data-end=\"120\">MENT Trestolonacetat bestellen?<\/strong><br data-start=\"120\" data-end=\"123\">Suchen Sie nach dem st\u00e4rksten auf dem Markt erh\u00e4ltlichen anabolen Steroid? Dieses Steroid kann als die \u00fcberlegene Version von Nandrolon (Deca) angesehen werden, wirkt aber noch st\u00e4rker bei der Steigerung von Kraft, Muskelwachstum und Libido. Dieses anabole Steroid ist injizierbar und von der Marke Prime Pharmaceuticals erh\u00e4ltlich.  <\/p>\n<p data-start=\"441\" data-end=\"470\"><strong data-start=\"441\" data-end=\"470\">Trestolonacetat \u201eMENT\u201c<\/strong><\/p>\n<p data-start=\"472\" data-end=\"1012\">MENT, auch Trestolonacetat genannt, gilt derzeit als das st\u00e4rkste \u201eBulk\u201c-Steroid unter den anabolen Steroiden. Ment geh\u00f6rt zur 19-Nor-Steroidklasse, zu der auch Deca und Trenbolon geh\u00f6ren. Im Gegensatz zu Deca oder Trenbolon treten bei Ment jedoch nicht die sogenannten \u201eDeca- oder Tren-Dick\u201c-Nebenwirkungen auf. Selbst ohne Testosteron wird diese Verbindung Ihre Libido in die H\u00f6he schnellen lassen, da Ment das einzige Steroid ist, das nicht von Testosteron abh\u00e4ngig ist. Achten Sie darauf, ein hochwertiges Produkt zu w\u00e4hlen, wenn Sie Trestolon kaufen, da es ein teurer Rohstoff ist.    <\/p>\n<p data-start=\"1014\" data-end=\"1236\">Ment bindet kaum an das SHBG-Hormon und wandelt sich nicht in DHT um. Das bedeutet keine DHT-bedingten Nebenwirkungen wie eine m\u00f6gliche Prostatavergr\u00f6\u00dferung oder Haarausfall. Dies ist sehr positiv f\u00fcr Menschen, die genetisch zu Haarausfall neigen.  <\/p>\n<p data-start=\"1238\" data-end=\"1261\"><strong data-start=\"1238\" data-end=\"1261\">Was ist die Dosierung?<\/strong><\/p>\n<p data-start=\"1263\" data-end=\"1362\">Wir empfehlen die Anwendung von 25 bis 50 mg jeden zweiten Tag, kombiniert mit maximal 250\u2013300 mg Testosteron.<\/p>\n<p data-start=\"1364\" data-end=\"1428\"><strong data-start=\"1364\" data-end=\"1428\">Sollte ich einen Aromatasehemmer mit Trestolonacetat verwenden?<\/strong><\/p>\n<p data-start=\"1430\" data-end=\"1589\">Ment aromatisiert st\u00e4rker als Testosteron und zum Beispiel Deca, daher wird dringend empfohlen, die Aromatase mit einer der folgenden Optionen unter Kontrolle zu halten:<\/p>\n<ul data-start=\"1591\" data-end=\"1630\">\n<li data-start=\"1591\" data-end=\"1603\">\n<p data-start=\"1593\" data-end=\"1603\">Aromasin<\/p>\n<\/li>\n<li data-start=\"1604\" data-end=\"1616\">\n<p data-start=\"1606\" data-end=\"1616\">Arimidex<\/p>\n<\/li>\n<li data-start=\"1617\" data-end=\"1630\">\n<p data-start=\"1619\" data-end=\"1630\">Letrozol<\/p>\n<\/li>\n<\/ul>\n<p data-start=\"1632\" data-end=\"2124\">Da diese Verbindung extrem aromatisiert, werden Sie extreme Massezunahmen erleben. Dies ist nat\u00fcrlich sehr positiv, aber zu viel \u00d6strogen kann auch Nebenwirkungen wie \u00fcberm\u00e4\u00dfige Wassereinlagerungen, Gyn\u00e4komastie, erh\u00f6hten Blutdruck und erh\u00f6hte Fetteinlagerung verursachen. Dies sind Effekte, die Sie unbedingt vermeiden m\u00f6chten, daher m\u00fcssen Sie Ihren \u00d6strogenspiegel im Gleichgewicht halten. Seien Sie jedoch vorsichtig, \u00d6strogen nicht zu stark zu blockieren, da dies ebenfalls Nebenwirkungen verursacht. Der \u00d6strogenspiegel muss genau richtig ausbalanciert sein.    <\/p>\n","protected":false},"excerpt":{"rendered":"<p>MENT Trestolonacetat bestellen?Suchen Sie nach dem st\u00e4rksten auf dem Markt erh\u00e4ltlichen anabolen Steroid? Dieses Steroid kann als die \u00fcberlegene Version von Nandrolon (Deca) angesehen werden, wirkt aber noch st\u00e4rker bei der Steigerung von Kraft, Muskelwachstum und Libido. Dieses anabole Steroid ist injizierbar und von der Marke Prime Pharmaceuticals erh\u00e4ltlich. Trestolonacetat \u201eMENT\u201c MENT, auch Trestolonacetat genannt, &#8230; <a title=\"Mentacetat Prime 100 mg\/ml\" class=\"read-more\" href=\"https:\/\/www.gainmode.to\/de\/produkt\/mentacetat-prime-100-mg-ml\/\" aria-label=\"Mehr Informationen \u00fcber Mentacetat Prime 100 mg\/ml\">Weiterlesen<\/a><\/p>\n","protected":false},"featured_media":513,"comment_status":"open","ping_status":"closed","template":"","meta":[],"product_brand":[80],"product_cat":[1063,4575],"product_tag":[1070,4584,4583,1067,4577,4579,2423,1123,4585,4581],"class_list":{"0":"post-2545","1":"product","2":"type-product","3":"status-publish","4":"has-post-thumbnail","6":"product_brand-prime-pharma","7":"product_cat-injektionen","8":"product_cat-mentacetat","9":"product_tag-bodybuilding-steroid-de","10":"product_tag-fettfreier-muskelaufbau","11":"product_tag-injizierbares-trestolon","12":"product_tag-kraftsteigerung","13":"product_tag-mentacetat","14":"product_tag-mentacetat-100-mg-ml","15":"product_tag-muskelmasse","16":"product_tag-prime-pharma-de","17":"product_tag-prime-pharma-ment-de","18":"product_tag-trestolonacetat","20":"first","21":"instock","22":"shipping-taxable","23":"purchasable","24":"product-type-simple"},"_links":{"self":[{"href":"https:\/\/www.gainmode.to\/de\/wp-json\/wp\/v2\/product\/2545","targetHints":{"allow":["GET"]}}],"collection":[{"href":"https:\/\/www.gainmode.to\/de\/wp-json\/wp\/v2\/product"}],"about":[{"href":"https:\/\/www.gainmode.to\/de\/wp-json\/wp\/v2\/types\/product"}],"replies":[{"embeddable":true,"href":"https:\/\/www.gainmode.to\/de\/wp-json\/wp\/v2\/comments?post=2545"}],"wp:featuredmedia":[{"embeddable":true,"href":"https:\/\/www.gainmode.to\/de\/wp-json\/wp\/v2\/media\/513"}],"wp:attachment":[{"href":"https:\/\/www.gainmode.to\/de\/wp-json\/wp\/v2\/media?parent=2545"}],"wp:term":[{"taxonomy":"product_brand","embeddable":true,"href":"https:\/\/www.gainmode.to\/de\/wp-json\/wp\/v2\/product_brand?post=2545"},{"taxonomy":"product_cat","embeddable":true,"href":"https:\/\/www.gainmode.to\/de\/wp-json\/wp\/v2\/product_cat?post=2545"},{"taxonomy":"product_tag","embeddable":true,"href":"https:\/\/www.gainmode.to\/de\/wp-json\/wp\/v2\/product_tag?post=2545"}],"curies":[{"name":"wp","href":"https:\/\/api.w.org\/{rel}","templated":true}]}}