{"id":2973,"date":"2025-10-02T10:10:59","date_gmt":"2025-10-02T10:10:59","guid":{"rendered":"https:\/\/www.gainmode.to\/product\/cjc-1295-no-dac-novo-5mg\/"},"modified":"2025-10-02T10:10:59","modified_gmt":"2025-10-02T10:10:59","slug":"cjc-1295-no-dac-novo-5mg","status":"publish","type":"product","link":"https:\/\/www.gainmode.to\/de\/produkt\/cjc-1295-no-dac-novo-5mg\/","title":{"rendered":"CJC-1295 NO DAC Novo 5mg"},"content":{"rendered":"<p><strong>CJC-1295 ohne DAC ist ein GHRH-Analogon, das die <\/strong><b>Wachstumshormonaussch\u00fcttung.<\/b><\/p>\n<p>&nbsp;<\/p>\n<p><strong>Positieve Nebenwirkungen:<\/strong><\/p>\n<p>Schnellerer Fettabbau<\/p>\n<p>Erh\u00f6hte IGF-Werte<\/p>\n<p>Bessere Proteinsynthese<\/p>\n<p><strong>Negative Nebenwirkungen:<\/strong><\/p>\n<p>Juckreiz<\/p>\n<p>Feuchtigkeit halten<\/p>\n<p>Kr\u00e4mpfe in den Fingern<\/p>\n<p><strong>Verwendung:<\/strong><\/p>\n<p>100 &#8211; 300 mcg t\u00e4glich<\/p>\n","protected":false},"excerpt":{"rendered":"<p>CJC-1295 ohne DAC ist ein GHRH-Analogon, das die Wachstumshormonaussch\u00fcttung. &nbsp; Positieve Nebenwirkungen: Schnellerer Fettabbau Erh\u00f6hte IGF-Werte Bessere Proteinsynthese Negative Nebenwirkungen: Juckreiz Feuchtigkeit halten Kr\u00e4mpfe in den Fingern Verwendung: 100 &#8211; 300 mcg t\u00e4glich<\/p>\n","protected":false},"featured_media":2736,"comment_status":"open","ping_status":"closed","template":"","meta":[],"product_brand":[83],"product_cat":[3537,1196],"product_tag":[],"class_list":{"0":"post-2973","1":"product","2":"type-product","3":"status-publish","4":"has-post-thumbnail","6":"product_brand-novo","7":"product_cat-cjc-1295-ohne-dac","8":"product_cat-peptide","10":"first","11":"instock","12":"shipping-taxable","13":"purchasable","14":"product-type-simple"},"_links":{"self":[{"href":"https:\/\/www.gainmode.to\/de\/wp-json\/wp\/v2\/product\/2973","targetHints":{"allow":["GET"]}}],"collection":[{"href":"https:\/\/www.gainmode.to\/de\/wp-json\/wp\/v2\/product"}],"about":[{"href":"https:\/\/www.gainmode.to\/de\/wp-json\/wp\/v2\/types\/product"}],"replies":[{"embeddable":true,"href":"https:\/\/www.gainmode.to\/de\/wp-json\/wp\/v2\/comments?post=2973"}],"wp:featuredmedia":[{"embeddable":true,"href":"https:\/\/www.gainmode.to\/de\/wp-json\/wp\/v2\/media\/2736"}],"wp:attachment":[{"href":"https:\/\/www.gainmode.to\/de\/wp-json\/wp\/v2\/media?parent=2973"}],"wp:term":[{"taxonomy":"product_brand","embeddable":true,"href":"https:\/\/www.gainmode.to\/de\/wp-json\/wp\/v2\/product_brand?post=2973"},{"taxonomy":"product_cat","embeddable":true,"href":"https:\/\/www.gainmode.to\/de\/wp-json\/wp\/v2\/product_cat?post=2973"},{"taxonomy":"product_tag","embeddable":true,"href":"https:\/\/www.gainmode.to\/de\/wp-json\/wp\/v2\/product_tag?post=2973"}],"curies":[{"name":"wp","href":"https:\/\/api.w.org\/{rel}","templated":true}]}}