{"id":3148,"date":"2025-11-17T09:20:13","date_gmt":"2025-11-17T09:20:13","guid":{"rendered":"https:\/\/www.gainmode.to\/product\/tb-500-novo-5mg\/"},"modified":"2025-11-17T09:20:13","modified_gmt":"2025-11-17T09:20:13","slug":"tb-500-novo-5mg","status":"publish","type":"product","link":"https:\/\/www.gainmode.to\/de\/produkt\/tb-500-novo-5mg\/","title":{"rendered":"TB-500 Novo 5mg"},"content":{"rendered":"<p><strong>TB-500<\/strong><\/p>\n<p>TB-500 ist eine k\u00f6rpereigene Substanz, die dazu verwendet wird, die Genesungsf\u00e4higkeit zu beschleunigen.<\/p>\n<p>Sie f\u00f6rdert die Produktion neuer Blut- und Muskelzellen und ist stark entz\u00fcndungshemmend.<\/p>\n<p>Die heilende Wirkung von TB-500 wird vor allem bei Sehnen, B\u00e4ndern, Muskeln, Haut und Herzmuskel beobachtet.<\/p>\n","protected":false},"excerpt":{"rendered":"<p>TB-500 TB-500 ist eine k\u00f6rpereigene Substanz, die dazu verwendet wird, die Genesungsf\u00e4higkeit zu beschleunigen. Sie f\u00f6rdert die Produktion neuer Blut- und Muskelzellen und ist stark entz\u00fcndungshemmend. Die heilende Wirkung von TB-500 wird vor allem bei Sehnen, B\u00e4ndern, Muskeln, Haut und Herzmuskel beobachtet.<\/p>\n","protected":false},"featured_media":3150,"comment_status":"open","ping_status":"closed","template":"","meta":[],"product_brand":[83],"product_cat":[1196,4905],"product_tag":[],"class_list":{"0":"post-3148","1":"product","2":"type-product","3":"status-publish","4":"has-post-thumbnail","6":"product_brand-novo","7":"product_cat-peptide","8":"product_cat-tb-500","10":"first","11":"instock","12":"shipping-taxable","13":"purchasable","14":"product-type-simple"},"_links":{"self":[{"href":"https:\/\/www.gainmode.to\/de\/wp-json\/wp\/v2\/product\/3148","targetHints":{"allow":["GET"]}}],"collection":[{"href":"https:\/\/www.gainmode.to\/de\/wp-json\/wp\/v2\/product"}],"about":[{"href":"https:\/\/www.gainmode.to\/de\/wp-json\/wp\/v2\/types\/product"}],"replies":[{"embeddable":true,"href":"https:\/\/www.gainmode.to\/de\/wp-json\/wp\/v2\/comments?post=3148"}],"wp:featuredmedia":[{"embeddable":true,"href":"https:\/\/www.gainmode.to\/de\/wp-json\/wp\/v2\/media\/3150"}],"wp:attachment":[{"href":"https:\/\/www.gainmode.to\/de\/wp-json\/wp\/v2\/media?parent=3148"}],"wp:term":[{"taxonomy":"product_brand","embeddable":true,"href":"https:\/\/www.gainmode.to\/de\/wp-json\/wp\/v2\/product_brand?post=3148"},{"taxonomy":"product_cat","embeddable":true,"href":"https:\/\/www.gainmode.to\/de\/wp-json\/wp\/v2\/product_cat?post=3148"},{"taxonomy":"product_tag","embeddable":true,"href":"https:\/\/www.gainmode.to\/de\/wp-json\/wp\/v2\/product_tag?post=3148"}],"curies":[{"name":"wp","href":"https:\/\/api.w.org\/{rel}","templated":true}]}}