{"id":3189,"date":"2025-11-21T10:39:41","date_gmt":"2025-11-21T10:39:41","guid":{"rendered":"https:\/\/www.gainmode.to\/product\/enclomiphene-100x10mg-blacklabs\/"},"modified":"2025-11-21T10:47:09","modified_gmt":"2025-11-21T10:47:09","slug":"enclomiphene-100x10mg-blacklabs","status":"publish","type":"product","link":"https:\/\/www.gainmode.to\/de\/produkt\/enclomiphene-100x10mg-blacklabs\/","title":{"rendered":"Enclomiphen 100x10mg Blacklabs"},"content":{"rendered":"<p><strong>Was ist Enclomiphen?<\/strong><\/p>\n<p>Enclomiphen (auch bekannt als Enclomiphencitrat oder trans-Clomiphen) ist ein selektiver \u00d6strogenrezeptor-Modulator (SERM) und das gereinigte trans-Isomer von Clomiphencitrat (allgemein bekannt als Clomid). Clomiphencitrat ist eine Mischung aus zwei Isomeren: etwa 62% Enclomiphen (die aktive, \u00f6strogenantagonistische Komponente) und 38% Zuclomiphen (die \u00f6strogenantagonistische Komponente mit einer l\u00e4ngeren Halbwertszeit). <\/p>\n<p>Enclomiphen wirkt durch die Blockierung von \u00d6strogenrezeptoren im Hypothalamus und in der Hypophyse. Dadurch wird die negative R\u00fcckkopplung, die \u00d6strogen normalerweise auf die Hypothalamus-Hypophysen-Gonaden-Achse (HPG) aus\u00fcbt, reduziert, was zu einer erh\u00f6hten Freisetzung von Gonadotropin-Releasing-Hormon (GnRH), luteinisierendem Hormon (LH) und Follikel-stimulierendem Hormon (FSH) f\u00fchrt. Das Ergebnis ist eine nat\u00fcrliche Stimulation der Hoden, mehr Testosteron zu produzieren und die Spermienproduktion aufrechtzuerhalten.  <\/p>\n","protected":false},"excerpt":{"rendered":"<p>Was ist Enclomiphen? Enclomiphen (auch bekannt als Enclomiphencitrat oder trans-Clomiphen) ist ein selektiver \u00d6strogenrezeptor-Modulator (SERM) und das gereinigte trans-Isomer von Clomiphencitrat (allgemein bekannt als Clomid). Clomiphencitrat ist eine Mischung aus zwei Isomeren: etwa 62% Enclomiphen (die aktive, \u00f6strogenantagonistische Komponente) und 38% Zuclomiphen (die \u00f6strogenantagonistische Komponente mit einer l\u00e4ngeren Halbwertszeit). Enclomiphen wirkt durch die Blockierung von &#8230; <a title=\"Enclomiphen 100x10mg Blacklabs\" class=\"read-more\" href=\"https:\/\/www.gainmode.to\/de\/produkt\/enclomiphene-100x10mg-blacklabs\/\" aria-label=\"Mehr Informationen \u00fcber Enclomiphen 100x10mg Blacklabs\">Weiterlesen<\/a><\/p>\n","protected":false},"featured_media":3190,"comment_status":"open","ping_status":"closed","template":"","meta":[],"product_brand":[97],"product_cat":[4912,875],"product_tag":[],"class_list":{"0":"post-3189","1":"product","2":"type-product","3":"status-publish","4":"has-post-thumbnail","6":"product_brand-black-labs","7":"product_cat-enclomiphen","8":"product_cat-nicht-kategorisiert","10":"first","11":"instock","12":"shipping-taxable","13":"purchasable","14":"product-type-simple"},"_links":{"self":[{"href":"https:\/\/www.gainmode.to\/de\/wp-json\/wp\/v2\/product\/3189","targetHints":{"allow":["GET"]}}],"collection":[{"href":"https:\/\/www.gainmode.to\/de\/wp-json\/wp\/v2\/product"}],"about":[{"href":"https:\/\/www.gainmode.to\/de\/wp-json\/wp\/v2\/types\/product"}],"replies":[{"embeddable":true,"href":"https:\/\/www.gainmode.to\/de\/wp-json\/wp\/v2\/comments?post=3189"}],"wp:featuredmedia":[{"embeddable":true,"href":"https:\/\/www.gainmode.to\/de\/wp-json\/wp\/v2\/media\/3190"}],"wp:attachment":[{"href":"https:\/\/www.gainmode.to\/de\/wp-json\/wp\/v2\/media?parent=3189"}],"wp:term":[{"taxonomy":"product_brand","embeddable":true,"href":"https:\/\/www.gainmode.to\/de\/wp-json\/wp\/v2\/product_brand?post=3189"},{"taxonomy":"product_cat","embeddable":true,"href":"https:\/\/www.gainmode.to\/de\/wp-json\/wp\/v2\/product_cat?post=3189"},{"taxonomy":"product_tag","embeddable":true,"href":"https:\/\/www.gainmode.to\/de\/wp-json\/wp\/v2\/product_tag?post=3189"}],"curies":[{"name":"wp","href":"https:\/\/api.w.org\/{rel}","templated":true}]}}