{"id":2061,"date":"2025-06-12T20:25:06","date_gmt":"2025-06-12T20:25:06","guid":{"rendered":"https:\/\/www.gainmode.to\/product\/tirzepatide-10-mg-novo\/"},"modified":"2026-02-09T22:11:31","modified_gmt":"2026-02-09T22:11:31","slug":"tirzepatide-10-mg-novo","status":"publish","type":"product","link":"https:\/\/www.gainmode.to\/fr\/produit\/tirzepatide-10-mg-novo\/","title":{"rendered":"Tirz\u00e9patide 10 mg novo"},"content":{"rendered":"<h3 data-start=\"98\" data-end=\"116\"><strong data-start=\"102\" data-end=\"116\">Propri\u00e9t\u00e9s<\/strong><\/h3>\n<p data-start=\"118\" data-end=\"618\">Le tirz\u00e9patide est un agoniste s\u00e9lectif \u00e0 longue dur\u00e9e d&rsquo;action des r\u00e9cepteurs du \u00ab polypeptide insulinotrope d\u00e9pendant du glucose \u00bb (GIP) et du \u00ab peptide-1 de type glucagon \u00bb (GLP-1). Son activit\u00e9 sur le r\u00e9cepteur GIP est comparable \u00e0 celle de l&rsquo;hormone GIP naturelle du corps, tandis que son activit\u00e9 sur le r\u00e9cepteur GLP-1 est inf\u00e9rieure \u00e0 celle de l&rsquo;hormone GLP-1 naturelle du corps. Les deux r\u00e9cepteurs sont pr\u00e9sents, entre autres, sur les cellules \u03b2 du pancr\u00e9as, le tractus gastro-intestinal et le cerveau. Les r\u00e9cepteurs GIP se trouvent \u00e9galement sur les adipocytes (cellules graisseuses).   <\/p>\n<hr data-start=\"620\" data-end=\"623\">\n<h3 data-start=\"625\" data-end=\"649\"><strong data-start=\"629\" data-end=\"649\">Contr\u00f4le glyc\u00e9mique<\/strong><\/h3>\n<p data-start=\"651\" data-end=\"1092\">Le tirz\u00e9patide diminue la glyc\u00e9mie \u00e0 jeun et postprandiale chez les patients atteints de diab\u00e8te de type 2 par divers m\u00e9canismes. Il augmente la sensibilit\u00e9 au glucose des cellules \u03b2 du pancr\u00e9as, am\u00e9liore la s\u00e9cr\u00e9tion d&rsquo;insuline de premi\u00e8re et de deuxi\u00e8me phase de mani\u00e8re glucose-d\u00e9pendante, am\u00e9liore la sensibilit\u00e9 \u00e0 l&rsquo;insuline et diminue les taux de glucagon. Le tirz\u00e9patide retarde \u00e9galement la vidange gastrique (surtout au d\u00e9but du traitement), ce qui ralentit l&rsquo;absorption du glucose provenant des repas.  <\/p>\n<hr data-start=\"1094\" data-end=\"1097\">\n<h3 data-start=\"1099\" data-end=\"1118\"><strong data-start=\"1103\" data-end=\"1118\">Perte de poids<\/strong><\/h3>\n<p data-start=\"1120\" data-end=\"1601\">Le tirz\u00e9patide active les r\u00e9cepteurs GIP et GLP-1 sur les neurones des r\u00e9gions du cerveau impliqu\u00e9es dans la r\u00e9gulation de l&rsquo;app\u00e9tit et de l&rsquo;apport alimentaire. Il active \u00e9galement les r\u00e9cepteurs GIP sur les adipocytes, r\u00e9gulant l&rsquo;absorption du glucose, l&rsquo;absorption des lipides et la lipolyse. Le tirz\u00e9patide augmente les sensations de sati\u00e9t\u00e9 et de pl\u00e9nitude tout en r\u00e9duisant la faim, ce qui entra\u00eene une diminution de l&rsquo;apport \u00e9nerg\u00e9tique. Il r\u00e9duit \u00e9galement les envies de nourriture et la pr\u00e9f\u00e9rence pour les aliments riches en sucre et en graisses. Le poids corporel diminue, principalement en raison de la r\u00e9duction de la masse grasse.    <\/p>\n<hr data-start=\"1603\" data-end=\"1606\">\n<h3 data-start=\"1608\" data-end=\"1628\"><strong data-start=\"1612\" data-end=\"1628\">Effets secondaires<\/strong><\/h3>\n<p data-start=\"1630\" data-end=\"1655\"><strong data-start=\"1630\" data-end=\"1653\">Tr\u00e8s fr\u00e9quent (&gt;10 %) :<\/strong><\/p>\n<ul data-start=\"1656\" data-end=\"1804\">\n<li data-start=\"1656\" data-end=\"1743\">\n<p data-start=\"1658\" data-end=\"1743\">Hypoglyc\u00e9mie (surtout en cas d&rsquo;utilisation avec un sulfonylur\u00e9e ou de l&rsquo;insuline dans le diab\u00e8te de type 2)<\/p>\n<\/li>\n<li data-start=\"1744\" data-end=\"1804\">\n<p data-start=\"1746\" data-end=\"1804\">Naus\u00e9es, vomissements, douleurs abdominales, diarrh\u00e9e, constipation<\/p>\n<\/li>\n<\/ul>\n<p data-start=\"1806\" data-end=\"1827\"><strong data-start=\"1806\" data-end=\"1825\">Fr\u00e9quent (1 \u00e0 10 %) :<\/strong><\/p>\n<ul data-start=\"1828\" data-end=\"2255\">\n<li data-start=\"1828\" data-end=\"1884\">\n<p data-start=\"1830\" data-end=\"1884\">R\u00e9actions d&rsquo;hypersensibilit\u00e9 (p. ex. urticaire, ecz\u00e9ma)<\/p>\n<\/li>\n<li data-start=\"1885\" data-end=\"1948\">\n<p data-start=\"1887\" data-end=\"1948\">Hypoglyc\u00e9mie en cas d&rsquo;utilisation avec de la metformine et des inhibiteurs de SGLT-2<\/p>\n<\/li>\n<li data-start=\"1949\" data-end=\"1982\">\n<p data-start=\"1951\" data-end=\"1982\">Vertiges, hypotension art\u00e9rielle<\/p>\n<\/li>\n<li data-start=\"1983\" data-end=\"2087\">\n<p data-start=\"1985\" data-end=\"2087\">Diminution de l&rsquo;app\u00e9tit, indigestion, \u00e9ructations, reflux gastro-\u0153sophagien (RGO), ballonnements, flatulences<\/p>\n<\/li>\n<li data-start=\"2088\" data-end=\"2101\">\n<p data-start=\"2090\" data-end=\"2101\">Chute de cheveux<\/p>\n<\/li>\n<li data-start=\"2102\" data-end=\"2164\">\n<p data-start=\"2104\" data-end=\"2164\">Fatigue, r\u00e9actions au site d&rsquo;injection (p. ex. rougeur, d\u00e9mangeaisons)<\/p>\n<\/li>\n<li data-start=\"2165\" data-end=\"2189\">\n<p data-start=\"2167\" data-end=\"2189\">Augmentation de la fr\u00e9quence cardiaque<\/p>\n<\/li>\n<li data-start=\"2190\" data-end=\"2255\">\n<p data-start=\"2192\" data-end=\"2255\">Augmentation de la lipase ou de l&rsquo;amylase s\u00e9rique, augmentation de la calcitonine sanguine<\/p>\n<\/li>\n<\/ul>\n<p data-start=\"2257\" data-end=\"2281\"><strong data-start=\"2257\" data-end=\"2279\">Peu fr\u00e9quent (0,1 \u00e0 1 %) :<\/strong><\/p>\n<ul data-start=\"2282\" data-end=\"2503\">\n<li data-start=\"2282\" data-end=\"2332\">\n<p data-start=\"2284\" data-end=\"2332\">Hypoglyc\u00e9mie avec la metformine dans le diab\u00e8te de type 2<\/p>\n<\/li>\n<li data-start=\"2333\" data-end=\"2348\">\n<p data-start=\"2335\" data-end=\"2348\">Perte de poids<\/p>\n<\/li>\n<li data-start=\"2349\" data-end=\"2389\">\n<p data-start=\"2351\" data-end=\"2389\">Troubles du go\u00fbt, sensations anormales<\/p>\n<\/li>\n<li data-start=\"2390\" data-end=\"2479\">\n<p data-start=\"2392\" data-end=\"2479\">Calculs biliaires, inflammation de la v\u00e9sicule biliaire, pancr\u00e9atite aigu\u00eb, vidange gastrique retard\u00e9e<\/p>\n<\/li>\n<li data-start=\"2480\" data-end=\"2503\">\n<p data-start=\"2482\" data-end=\"2503\">Douleur au site d&rsquo;injection<\/p>\n<\/li>\n<\/ul>\n<p data-start=\"2505\" data-end=\"2528\"><strong data-start=\"2505\" data-end=\"2526\">Rare (0,01 \u00e0 0,1 %) :<\/strong><\/p>\n<ul data-start=\"2529\" data-end=\"2569\">\n<li data-start=\"2529\" data-end=\"2554\">\n<p data-start=\"2531\" data-end=\"2554\">R\u00e9action anaphylactique<\/p>\n<\/li>\n<li data-start=\"2555\" data-end=\"2569\">\n<p data-start=\"2557\" data-end=\"2569\">Angio-\u0153d\u00e8me<\/p>\n<\/li>\n<\/ul>\n<p data-start=\"2571\" data-end=\"2694\">Les effets secondaires gastro-intestinaux sont g\u00e9n\u00e9ralement l\u00e9gers ou mod\u00e9r\u00e9s, sont plus fr\u00e9quents lors de l&rsquo;augmentation de la dose et diminuent avec le temps.<\/p>\n<p data-start=\"2696\" data-end=\"2826\">Les vertiges, l&rsquo;hypotension art\u00e9rielle et la chute de cheveux surviennent principalement chez les patients ob\u00e8ses ou en surpoids, avec ou sans diab\u00e8te de type 2.<\/p>\n<hr data-start=\"2828\" data-end=\"2831\">\n<h3 data-start=\"2833\" data-end=\"2847\"><strong data-start=\"2837\" data-end=\"2847\">Posologie<\/strong><\/h3>\n<p data-start=\"2849\" data-end=\"2925\"><strong data-start=\"2849\" data-end=\"2896\">Diab\u00e8te sucr\u00e9 de type 2, gestion du poids<\/strong><br data-start=\"2896\" data-end=\"2899\">Adultes (y compris les personnes \u00e2g\u00e9es)<\/p>\n<ul data-start=\"2927\" data-end=\"3140\">\n<li data-start=\"2927\" data-end=\"2988\">\n<p data-start=\"2929\" data-end=\"2988\">Injection sous-cutan\u00e9e : dose initiale de 2,5 mg une fois par semaine.<\/p>\n<\/li>\n<li data-start=\"2989\" data-end=\"3037\">\n<p data-start=\"2991\" data-end=\"3037\">Apr\u00e8s 4 semaines, augmenter \u00e0 5 mg une fois par semaine.<\/p>\n<\/li>\n<li data-start=\"3038\" data-end=\"3140\">\n<p data-start=\"3040\" data-end=\"3140\">Si n\u00e9cessaire, augmenter encore par incr\u00e9ments de 2,5 mg toutes les 4 semaines jusqu&rsquo;\u00e0 un maximum de 15 mg une fois par semaine.<\/p>\n<\/li>\n<\/ul>\n<p data-start=\"3142\" data-end=\"3239\">Si ajout\u00e9 \u00e0 la metformine et\/ou \u00e0 un inhibiteur de SGLT2, maintenir les doses actuelles de ces m\u00e9dicaments.<\/p>\n<p data-start=\"3241\" data-end=\"3469\">Si ajout\u00e9 \u00e0 un sulfonylur\u00e9e et\/ou \u00e0 l&rsquo;insuline, envisager de diminuer la dose de sulfonylur\u00e9e ou d&rsquo;insuline pour r\u00e9duire le risque d&rsquo;hypoglyc\u00e9mie ; l&rsquo;autosurveillance de la glyc\u00e9mie est n\u00e9cessaire. La r\u00e9duction de la dose d&rsquo;insuline doit se faire progressivement. <\/p>\n<p data-start=\"3471\" data-end=\"3634\">Aucun ajustement de dose n&rsquo;est n\u00e9cessaire chez les patients dont la fonction r\u00e9nale est r\u00e9duite. Utiliser avec prudence en cas d&rsquo;insuffisance r\u00e9nale s\u00e9v\u00e8re ou de maladie r\u00e9nale en phase terminale en raison de donn\u00e9es insuffisantes. <\/p>\n<p data-start=\"3636\" data-end=\"3770\">Aucun ajustement de dose n&rsquo;est n\u00e9cessaire chez les patients dont la fonction h\u00e9patique est r\u00e9duite. Utiliser avec prudence en cas d&rsquo;insuffisance h\u00e9patique s\u00e9v\u00e8re en raison de donn\u00e9es insuffisantes. <\/p>\n","protected":false},"excerpt":{"rendered":"<p>Propri\u00e9t\u00e9s Le tirz\u00e9patide est un agoniste s\u00e9lectif \u00e0 longue dur\u00e9e d&rsquo;action des r\u00e9cepteurs du \u00ab polypeptide insulinotrope d\u00e9pendant du glucose \u00bb (GIP) et du \u00ab peptide-1 de type glucagon \u00bb (GLP-1). Son activit\u00e9 sur le r\u00e9cepteur GIP est comparable \u00e0 celle de l&rsquo;hormone GIP naturelle du corps, tandis que son activit\u00e9 sur le r\u00e9cepteur GLP-1 &#8230; <a title=\"Tirz\u00e9patide 10 mg novo\" class=\"read-more\" href=\"https:\/\/www.gainmode.to\/fr\/produit\/tirzepatide-10-mg-novo\/\" aria-label=\"En savoir plus sur Tirz\u00e9patide 10 mg novo\">Lire la suite<\/a><\/p>\n","protected":false},"featured_media":1193,"comment_status":"open","ping_status":"closed","template":"","meta":[],"product_brand":[83],"product_cat":[982,983],"product_tag":[990,992,989,993,986,991,987,984,985,988],"class_list":{"0":"post-2061","1":"product","2":"type-product","3":"status-publish","4":"has-post-thumbnail","6":"product_brand-novo","7":"product_cat-perte-de-poids","8":"product_cat-tirzepatide-fr","9":"product_tag-alternative-a-mounjaro","10":"product_tag-controle-de-la-glycemie","11":"product_tag-glp-1-fr","12":"product_tag-injection-de-tirzepatide","13":"product_tag-novo-tirzepatide-fr","14":"product_tag-peptide-injectable","15":"product_tag-perte-de-poids","16":"product_tag-tirzepatide-fr","17":"product_tag-tirzepatide-10-mg","18":"product_tag-traitement-du-diabete","20":"first","21":"instock","22":"sale","23":"shipping-taxable","24":"purchasable","25":"product-type-simple"},"_links":{"self":[{"href":"https:\/\/www.gainmode.to\/fr\/wp-json\/wp\/v2\/product\/2061","targetHints":{"allow":["GET"]}}],"collection":[{"href":"https:\/\/www.gainmode.to\/fr\/wp-json\/wp\/v2\/product"}],"about":[{"href":"https:\/\/www.gainmode.to\/fr\/wp-json\/wp\/v2\/types\/product"}],"replies":[{"embeddable":true,"href":"https:\/\/www.gainmode.to\/fr\/wp-json\/wp\/v2\/comments?post=2061"}],"wp:featuredmedia":[{"embeddable":true,"href":"https:\/\/www.gainmode.to\/fr\/wp-json\/wp\/v2\/media\/1193"}],"wp:attachment":[{"href":"https:\/\/www.gainmode.to\/fr\/wp-json\/wp\/v2\/media?parent=2061"}],"wp:term":[{"taxonomy":"product_brand","embeddable":true,"href":"https:\/\/www.gainmode.to\/fr\/wp-json\/wp\/v2\/product_brand?post=2061"},{"taxonomy":"product_cat","embeddable":true,"href":"https:\/\/www.gainmode.to\/fr\/wp-json\/wp\/v2\/product_cat?post=2061"},{"taxonomy":"product_tag","embeddable":true,"href":"https:\/\/www.gainmode.to\/fr\/wp-json\/wp\/v2\/product_tag?post=2061"}],"curies":[{"name":"wp","href":"https:\/\/api.w.org\/{rel}","templated":true}]}}