{"id":2070,"date":"2025-06-12T20:25:20","date_gmt":"2025-06-12T20:25:20","guid":{"rendered":"https:\/\/www.gainmode.to\/product\/sustanon-250mg-ml-unique-pharma\/"},"modified":"2025-12-07T22:04:01","modified_gmt":"2025-12-07T22:04:01","slug":"sustanon-250mg-ml-unique-pharma","status":"publish","type":"product","link":"https:\/\/www.gainmode.to\/fr\/produit\/sustanon-250mg-ml-unique-pharma\/","title":{"rendered":"Sustanon 250mg\/ml Unique pharma"},"content":{"rendered":"<h2 data-start=\"158\" data-end=\"202\">Sustanon de la plus haute qualit\u00e9 par Unique pharma<\/h2>\n<h3 data-start=\"204\" data-end=\"234\">Qu&rsquo;est-ce que le sustanon 250mg\/ml ?<\/h3>\n<p data-start=\"236\" data-end=\"484\">Sustanon 250 mg est une solution huileuse jaune et claire qui peut \u00eatre inject\u00e9e dans le corps masculin. L&rsquo;ingr\u00e9dient actif de ce m\u00e9dicament est la testost\u00e9rone. L&rsquo;administration de ce m\u00e9dicament permet de compl\u00e9ter un niveau hormonal faible ou absent de l&rsquo;hormone m\u00e2le.  <\/p>\n<p data-start=\"486\" data-end=\"504\"><strong data-start=\"486\" data-end=\"502\">Indications :<\/strong><\/p>\n<ul data-start=\"505\" data-end=\"685\">\n<li data-start=\"505\" data-end=\"566\">\n<p data-start=\"507\" data-end=\"566\">Croissance excessive en hauteur ou pubert\u00e9 retard\u00e9e<br data-start=\"549\" data-end=\"552\"><strong data-start=\"552\" data-end=\"564\">Effets :<\/strong><\/p>\n<\/li>\n<li data-start=\"567\" data-end=\"685\">\n<p data-start=\"569\" data-end=\"685\">Limite la croissance en hauteur, stimule le d\u00e9veloppement des caract\u00e9ristiques sexuelles masculines<br data-start=\"648\" data-end=\"651\"><strong data-start=\"651\" data-end=\"672\">Substance active :<\/strong> Testost\u00e9rone<\/p>\n<\/li>\n<\/ul>\n<h3 data-start=\"687\" data-end=\"720\">Comment fonctionne le sustanon 250mg ?<\/h3>\n<p data-start=\"722\" data-end=\"1208\">La testost\u00e9rone est une hormone produite dans les testicules des hommes. Elle est responsable de la fertilit\u00e9 et des traits masculins tels qu&rsquo;une voix grave et la pilosit\u00e9 corporelle. Elle soutient \u00e9galement le d\u00e9veloppement des os et des muscles et stimule la production de globules rouges. Tous les hommes ne produisent pas suffisamment de testost\u00e9rone naturellement. Cela peut \u00eatre d\u00e9termin\u00e9 par des tests sanguins ou des sympt\u00f4mes cliniques tels que l&rsquo;infertilit\u00e9, une faible libido, la fatigue, la d\u00e9pression et la perte osseuse. Pour r\u00e9tablir les niveaux de testost\u00e9rone, Sustanon 250 mg peut \u00eatre inject\u00e9.     <\/p>\n<h3 data-start=\"1210\" data-end=\"1244\">Comment le sustanon 250mg\/ml est-il utilis\u00e9 ?<\/h3>\n<p data-start=\"1246\" data-end=\"1607\">Ce m\u00e9dicament ne doit \u00eatre administr\u00e9 que par un m\u00e9decin ou une infirmi\u00e8re. L&rsquo;injection est pratiqu\u00e9e profond\u00e9ment dans le tissu musculaire (fesses, cuisse ou haut du bras). G\u00e9n\u00e9ralement, la dose recommand\u00e9e est de 1 ml toutes les 3 semaines. Si le m\u00e9dicament est trop fort ou trop faible, il convient d&rsquo;en discuter imm\u00e9diatement avec le professionnel de la sant\u00e9. Si une dose est oubli\u00e9e, elle ne doit pas \u00eatre doubl\u00e9e.    <\/p>\n<h3 data-start=\"1609\" data-end=\"1655\">Quand le sustanon 250mg\/ml NE doit-il PAS \u00eatre utilis\u00e9 ?<\/h3>\n<p data-start=\"1657\" data-end=\"1777\">Ce m\u00e9dicament ne doit pas \u00eatre utilis\u00e9 par les patients allergiques \u00e0 l&rsquo;un de ses ingr\u00e9dients. Il ne doit pas non plus \u00eatre utilis\u00e9 dans les cas de : <\/p>\n<ul data-start=\"1778\" data-end=\"1837\">\n<li data-start=\"1778\" data-end=\"1825\">\n<p data-start=\"1780\" data-end=\"1825\">Cancer de la prostate ou du sein (pass\u00e9 ou pr\u00e9sent)<\/p>\n<\/li>\n<li data-start=\"1826\" data-end=\"1837\">\n<p data-start=\"1828\" data-end=\"1837\">Grossesse<\/p>\n<\/li>\n<\/ul>\n<h3 data-start=\"1839\" data-end=\"1885\">Effets secondaires possibles du sustanon 250mg\/ml<\/h3>\n<p data-start=\"1887\" data-end=\"2047\">L&rsquo;utilisation de Sustanon 250 mg peut entra\u00eener des effets secondaires. Si les effets secondaires deviennent graves, les patients doivent contacter leur m\u00e9decin ou leur pharmacien.  Les effets secondaires courants comprennent :<\/p>\n<ul data-start=\"2048\" data-end=\"2152\">\n<li data-start=\"2048\" data-end=\"2084\">\n<p data-start=\"2050\" data-end=\"2084\">Augmentation du nombre de globules rouges<\/p>\n<\/li>\n<li data-start=\"2085\" data-end=\"2118\">\n<p data-start=\"2087\" data-end=\"2118\">Augmentation des valeurs d&rsquo;h\u00e9matocrite<\/p>\n<\/li>\n<li data-start=\"2119\" data-end=\"2152\">\n<p data-start=\"2121\" data-end=\"2152\">Augmentation des niveaux d&rsquo;h\u00e9moglobine<\/p>\n<\/li>\n<\/ul>\n<hr data-start=\"2154\" data-end=\"2157\">\n<h3 data-start=\"2159\" data-end=\"2177\">\u00c0 propos du sustanon<\/h3>\n<p data-start=\"2179\" data-end=\"2429\">Le sustanon est un puissant m\u00e9lange de testost\u00e9rone compos\u00e9 de quatre esters diff\u00e9rents : le propionate de testost\u00e9rone, le ph\u00e9nylpropionate de testost\u00e9rone, l&rsquo;isocaproate de testost\u00e9rone et le d\u00e9canoate de testost\u00e9rone. Cette combinaison offre des effets \u00e0 la fois rapides et durables. <\/p>\n<h3 data-start=\"2431\" data-end=\"2455\">Pourquoi choisir le sustanon ?<\/h3>\n<ul data-start=\"2457\" data-end=\"2688\">\n<li data-start=\"2457\" data-end=\"2524\">\n<p data-start=\"2459\" data-end=\"2524\">Effets durables gr\u00e2ce \u00e0 un m\u00e9lange de quatre esters de testost\u00e9rone<\/p>\n<\/li>\n<li data-start=\"2525\" data-end=\"2568\">\n<p data-start=\"2527\" data-end=\"2568\">Convient aux phases de prise de masse et de s\u00e8che<\/p>\n<\/li>\n<li data-start=\"2569\" data-end=\"2628\">\n<p data-start=\"2571\" data-end=\"2628\">R\u00e9sultats fiables en termes de force, de croissance musculaire et d&rsquo;\u00e9nergie<\/p>\n<\/li>\n<li data-start=\"2629\" data-end=\"2688\">\n<p data-start=\"2631\" data-end=\"2688\">Emballage discret et livraison rapide avec les commandes en ligne<\/p>\n<\/li>\n<\/ul>\n<h3 data-start=\"2690\" data-end=\"2731\">Comment fonctionne le sustanon Unique pharma ?<\/h3>\n<p data-start=\"2733\" data-end=\"3038\">Le sustanon combine des esters \u00e0 action rapide et \u00e0 action lente pour fournir des r\u00e9sultats imm\u00e9diats tout en maintenant des niveaux de testost\u00e9rone stables pendant des semaines. Il favorise la croissance musculaire, augmente la force et am\u00e9liore la r\u00e9cup\u00e9ration apr\u00e8s des entra\u00eenements intenses. Il est id\u00e9al pour les cycles de prise de masse ou comme hormone de base pendant les cycles anabolisants.  <\/p>\n<h3 data-start=\"3040\" data-end=\"3056\">Effets secondaires<\/h3>\n<p data-start=\"3058\" data-end=\"3113\">Bien qu&rsquo;efficace, une utilisation incorrecte de Sustanon peut provoquer :<\/p>\n<ul data-start=\"3114\" data-end=\"3207\">\n<li data-start=\"3114\" data-end=\"3136\">\n<p data-start=\"3116\" data-end=\"3136\">Acn\u00e9 et peau grasse<\/p>\n<\/li>\n<li data-start=\"3137\" data-end=\"3156\">\n<p data-start=\"3139\" data-end=\"3156\">R\u00e9tention d&rsquo;eau<\/p>\n<\/li>\n<li data-start=\"3157\" data-end=\"3207\">\n<p data-start=\"3159\" data-end=\"3207\">Suppression de la production naturelle de testost\u00e9rone<\/p>\n<\/li>\n<\/ul>\n<p data-start=\"3209\" data-end=\"3291\">Un dosage appropri\u00e9 et une th\u00e9rapie post-cycle (PCT) sont importants pour minimiser les effets secondaires.<\/p>\n<h3 data-start=\"3293\" data-end=\"3303\">Posologie<\/h3>\n<p data-start=\"3305\" data-end=\"3480\">La dose recommand\u00e9e se situe entre <strong data-start=\"3343\" data-end=\"3366\">250 et 500 mg par semaine<\/strong>, en fonction de l&rsquo;exp\u00e9rience et des objectifs. Les injections sont g\u00e9n\u00e9ralement effectu\u00e9es une ou deux fois par semaine pour un r\u00e9sultat optimal.<\/p>\n","protected":false},"excerpt":{"rendered":"<p><b>Informatie :<\/b><\/p>\n<table class=\"table table-bordered\">\n<tbody>\n<tr>\n<td>Halfwaardetijd<\/td>\n<td>4-6 dagen<\/td>\n<\/tr>\n<tr>\n<td>Administration<\/td>\n<td>injection<\/td>\n<\/tr>\n<tr>\n<td>Dose<\/td>\n<td>250-1000mg<\/td>\n<\/tr>\n<tr>\n<td>Acn\u00e9<\/td>\n<td>\u00c0 des doses plus \u00e9lev\u00e9es<\/td>\n<\/tr>\n<tr>\n<td>R\u00e9tention d&rsquo;eau<\/td>\n<td>\u00c0 des doses plus \u00e9lev\u00e9es<\/td>\n<\/tr>\n<tr>\n<td>Hypertension art\u00e9rielle<\/td>\n<td>\u00c0 des doses plus \u00e9lev\u00e9es<\/td>\n<\/tr>\n<tr>\n<td>Dommages au foie<\/td>\n<td>\u00c0 des doses plus \u00e9lev\u00e9es<\/td>\n<\/tr>\n<tr>\n<td>Aromatisation<\/td>\n<td>oui<\/td>\n<\/tr>\n<tr>\n<td>Conversion DHT<\/td>\n<td>Oui<\/td>\n<\/tr>\n<\/tbody>\n<\/table>\n","protected":false},"featured_media":1183,"comment_status":"open","ping_status":"closed","template":"","meta":[],"product_brand":[79],"product_cat":[1075,1076],"product_tag":[1079,1078,1082,1083,1084,1081,1085,1080,1077,1086],"class_list":{"0":"post-2070","1":"product","2":"type-product","3":"status-publish","4":"has-post-thumbnail","6":"product_brand-unique","7":"product_cat-injections-fr","8":"product_cat-sustanon-fr","9":"product_tag-strength-enhancement-fr","10":"product_tag-croissance-musculaire","11":"product_tag-bodybuilding-steroid-fr","12":"product_tag-sustanon-fr","13":"product_tag-sustanon-250-mg-ml-fr","14":"product_tag-long-acting-testosterone-fr","15":"product_tag-testosterone-blend-fr","16":"product_tag-injectable-testosterone-fr","17":"product_tag-unique-pharma-fr","18":"product_tag-unique-pharma-sustanon-fr","20":"first","21":"outofstock","22":"shipping-taxable","23":"purchasable","24":"product-type-simple"},"_links":{"self":[{"href":"https:\/\/www.gainmode.to\/fr\/wp-json\/wp\/v2\/product\/2070","targetHints":{"allow":["GET"]}}],"collection":[{"href":"https:\/\/www.gainmode.to\/fr\/wp-json\/wp\/v2\/product"}],"about":[{"href":"https:\/\/www.gainmode.to\/fr\/wp-json\/wp\/v2\/types\/product"}],"replies":[{"embeddable":true,"href":"https:\/\/www.gainmode.to\/fr\/wp-json\/wp\/v2\/comments?post=2070"}],"wp:featuredmedia":[{"embeddable":true,"href":"https:\/\/www.gainmode.to\/fr\/wp-json\/wp\/v2\/media\/1183"}],"wp:attachment":[{"href":"https:\/\/www.gainmode.to\/fr\/wp-json\/wp\/v2\/media?parent=2070"}],"wp:term":[{"taxonomy":"product_brand","embeddable":true,"href":"https:\/\/www.gainmode.to\/fr\/wp-json\/wp\/v2\/product_brand?post=2070"},{"taxonomy":"product_cat","embeddable":true,"href":"https:\/\/www.gainmode.to\/fr\/wp-json\/wp\/v2\/product_cat?post=2070"},{"taxonomy":"product_tag","embeddable":true,"href":"https:\/\/www.gainmode.to\/fr\/wp-json\/wp\/v2\/product_tag?post=2070"}],"curies":[{"name":"wp","href":"https:\/\/api.w.org\/{rel}","templated":true}]}}