{"id":2087,"date":"2025-06-12T20:25:24","date_gmt":"2025-06-12T20:25:24","guid":{"rendered":"https:\/\/www.gainmode.to\/product\/testosterone-enanthate-250mg-ml-unique-pharma\/"},"modified":"2025-12-14T21:56:59","modified_gmt":"2025-12-14T21:56:59","slug":"leather-clad-leisure-chair","status":"publish","type":"product","link":"https:\/\/www.gainmode.to\/fr\/produit\/leather-clad-leisure-chair\/","title":{"rendered":"Testost\u00e9rone \u00e9nanthate 250mg\/ml Unique pharma"},"content":{"rendered":"<p data-start=\"92\" data-end=\"188\"><strong data-start=\"92\" data-end=\"143\">Testosterone Enanthate 250mg\/ml \u2013 Unique Pharma<\/strong><br data-start=\"143\" data-end=\"146\"><strong data-start=\"146\" data-end=\"188\">Testost\u00e9rone \u00e9nanthate de la plus haute qualit\u00e9<\/strong><\/p>\n<p data-start=\"190\" data-end=\"392\">La testost\u00e9rone \u00e9nanthate 250 mg\/ml est un st\u00e9ro\u00efde produit sous forme injectable \u00e0 base d&rsquo;huile pour une utilisation intramusculaire. Elle est conditionn\u00e9e dans un flacon en verre de 10 ml. La testost\u00e9rone \u00e9nanthate est g\u00e9n\u00e9ralement inject\u00e9e 1 \u00e0 3 fois par semaine.  <\/p>\n<hr data-start=\"394\" data-end=\"397\">\n<h3 data-start=\"399\" data-end=\"440\"><strong data-start=\"403\" data-end=\"440\">Comment fonctionne la testost\u00e9rone \u00e9nanthate :<\/strong><\/h3>\n<ul data-start=\"442\" data-end=\"941\">\n<li data-start=\"442\" data-end=\"480\">\n<p data-start=\"444\" data-end=\"480\">Provoque une augmentation de la masse musculaire.<\/p>\n<\/li>\n<li data-start=\"481\" data-end=\"557\">\n<p data-start=\"483\" data-end=\"557\">Am\u00e9liore consid\u00e9rablement la capacit\u00e9 d&rsquo;entra\u00eenement : vous pouvez vous entra\u00eener beaucoup plus intens\u00e9ment que d&rsquo;habitude.<\/p>\n<\/li>\n<li data-start=\"558\" data-end=\"704\">\n<p data-start=\"560\" data-end=\"704\">Am\u00e9liore les caract\u00e8res sexuels secondaires masculins, tels que l&rsquo;accentuation des traits masculins du visage, l&rsquo;approfondissement de la voix et l&rsquo;augmentation de la pilosit\u00e9.<\/p>\n<\/li>\n<li data-start=\"705\" data-end=\"756\">\n<p data-start=\"707\" data-end=\"756\">Am\u00e9liore et stimule les processus de r\u00e9g\u00e9n\u00e9ration.<\/p>\n<\/li>\n<li data-start=\"757\" data-end=\"785\">\n<p data-start=\"759\" data-end=\"785\">Augmente le d\u00e9sir sexuel.<\/p>\n<\/li>\n<li data-start=\"786\" data-end=\"872\">\n<p data-start=\"788\" data-end=\"872\">Soulage la pression dans les bras, divers probl\u00e8mes de disque intervert\u00e9bral et les douleurs articulaires.<\/p>\n<\/li>\n<li data-start=\"873\" data-end=\"941\">\n<p data-start=\"875\" data-end=\"941\">Augmente la motivation pour tirer le meilleur parti de chaque s\u00e9ance d&rsquo;entra\u00eenement.<\/p>\n<\/li>\n<\/ul>\n<hr data-start=\"943\" data-end=\"946\">\n<h3 data-start=\"948\" data-end=\"969\"><strong data-start=\"952\" data-end=\"969\">Effets secondaires :<\/strong><\/h3>\n<p data-start=\"971\" data-end=\"1039\">En raison d&rsquo;une forte activit\u00e9 \u0153strog\u00e9nique, les effets secondaires suivants peuvent survenir :<\/p>\n<ul data-start=\"1041\" data-end=\"1450\">\n<li data-start=\"1041\" data-end=\"1094\">\n<p data-start=\"1043\" data-end=\"1094\">Gyn\u00e9comastie (d\u00e9veloppement du tissu mammaire masculin).<\/p>\n<\/li>\n<li data-start=\"1095\" data-end=\"1170\">\n<p data-start=\"1097\" data-end=\"1170\">R\u00e9tention d&rsquo;exc\u00e8s de liquide dans le corps et formation de graisse de type f\u00e9minin.<\/p>\n<\/li>\n<li data-start=\"1171\" data-end=\"1248\">\n<p data-start=\"1173\" data-end=\"1248\">R\u00e9tr\u00e9cissement testiculaire chez les hommes si des pr\u00e9cautions ne sont pas prises (par exemple, utilisation d&rsquo;HCG).<\/p>\n<\/li>\n<li data-start=\"1249\" data-end=\"1300\">\n<p data-start=\"1251\" data-end=\"1300\">Suppression de la production naturelle de testost\u00e9rone.<\/p>\n<\/li>\n<li data-start=\"1301\" data-end=\"1315\">\n<p data-start=\"1303\" data-end=\"1315\">Chute de cheveux.<\/p>\n<\/li>\n<li data-start=\"1316\" data-end=\"1369\">\n<p data-start=\"1318\" data-end=\"1369\">Suppression de la s\u00e9cr\u00e9tion endog\u00e8ne de testost\u00e9rone.<\/p>\n<\/li>\n<li data-start=\"1370\" data-end=\"1404\">\n<p data-start=\"1372\" data-end=\"1404\">Acn\u00e9 et hyperplasie de la prostate.<\/p>\n<\/li>\n<li data-start=\"1405\" data-end=\"1450\">\n<p data-start=\"1407\" data-end=\"1450\">Cela peut affecter la r\u00e9gulation de l&rsquo;hormone thyro\u00efdienne.<\/p>\n<\/li>\n<\/ul>\n","protected":false},"excerpt":{"rendered":"<p><b>Informatie :<\/b><\/p>\n<p>&nbsp;<\/p>\n<table class=\"table table-bordered\" width=\"288\">\n<tbody>\n<tr>\n<td>Demi-vie<\/td>\n<td>4-5 jours<\/td>\n<\/tr>\n<tr>\n<td>Administration<\/td>\n<td>injection<\/td>\n<\/tr>\n<tr>\n<td>Dose<\/td>\n<td>250-1000mg<\/td>\n<\/tr>\n<tr>\n<td>Acn\u00e9<\/td>\n<td>\u00c0 des doses plus \u00e9lev\u00e9es<\/td>\n<\/tr>\n<tr>\n<td>R\u00e9tention d&rsquo;eau<\/td>\n<td>\u00c0 des doses plus \u00e9lev\u00e9es<\/td>\n<\/tr>\n<tr>\n<td>Hypertension art\u00e9rielle<\/td>\n<td>\u00c0 des doses plus \u00e9lev\u00e9es<\/td>\n<\/tr>\n<tr>\n<td>Dommages au foie<\/td>\n<td>\u00c0 des doses plus \u00e9lev\u00e9es<\/td>\n<\/tr>\n<tr>\n<td>Aromatisation<\/td>\n<td>oui<\/td>\n<\/tr>\n<tr>\n<td>Conversion DHT<\/td>\n<td>Oui<\/td>\n<\/tr>\n<\/tbody>\n<\/table>\n","protected":false},"featured_media":1173,"comment_status":"open","ping_status":"closed","template":"","meta":[],"product_brand":[79],"product_cat":[1161,1075],"product_tag":[1079,1078,1164,1162,1082,1081,1165,1080,1167,1077],"class_list":{"0":"post-2087","1":"product","2":"type-product","3":"status-publish","4":"has-post-thumbnail","6":"product_brand-unique","7":"product_cat-enanthate-de-testosterone","8":"product_cat-injections-fr","9":"product_tag-strength-enhancement-fr","10":"product_tag-croissance-musculaire","11":"product_tag-enanthate-250-fr","12":"product_tag-enanthate-de-testosterone","13":"product_tag-bodybuilding-steroid-fr","14":"product_tag-long-acting-testosterone-fr","15":"product_tag-testosterone-enanthate-250-mg-ml-fr","16":"product_tag-injectable-testosterone-fr","17":"product_tag-testosterone-unique-pharma","18":"product_tag-unique-pharma-fr","20":"first","21":"outofstock","22":"shipping-taxable","23":"purchasable","24":"product-type-simple"},"_links":{"self":[{"href":"https:\/\/www.gainmode.to\/fr\/wp-json\/wp\/v2\/product\/2087","targetHints":{"allow":["GET"]}}],"collection":[{"href":"https:\/\/www.gainmode.to\/fr\/wp-json\/wp\/v2\/product"}],"about":[{"href":"https:\/\/www.gainmode.to\/fr\/wp-json\/wp\/v2\/types\/product"}],"replies":[{"embeddable":true,"href":"https:\/\/www.gainmode.to\/fr\/wp-json\/wp\/v2\/comments?post=2087"}],"wp:featuredmedia":[{"embeddable":true,"href":"https:\/\/www.gainmode.to\/fr\/wp-json\/wp\/v2\/media\/1173"}],"wp:attachment":[{"href":"https:\/\/www.gainmode.to\/fr\/wp-json\/wp\/v2\/media?parent=2087"}],"wp:term":[{"taxonomy":"product_brand","embeddable":true,"href":"https:\/\/www.gainmode.to\/fr\/wp-json\/wp\/v2\/product_brand?post=2087"},{"taxonomy":"product_cat","embeddable":true,"href":"https:\/\/www.gainmode.to\/fr\/wp-json\/wp\/v2\/product_cat?post=2087"},{"taxonomy":"product_tag","embeddable":true,"href":"https:\/\/www.gainmode.to\/fr\/wp-json\/wp\/v2\/product_tag?post=2087"}],"curies":[{"name":"wp","href":"https:\/\/api.w.org\/{rel}","templated":true}]}}