{"id":2098,"date":"2025-06-23T22:36:16","date_gmt":"2025-06-23T22:36:16","guid":{"rendered":"https:\/\/www.gainmode.to\/product\/eau-bacteriostatique-10-ml\/"},"modified":"2025-12-07T22:04:28","modified_gmt":"2025-12-07T22:04:28","slug":"bacteriostatic-water-10ml","status":"publish","type":"product","link":"https:\/\/www.gainmode.to\/fr\/produit\/bacteriostatic-water-10ml\/","title":{"rendered":"Eau bact\u00e9riostatique 10 ml"},"content":{"rendered":"<p align=\"justify\">L&rsquo;eau bact\u00e9riostatique pour injection est une eau st\u00e9rile et non pyrog\u00e8ne qui contient 0,9 % d&rsquo;alcool benzylique (9 mg\/mL) ajout\u00e9 comme conservateur bact\u00e9riostatique. Cette pr\u00e9paration d&rsquo;eau st\u00e9rile et d&rsquo;alcool benzylique (BnOH) permet d&rsquo;effectuer des pr\u00e9l\u00e8vements r\u00e9p\u00e9t\u00e9s \u00e0 partir d&rsquo;un seul flacon en plastique de 30 mL. Hospira, le premier fabricant et fournisseur mondial d&rsquo;eau bact\u00e9riostatique et st\u00e9rile, conseille qu&rsquo;une fois qu&rsquo;un flacon d&rsquo;eau bact\u00e9riostatique est ouvert, les conservateurs prolongeront sa dur\u00e9e de vie jusqu&rsquo;\u00e0 28 jours. Pass\u00e9 ce d\u00e9lai, le flacon doit \u00eatre jet\u00e9.   <\/p>\n","protected":false},"excerpt":{"rendered":"<p>L&rsquo;eau bact\u00e9riostatique pour injection est une eau st\u00e9rile et non pyrog\u00e8ne qui contient 0,9 % d&rsquo;alcool benzylique (9 mg\/mL) ajout\u00e9 comme conservateur bact\u00e9riostatique. Cette pr\u00e9paration d&rsquo;eau st\u00e9rile et d&rsquo;alcool benzylique (BnOH) permet d&rsquo;effectuer des pr\u00e9l\u00e8vements r\u00e9p\u00e9t\u00e9s \u00e0 partir d&rsquo;un seul flacon en plastique de 30 mL. Hospira, le premier fabricant et fournisseur mondial d&rsquo;eau bact\u00e9riostatique &#8230; <a title=\"Eau bact\u00e9riostatique 10 ml\" class=\"read-more\" href=\"https:\/\/www.gainmode.to\/fr\/produit\/bacteriostatic-water-10ml\/\" aria-label=\"En savoir plus sur Eau bact\u00e9riostatique 10 ml\">Lire la suite<\/a><\/p>\n","protected":false},"featured_media":1203,"comment_status":"open","ping_status":"closed","template":"","meta":[],"product_brand":[80],"product_cat":[1251],"product_tag":[1253,1254,1261,1263,1259,1256,1255,1257],"class_list":{"0":"post-2098","1":"product","2":"type-product","3":"status-publish","4":"has-post-thumbnail","6":"product_brand-prime-pharma","7":"product_cat-peptides-fr","8":"product_tag-eau-bacteriostatique","9":"product_tag-eau-bacteriostatique-10-ml","10":"product_tag-eau-bacteriostatique-10-ml-fr","11":"product_tag-eau-bacteriostatique-sterile","12":"product_tag-eau-medicale","13":"product_tag-eau-pour-injection","14":"product_tag-eau-sterile","15":"product_tag-eau-sterile-bacteriostatique","17":"first","18":"instock","19":"shipping-taxable","20":"purchasable","21":"product-type-simple"},"_links":{"self":[{"href":"https:\/\/www.gainmode.to\/fr\/wp-json\/wp\/v2\/product\/2098","targetHints":{"allow":["GET"]}}],"collection":[{"href":"https:\/\/www.gainmode.to\/fr\/wp-json\/wp\/v2\/product"}],"about":[{"href":"https:\/\/www.gainmode.to\/fr\/wp-json\/wp\/v2\/types\/product"}],"replies":[{"embeddable":true,"href":"https:\/\/www.gainmode.to\/fr\/wp-json\/wp\/v2\/comments?post=2098"}],"wp:featuredmedia":[{"embeddable":true,"href":"https:\/\/www.gainmode.to\/fr\/wp-json\/wp\/v2\/media\/1203"}],"wp:attachment":[{"href":"https:\/\/www.gainmode.to\/fr\/wp-json\/wp\/v2\/media?parent=2098"}],"wp:term":[{"taxonomy":"product_brand","embeddable":true,"href":"https:\/\/www.gainmode.to\/fr\/wp-json\/wp\/v2\/product_brand?post=2098"},{"taxonomy":"product_cat","embeddable":true,"href":"https:\/\/www.gainmode.to\/fr\/wp-json\/wp\/v2\/product_cat?post=2098"},{"taxonomy":"product_tag","embeddable":true,"href":"https:\/\/www.gainmode.to\/fr\/wp-json\/wp\/v2\/product_tag?post=2098"}],"curies":[{"name":"wp","href":"https:\/\/api.w.org\/{rel}","templated":true}]}}