{"id":2099,"date":"2025-06-23T22:23:24","date_gmt":"2025-06-23T22:23:24","guid":{"rendered":"https:\/\/www.gainmode.to\/product\/retatrutide-15-mg-novo\/"},"modified":"2026-02-09T22:11:33","modified_gmt":"2026-02-09T22:11:33","slug":"retatrutide-15mg-novo","status":"publish","type":"product","link":"https:\/\/www.gainmode.to\/fr\/produit\/retatrutide-15mg-novo\/","title":{"rendered":"Retatrutide 15 mg novo"},"content":{"rendered":"<p data-start=\"97\" data-end=\"153\"><strong data-start=\"97\" data-end=\"153\">Retatrutide 15 mg Novo incl. 2 ml d&rsquo;eau bact\u00e9riostatique <\/strong><\/p>\n<p data-start=\"155\" data-end=\"476\">Le r\u00e9tatrutide est un m\u00e9dicament qui agit sur <strong data-start=\"196\" data-end=\"223\">trois r\u00e9cepteurs hormonaux<\/strong>: le r\u00e9cepteur de l&rsquo;hormone GLP-1, le r\u00e9cepteur du glucagon et le r\u00e9cepteur de l&rsquo;hormone GIP. Ces r\u00e9cepteurs aident \u00e0 r\u00e9guler la glyc\u00e9mie, contribuent \u00e0 la s\u00e9cr\u00e9tion d&rsquo;insuline, contr\u00f4lent la faim et la sati\u00e9t\u00e9, stimulent la combustion des graisses et influencent ainsi l&rsquo;\u00e9quilibre \u00e9nerg\u00e9tique.<\/p>\n<p data-start=\"478\" data-end=\"768\">Le retatrutide imite certaines hormones dans le corps qui r\u00e9gulent le m\u00e9tabolisme et l&rsquo;app\u00e9tit, ce qui facilite l&rsquo;atteinte de vos objectifs d&rsquo;apport calorique. Gr\u00e2ce \u00e0 son approche multihormonale cibl\u00e9e, le retatrutide offre une m\u00e9thode plus large de perte de poids par rapport aux autres agents amincissants injectables. <\/p>\n<p data-start=\"770\" data-end=\"1068\"><strong data-start=\"770\" data-end=\"805\">M\u00e9canisme d&rsquo;action innovant :<\/strong><br data-start=\"805\" data-end=\"808\">Le r\u00e9tatrutide est un triple agoniste r\u00e9volutionnaire qui cible les r\u00e9cepteurs du glucagon, le polypeptide inhibiteur gastrique et les r\u00e9cepteurs du peptide-1 de type glucagon. Il augmente de mani\u00e8re synergique la s\u00e9cr\u00e9tion d&rsquo;insuline, am\u00e9liore l&rsquo;hom\u00e9ostasie du glucose et affine la r\u00e9gulation de l&rsquo;app\u00e9tit.<\/p>\n","protected":false},"excerpt":{"rendered":"<p>Bovendien verbetert het de stofwisseling, waardoor uw lichaam calorie\u00ebn effici\u00ebnter kan verbranden. Wat zijn de meest voorkomende bijwerkingen van Retatrutide? Veelvoorkomende bijwerkingen van Retatrutide zijn <b>misselijkheid, diarree, hoofdpijn en vermoeidheid<\/b>  <\/p>\n","protected":false},"featured_media":3370,"comment_status":"open","ping_status":"closed","template":"","meta":[],"product_brand":[83],"product_cat":[982,1258],"product_tag":[1267,1268,1266,1262,1270,1269,991,1264,1265,1260],"class_list":{"0":"post-2099","1":"product","2":"type-product","3":"status-publish","4":"has-post-thumbnail","6":"product_brand-novo","7":"product_cat-perte-de-poids","8":"product_cat-retatrutide-novo-fr","9":"product_tag-15-mg-de-retatrutide","10":"product_tag-novo-peptide-fr","11":"product_tag-novo-retatrutide-fr","12":"product_tag-peptide-fr","13":"product_tag-peptide-de-perte-de-graisse","14":"product_tag-peptide-de-perte-de-poids","15":"product_tag-peptide-injectable","16":"product_tag-retatrutide-fr","17":"product_tag-retatrutide-15-mg","18":"product_tag-therapie-peptidique","20":"first","21":"instock","22":"sale","23":"shipping-taxable","24":"purchasable","25":"product-type-simple"},"_links":{"self":[{"href":"https:\/\/www.gainmode.to\/fr\/wp-json\/wp\/v2\/product\/2099","targetHints":{"allow":["GET"]}}],"collection":[{"href":"https:\/\/www.gainmode.to\/fr\/wp-json\/wp\/v2\/product"}],"about":[{"href":"https:\/\/www.gainmode.to\/fr\/wp-json\/wp\/v2\/types\/product"}],"replies":[{"embeddable":true,"href":"https:\/\/www.gainmode.to\/fr\/wp-json\/wp\/v2\/comments?post=2099"}],"wp:featuredmedia":[{"embeddable":true,"href":"https:\/\/www.gainmode.to\/fr\/wp-json\/wp\/v2\/media\/3370"}],"wp:attachment":[{"href":"https:\/\/www.gainmode.to\/fr\/wp-json\/wp\/v2\/media?parent=2099"}],"wp:term":[{"taxonomy":"product_brand","embeddable":true,"href":"https:\/\/www.gainmode.to\/fr\/wp-json\/wp\/v2\/product_brand?post=2099"},{"taxonomy":"product_cat","embeddable":true,"href":"https:\/\/www.gainmode.to\/fr\/wp-json\/wp\/v2\/product_cat?post=2099"},{"taxonomy":"product_tag","embeddable":true,"href":"https:\/\/www.gainmode.to\/fr\/wp-json\/wp\/v2\/product_tag?post=2099"}],"curies":[{"name":"wp","href":"https:\/\/api.w.org\/{rel}","templated":true}]}}