{"id":2108,"date":"2025-06-23T23:02:05","date_gmt":"2025-06-23T23:02:05","guid":{"rendered":"https:\/\/www.gainmode.to\/product\/boldenone-unique-200mg-ml\/"},"modified":"2025-06-23T23:02:05","modified_gmt":"2025-06-23T23:02:05","slug":"boldenone-unique-200mg-ml","status":"publish","type":"product","link":"https:\/\/www.gainmode.to\/fr\/produit\/boldenone-unique-200mg-ml\/","title":{"rendered":"Bold\u00e9none Unique 200mg\/ml"},"content":{"rendered":"<p data-start=\"87\" data-end=\"145\"><strong data-start=\"87\" data-end=\"113\">Bold\u00e9none Unique 250mg<\/strong><br data-start=\"113\" data-end=\"116\"><strong data-start=\"116\" data-end=\"145\">Bold\u00e9none de la plus haute qualit\u00e9<\/strong><\/p>\n<p data-start=\"147\" data-end=\"724\">La bold\u00e9none und\u00e9cyl\u00e9nate 200 mg est disponible chez nous dans la plus haute qualit\u00e9 sur le march\u00e9. La bold\u00e9none und\u00e9cyl\u00e9nate 200 mg est un st\u00e9ro\u00efde anabolisant tr\u00e8s populaire parmi les culturistes, mais aussi les athl\u00e8tes d&rsquo;endurance. Elle est \u00e9galement connue sous le nom d&rsquo;Equipoise ou Ganabol. Ce compos\u00e9 provoque la plus forte augmentation des globules rouges pendant un cycle. Il en r\u00e9sulte une endurance extr\u00eame et un app\u00e9tit accru. Ceci est v\u00e9cu tr\u00e8s positivement car il permet un entra\u00eenement beaucoup plus intense pendant un cycle avec ce st\u00e9ro\u00efde anabolisant. Pour les athl\u00e8tes d&rsquo;endurance, cette propri\u00e9t\u00e9 le rend \u00e9galement tr\u00e8s appropri\u00e9.      <\/p>\n<p data-start=\"726\" data-end=\"867\">L&rsquo;achat de bold\u00e9none und\u00e9cyl\u00e9nate augmente \u00e9galement consid\u00e9rablement la vascularisation des muscles, ce qui la rend largement utilis\u00e9e lors des comp\u00e9titions de culturisme.<\/p>\n<p data-start=\"869\" data-end=\"1404\">Le rapport anabolisant\/androg\u00e8ne est de 100\/50, et la demi-vie est de 14 jours.<br data-start=\"939\" data-end=\"942\">La bold\u00e9none und\u00e9cyl\u00e9nate est uniquement disponible sous forme injectable et ses effets sont similaires \u00e0 ceux du Deca (Nandrolone), mais elle s&rsquo;aromatise 50 % de moins, vous retiendrez donc 50 % moins d&rsquo;eau pendant le cycle. Elle est significativement plus douce pour le corps, et la r\u00e9cup\u00e9ration apr\u00e8s le cycle est plus facile car elle ne supprime pas fortement votre production naturelle de testost\u00e9rone. Comme le Deca, la bold\u00e9none augmente les niveaux d&rsquo;IGF-1, ce qui augmente la r\u00e9tention d&rsquo;azote dans les muscles. Cela se traduit imm\u00e9diatement par :   <\/p>\n<ul data-start=\"1406\" data-end=\"1538\">\n<li data-start=\"1406\" data-end=\"1434\">\n<p data-start=\"1408\" data-end=\"1434\">Une meilleure synth\u00e8se des prot\u00e9ines<\/p>\n<\/li>\n<li data-start=\"1435\" data-end=\"1457\">\n<p data-start=\"1437\" data-end=\"1457\">Plus de croissance musculaire<\/p>\n<\/li>\n<li data-start=\"1458\" data-end=\"1487\">\n<p data-start=\"1460\" data-end=\"1487\">Une force musculaire accrue<\/p>\n<\/li>\n<li data-start=\"1488\" data-end=\"1538\">\n<p data-start=\"1490\" data-end=\"1538\">Des muscles plus pleins en raison d&rsquo;un stockage plus important du glycog\u00e8ne<\/p>\n<\/li>\n<\/ul>\n<hr data-start=\"1540\" data-end=\"1543\">\n<h3 data-start=\"1545\" data-end=\"1572\"><strong data-start=\"1549\" data-end=\"1572\">Comment la bold\u00e9none fonctionne<\/strong><\/h3>\n<p data-start=\"1574\" data-end=\"1891\">La bold\u00e9none und\u00e9cyl\u00e9nate 200 mg est uniquement disponible sous forme injectable et est couramment utilis\u00e9e dans les cycles de prise de masse. Le risque de d\u00e9velopper un tissu mammaire masculin est beaucoup plus faible qu&rsquo;avec le Deca ou le Dianabol, et vous retiendrez beaucoup moins d&rsquo;eau. Contrairement \u00e0 d&rsquo;autres st\u00e9ro\u00efdes anabolisants, la bold\u00e9none pr\u00e9sente plusieurs avantages positifs :  <\/p>\n<ul data-start=\"1893\" data-end=\"2100\">\n<li data-start=\"1893\" data-end=\"1914\">\n<p data-start=\"1895\" data-end=\"1914\">Pas de toxicit\u00e9 h\u00e9patique<\/p>\n<\/li>\n<li data-start=\"1915\" data-end=\"1937\">\n<p data-start=\"1917\" data-end=\"1937\">Faible risque d&rsquo;acn\u00e9<\/p>\n<\/li>\n<li data-start=\"1938\" data-end=\"2008\">\n<p data-start=\"1940\" data-end=\"2008\">Pas de conversion en DHT, donc pas de risque de probl\u00e8mes de prostate ou de perte de cheveux<\/p>\n<\/li>\n<li data-start=\"2009\" data-end=\"2064\">\n<p data-start=\"2011\" data-end=\"2064\">Suppression l\u00e9g\u00e8re de la production naturelle de testost\u00e9rone<\/p>\n<\/li>\n<li data-start=\"2065\" data-end=\"2100\">\n<p data-start=\"2067\" data-end=\"2100\">Am\u00e9lioration de l&rsquo;endurance et de l&rsquo;app\u00e9tit<\/p>\n<\/li>\n<\/ul>\n<p data-start=\"2102\" data-end=\"2332\">La bold\u00e9none augmente \u00e9galement consid\u00e9rablement les r\u00e9cepteurs d&rsquo;androg\u00e8nes, ce qui signifie que vous gagnerez plus de masse musculaire directement, \u00e0 condition de manger avec un surplus de calories. Cela reste le facteur d\u00e9cisif pour la croissance musculaire, m\u00eame lors de l&rsquo;utilisation de st\u00e9ro\u00efdes anabolisants. <\/p>\n","protected":false},"excerpt":{"rendered":"<div class=\"elementor-element elementor-element-718cd304 elementor-widget elementor-widget-woocommerce-product-etheme_tabs\" data-id=\"718cd304\" data-element_type=\"widget\" data-widget_type=\"woocommerce-product-etheme_tabs.default\">\n<div class=\"elementor-widget-container\">\n<div class=\"woocommerce-tabs et-clearfix et_element wc-tabs-wrapper type-underline horizontal loaded\" data-title=\"Tabs\">\n<div id=\"tab-description\" class=\"woocommerce-Tabs-panel woocommerce-Tabs-panel--description panel entry-content wc-tab\" role=\"tabpanel\" aria-labelledby=\"tab-title-description\">\n<p><b>Informatie :<\/b><\/p>\n<table class=\"table table-bordered\">\n<tbody>\n<tr>\n<td>Demi-vie<\/td>\n<td>14 jours<\/td>\n<\/tr>\n<tr>\n<td>Administration<\/td>\n<td>injection<\/td>\n<\/tr>\n<tr>\n<td>Dose<\/td>\n<td>Homme 400-800mg \/ femme 50-150mg<\/td>\n<\/tr>\n<tr>\n<td>Acn\u00e9<\/td>\n<td>non<\/td>\n<\/tr>\n<tr>\n<td>R\u00e9tention d&rsquo;eau<\/td>\n<td>non<\/td>\n<\/tr>\n<tr>\n<td>Hypertension art\u00e9rielle<\/td>\n<td>Non<\/td>\n<\/tr>\n<tr>\n<td>L\u00e9sions h\u00e9patiques<\/td>\n<td>Non<\/td>\n<\/tr>\n<tr>\n<td>Aromatisation<\/td>\n<td>faible<\/td>\n<\/tr>\n<tr>\n<td>Conversion DHT<\/td>\n<td>Tr\u00e8s faible<\/td>\n<\/tr>\n<\/tbody>\n<\/table>\n<\/div>\n<\/div>\n<\/div>\n<\/div>\n<div class=\"elementor-element elementor-element-5c31dcb0 etheme-product-review-columns-two elementor-widget elementor-widget-woocommerce-product-etheme_reviews\" data-id=\"5c31dcb0\" data-element_type=\"widget\" data-widget_type=\"woocommerce-product-etheme_reviews.default\">\n<div class=\"elementor-widget-container\">\n<div id=\"reviews\" class=\"woocommerce-Reviews\">\n<div id=\"comments\"><\/div>\n<\/div>\n<\/div>\n<\/div>\n","protected":false},"featured_media":382,"comment_status":"open","ping_status":"closed","template":"","meta":[],"product_brand":[79],"product_cat":[1173,1075],"product_tag":[1182,1176,1177,1340,1337,1180,1174,1175,1082],"class_list":{"0":"post-2108","1":"product","2":"type-product","3":"status-publish","4":"has-post-thumbnail","6":"product_brand-unique","7":"product_cat-boldenone-fr","8":"product_cat-injections-fr","9":"product_tag-200mg-ml-boldenone-fr","10":"product_tag-boldenone-fr","11":"product_tag-boldenone-200mg-ml-fr","12":"product_tag-boldenone-pharma-unique","13":"product_tag-boldenone-unique","14":"product_tag-injectable-boldenone-fr","15":"product_tag-anabolic-steroid-fr","16":"product_tag-muscle-growth-steroid-fr","17":"product_tag-bodybuilding-steroid-fr","19":"first","20":"instock","21":"shipping-taxable","22":"purchasable","23":"product-type-simple"},"_links":{"self":[{"href":"https:\/\/www.gainmode.to\/fr\/wp-json\/wp\/v2\/product\/2108","targetHints":{"allow":["GET"]}}],"collection":[{"href":"https:\/\/www.gainmode.to\/fr\/wp-json\/wp\/v2\/product"}],"about":[{"href":"https:\/\/www.gainmode.to\/fr\/wp-json\/wp\/v2\/types\/product"}],"replies":[{"embeddable":true,"href":"https:\/\/www.gainmode.to\/fr\/wp-json\/wp\/v2\/comments?post=2108"}],"wp:featuredmedia":[{"embeddable":true,"href":"https:\/\/www.gainmode.to\/fr\/wp-json\/wp\/v2\/media\/382"}],"wp:attachment":[{"href":"https:\/\/www.gainmode.to\/fr\/wp-json\/wp\/v2\/media?parent=2108"}],"wp:term":[{"taxonomy":"product_brand","embeddable":true,"href":"https:\/\/www.gainmode.to\/fr\/wp-json\/wp\/v2\/product_brand?post=2108"},{"taxonomy":"product_cat","embeddable":true,"href":"https:\/\/www.gainmode.to\/fr\/wp-json\/wp\/v2\/product_cat?post=2108"},{"taxonomy":"product_tag","embeddable":true,"href":"https:\/\/www.gainmode.to\/fr\/wp-json\/wp\/v2\/product_tag?post=2108"}],"curies":[{"name":"wp","href":"https:\/\/api.w.org\/{rel}","templated":true}]}}