{"id":2121,"date":"2025-06-24T09:24:29","date_gmt":"2025-06-24T09:24:29","guid":{"rendered":"https:\/\/www.gainmode.to\/product\/dhb-100-mg-ml-prime\/"},"modified":"2025-12-07T22:50:24","modified_gmt":"2025-12-07T22:50:24","slug":"dhb-100mg-ml-prime","status":"publish","type":"product","link":"https:\/\/www.gainmode.to\/fr\/produit\/dhb-100mg-ml-prime\/","title":{"rendered":"DHB 50 mg\/ml Unique"},"content":{"rendered":"<p data-start=\"109\" data-end=\"170\"><strong data-start=\"109\" data-end=\"131\">DHB 50 mg\/ml Unique<\/strong><br data-start=\"131\" data-end=\"134\"><strong data-start=\"134\" data-end=\"170\">Cypionate de dihydrobold\u00e9none (DHB)<\/strong><\/p>\n<hr data-start=\"172\" data-end=\"175\">\n<p data-start=\"177\" data-end=\"730\">Le cypionate de dihydrobold\u00e9none, \u00e9galement connu sous le nom de <strong data-start=\"219\" data-end=\"226\">DHB<\/strong> ou de <strong data-start=\"230\" data-end=\"248\">1-testost\u00e9rone<\/strong>, est un compos\u00e9 tr\u00e8s int\u00e9ressant pour gagner beaucoup de masse musculaire sans effets secondaires. Ce compos\u00e9 est <strong data-start=\"353\" data-end=\"403\">deux fois plus anabolisant que la testost\u00e9rone ou la bold\u00e9none<\/strong>. Lorsque vous achetez du DHB, vous devez garder \u00e0 l\u2019esprit qu\u2019il stimule fortement la production de globules rouges, tout comme la bold\u00e9none, de sorte que l\u2019endurance et l\u2019app\u00e9tit sont imm\u00e9diatement stimul\u00e9s. Il est donc principalement appropri\u00e9 comme agent de charge pour d\u00e9velopper beaucoup de masse musculaire&nbsp;! Le rapport anabolisant\/androg\u00e8ne de ce compos\u00e9 est de <strong data-start=\"715\" data-end=\"729\">200 \u00e0 100<\/strong>.    <\/p>\n<p data-start=\"732\" data-end=\"1348\">Sur le papier, le DHB a un rapport anabolisant\/androg\u00e8ne de 200\/100.<br data-start=\"793\" data-end=\"796\">Si ces chiffres ne signifient pas grand-chose pour vous, rappelez-vous que le rapport pour la testost\u00e9rone est exactement de 100, donc le DHB est deux fois plus anabolisant que la testost\u00e9rone.<br data-start=\"938\" data-end=\"941\">Cependant, n\u2019oublions pas que les ratios donn\u00e9s pour les st\u00e9ro\u00efdes anabolisants androg\u00e8nes (SAA) peuvent \u00eatre trompeurs.<br data-start=\"1046\" data-end=\"1049\">Par cons\u00e9quent, le DHB est en fait tr\u00e8s peu androg\u00e8ne, de sorte que les effets secondaires comme l\u2019agressivit\u00e9 et l\u2019hypertension art\u00e9rielle seront plus faibles qu\u2019avec d\u2019autres st\u00e9ro\u00efdes.<br data-start=\"1198\" data-end=\"1201\">De plus, compar\u00e9 \u00e0 d\u2019autres compos\u00e9s, le DHB est tr\u00e8s doux et <strong data-start=\"1266\" data-end=\"1283\">ne s\u2019aromatise pas<\/strong>, vous n\u2019avez donc pas \u00e0 vous soucier des effets secondaires li\u00e9s aux \u0153strog\u00e8nes.<\/p>\n<hr data-start=\"1350\" data-end=\"1353\">\n<h3 data-start=\"1355\" data-end=\"1374\"><strong data-start=\"1359\" data-end=\"1374\">Dosage du DHB&nbsp;?<\/strong><\/h3>\n<p data-start=\"1376\" data-end=\"1751\">Quelle est la dose parfaite pour \u00e9viter les effets secondaires et continuer \u00e0 d\u00e9velopper les muscles de mani\u00e8re optimale&nbsp;? De nombreux athl\u00e8tes se sentent bien \u00e0 <strong data-start=\"1483\" data-end=\"1506\">400-600&nbsp;mg par semaine<\/strong>, mais certains n\u2019obtiennent des r\u00e9sultats optimaux qu\u2019\u00e0 <strong data-start=\"1549\" data-end=\"1573\">800-1000&nbsp;mg par semaine<\/strong>. Cela varie consid\u00e9rablement d\u2019une personne \u00e0 l\u2019autre, il s\u2019agit donc principalement d\u2019une question d\u2019essais et d\u2019erreurs.<br data-start=\"1651\" data-end=\"1654\">Parce que le DHB est 1,5&nbsp;fois plus fort que la bold\u00e9none, nous recommandons une dose de <strong data-start=\"1727\" data-end=\"1750\">200-600&nbsp;mg par semaine<\/strong>.  <\/p>\n<p data-start=\"1376\" data-end=\"1751\">\n","protected":false},"excerpt":{"rendered":"<p>Halfwaardetijd tot ongeveer 4 &#8211; 5 dagen<\/p>\n","protected":false},"featured_media":3173,"comment_status":"open","ping_status":"closed","template":"","meta":[],"product_brand":[79],"product_cat":[4982,1075],"product_tag":[1452,1441,1442,1443,1456,1450,1175,1082,1448],"class_list":{"0":"post-2121","1":"product","2":"type-product","3":"status-publish","4":"has-post-thumbnail","6":"product_brand-unique","7":"product_cat-dhb","8":"product_cat-injections-fr","9":"product_tag-100-mg-ml-dhb","10":"product_tag-ameliorateur-de-performances","11":"product_tag-dhb-fr","12":"product_tag-dhb-100-mg-ml","13":"product_tag-dhb-injectable","14":"product_tag-injection-de-dhb","15":"product_tag-muscle-growth-steroid-fr","16":"product_tag-bodybuilding-steroid-fr","17":"product_tag-steroide-dhb","19":"first","20":"instock","21":"shipping-taxable","22":"purchasable","23":"product-type-simple"},"_links":{"self":[{"href":"https:\/\/www.gainmode.to\/fr\/wp-json\/wp\/v2\/product\/2121","targetHints":{"allow":["GET"]}}],"collection":[{"href":"https:\/\/www.gainmode.to\/fr\/wp-json\/wp\/v2\/product"}],"about":[{"href":"https:\/\/www.gainmode.to\/fr\/wp-json\/wp\/v2\/types\/product"}],"replies":[{"embeddable":true,"href":"https:\/\/www.gainmode.to\/fr\/wp-json\/wp\/v2\/comments?post=2121"}],"wp:featuredmedia":[{"embeddable":true,"href":"https:\/\/www.gainmode.to\/fr\/wp-json\/wp\/v2\/media\/3173"}],"wp:attachment":[{"href":"https:\/\/www.gainmode.to\/fr\/wp-json\/wp\/v2\/media?parent=2121"}],"wp:term":[{"taxonomy":"product_brand","embeddable":true,"href":"https:\/\/www.gainmode.to\/fr\/wp-json\/wp\/v2\/product_brand?post=2121"},{"taxonomy":"product_cat","embeddable":true,"href":"https:\/\/www.gainmode.to\/fr\/wp-json\/wp\/v2\/product_cat?post=2121"},{"taxonomy":"product_tag","embeddable":true,"href":"https:\/\/www.gainmode.to\/fr\/wp-json\/wp\/v2\/product_tag?post=2121"}],"curies":[{"name":"wp","href":"https:\/\/api.w.org\/{rel}","templated":true}]}}