{"id":2128,"date":"2025-06-23T23:44:29","date_gmt":"2025-06-23T23:44:29","guid":{"rendered":"https:\/\/www.gainmode.to\/product\/deca-nandrolone-decanaote-200mg-ml-unique-pharma\/"},"modified":"2025-06-23T23:44:29","modified_gmt":"2025-06-23T23:44:29","slug":"deca-nandrolone-decanaote-200mg-ml-unique-pharma","status":"publish","type":"product","link":"https:\/\/www.gainmode.to\/fr\/produit\/deca-nandrolone-decanaote-200mg-ml-unique-pharma\/","title":{"rendered":"DECA nandrolone decanaote 200mg\/ml Unique pharma"},"content":{"rendered":"<p data-start=\"104\" data-end=\"157\"><strong data-start=\"104\" data-end=\"157\">DECA Nandrolone Decanoate 200mg\/ml \u2013 Prime Pharma<\/strong><\/p>\n<p data-start=\"159\" data-end=\"313\">Il renforce les os et augmente le nombre de globules rouges. Les m\u00e9decins prescrivent de la nandrolone pour l&rsquo;ost\u00e9oporose s\u00e9v\u00e8re apr\u00e8s la m\u00e9nopause et pour l&rsquo;an\u00e9mie. <\/p>\n<p data-start=\"315\" data-end=\"446\">En cas d&rsquo;utilisation prolong\u00e9e \u00e0 des doses \u00e9lev\u00e9es, des effets secondaires tels que des troubles du sommeil, une agitation psychologique et un comportement agressif peuvent survenir.<\/p>\n","protected":false},"excerpt":{"rendered":"<p><b>Informatie :<\/b><\/p>\n<table class=\"table table-bordered\">\n<tbody>\n<tr>\n<td>Halfwaardetijd<\/td>\n<td>14-16 dagen<\/td>\n<\/tr>\n<tr>\n<td>Administration<\/td>\n<td>injection<\/td>\n<\/tr>\n<tr>\n<td>Dosis<\/td>\n<td>100-800mg<\/td>\n<\/tr>\n<tr>\n<td>Acne<\/td>\n<td>ja<\/td>\n<\/tr>\n<tr>\n<td>Waterretentie<\/td>\n<td>ja<\/td>\n<\/tr>\n<tr>\n<td>Hoge bloeddruk<\/td>\n<td>Ja<\/td>\n<\/tr>\n<tr>\n<td>L\u00e9sions h\u00e9patiques<\/td>\n<td>Non<\/td>\n<\/tr>\n<tr>\n<td>Aromatisation<\/td>\n<td>faible<\/td>\n<\/tr>\n<tr>\n<td>DHT conversie<\/td>\n<td>Laag<\/td>\n<\/tr>\n<\/tbody>\n<\/table>\n","protected":false},"featured_media":299,"comment_status":"open","ping_status":"closed","template":"","meta":[],"product_brand":[79],"product_cat":[1338,1075],"product_tag":[1345,1339,1342,1346,1344,1343,1341,1174,1175,1082,1498],"class_list":{"0":"post-2128","1":"product","2":"type-product","3":"status-publish","4":"has-post-thumbnail","6":"product_brand-unique","7":"product_cat-deca-fr","8":"product_cat-injections-fr","9":"product_tag-200mg-ml-deca-fr","10":"product_tag-deca-fr","11":"product_tag-deca-200mg-ml-fr","12":"product_tag-deca-injectable","13":"product_tag-injection-de-deca","14":"product_tag-nandrolone-decanaote-fr","15":"product_tag-nandrolone-decanoate-fr","16":"product_tag-anabolic-steroid-fr","17":"product_tag-muscle-growth-steroid-fr","18":"product_tag-bodybuilding-steroid-fr","19":"product_tag-unique-pharma-deca-fr","21":"first","22":"instock","23":"shipping-taxable","24":"purchasable","25":"product-type-simple"},"_links":{"self":[{"href":"https:\/\/www.gainmode.to\/fr\/wp-json\/wp\/v2\/product\/2128","targetHints":{"allow":["GET"]}}],"collection":[{"href":"https:\/\/www.gainmode.to\/fr\/wp-json\/wp\/v2\/product"}],"about":[{"href":"https:\/\/www.gainmode.to\/fr\/wp-json\/wp\/v2\/types\/product"}],"replies":[{"embeddable":true,"href":"https:\/\/www.gainmode.to\/fr\/wp-json\/wp\/v2\/comments?post=2128"}],"wp:featuredmedia":[{"embeddable":true,"href":"https:\/\/www.gainmode.to\/fr\/wp-json\/wp\/v2\/media\/299"}],"wp:attachment":[{"href":"https:\/\/www.gainmode.to\/fr\/wp-json\/wp\/v2\/media?parent=2128"}],"wp:term":[{"taxonomy":"product_brand","embeddable":true,"href":"https:\/\/www.gainmode.to\/fr\/wp-json\/wp\/v2\/product_brand?post=2128"},{"taxonomy":"product_cat","embeddable":true,"href":"https:\/\/www.gainmode.to\/fr\/wp-json\/wp\/v2\/product_cat?post=2128"},{"taxonomy":"product_tag","embeddable":true,"href":"https:\/\/www.gainmode.to\/fr\/wp-json\/wp\/v2\/product_tag?post=2128"}],"curies":[{"name":"wp","href":"https:\/\/api.w.org\/{rel}","templated":true}]}}