{"id":2156,"date":"2025-06-24T11:59:17","date_gmt":"2025-06-24T11:59:17","guid":{"rendered":"https:\/\/www.gainmode.to\/product\/masteron-propionate-unique-100mg-ml\/"},"modified":"2025-06-24T11:59:17","modified_gmt":"2025-06-24T11:59:17","slug":"masteron-propionate-unique-100mg-ml","status":"publish","type":"product","link":"https:\/\/www.gainmode.to\/fr\/produit\/masteron-propionate-unique-100mg-ml\/","title":{"rendered":"Masteron propionate Unique 100mg\/ml"},"content":{"rendered":"<h2>St\u00e9ro\u00efdes de propionate de Masteron<\/h2>\n<div class=\"row\">\n<div class=\"col-sm-10\">\n<section>\n<h1>Propionate de Masteron \u2013 pour un physique sec et d\u00e9fini<\/h1>\n<p>Le propionate de Masteron est un st\u00e9ro\u00efde \u00e0 action rapide, id\u00e9al pour les athl\u00e8tes qui recherchent une apparence s\u00e8che et sculpt\u00e9e. Chez Steroiden.io, nous proposons <strong>Unique Pharma Masteron Propionate<\/strong>, parfait pour les phases de s\u00e8che ou la pr\u00e9paration \u00e0 la comp\u00e9tition. Ce produit garantit des r\u00e9sultats fiables pour ceux qui cherchent \u00e0 maximiser leur esth\u00e9tique physique.  <\/p>\n<h2>Pourquoi choisir le propionate de masteron ?<\/h2>\n<ul>\n<li>Action rapide pour la duret\u00e9 et la d\u00e9finition musculaire.<\/li>\n<li>Id\u00e9al pour les cycles courts et la pr\u00e9paration \u00e0 la comp\u00e9tition.<\/li>\n<li><strong>Unique Pharma Masteron Propionate<\/strong> : qualit\u00e9 prouv\u00e9e et r\u00e9sultats fiables.<\/li>\n<li>Emballage discret et livraison rapide avec les commandes en ligne.<\/li>\n<\/ul>\n<p>Comparez facilement le <strong>prix du propionate de Masteron<\/strong> et d\u00e9couvrez pourquoi les athl\u00e8tes du monde entier choisissent ce produit. Chez Steroiden.io, vous pouvez <strong>acheter du propionate de Masteron en toute s\u00e9curit\u00e9 et facilement<\/strong>. <strong>Commandez d\u00e8s aujourd&rsquo;hui<\/strong> et d\u00e9couvrez les avantages de ce puissant produit ! <strong>Transformez votre physique avec le propionate de Masteron !<\/strong> <\/p>\n<\/section>\n<\/div>\n<\/div>\n","protected":false},"excerpt":{"rendered":"<p>St\u00e9ro\u00efdes de propionate de Masteron Propionate de Masteron \u2013 pour un physique sec et d\u00e9fini Le propionate de Masteron est un st\u00e9ro\u00efde \u00e0 action rapide, id\u00e9al pour les athl\u00e8tes qui recherchent une apparence s\u00e8che et sculpt\u00e9e. Chez Steroiden.io, nous proposons Unique Pharma Masteron Propionate, parfait pour les phases de s\u00e8che ou la pr\u00e9paration \u00e0 la &#8230; <a title=\"Masteron propionate Unique 100mg\/ml\" class=\"read-more\" href=\"https:\/\/www.gainmode.to\/fr\/produit\/masteron-propionate-unique-100mg-ml\/\" aria-label=\"En savoir plus sur Masteron propionate Unique 100mg\/ml\">Lire la suite<\/a><\/p>\n","protected":false},"featured_media":318,"comment_status":"open","ping_status":"closed","template":"","meta":[],"product_brand":[79],"product_cat":[1075,1614],"product_tag":[1623,1615,1618,1621,1627,1625,1626,1624,1616,1077],"class_list":{"0":"post-2156","1":"product","2":"type-product","3":"status-publish","4":"has-post-thumbnail","6":"product_brand-unique","7":"product_cat-injections-fr","8":"product_cat-propionate-de-masteron","9":"product_tag-dosage-de-masteron","10":"product_tag-injection-de-masteron","11":"product_tag-masteron-a-vendre","12":"product_tag-masteron-anabolisant","13":"product_tag-propionate-de-drostanolone","14":"product_tag-propionate-de-masteron","15":"product_tag-propionate-de-masteron-100mg-ml","16":"product_tag-steroide-de-seche","17":"product_tag-steroide-masteron","18":"product_tag-unique-pharma-fr","20":"first","21":"outofstock","22":"shipping-taxable","23":"purchasable","24":"product-type-simple"},"_links":{"self":[{"href":"https:\/\/www.gainmode.to\/fr\/wp-json\/wp\/v2\/product\/2156","targetHints":{"allow":["GET"]}}],"collection":[{"href":"https:\/\/www.gainmode.to\/fr\/wp-json\/wp\/v2\/product"}],"about":[{"href":"https:\/\/www.gainmode.to\/fr\/wp-json\/wp\/v2\/types\/product"}],"replies":[{"embeddable":true,"href":"https:\/\/www.gainmode.to\/fr\/wp-json\/wp\/v2\/comments?post=2156"}],"wp:featuredmedia":[{"embeddable":true,"href":"https:\/\/www.gainmode.to\/fr\/wp-json\/wp\/v2\/media\/318"}],"wp:attachment":[{"href":"https:\/\/www.gainmode.to\/fr\/wp-json\/wp\/v2\/media?parent=2156"}],"wp:term":[{"taxonomy":"product_brand","embeddable":true,"href":"https:\/\/www.gainmode.to\/fr\/wp-json\/wp\/v2\/product_brand?post=2156"},{"taxonomy":"product_cat","embeddable":true,"href":"https:\/\/www.gainmode.to\/fr\/wp-json\/wp\/v2\/product_cat?post=2156"},{"taxonomy":"product_tag","embeddable":true,"href":"https:\/\/www.gainmode.to\/fr\/wp-json\/wp\/v2\/product_tag?post=2156"}],"curies":[{"name":"wp","href":"https:\/\/api.w.org\/{rel}","templated":true}]}}