{"id":2163,"date":"2025-06-25T14:47:39","date_gmt":"2025-06-25T14:47:39","guid":{"rendered":"https:\/\/www.gainmode.to\/product\/cenforce-100-x-200mg\/"},"modified":"2025-06-25T14:47:39","modified_gmt":"2025-06-25T14:47:39","slug":"cenforce-100-x-200mg","status":"publish","type":"product","link":"https:\/\/www.gainmode.to\/fr\/produit\/cenforce-100-x-200mg\/","title":{"rendered":"Cenforce 100 x 200mg"},"content":{"rendered":"<h3 data-start=\"97\" data-end=\"136\">Cenforce 200 \u2014 100 comprim\u00e9s de 200mg<\/h3>\n<p data-start=\"138\" data-end=\"440\">Ces pilules pour l&rsquo;\u00e9rection contiennent une forte dose de <strong data-start=\"175\" data-end=\"198\">200mg de Sild\u00e9nafil<\/strong>. Ce m\u00e9dicament <strong data-start=\"219\" data-end=\"256\">ne convient pas aux nouveaux utilisateurs<\/strong>&nbsp;! Si vous n&rsquo;\u00eates pas encore familiaris\u00e9 avec le sild\u00e9nafil, il est recommand\u00e9 d&rsquo;essayer d&rsquo;abord Cenforce avec <strong data-start=\"348\" data-end=\"368\">100mg de sild\u00e9nafil<\/strong>. Nous vous conseillons toujours de consulter votre m\u00e9decin avant d&rsquo;essayer ce m\u00e9dicament.  <\/p>\n<p data-start=\"442\" data-end=\"903\">L&rsquo;ingr\u00e9dient actif qui provoque l&rsquo;\u00e9rection s&rsquo;appelle <strong data-start=\"499\" data-end=\"513\">Sild\u00e9nafil<\/strong>. Cette substance a \u00e9t\u00e9 d\u00e9couverte lors de recherches scientifiques men\u00e9es par Pfizer, qui ont montr\u00e9 qu&rsquo;elle pouvait induire des \u00e9rections chez les patients. Naturellement, Pfizer n&rsquo;a pas gard\u00e9 cela secret et, peu de temps apr\u00e8s, une pilule d&rsquo;\u00e9rection efficace \u00e9tait sur le march\u00e9. Apr\u00e8s l&rsquo;expiration du brevet en 2013, des versions g\u00e9n\u00e9riques (identiques) sont devenues disponibles, telles que Cenforce, d\u00e9velopp\u00e9e par la soci\u00e9t\u00e9 pharmaceutique Skree Venkateshe\u00ae.   <\/p>\n<h3 data-start=\"905\" data-end=\"927\">Comment fonctionne Cenforce<\/h3>\n<p data-start=\"929\" data-end=\"1277\">Le d\u00e9lai d&rsquo;action de Cenforce est de <strong data-start=\"959\" data-end=\"979\">30 \u00e0 60 minutes<\/strong>. L&rsquo;effet dure environ <strong data-start=\"1012\" data-end=\"1028\">4 \u00e0 8 heures<\/strong>. Important&nbsp;: vous n&rsquo;aurez une \u00e9rection que si vous \u00eates sexuellement stimul\u00e9. Assurez-vous de boire suffisamment d&rsquo;eau pendant son utilisation et de limiter au minimum la consommation d&rsquo;alcool. L&rsquo;utilisation de Cenforce avec des drogues est <strong data-start=\"1217\" data-end=\"1241\">fortement d\u00e9conseill\u00e9e<\/strong> en raison de la forte dose de sild\u00e9nafil&nbsp;!    <\/p>\n<h3 data-start=\"1279\" data-end=\"1303\">Emballage et dosage<\/h3>\n<p data-start=\"1305\" data-end=\"1574\">Les pilules pour l&rsquo;\u00e9rection Cenforce 200mg sont fournies en plaquettes. Chaque plaquette contient <strong data-start=\"1379\" data-end=\"1405\">10 comprim\u00e9s pellicul\u00e9s<\/strong>, qui sont de couleur noire. Vous pr\u00e9f\u00e9rez une dose plus faible&nbsp;? Vous pouvez casser les comprim\u00e9s de Cenforce en plus petits morceaux. De nombreux hommes b\u00e9n\u00e9ficient d\u00e9j\u00e0, par exemple, de <strong data-start=\"1554\" data-end=\"1573\">50mg de sild\u00e9nafil<\/strong>.    <\/p>\n<p data-start=\"1305\" data-end=\"1574\">\n","protected":false},"excerpt":{"rendered":"<p>Cenforce 200 \u2014 100 comprim\u00e9s de 200mg Ces pilules pour l&rsquo;\u00e9rection contiennent une forte dose de 200mg de Sild\u00e9nafil. Ce m\u00e9dicament ne convient pas aux nouveaux utilisateurs&nbsp;! Si vous n&rsquo;\u00eates pas encore familiaris\u00e9 avec le sild\u00e9nafil, il est recommand\u00e9 d&rsquo;essayer d&rsquo;abord Cenforce avec 100mg de sild\u00e9nafil. Nous vous conseillons toujours de consulter votre m\u00e9decin avant &#8230; <a title=\"Cenforce 100 x 200mg\" class=\"read-more\" href=\"https:\/\/www.gainmode.to\/fr\/produit\/cenforce-100-x-200mg\/\" aria-label=\"En savoir plus sur Cenforce 100 x 200mg\">Lire la suite<\/a><\/p>\n","protected":false},"featured_media":392,"comment_status":"open","ping_status":"closed","template":"","meta":[],"product_brand":[89],"product_cat":[1700],"product_tag":[1702,1707,1708,1711,1709,1701,1710,1704,1703,1706,1712,1705],"class_list":{"0":"post-2163","1":"product","2":"type-product","3":"status-publish","4":"has-post-thumbnail","6":"product_brand-centurion-laboratories","7":"product_cat-libido-fr","8":"product_tag-amelioration-masculine","9":"product_tag-cenforce-200mg-fr","10":"product_tag-cenforce-pack-de-100","11":"product_tag-cenforce-pour-hommes","12":"product_tag-cenforce-sildenafil-fr","13":"product_tag-citrate-de-sildenafil","14":"product_tag-comprimes-de-cenforce-200mg","15":"product_tag-comprimes-ed","16":"product_tag-dysfonction-erectile","17":"product_tag-laboratoires-centurion","18":"product_tag-sildenafil-200mg-fr","19":"product_tag-traitement-ed","21":"first","22":"instock","23":"shipping-taxable","24":"purchasable","25":"product-type-simple"},"_links":{"self":[{"href":"https:\/\/www.gainmode.to\/fr\/wp-json\/wp\/v2\/product\/2163","targetHints":{"allow":["GET"]}}],"collection":[{"href":"https:\/\/www.gainmode.to\/fr\/wp-json\/wp\/v2\/product"}],"about":[{"href":"https:\/\/www.gainmode.to\/fr\/wp-json\/wp\/v2\/types\/product"}],"replies":[{"embeddable":true,"href":"https:\/\/www.gainmode.to\/fr\/wp-json\/wp\/v2\/comments?post=2163"}],"wp:featuredmedia":[{"embeddable":true,"href":"https:\/\/www.gainmode.to\/fr\/wp-json\/wp\/v2\/media\/392"}],"wp:attachment":[{"href":"https:\/\/www.gainmode.to\/fr\/wp-json\/wp\/v2\/media?parent=2163"}],"wp:term":[{"taxonomy":"product_brand","embeddable":true,"href":"https:\/\/www.gainmode.to\/fr\/wp-json\/wp\/v2\/product_brand?post=2163"},{"taxonomy":"product_cat","embeddable":true,"href":"https:\/\/www.gainmode.to\/fr\/wp-json\/wp\/v2\/product_cat?post=2163"},{"taxonomy":"product_tag","embeddable":true,"href":"https:\/\/www.gainmode.to\/fr\/wp-json\/wp\/v2\/product_tag?post=2163"}],"curies":[{"name":"wp","href":"https:\/\/api.w.org\/{rel}","templated":true}]}}