{"id":2171,"date":"2025-06-24T23:50:14","date_gmt":"2025-06-24T23:50:14","guid":{"rendered":"https:\/\/www.gainmode.to\/product\/melange-en-vrac-350mg-ml-unique-pharma\/"},"modified":"2025-12-07T22:50:13","modified_gmt":"2025-12-07T22:50:13","slug":"bulk-blend-350mg-ml-unique-pharma","status":"publish","type":"product","link":"https:\/\/www.gainmode.to\/fr\/produit\/bulk-blend-350mg-ml-unique-pharma\/","title":{"rendered":"M\u00e9lange en vrac 350mg\/ml Unique pharma"},"content":{"rendered":"<p data-start=\"51\" data-end=\"89\"><strong data-start=\"51\" data-end=\"89\">Acheter le m\u00e9lange en vrac 350 \u2013 Unique pharma<\/strong><\/p>\n<p data-start=\"91\" data-end=\"411\">D\u00e9couvrez la puissance de <strong data-start=\"113\" data-end=\"137\">Bulk Blend 350 mg\/ml<\/strong> de <strong data-start=\"143\" data-end=\"160\">Unique Pharma<\/strong>, un m\u00e9lange unique d&rsquo;<strong data-start=\"180\" data-end=\"206\">\u00e9nanthate de testost\u00e9rone<\/strong>, d&rsquo;<strong data-start=\"208\" data-end=\"232\">\u00e9nanthate de trenbolone<\/strong> et d&rsquo;<strong data-start=\"238\" data-end=\"264\">\u00e9nanthate de drostanolone<\/strong>, con\u00e7u pour une croissance musculaire et des gains de force maximaux. Cette injection est parfaite pour les bodybuilders qui souhaitent obtenir une masse musculaire et une force impressionnantes.<\/p>\n<h3 data-start=\"413\" data-end=\"448\">Principales caract\u00e9ristiques du m\u00e9lange en vrac 350 :<\/h3>\n<ul data-start=\"449\" data-end=\"621\">\n<li data-start=\"449\" data-end=\"502\">\n<p data-start=\"451\" data-end=\"502\">Favorise une croissance musculaire et des gains de force maximums<\/p>\n<\/li>\n<li data-start=\"503\" data-end=\"558\">\n<p data-start=\"505\" data-end=\"558\">Offre des effets durables pour des niveaux sanguins stables<\/p>\n<\/li>\n<li data-start=\"559\" data-end=\"621\">\n<p data-start=\"561\" data-end=\"621\">Am\u00e9liore la r\u00e9cup\u00e9ration et la croissance musculaire apr\u00e8s des entra\u00eenements intenses<\/p>\n<\/li>\n<\/ul>\n<h3 data-start=\"623\" data-end=\"667\">Pourquoi choisir Unique pharma bulk blend 350 ?<\/h3>\n<p data-start=\"669\" data-end=\"926\">Unique Pharma est connue pour ses produits fiables et efficaces, et Bulk Blend 350 ne fait pas exception. Avec ce m\u00e9lange puissant, vous obtenez un produit soigneusement formul\u00e9 pour vous aider \u00e0 atteindre vos objectifs de remise en forme en stimulant la croissance musculaire et la force au maximum. <\/p>\n<hr data-start=\"928\" data-end=\"931\">\n<h3 data-start=\"933\" data-end=\"995\"><strong data-start=\"937\" data-end=\"993\">Offre sp\u00e9ciale : profitez d\u00e8s maintenant d\u2019une r\u00e9duction importante !<\/strong><\/h3>\n<p data-start=\"996\" data-end=\"1133\">Profitez de notre offre sp\u00e9ciale aujourd&rsquo;hui et recevez une r\u00e9duction significative sur <strong data-start=\"1076\" data-end=\"1108\">Unique Pharma Bulk Blend 350.<\/strong> N&rsquo;attendez pas &#8211; commandez maintenant !<\/p>\n<hr data-start=\"1135\" data-end=\"1138\">\n<h3 data-start=\"1140\" data-end=\"1173\"><strong data-start=\"1144\" data-end=\"1173\">Comment utiliser bulk blend 350<\/strong><\/h3>\n<p data-start=\"1175\" data-end=\"1430\">Bulk Blend 350 est id\u00e9al pour tous ceux qui recherchent une injection puissante pour obtenir une croissance musculaire et une force maximales. Suivez la posologie recommand\u00e9e indiqu\u00e9e sur l\u2019emballage \u2013 g\u00e9n\u00e9ralement une \u00e0 deux injections par semaine, en fonction de vos objectifs et de votre tol\u00e9rance. <\/p>\n<hr data-start=\"1432\" data-end=\"1435\">\n<h3 data-start=\"1437\" data-end=\"1480\"><strong data-start=\"1441\" data-end=\"1480\">FAQ \u2013 bulk blend 350 Unique pharma :<\/strong><\/h3>\n<p data-start=\"1482\" data-end=\"1588\"><strong data-start=\"1482\" data-end=\"1526\">Quels sont les avantages de Bulk Blend 350 ?<\/strong><br data-start=\"1526\" data-end=\"1529\">Bulk Blend 350 favorise une croissance musculaire et une force maximales.<\/p>\n<p data-start=\"1590\" data-end=\"1762\"><strong data-start=\"1590\" data-end=\"1622\">Comment utiliser Bulk Blend 350 ?<\/strong><br data-start=\"1622\" data-end=\"1625\">Prenez la dose recommand\u00e9e indiqu\u00e9e sur l\u2019emballage, g\u00e9n\u00e9ralement une \u00e0 deux injections par semaine, en fonction de vos objectifs et de votre tol\u00e9rance.<\/p>\n<p data-start=\"1764\" data-end=\"1904\"><strong data-start=\"1764\" data-end=\"1805\">Bulk Blend 350 convient-il aux femmes ?<\/strong><br data-start=\"1805\" data-end=\"1808\">Bulk Blend 350 est g\u00e9n\u00e9ralement recommand\u00e9 pour les hommes, mais les femmes peuvent l\u2019utiliser sous surveillance m\u00e9dicale.<\/p>\n<p data-start=\"1906\" data-end=\"2092\"><strong data-start=\"1906\" data-end=\"1968\">Y a-t-il des effets secondaires associ\u00e9s \u00e0 Bulk Blend 350 ?<\/strong><br data-start=\"1968\" data-end=\"1971\">Bulk Blend 350 a g\u00e9n\u00e9ralement des effets secondaires l\u00e9gers, mais consultez toujours un m\u00e9decin si vous \u00eates pr\u00e9occup\u00e9 par d\u2019\u00e9ventuelles r\u00e9actions.<\/p>\n<p data-start=\"2094\" data-end=\"2240\"><strong data-start=\"2094\" data-end=\"2124\">Quand puis-je esp\u00e9rer des r\u00e9sultats ?<\/strong><br data-start=\"2124\" data-end=\"2127\">Les r\u00e9sultats varient, mais de nombreux utilisateurs constatent une am\u00e9lioration de la croissance musculaire et de la force en quelques semaines d\u2019utilisation r\u00e9guli\u00e8re.<\/p>\n<hr data-start=\"2242\" data-end=\"2245\">\n<h3 data-start=\"2247\" data-end=\"2339\"><strong data-start=\"2251\" data-end=\"2339\">Commandez votre bulk blend 350 aupr\u00e8s d\u2019AnabolenPrime pour une croissance musculaire et une force maximales !<\/strong><\/h3>\n<p data-start=\"2341\" data-end=\"2462\">N\u2019attendez plus \u2013 commandez <strong data-start=\"2371\" data-end=\"2408\">Bulk Blend 350 aupr\u00e8s d\u2019Unique Pharma<\/strong> d\u00e8s aujourd\u2019hui et obtenez une croissance musculaire et une force maximales !<\/p>\n","protected":false},"excerpt":{"rendered":"<p>Testosteron Enantate 150mg\/ml<\/p>\n<p>Trenbolone Enanthate 100mg\/ml<\/p>\n<p>Drostelone Enanthate 100mg\/ml<\/p>\n","protected":false},"featured_media":374,"comment_status":"open","ping_status":"closed","template":"","meta":[],"product_brand":[79],"product_cat":[1075,1763],"product_tag":[1770,1441,1772,1778,1774,1766,1776,1768,1764,1077],"class_list":{"0":"post-2171","1":"product","2":"type-product","3":"status-publish","4":"has-post-thumbnail","6":"product_brand-unique","7":"product_cat-injections-fr","8":"product_cat-melange-de-steroides","9":"product_tag-350mg-ml-fr","10":"product_tag-ameliorateur-de-performances","11":"product_tag-blend-350-fr","12":"product_tag-complement-de-fitness","13":"product_tag-force","14":"product_tag-gain-musculaire","15":"product_tag-melange-anabolisant","16":"product_tag-melange-en-vrac","17":"product_tag-musculation","18":"product_tag-unique-pharma-fr","20":"first","21":"outofstock","22":"shipping-taxable","23":"purchasable","24":"product-type-simple"},"_links":{"self":[{"href":"https:\/\/www.gainmode.to\/fr\/wp-json\/wp\/v2\/product\/2171","targetHints":{"allow":["GET"]}}],"collection":[{"href":"https:\/\/www.gainmode.to\/fr\/wp-json\/wp\/v2\/product"}],"about":[{"href":"https:\/\/www.gainmode.to\/fr\/wp-json\/wp\/v2\/types\/product"}],"replies":[{"embeddable":true,"href":"https:\/\/www.gainmode.to\/fr\/wp-json\/wp\/v2\/comments?post=2171"}],"wp:featuredmedia":[{"embeddable":true,"href":"https:\/\/www.gainmode.to\/fr\/wp-json\/wp\/v2\/media\/374"}],"wp:attachment":[{"href":"https:\/\/www.gainmode.to\/fr\/wp-json\/wp\/v2\/media?parent=2171"}],"wp:term":[{"taxonomy":"product_brand","embeddable":true,"href":"https:\/\/www.gainmode.to\/fr\/wp-json\/wp\/v2\/product_brand?post=2171"},{"taxonomy":"product_cat","embeddable":true,"href":"https:\/\/www.gainmode.to\/fr\/wp-json\/wp\/v2\/product_cat?post=2171"},{"taxonomy":"product_tag","embeddable":true,"href":"https:\/\/www.gainmode.to\/fr\/wp-json\/wp\/v2\/product_tag?post=2171"}],"curies":[{"name":"wp","href":"https:\/\/api.w.org\/{rel}","templated":true}]}}