{"id":2189,"date":"2025-06-24T22:56:12","date_gmt":"2025-06-24T22:56:12","guid":{"rendered":"https:\/\/www.gainmode.to\/product\/trenbolone-enanthate-200mg-ml-unique-pharma\/"},"modified":"2025-10-28T13:48:21","modified_gmt":"2025-10-28T13:48:21","slug":"trenbolone-enanthate-200mg-ml-unique-pharma","status":"publish","type":"product","link":"https:\/\/www.gainmode.to\/fr\/produit\/trenbolone-enanthate-200mg-ml-unique-pharma\/","title":{"rendered":"Trenbolone enanthate 200mg\/ml Unique pharma"},"content":{"rendered":"<h2><b>Qu&rsquo;est-ce que le trenbolone enanthate ?<\/b><\/h2>\n<p>Le Trenbolone Enanthate est un puissant st\u00e9ro\u00efde anabolisant injectable connu pour ses effets durables et sa capacit\u00e9 exceptionnelle \u00e0 augmenter la masse musculaire et la force. Il est souvent utilis\u00e9 dans les cycles de prise de masse et de s\u00e8che. Cela fait de <strong>l&rsquo;achat de Trenbolone Enanthate<\/strong> un choix populaire pour les athl\u00e8tes qui recherchent des r\u00e9sultats maximums.  <\/p>\n<h2><b>Comment fonctionne le trenbolone enanthate prime pharma ?<\/b><\/h2>\n<p>Les <strong>anabolisants Trenbolone Enanthate<\/strong> am\u00e9liorent la r\u00e9tention d&rsquo;azote dans les muscles et stimulent la synth\u00e8se des prot\u00e9ines. Cela favorise la croissance musculaire, augmente la force et acc\u00e9l\u00e8re la r\u00e9cup\u00e9ration apr\u00e8s des entra\u00eenements intenses. De plus, le Trenbolone Enanthate minimise la r\u00e9tention d&rsquo;eau, ce qui donne une d\u00e9finition musculaire dure et s\u00e8che.  <\/p>\n<h2><b>Effets secondaires des st\u00e9ro\u00efdes trenbolone enanthate<\/b><\/h2>\n<p>Bien que <strong>l&rsquo;utilisation de Trenbolone Enanthate pendant un cycle<\/strong> soit tr\u00e8s efficace, des effets secondaires peuvent survenir en cas d&rsquo;utilisation inappropri\u00e9e, tels que : <\/p>\n<ul>\n<li>Augmentation de l&rsquo;agressivit\u00e9.<\/li>\n<li>Insomnie ou sueurs nocturnes.<\/li>\n<li>Suppression de la production naturelle de testost\u00e9rone.<\/li>\n<\/ul>\n<p>Le respect de la posologie recommand\u00e9e et l&rsquo;utilisation d&rsquo;une th\u00e9rapie post-cycle minimisent le risque d&rsquo;effets secondaires.<\/p>\n<h2><b>Dosage du trenbolone enanthate<\/b><\/h2>\n<p>La dose recommand\u00e9e de <strong>Trenbolone Enanthate Prime Pharma<\/strong> est comprise entre 200 et 400 mg par semaine, en fonction de vos objectifs et de votre exp\u00e9rience. Les injections sont g\u00e9n\u00e9ralement administr\u00e9es deux fois par semaine pour maintenir des niveaux stables. <\/p>\n","protected":false},"excerpt":{"rendered":"<p>Qu&rsquo;est-ce que le trenbolone enanthate ? Le Trenbolone Enanthate est un puissant st\u00e9ro\u00efde anabolisant injectable connu pour ses effets durables et sa capacit\u00e9 exceptionnelle \u00e0 augmenter la masse musculaire et la force. Il est souvent utilis\u00e9 dans les cycles de prise de masse et de s\u00e8che. Cela fait de l&rsquo;achat de Trenbolone Enanthate un choix &#8230; <a title=\"Trenbolone enanthate 200mg\/ml Unique pharma\" class=\"read-more\" href=\"https:\/\/www.gainmode.to\/fr\/produit\/trenbolone-enanthate-200mg-ml-unique-pharma\/\" aria-label=\"En savoir plus sur Trenbolone enanthate 200mg\/ml Unique pharma\">Lire la suite<\/a><\/p>\n","protected":false},"featured_media":1363,"comment_status":"open","ping_status":"closed","template":"","meta":[],"product_brand":[79],"product_cat":[1075,1896],"product_tag":[1863,1441,1865,1778,1078,1764,1174,1898,1897,1077],"class_list":{"0":"post-2189","1":"product","2":"type-product","3":"status-publish","4":"has-post-thumbnail","6":"product_brand-unique","7":"product_cat-injections-fr","8":"product_cat-trenbolone-enanthate-fr","9":"product_tag-200mg-ml-fr","10":"product_tag-ameliorateur-de-performances","11":"product_tag-booster-de-force","12":"product_tag-complement-de-fitness","13":"product_tag-croissance-musculaire","14":"product_tag-musculation","15":"product_tag-anabolic-steroid-fr","16":"product_tag-tren-enanthate-fr","17":"product_tag-trenbolone-enanthate-fr","18":"product_tag-unique-pharma-fr","20":"first","21":"outofstock","22":"shipping-taxable","23":"purchasable","24":"product-type-simple"},"_links":{"self":[{"href":"https:\/\/www.gainmode.to\/fr\/wp-json\/wp\/v2\/product\/2189","targetHints":{"allow":["GET"]}}],"collection":[{"href":"https:\/\/www.gainmode.to\/fr\/wp-json\/wp\/v2\/product"}],"about":[{"href":"https:\/\/www.gainmode.to\/fr\/wp-json\/wp\/v2\/types\/product"}],"replies":[{"embeddable":true,"href":"https:\/\/www.gainmode.to\/fr\/wp-json\/wp\/v2\/comments?post=2189"}],"wp:featuredmedia":[{"embeddable":true,"href":"https:\/\/www.gainmode.to\/fr\/wp-json\/wp\/v2\/media\/1363"}],"wp:attachment":[{"href":"https:\/\/www.gainmode.to\/fr\/wp-json\/wp\/v2\/media?parent=2189"}],"wp:term":[{"taxonomy":"product_brand","embeddable":true,"href":"https:\/\/www.gainmode.to\/fr\/wp-json\/wp\/v2\/product_brand?post=2189"},{"taxonomy":"product_cat","embeddable":true,"href":"https:\/\/www.gainmode.to\/fr\/wp-json\/wp\/v2\/product_cat?post=2189"},{"taxonomy":"product_tag","embeddable":true,"href":"https:\/\/www.gainmode.to\/fr\/wp-json\/wp\/v2\/product_tag?post=2189"}],"curies":[{"name":"wp","href":"https:\/\/api.w.org\/{rel}","templated":true}]}}