{"id":2218,"date":"2025-06-24T22:26:33","date_gmt":"2025-06-24T22:26:33","guid":{"rendered":"https:\/\/www.gainmode.to\/product\/testosterone-undecanoate-250mg-ml-unique-pharma\/"},"modified":"2025-12-07T22:04:28","modified_gmt":"2025-12-07T22:04:28","slug":"testosterone-undecanoate-250mg-ml-unique-pharma","status":"publish","type":"product","link":"https:\/\/www.gainmode.to\/fr\/produit\/testosterone-undecanoate-250mg-ml-unique-pharma\/","title":{"rendered":"Testost\u00e9rone und\u00e9canoate 250mg\/ml Unique pharma"},"content":{"rendered":"<div class=\"elementor-element elementor-element-bccdace wd-single-title text-left elementor-widget elementor-widget-wd_single_product_title\" data-id=\"bccdace\" data-element_type=\"widget\" data-widget_type=\"wd_single_product_title.default\">\n<div class=\"elementor-widget-container\">\n<p data-start=\"51\" data-end=\"151\"><strong data-start=\"51\" data-end=\"102\">Testost\u00e9rone Und\u00e9canoate 250mg\/ml Unique Pharma<\/strong><br data-start=\"102\" data-end=\"105\"><strong data-start=\"105\" data-end=\"151\">\u00c0 quoi sert la testost\u00e9rone und\u00e9canoate ?<\/strong><\/p>\n<p data-start=\"153\" data-end=\"447\">En tant que th\u00e9rapie de remplacement hormonal, la testost\u00e9rone und\u00e9canoate sert de source exog\u00e8ne de testost\u00e9rone chez les hommes atteints d&rsquo;hypogonadisme. La th\u00e9rapie \u00e0 la testost\u00e9rone vise \u00e0 am\u00e9liorer les sympt\u00f4mes et les signes de la carence en testost\u00e9rone, notamment la r\u00e9duction de la libido, la dysfonction \u00e9rectile et la perte de masse musculaire et osseuse. <\/p>\n<\/div>\n<\/div>\n","protected":false},"excerpt":{"rendered":"<p>Testost\u00e9rone Und\u00e9canoate 250mg\/ml Unique Pharma\u00c0 quoi sert la testost\u00e9rone und\u00e9canoate ? En tant que th\u00e9rapie de remplacement hormonal, la testost\u00e9rone und\u00e9canoate sert de source exog\u00e8ne de testost\u00e9rone chez les hommes atteints d&rsquo;hypogonadisme. La th\u00e9rapie \u00e0 la testost\u00e9rone vise \u00e0 am\u00e9liorer les sympt\u00f4mes et les signes de la carence en testost\u00e9rone, notamment la r\u00e9duction de la &#8230; <a title=\"Testost\u00e9rone und\u00e9canoate 250mg\/ml Unique pharma\" class=\"read-more\" href=\"https:\/\/www.gainmode.to\/fr\/produit\/testosterone-undecanoate-250mg-ml-unique-pharma\/\" aria-label=\"En savoir plus sur Testost\u00e9rone und\u00e9canoate 250mg\/ml Unique pharma\">Lire la suite<\/a><\/p>\n","protected":false},"featured_media":315,"comment_status":"open","ping_status":"closed","template":"","meta":[],"product_brand":[],"product_cat":[1075,1984],"product_tag":[1988,1441,1865,1778,1078,1990,1174,1942,1986,1077],"class_list":{"0":"post-2218","1":"product","2":"type-product","3":"status-publish","4":"has-post-thumbnail","6":"product_cat-injections-fr","7":"product_cat-testosterone-undecanoate","8":"product_tag-250mg-ml-fr","9":"product_tag-ameliorateur-de-performances","10":"product_tag-booster-de-force","11":"product_tag-complement-de-fitness","12":"product_tag-croissance-musculaire","13":"product_tag-longue-duree","14":"product_tag-anabolic-steroid-fr","15":"product_tag-testosterone-fr","16":"product_tag-testosterone-undecanoate-fr","17":"product_tag-unique-pharma-fr","19":"first","20":"outofstock","21":"shipping-taxable","22":"purchasable","23":"product-type-simple"},"_links":{"self":[{"href":"https:\/\/www.gainmode.to\/fr\/wp-json\/wp\/v2\/product\/2218","targetHints":{"allow":["GET"]}}],"collection":[{"href":"https:\/\/www.gainmode.to\/fr\/wp-json\/wp\/v2\/product"}],"about":[{"href":"https:\/\/www.gainmode.to\/fr\/wp-json\/wp\/v2\/types\/product"}],"replies":[{"embeddable":true,"href":"https:\/\/www.gainmode.to\/fr\/wp-json\/wp\/v2\/comments?post=2218"}],"wp:featuredmedia":[{"embeddable":true,"href":"https:\/\/www.gainmode.to\/fr\/wp-json\/wp\/v2\/media\/315"}],"wp:attachment":[{"href":"https:\/\/www.gainmode.to\/fr\/wp-json\/wp\/v2\/media?parent=2218"}],"wp:term":[{"taxonomy":"product_brand","embeddable":true,"href":"https:\/\/www.gainmode.to\/fr\/wp-json\/wp\/v2\/product_brand?post=2218"},{"taxonomy":"product_cat","embeddable":true,"href":"https:\/\/www.gainmode.to\/fr\/wp-json\/wp\/v2\/product_cat?post=2218"},{"taxonomy":"product_tag","embeddable":true,"href":"https:\/\/www.gainmode.to\/fr\/wp-json\/wp\/v2\/product_tag?post=2218"}],"curies":[{"name":"wp","href":"https:\/\/api.w.org\/{rel}","templated":true}]}}