{"id":2219,"date":"2025-06-24T21:41:13","date_gmt":"2025-06-24T21:41:13","guid":{"rendered":"https:\/\/www.gainmode.to\/product\/testosterone-propionate-100mg-ml-unique-pharma\/"},"modified":"2025-10-20T17:40:20","modified_gmt":"2025-10-20T17:40:20","slug":"testosterone-propionate-100mg-ml-unique-pharma","status":"publish","type":"product","link":"https:\/\/www.gainmode.to\/fr\/produit\/testosterone-propionate-100mg-ml-unique-pharma\/","title":{"rendered":"Testost\u00e9rone propionate 100mg\/ml Unique pharma"},"content":{"rendered":"<h2><b>Qu&rsquo;est-ce que le propionate de testost\u00e9rone ?<\/b><\/h2>\n<p>Le propionate de testost\u00e9rone est un ester de testost\u00e9rone \u00e0 action rapide couramment utilis\u00e9 dans les cycles de s\u00e8che. Il est rapidement absorb\u00e9 par l&rsquo;organisme, ce qui le rend id\u00e9al pour les athl\u00e8tes recherchant des r\u00e9sultats rapides. Cela fait de <strong>l&rsquo;achat de propionate de testost\u00e9rone<\/strong> un choix populaire pour ceux qui cherchent \u00e0 d\u00e9velopper leur masse musculaire et leur force avec une r\u00e9tention d&rsquo;eau minimale.  <\/p>\n<h2><b>Comment fonctionne le propionate de testost\u00e9rone prime pharma ?<\/b><\/h2>\n<p>Les <strong>anabolisants de propionate de testost\u00e9rone<\/strong> augmentent les niveaux de testost\u00e9rone dans le corps, favorisant la synth\u00e8se des prot\u00e9ines et la r\u00e9tention d&rsquo;azote. Cela soutient la croissance musculaire, am\u00e9liore la force et acc\u00e9l\u00e8re la r\u00e9cup\u00e9ration. En raison de sa courte dur\u00e9e d&rsquo;action, une administration fr\u00e9quente est n\u00e9cessaire pour maintenir des niveaux de testost\u00e9rone stables.  <\/p>\n<h2><b>Effets secondaires d&rsquo;un cycle de propionate de testost\u00e9rone<\/b><\/h2>\n<p>Bien que <strong>l&rsquo;utilisation de propionate de testost\u00e9rone pendant un cycle<\/strong> soit efficace, des effets secondaires peuvent survenir en cas d&rsquo;utilisation inappropri\u00e9e, tels que : <\/p>\n<ul>\n<li>Irritation ou douleur au site d&rsquo;injection.<\/li>\n<li>Acn\u00e9 et peau grasse.<\/li>\n<li>Suppression de la production naturelle de testost\u00e9rone.<\/li>\n<\/ul>\n<p>Le respect de la posologie correcte et l&rsquo;utilisation d&rsquo;une th\u00e9rapie post-cycle minimisent ces risques.<\/p>\n<h2><b>Dosage du propionate de testost\u00e9rone<\/b><\/h2>\n<p>La dose recommand\u00e9e de <strong>Testosterone Propionate Prime Pharma<\/strong> est comprise entre 100 et 150 mg tous les deux jours, en fonction de votre exp\u00e9rience et de vos objectifs. Des injections r\u00e9guli\u00e8res assurent des niveaux de testost\u00e9rone stables et des r\u00e9sultats optimaux. <\/p>\n","protected":false},"excerpt":{"rendered":"<p>Qu&rsquo;est-ce que le propionate de testost\u00e9rone ? Le propionate de testost\u00e9rone est un ester de testost\u00e9rone \u00e0 action rapide couramment utilis\u00e9 dans les cycles de s\u00e8che. Il est rapidement absorb\u00e9 par l&rsquo;organisme, ce qui le rend id\u00e9al pour les athl\u00e8tes recherchant des r\u00e9sultats rapides. Cela fait de l&rsquo;achat de propionate de testost\u00e9rone un choix populaire &#8230; <a title=\"Testost\u00e9rone propionate 100mg\/ml Unique pharma\" class=\"read-more\" href=\"https:\/\/www.gainmode.to\/fr\/produit\/testosterone-propionate-100mg-ml-unique-pharma\/\" aria-label=\"En savoir plus sur Testost\u00e9rone propionate 100mg\/ml Unique pharma\">Lire la suite<\/a><\/p>\n","protected":false},"featured_media":1333,"comment_status":"open","ping_status":"closed","template":"","meta":[],"product_brand":[79],"product_cat":[1075,1994],"product_tag":[2000,2001,1502,1997,1995,1996,1999,1998,1501,1077],"class_list":{"0":"post-2219","1":"product","2":"type-product","3":"status-publish","4":"has-post-thumbnail","6":"product_brand-unique","7":"product_cat-injections-fr","8":"product_cat-propionate-de-testosterone","9":"product_tag-anabolisant-de-propionate-de-testosterone","10":"product_tag-dosage-de-propionate-de-testosterone","11":"product_tag-hormone-testosterone","12":"product_tag-injection-de-propionate-de-testosterone","13":"product_tag-propionate-de-testosterone","14":"product_tag-propionate-de-testosterone-100mg-ml","15":"product_tag-propionate-de-testosterone-a-vendre","16":"product_tag-steroide-de-propionate-de-testosterone","17":"product_tag-steroide-testosterone","18":"product_tag-unique-pharma-fr","20":"first","21":"instock","22":"shipping-taxable","23":"purchasable","24":"product-type-simple"},"_links":{"self":[{"href":"https:\/\/www.gainmode.to\/fr\/wp-json\/wp\/v2\/product\/2219","targetHints":{"allow":["GET"]}}],"collection":[{"href":"https:\/\/www.gainmode.to\/fr\/wp-json\/wp\/v2\/product"}],"about":[{"href":"https:\/\/www.gainmode.to\/fr\/wp-json\/wp\/v2\/types\/product"}],"replies":[{"embeddable":true,"href":"https:\/\/www.gainmode.to\/fr\/wp-json\/wp\/v2\/comments?post=2219"}],"wp:featuredmedia":[{"embeddable":true,"href":"https:\/\/www.gainmode.to\/fr\/wp-json\/wp\/v2\/media\/1333"}],"wp:attachment":[{"href":"https:\/\/www.gainmode.to\/fr\/wp-json\/wp\/v2\/media?parent=2219"}],"wp:term":[{"taxonomy":"product_brand","embeddable":true,"href":"https:\/\/www.gainmode.to\/fr\/wp-json\/wp\/v2\/product_brand?post=2219"},{"taxonomy":"product_cat","embeddable":true,"href":"https:\/\/www.gainmode.to\/fr\/wp-json\/wp\/v2\/product_cat?post=2219"},{"taxonomy":"product_tag","embeddable":true,"href":"https:\/\/www.gainmode.to\/fr\/wp-json\/wp\/v2\/product_tag?post=2219"}],"curies":[{"name":"wp","href":"https:\/\/api.w.org\/{rel}","templated":true}]}}