{"id":2242,"date":"2025-06-26T17:42:51","date_gmt":"2025-06-26T17:42:51","guid":{"rendered":"https:\/\/www.gainmode.to\/product\/nolvadex-prime-100x10mg\/"},"modified":"2025-06-26T17:42:51","modified_gmt":"2025-06-26T17:42:51","slug":"nolvadex-prime-100x10mg","status":"publish","type":"product","link":"https:\/\/www.gainmode.to\/fr\/produit\/nolvadex-prime-100x10mg\/","title":{"rendered":"Nolvadex prime 100x10mg"},"content":{"rendered":"<h2 data-start=\"90\" data-end=\"113\">Tamoxif\u00e8ne (nolvadex)<\/h2>\n<p data-start=\"115\" data-end=\"474\"><strong data-start=\"115\" data-end=\"127\">Nolvadex<\/strong> est un m\u00e9dicament non st\u00e9ro\u00efdien connu pour ses forts effets anti-\u0153strog\u00e9niques. Il se lie aux r\u00e9cepteurs d&rsquo;\u0153strog\u00e8nes et bloque efficacement l&rsquo;action de l&rsquo;\u0153strog\u00e8ne. Il est principalement prescrit pour certains types de cancer du sein chez les hommes et les femmes et comme mesure pr\u00e9ventive pour les femmes ayant des ant\u00e9c\u00e9dents de carcinome canalaire in situ (CCIS) qui sont \u00e0 risque accru.  <\/p>\n<h3 data-start=\"476\" data-end=\"491\">Indications<\/h3>\n<ul data-start=\"492\" data-end=\"762\">\n<li data-start=\"492\" data-end=\"593\">\n<p data-start=\"494\" data-end=\"593\">Traitement du cancer du sein m\u00e9tastatique chez les deux sexes, particuli\u00e8rement b\u00e9n\u00e9fique pour les femmes pr\u00e9m\u00e9nopaus\u00e9es.<\/p>\n<\/li>\n<li data-start=\"594\" data-end=\"676\">\n<p data-start=\"596\" data-end=\"676\">Souvent pr\u00e9f\u00e9r\u00e9 aux m\u00e9thodes chirurgicales telles que l&rsquo;ovariectomie ou la radioth\u00e9rapie.<\/p>\n<\/li>\n<li data-start=\"677\" data-end=\"762\">\n<p data-start=\"679\" data-end=\"762\">Recommand\u00e9 comme th\u00e9rapie adjuvante apr\u00e8s une chirurgie dans les tumeurs positives aux r\u00e9cepteurs d&rsquo;\u0153strog\u00e8nes.<\/p>\n<\/li>\n<\/ul>\n<h3 data-start=\"764\" data-end=\"774\">Posologie<\/h3>\n<ul data-start=\"775\" data-end=\"1075\">\n<li data-start=\"775\" data-end=\"836\">\n<p data-start=\"777\" data-end=\"836\">Disponible en comprim\u00e9s de 10 mg et 20 mg, et en solution de 10 mg.<\/p>\n<\/li>\n<li data-start=\"837\" data-end=\"936\">\n<p data-start=\"839\" data-end=\"936\">Dose standard&nbsp;: 20&nbsp;mg par voie orale par jour, parfois augment\u00e9e jusqu&rsquo;\u00e0 40&nbsp;mg divis\u00e9s en plusieurs doses.<\/p>\n<\/li>\n<li data-start=\"937\" data-end=\"1010\">\n<p data-start=\"939\" data-end=\"1010\">Les culturistes commencent souvent \u00e0 20 mg par jour, certains allant jusqu&rsquo;\u00e0 30 mg par jour.<\/p>\n<\/li>\n<li data-start=\"1011\" data-end=\"1075\">\n<p data-start=\"1013\" data-end=\"1075\">Une th\u00e9rapie \u00e0 long terme au-del\u00e0 de 5 ans n&rsquo;est g\u00e9n\u00e9ralement pas recommand\u00e9e.<\/p>\n<\/li>\n<\/ul>\n<h3 data-start=\"1077\" data-end=\"1100\">Utilisation en musculation<\/h3>\n<ul data-start=\"1101\" data-end=\"1465\">\n<li data-start=\"1101\" data-end=\"1148\">\n<p data-start=\"1103\" data-end=\"1148\">N&rsquo;a pas d&rsquo;effets anabolisants ou androg\u00e9niques directs.<\/p>\n<\/li>\n<li data-start=\"1149\" data-end=\"1272\">\n<p data-start=\"1151\" data-end=\"1272\">Bloque les r\u00e9cepteurs d&rsquo;\u0153strog\u00e8nes dans l&rsquo;hypothalamus, ce qui augmente la production de LH et de FSH, stimulant la synth\u00e8se de testost\u00e9rone.<\/p>\n<\/li>\n<li data-start=\"1273\" data-end=\"1390\">\n<p data-start=\"1275\" data-end=\"1390\">Utilis\u00e9 apr\u00e8s les cycles de st\u00e9ro\u00efdes anabolisants pour contrer la suppression de la testost\u00e9rone et pr\u00e9venir la gyn\u00e9comastie et la r\u00e9tention d&rsquo;eau.<\/p>\n<\/li>\n<li data-start=\"1391\" data-end=\"1465\">\n<p data-start=\"1393\" data-end=\"1465\">Aide \u00e0 la r\u00e9cup\u00e9ration de la production naturelle de testost\u00e9rone pendant les phases d&rsquo;\u00e9limination.<\/p>\n<\/li>\n<\/ul>\n<h3 data-start=\"1467\" data-end=\"1483\">Utilisation chez les femmes<\/h3>\n<ul data-start=\"1484\" data-end=\"1875\">\n<li data-start=\"1484\" data-end=\"1545\">\n<p data-start=\"1486\" data-end=\"1545\">Traitement standard pour les femmes atteintes d&rsquo;un cancer du sein m\u00e9tastatique.<\/p>\n<\/li>\n<li data-start=\"1546\" data-end=\"1622\">\n<p data-start=\"1548\" data-end=\"1622\">Il est crucial de consulter un m\u00e9decin si vous l&rsquo;utilisez \u00e0 des fins m\u00e9dicales ou de musculation.<\/p>\n<\/li>\n<li data-start=\"1623\" data-end=\"1775\">\n<p data-start=\"1625\" data-end=\"1775\">Effets secondaires possibles&nbsp;: saignements vaginaux, nouvelles masses mammaires, douleurs pelviennes, gonflement des jambes, essoufflement, changements de la vision, cycles menstruels irr\u00e9guliers.<\/p>\n<\/li>\n<li data-start=\"1776\" data-end=\"1820\">\n<p data-start=\"1778\" data-end=\"1820\">Des examens r\u00e9guliers des seins sont essentiels.<\/p>\n<\/li>\n<li data-start=\"1821\" data-end=\"1875\">\n<p data-start=\"1823\" data-end=\"1875\">Peut r\u00e9duire l&rsquo;efficacit\u00e9 des pilules contraceptives.<\/p>\n<\/li>\n<\/ul>\n<h3 data-start=\"1877\" data-end=\"1900\">Effets secondaires courants<\/h3>\n<ul data-start=\"1901\" data-end=\"2170\">\n<li data-start=\"1901\" data-end=\"1973\">\n<p data-start=\"1903\" data-end=\"1973\">Bouff\u00e9es de chaleur, gonflement des jambes, perte de go\u00fbt, d\u00e9mangeaisons g\u00e9nitales, d\u00e9pression.<\/p>\n<\/li>\n<li data-start=\"1974\" data-end=\"2034\">\n<p data-start=\"1976\" data-end=\"2034\">Fatigue, vertiges, maux de t\u00eate, perte de cheveux, s\u00e9cheresse vaginale.<\/p>\n<\/li>\n<li data-start=\"2035\" data-end=\"2111\">\n<p data-start=\"2037\" data-end=\"2111\">Naus\u00e9es, vomissements, douleurs osseuses, toux, crampes abdominales, perte d&rsquo;app\u00e9tit.<\/p>\n<\/li>\n<li data-start=\"2112\" data-end=\"2170\">\n<p data-start=\"2114\" data-end=\"2170\">La plupart des effets secondaires disparaissent apr\u00e8s l&rsquo;arr\u00eat du m\u00e9dicament.<\/p>\n<\/li>\n<\/ul>\n<h3 data-start=\"2172\" data-end=\"2184\">Avertissements<\/h3>\n<ul data-start=\"2185\" data-end=\"2559\">\n<li data-start=\"2185\" data-end=\"2255\">\n<p data-start=\"2187\" data-end=\"2255\">Peut provoquer une hypercalc\u00e9mie peu apr\u00e8s l&rsquo;utilisation chez les patientes atteintes d&rsquo;un cancer du sein.<\/p>\n<\/li>\n<li data-start=\"2256\" data-end=\"2310\">\n<p data-start=\"2258\" data-end=\"2310\">Des cas de cancer de l&rsquo;ut\u00e9rus li\u00e9s au m\u00e9dicament ont \u00e9t\u00e9 signal\u00e9s.<\/p>\n<\/li>\n<li data-start=\"2311\" data-end=\"2425\">\n<p data-start=\"2313\" data-end=\"2425\">Les risques graves comprennent les caillots sanguins entra\u00eenant une embolie pulmonaire, de rares cas de cancer du foie et des changements de la vision.<\/p>\n<\/li>\n<li data-start=\"2426\" data-end=\"2559\">\n<p data-start=\"2428\" data-end=\"2559\">Le surdosage est rare&nbsp;; les sympt\u00f4mes comprennent des tremblements, une instabilit\u00e9, des vertiges et des troubles du rythme cardiaque. Le traitement est principalement de soutien. <\/p>\n<\/li>\n<\/ul>\n<h3 data-start=\"2561\" data-end=\"2584\">D\u00e9tection dans le sport<\/h3>\n<ul data-start=\"2585\" data-end=\"2774\">\n<li data-start=\"2585\" data-end=\"2638\">\n<p data-start=\"2587\" data-end=\"2638\">Activement surveill\u00e9 par diverses organisations sportives.<\/p>\n<\/li>\n<li data-start=\"2639\" data-end=\"2727\">\n<p data-start=\"2641\" data-end=\"2727\">La pr\u00e9sence de Nolvadex dans l&rsquo;urine, m\u00eame avec une ordonnance, peut entra\u00eener une disqualification.<\/p>\n<\/li>\n<li data-start=\"2728\" data-end=\"2774\">\n<p data-start=\"2730\" data-end=\"2774\">D\u00e9tectable dans l&rsquo;urine pendant 3 \u00e0 4 semaines apr\u00e8s l&rsquo;utilisation.<\/p>\n<\/li>\n<\/ul>\n","protected":false},"excerpt":{"rendered":"<p>Tamoxif\u00e8ne (nolvadex) Nolvadex est un m\u00e9dicament non st\u00e9ro\u00efdien connu pour ses forts effets anti-\u0153strog\u00e9niques. Il se lie aux r\u00e9cepteurs d&rsquo;\u0153strog\u00e8nes et bloque efficacement l&rsquo;action de l&rsquo;\u0153strog\u00e8ne. Il est principalement prescrit pour certains types de cancer du sein chez les hommes et les femmes et comme mesure pr\u00e9ventive pour les femmes ayant des ant\u00e9c\u00e9dents de carcinome &#8230; <a title=\"Nolvadex prime 100x10mg\" class=\"read-more\" href=\"https:\/\/www.gainmode.to\/fr\/produit\/nolvadex-prime-100x10mg\/\" aria-label=\"En savoir plus sur Nolvadex prime 100x10mg\">Lire la suite<\/a><\/p>\n","protected":false},"featured_media":486,"comment_status":"open","ping_status":"closed","template":"","meta":[],"product_brand":[80],"product_cat":[874,2089],"product_tag":[2093,2099,2101,2102,2090,2100,2103,2095,2098,2097,1134,2092],"class_list":{"0":"post-2242","1":"product","2":"type-product","3":"status-publish","4":"has-post-thumbnail","6":"product_brand-prime-pharma","7":"product_cat-non-categorise","8":"product_cat-nolvadex-fr","9":"product_tag-bloqueur-doestrogenes","10":"product_tag-citrate-de-tamoxifene","11":"product_tag-equilibre-hormonal","12":"product_tag-fertilite-feminine","13":"product_tag-fertilite-masculine","14":"product_tag-inducteur-dovulation","15":"product_tag-modulateur-selectif-des-recepteurs-oestrogeniques","16":"product_tag-nolvadex-fr","17":"product_tag-nolvadex-100-comprimes","18":"product_tag-nolvadex-10mg-fr","19":"product_tag-prime-pharma-fr","20":"product_tag-therapie-post-cycle","22":"first","23":"instock","24":"shipping-taxable","25":"purchasable","26":"product-type-simple"},"_links":{"self":[{"href":"https:\/\/www.gainmode.to\/fr\/wp-json\/wp\/v2\/product\/2242","targetHints":{"allow":["GET"]}}],"collection":[{"href":"https:\/\/www.gainmode.to\/fr\/wp-json\/wp\/v2\/product"}],"about":[{"href":"https:\/\/www.gainmode.to\/fr\/wp-json\/wp\/v2\/types\/product"}],"replies":[{"embeddable":true,"href":"https:\/\/www.gainmode.to\/fr\/wp-json\/wp\/v2\/comments?post=2242"}],"wp:featuredmedia":[{"embeddable":true,"href":"https:\/\/www.gainmode.to\/fr\/wp-json\/wp\/v2\/media\/486"}],"wp:attachment":[{"href":"https:\/\/www.gainmode.to\/fr\/wp-json\/wp\/v2\/media?parent=2242"}],"wp:term":[{"taxonomy":"product_brand","embeddable":true,"href":"https:\/\/www.gainmode.to\/fr\/wp-json\/wp\/v2\/product_brand?post=2242"},{"taxonomy":"product_cat","embeddable":true,"href":"https:\/\/www.gainmode.to\/fr\/wp-json\/wp\/v2\/product_cat?post=2242"},{"taxonomy":"product_tag","embeddable":true,"href":"https:\/\/www.gainmode.to\/fr\/wp-json\/wp\/v2\/product_tag?post=2242"}],"curies":[{"name":"wp","href":"https:\/\/api.w.org\/{rel}","templated":true}]}}