{"id":2243,"date":"2025-06-26T17:47:16","date_gmt":"2025-06-26T17:47:16","guid":{"rendered":"https:\/\/www.gainmode.to\/product\/nolvadex-unique-100x10mg\/"},"modified":"2025-06-26T17:47:16","modified_gmt":"2025-06-26T17:47:16","slug":"nolvadex-unique-100x10mg","status":"publish","type":"product","link":"https:\/\/www.gainmode.to\/fr\/produit\/nolvadex-unique-100x10mg\/","title":{"rendered":"Nolvadex Unique 100x10mg"},"content":{"rendered":"<h3 data-start=\"95\" data-end=\"123\"><strong data-start=\"99\" data-end=\"123\">Tamoxif\u00e8ne \u2013 nolvadex<\/strong><\/h3>\n<p data-start=\"125\" data-end=\"718\">Le Nolvadex est un m\u00e9dicament non st\u00e9ro\u00efdien reconnu pour ses puissants effets anti-\u0153strog\u00e9niques. En se liant aux r\u00e9cepteurs d&rsquo;\u0153strog\u00e8nes, il inhibe efficacement l&rsquo;influence de l&rsquo;\u0153strog\u00e8ne. Ce m\u00e9dicament est principalement prescrit pour le traitement de types sp\u00e9cifiques de cancer du sein chez les femmes et les hommes. De plus, il sert de mesure pr\u00e9ventive contre le cancer du sein chez les femmes ayant des ant\u00e9c\u00e9dents de carcinome canalaire in situ (CCIS) qui pr\u00e9sentent un risque accru. Des recherches sont en cours pour examiner son efficacit\u00e9 pour divers autres types de cancer du sein. Il est \u00e9galement appel\u00e9 <strong data-start=\"679\" data-end=\"692\">tamoxif\u00e8ne<\/strong> ou <strong data-start=\"696\" data-end=\"717\">citrate de tamoxif\u00e8ne<\/strong>.     <\/p>\n<hr data-start=\"720\" data-end=\"723\">\n<h3 data-start=\"725\" data-end=\"744\"><strong data-start=\"729\" data-end=\"744\">Indications<\/strong><\/h3>\n<p data-start=\"746\" data-end=\"1126\">Le Nolvadex est indiqu\u00e9 pour le traitement du cancer du sein m\u00e9tastatique chez les deux sexes. Il est particuli\u00e8rement b\u00e9n\u00e9fique pour les femmes pr\u00e9m\u00e9nopaus\u00e9es. Au lieu de m\u00e9thodes chirurgicales comme l&rsquo;ovariectomie ou la radioth\u00e9rapie, le Nolvadex est souvent pr\u00e9f\u00e9r\u00e9. Les patientes atteintes de tumeurs positives aux r\u00e9cepteurs d&rsquo;\u0153strog\u00e8nes b\u00e9n\u00e9ficient grandement de cette th\u00e9rapie, et il est \u00e9galement recommand\u00e9 comme traitement adjuvant apr\u00e8s la chirurgie.   <\/p>\n<hr data-start=\"1128\" data-end=\"1131\">\n<h3 data-start=\"1133\" data-end=\"1147\"><strong data-start=\"1137\" data-end=\"1147\">Posologie<\/strong><\/h3>\n<p data-start=\"1149\" data-end=\"1620\">Le Nolvadex est disponible en comprim\u00e9s de 10 mg et 20 mg, ainsi qu&rsquo;en solution de 10 mg. La posologie standard recommand\u00e9e est de <strong data-start=\"1266\" data-end=\"1283\">20 mg par jour<\/strong>, pris par voie orale et bien absorb\u00e9, ind\u00e9pendamment de l&rsquo;apport alimentaire. Pour les patientes atteintes de cancer du sein, la posologie varie g\u00e9n\u00e9ralement de <strong data-start=\"1405\" data-end=\"1431\">20 mg \u00e0 40 mg par jour<\/strong>, divis\u00e9e en 1 \u00e0 3 doses si le total d\u00e9passe 20 mg. De nombreux bodybuilders commencent avec <strong data-start=\"1516\" data-end=\"1531\">20 mg par jour<\/strong>, certains allant jusqu&rsquo;\u00e0 30 mg. Une th\u00e9rapie \u00e0 long terme au-del\u00e0 de 5 ans est g\u00e9n\u00e9ralement d\u00e9conseill\u00e9e.    <\/p>\n<hr data-start=\"1622\" data-end=\"1625\">\n<h3 data-start=\"1627\" data-end=\"1647\"><strong data-start=\"1631\" data-end=\"1647\">Bodybuilders<\/strong><\/h3>\n<p data-start=\"1649\" data-end=\"2041\">Bien que le Nolvadex n&rsquo;ait pas de propri\u00e9t\u00e9s anabolisantes ou androg\u00e8nes directes, il a un impact significatif sur le <strong data-start=\"1741\" data-end=\"1772\">blocage des r\u00e9cepteurs d&rsquo;\u0153strog\u00e8nes<\/strong>. En bloquant ces r\u00e9cepteurs dans l&rsquo;hypothalamus, il entra\u00eene une production accrue de <strong data-start=\"1859\" data-end=\"1889\">gonadotrophines (LH et FSH)<\/strong>, qui \u00e0 leur tour stimulent la synth\u00e8se de testost\u00e9rone. Cette pouss\u00e9e de testost\u00e9rone contribue indirectement aux effets anabolisants et androg\u00e8nes li\u00e9s au Nolvadex.  <\/p>\n<p data-start=\"2043\" data-end=\"2465\">Les bodybuilders utilisent couramment le Nolvadex <strong data-start=\"2078\" data-end=\"2111\">apr\u00e8s les cycles de st\u00e9ro\u00efdes anabolisants<\/strong> pour contrer la suppression de la testost\u00e9rone. Alors que certains optent pour <strong data-start=\"2171\" data-end=\"2183\">Arimidex<\/strong>, d&rsquo;autres pr\u00e9f\u00e8rent le Nolvadex pour des effets similaires, en particulier pour <strong data-start=\"2245\" data-end=\"2272\">pr\u00e9venir la gyn\u00e9comastie<\/strong> et la <strong data-start=\"2277\" data-end=\"2296\">r\u00e9tention d&rsquo;eau<\/strong>. Le Nolvadex seul provoque une prise de poids minimale, mais il est pr\u00e9f\u00e9r\u00e9 pour maintenir les gains provenant d&rsquo;autres st\u00e9ro\u00efdes pendant la th\u00e9rapie post-cycle (PCT), aidant \u00e0 la r\u00e9cup\u00e9ration de la testost\u00e9rone.  <\/p>\n<hr data-start=\"2467\" data-end=\"2470\">\n<h3 data-start=\"2472\" data-end=\"2485\"><strong data-start=\"2476\" data-end=\"2485\">Femmes<\/strong><\/h3>\n<p data-start=\"2487\" data-end=\"2721\">Le Nolvadex est r\u00e9guli\u00e8rement prescrit aux femmes luttant contre le cancer du sein m\u00e9tastatique. Il est crucial pour toute femme utilisant ce m\u00e9dicament, que ce soit \u00e0 des fins m\u00e9dicales ou de musculation, de consulter un m\u00e9decin de pr\u00e8s. Les effets secondaires notables peuvent inclure :  <\/p>\n<ul data-start=\"2723\" data-end=\"2900\">\n<li data-start=\"2723\" data-end=\"2743\">\n<p data-start=\"2725\" data-end=\"2743\">Saignements vaginaux<\/p>\n<\/li>\n<li data-start=\"2744\" data-end=\"2764\">\n<p data-start=\"2746\" data-end=\"2764\">Nouvelles masses mammaires<\/p>\n<\/li>\n<li data-start=\"2765\" data-end=\"2793\">\n<p data-start=\"2767\" data-end=\"2793\">Sensation de ballonnement dans le bas de l&rsquo;abdomen<\/p>\n<\/li>\n<li data-start=\"2794\" data-end=\"2809\">\n<p data-start=\"2796\" data-end=\"2809\">Douleur pelvienne<\/p>\n<\/li>\n<li data-start=\"2810\" data-end=\"2826\">\n<p data-start=\"2812\" data-end=\"2826\">Gonflement des jambes<\/p>\n<\/li>\n<li data-start=\"2827\" data-end=\"2850\">\n<p data-start=\"2829\" data-end=\"2850\">Essoufflement<\/p>\n<\/li>\n<li data-start=\"2851\" data-end=\"2869\">\n<p data-start=\"2853\" data-end=\"2869\">Changements de la vision<\/p>\n<\/li>\n<li data-start=\"2870\" data-end=\"2900\">\n<p data-start=\"2872\" data-end=\"2900\">Cycles menstruels irr\u00e9guliers<\/p>\n<\/li>\n<\/ul>\n<p data-start=\"2902\" data-end=\"3106\">Des examens r\u00e9guliers des seins par un m\u00e9decin sont essentiels pour pr\u00e9venir les complications rares. Les culturistes f\u00e9minines doivent \u00e9galement \u00eatre conscientes que <strong data-start=\"3033\" data-end=\"3105\">le Nolvadex peut interf\u00e9rer avec l&rsquo;efficacit\u00e9 des pilules contraceptives<\/strong>. <\/p>\n<hr data-start=\"3108\" data-end=\"3111\">\n<h3 data-start=\"3113\" data-end=\"3140\"><strong data-start=\"3117\" data-end=\"3140\">Effets secondaires courants<\/strong><\/h3>\n<p data-start=\"3142\" data-end=\"3318\">Ce m\u00e9dicament est g\u00e9n\u00e9ralement consid\u00e9r\u00e9 comme s\u00fbr, avec seulement 1 \u00e0 3 % des femmes signalant des effets secondaires importants. Les effets secondaires les plus fr\u00e9quemment observ\u00e9s chez les hommes et les femmes comprennent : <\/p>\n<ul data-start=\"3320\" data-end=\"3568\">\n<li data-start=\"3320\" data-end=\"3335\">\n<p data-start=\"3322\" data-end=\"3335\">Bouff\u00e9es de chaleur<\/p>\n<\/li>\n<li data-start=\"3336\" data-end=\"3352\">\n<p data-start=\"3338\" data-end=\"3352\">Gonflement des jambes<\/p>\n<\/li>\n<li data-start=\"3353\" data-end=\"3370\">\n<p data-start=\"3355\" data-end=\"3370\">Perte de go\u00fbt<\/p>\n<\/li>\n<li data-start=\"3371\" data-end=\"3390\">\n<p data-start=\"3373\" data-end=\"3390\">D\u00e9mangeaisons g\u00e9nitales<\/p>\n<\/li>\n<li data-start=\"3391\" data-end=\"3405\">\n<p data-start=\"3393\" data-end=\"3405\">D\u00e9pression<\/p>\n<\/li>\n<li data-start=\"3406\" data-end=\"3431\">\n<p data-start=\"3408\" data-end=\"3431\">Fatigue et vertiges<\/p>\n<\/li>\n<li data-start=\"3432\" data-end=\"3444\">\n<p data-start=\"3434\" data-end=\"3444\">Maux de t\u00eate<\/p>\n<\/li>\n<li data-start=\"3445\" data-end=\"3458\">\n<p data-start=\"3447\" data-end=\"3458\">Chute de cheveux<\/p>\n<\/li>\n<li data-start=\"3459\" data-end=\"3478\">\n<p data-start=\"3461\" data-end=\"3478\">S\u00e9cheresse vaginale<\/p>\n<\/li>\n<li data-start=\"3479\" data-end=\"3502\">\n<p data-start=\"3481\" data-end=\"3502\">Naus\u00e9es et vomissements<\/p>\n<\/li>\n<li data-start=\"3503\" data-end=\"3516\">\n<p data-start=\"3505\" data-end=\"3516\">Douleur osseuse<\/p>\n<\/li>\n<li data-start=\"3517\" data-end=\"3526\">\n<p data-start=\"3519\" data-end=\"3526\">Toux<\/p>\n<\/li>\n<li data-start=\"3527\" data-end=\"3547\">\n<p data-start=\"3529\" data-end=\"3547\">Crampes abdominales<\/p>\n<\/li>\n<li data-start=\"3548\" data-end=\"3568\">\n<p data-start=\"3550\" data-end=\"3568\">Perte d&rsquo;app\u00e9tit<\/p>\n<\/li>\n<\/ul>\n<p data-start=\"3570\" data-end=\"3649\">La plupart de ces effets secondaires disparaissent g\u00e9n\u00e9ralement une fois l&rsquo;utilisation de Nolvadex interrompue.<\/p>\n<hr data-start=\"3651\" data-end=\"3654\">\n<h3 data-start=\"3656\" data-end=\"3672\"><strong data-start=\"3660\" data-end=\"3672\">Avertissements<\/strong><\/h3>\n<p data-start=\"3674\" data-end=\"3991\">\u26a0\ufe0f <strong data-start=\"3677\" data-end=\"3690\">Important<\/strong> : Le Nolvadex peut provoquer une <strong data-start=\"3711\" data-end=\"3728\">hypercalc\u00e9mie<\/strong> peu apr\u00e8s le d\u00e9but du traitement chez les patientes atteintes d&rsquo;un cancer du sein. Des cas de <strong data-start=\"3798\" data-end=\"3816\">cancer de l&rsquo;ut\u00e9rus<\/strong> ont \u00e9galement \u00e9t\u00e9 li\u00e9s \u00e0 ce m\u00e9dicament. Les caillots sanguins entra\u00eenant une <strong data-start=\"3882\" data-end=\"3904\">embolie pulmonaire<\/strong> pr\u00e9sentent un risque grave, ainsi que de rares cas de <strong data-start=\"3951\" data-end=\"3967\">cancer du foie<\/strong> et de <strong data-start=\"3972\" data-end=\"3990\">changements de vision<\/strong>.  <\/p>\n<hr data-start=\"3993\" data-end=\"3996\">\n<h3 data-start=\"3998\" data-end=\"4014\"><strong data-start=\"4002\" data-end=\"4014\">Surdosage<\/strong><\/h3>\n<p data-start=\"4016\" data-end=\"4297\">Bien que rares, les surdoses de Nolvadex n&rsquo;ont pas \u00e9t\u00e9 fr\u00e9quemment signal\u00e9es. Les sympt\u00f4mes peuvent ne pas appara\u00eetre avant <strong data-start=\"4113\" data-end=\"4125\">4 \u00e0 6 jours<\/strong> apr\u00e8s une ingestion excessive et peuvent inclure des tremblements, une d\u00e9marche instable, des \u00e9tourdissements ou des probl\u00e8mes de rythme cardiaque. La toxicit\u00e9 \u00e0 long terme est peu probable et le traitement est principalement de soutien.  <\/p>\n<hr data-start=\"4299\" data-end=\"4302\">\n<h3 data-start=\"4304\" data-end=\"4321\"><strong data-start=\"4308\" data-end=\"4321\">D\u00e9tection<\/strong><\/h3>\n<p data-start=\"4323\" data-end=\"4565\">Ce m\u00e9dicament est activement surveill\u00e9 par diverses organisations sportives. M\u00eame avec une prescription l\u00e9gale, <strong data-start=\"4420\" data-end=\"4486\">la pr\u00e9sence de Nolvadex dans l&rsquo;urine peut entra\u00eener une disqualification<\/strong> des \u00e9v\u00e9nements comp\u00e9titifs. Il peut rester d\u00e9tectable pendant <strong data-start=\"4541\" data-end=\"4564\">3 \u00e0 4 semaines apr\u00e8s utilisation<\/strong>.  <\/p>\n","protected":false},"excerpt":{"rendered":"<p>Tamoxif\u00e8ne \u2013 nolvadex Le Nolvadex est un m\u00e9dicament non st\u00e9ro\u00efdien reconnu pour ses puissants effets anti-\u0153strog\u00e9niques. En se liant aux r\u00e9cepteurs d&rsquo;\u0153strog\u00e8nes, il inhibe efficacement l&rsquo;influence de l&rsquo;\u0153strog\u00e8ne. Ce m\u00e9dicament est principalement prescrit pour le traitement de types sp\u00e9cifiques de cancer du sein chez les femmes et les hommes. De plus, il sert de mesure &#8230; <a title=\"Nolvadex Unique 100x10mg\" class=\"read-more\" href=\"https:\/\/www.gainmode.to\/fr\/produit\/nolvadex-unique-100x10mg\/\" aria-label=\"En savoir plus sur Nolvadex Unique 100x10mg\">Lire la suite<\/a><\/p>\n","protected":false},"featured_media":489,"comment_status":"open","ping_status":"closed","template":"","meta":[],"product_brand":[79],"product_cat":[874,2089],"product_tag":[2093,2099,2107,2095,2098,2097,2106,2105,2104,1077],"class_list":{"0":"post-2243","1":"product","2":"type-product","3":"status-publish","4":"has-post-thumbnail","6":"product_brand-unique","7":"product_cat-non-categorise","8":"product_cat-nolvadex-fr","9":"product_tag-bloqueur-doestrogenes","10":"product_tag-citrate-de-tamoxifene","11":"product_tag-hormonotherapie","12":"product_tag-nolvadex-fr","13":"product_tag-nolvadex-100-comprimes","14":"product_tag-nolvadex-10mg-fr","15":"product_tag-pct-fr","16":"product_tag-serms-fr","17":"product_tag-tamoxifene","18":"product_tag-unique-pharma-fr","20":"first","21":"instock","22":"shipping-taxable","23":"purchasable","24":"product-type-simple"},"_links":{"self":[{"href":"https:\/\/www.gainmode.to\/fr\/wp-json\/wp\/v2\/product\/2243","targetHints":{"allow":["GET"]}}],"collection":[{"href":"https:\/\/www.gainmode.to\/fr\/wp-json\/wp\/v2\/product"}],"about":[{"href":"https:\/\/www.gainmode.to\/fr\/wp-json\/wp\/v2\/types\/product"}],"replies":[{"embeddable":true,"href":"https:\/\/www.gainmode.to\/fr\/wp-json\/wp\/v2\/comments?post=2243"}],"wp:featuredmedia":[{"embeddable":true,"href":"https:\/\/www.gainmode.to\/fr\/wp-json\/wp\/v2\/media\/489"}],"wp:attachment":[{"href":"https:\/\/www.gainmode.to\/fr\/wp-json\/wp\/v2\/media?parent=2243"}],"wp:term":[{"taxonomy":"product_brand","embeddable":true,"href":"https:\/\/www.gainmode.to\/fr\/wp-json\/wp\/v2\/product_brand?post=2243"},{"taxonomy":"product_cat","embeddable":true,"href":"https:\/\/www.gainmode.to\/fr\/wp-json\/wp\/v2\/product_cat?post=2243"},{"taxonomy":"product_tag","embeddable":true,"href":"https:\/\/www.gainmode.to\/fr\/wp-json\/wp\/v2\/product_tag?post=2243"}],"curies":[{"name":"wp","href":"https:\/\/api.w.org\/{rel}","templated":true}]}}