{"id":2250,"date":"2025-06-26T17:32:24","date_gmt":"2025-06-26T17:32:24","guid":{"rendered":"https:\/\/www.gainmode.to\/product\/roaccutane-10x20mg\/"},"modified":"2025-06-26T17:32:24","modified_gmt":"2025-06-26T17:32:24","slug":"roaccutane-10x20mg","status":"publish","type":"product","link":"https:\/\/www.gainmode.to\/fr\/produit\/roaccutane-10x20mg\/","title":{"rendered":"Roaccutane 10x20mg"},"content":{"rendered":"<p data-start=\"104\" data-end=\"205\"><strong data-start=\"104\" data-end=\"120\">L&rsquo;isotr\u00e9tino\u00efne<\/strong> aide \u00e0 r\u00e9duire les boutons (acn\u00e9) et les bosses. Il est utilis\u00e9 pour l&rsquo;acn\u00e9 s\u00e9v\u00e8re et la rosac\u00e9e s\u00e9v\u00e8re. <\/p>\n<ul data-start=\"207\" data-end=\"542\">\n<li data-start=\"207\" data-end=\"286\">\n<p data-start=\"209\" data-end=\"286\"><strong data-start=\"209\" data-end=\"231\">Aggravation initiale :<\/strong> L&rsquo;acn\u00e9 peut s&rsquo;aggraver au cours des premi\u00e8res semaines ; c&rsquo;est normal.<\/p>\n<\/li>\n<li data-start=\"287\" data-end=\"357\">\n<p data-start=\"289\" data-end=\"357\"><strong data-start=\"289\" data-end=\"307\">Efficacit\u00e9 :<\/strong> Vous remarquez g\u00e9n\u00e9ralement si cela fonctionne apr\u00e8s quelques semaines.<\/p>\n<\/li>\n<li data-start=\"358\" data-end=\"542\">\n<p data-start=\"360\" data-end=\"373\"><strong data-start=\"360\" data-end=\"373\">Dur\u00e9e :<\/strong><\/p>\n<ul data-start=\"376\" data-end=\"542\">\n<li data-start=\"376\" data-end=\"491\">\n<p data-start=\"378\" data-end=\"491\">Le traitement de l&rsquo;acn\u00e9 dure g\u00e9n\u00e9ralement de 4 \u00e0 6 mois. Si un deuxi\u00e8me traitement est n\u00e9cessaire, attendez 2 mois avant de recommencer. <\/p>\n<\/li>\n<li data-start=\"494\" data-end=\"542\">\n<p data-start=\"496\" data-end=\"542\">Le traitement de la rosac\u00e9e dure g\u00e9n\u00e9ralement de 3 \u00e0 4 mois.<\/p>\n<\/li>\n<\/ul>\n<\/li>\n<\/ul>\n<p data-start=\"544\" data-end=\"563\"><strong data-start=\"544\" data-end=\"563\">Comment le prendre :<\/strong><\/p>\n<ul data-start=\"564\" data-end=\"634\">\n<li data-start=\"564\" data-end=\"634\">\n<p data-start=\"566\" data-end=\"634\">Prenez l&rsquo;isotr\u00e9tino\u00efne pendant ou juste apr\u00e8s les repas pour am\u00e9liorer l&rsquo;absorption.<\/p>\n<\/li>\n<\/ul>\n<p data-start=\"636\" data-end=\"660\"><strong data-start=\"636\" data-end=\"660\">Effets secondaires courants :<\/strong><\/p>\n<ul data-start=\"661\" data-end=\"1183\">\n<li data-start=\"661\" data-end=\"687\">\n<p data-start=\"663\" data-end=\"687\">L\u00e8vres, yeux et nez secs<\/p>\n<\/li>\n<li data-start=\"688\" data-end=\"722\">\n<p data-start=\"690\" data-end=\"722\">Inflammation des yeux et mal de gorge<\/p>\n<\/li>\n<li data-start=\"723\" data-end=\"805\">\n<p data-start=\"725\" data-end=\"805\">Sensibilit\u00e9 accrue au soleil (utilisez un \u00e9cran solaire avec un FPS \u00e9lev\u00e9 ou \u00e9vitez l&rsquo;exposition au soleil)<\/p>\n<\/li>\n<li data-start=\"806\" data-end=\"1081\">\n<p data-start=\"808\" data-end=\"1081\">Ne pas utiliser pendant la grossesse \u2014 l&rsquo;isotr\u00e9tino\u00efne est tr\u00e8s nocive pour le b\u00e9b\u00e9. Des tests de grossesse seront effectu\u00e9s avant et pendant le traitement, et vous devez utiliser deux formes de contraception simultan\u00e9ment (par exemple, la pilule et des pr\u00e9servatifs) \u00e0 partir d&rsquo;un mois avant jusqu&rsquo;\u00e0 un mois apr\u00e8s le traitement. <\/p>\n<\/li>\n<li data-start=\"1082\" data-end=\"1183\">\n<p data-start=\"1084\" data-end=\"1183\">N&rsquo;allaitez pas pendant le traitement, car le m\u00e9dicament pourrait passer dans le lait maternel et nuire au b\u00e9b\u00e9.<\/p>\n<\/li>\n<\/ul>\n<hr data-start=\"1185\" data-end=\"1188\">\n<h3 data-start=\"1190\" data-end=\"1216\">Aper\u00e7u des effets secondaires :<\/h3>\n<p data-start=\"1218\" data-end=\"1258\"><strong data-start=\"1218\" data-end=\"1258\">Tr\u00e8s fr\u00e9quent (plus de 30 personnes sur 100) :<\/strong><\/p>\n<ul data-start=\"1259\" data-end=\"1394\">\n<li data-start=\"1259\" data-end=\"1322\">\n<p data-start=\"1261\" data-end=\"1322\">Fausse couche ou malformations cong\u00e9nitales graves en cas de prise pendant la grossesse<\/p>\n<\/li>\n<li data-start=\"1323\" data-end=\"1376\">\n<p data-start=\"1325\" data-end=\"1376\">S\u00e9cheresse des muqueuses (peau avec une fine couche de mucus)<\/p>\n<\/li>\n<li data-start=\"1377\" data-end=\"1394\">\n<p data-start=\"1379\" data-end=\"1394\">Irritation de la peau<\/p>\n<\/li>\n<\/ul>\n<p data-start=\"1396\" data-end=\"1429\"><strong data-start=\"1396\" data-end=\"1429\">Fr\u00e9quent (10 \u00e0 30 personnes sur 100) :<\/strong><\/p>\n<ul data-start=\"1430\" data-end=\"1576\">\n<li data-start=\"1430\" data-end=\"1459\">\n<p data-start=\"1432\" data-end=\"1459\">Douleurs articulaires, musculaires ou dorsales<\/p>\n<\/li>\n<li data-start=\"1460\" data-end=\"1505\">\n<p data-start=\"1462\" data-end=\"1505\">Augmentation du taux de cholest\u00e9rol ou de sucre dans le sang<\/p>\n<\/li>\n<li data-start=\"1506\" data-end=\"1576\">\n<p data-start=\"1508\" data-end=\"1576\">Faible nombre de cellules sanguines (signes : ecchymoses, saignements de nez, fatigue extr\u00eame)<\/p>\n<\/li>\n<\/ul>\n<p data-start=\"1578\" data-end=\"1615\"><strong data-start=\"1578\" data-end=\"1615\">Moins fr\u00e9quent (1 \u00e0 10 personnes sur 100) :<\/strong><\/p>\n<ul data-start=\"1616\" data-end=\"1688\">\n<li data-start=\"1616\" data-end=\"1627\">\n<p data-start=\"1618\" data-end=\"1627\">Chute de cheveux<\/p>\n<\/li>\n<li data-start=\"1628\" data-end=\"1688\">\n<p data-start=\"1630\" data-end=\"1688\">Sensibilit\u00e9 accrue de la peau \u00e0 la lumi\u00e8re UV (soleil, lits de bronzage)<\/p>\n<\/li>\n<\/ul>\n<p data-start=\"1690\" data-end=\"1727\"><strong data-start=\"1690\" data-end=\"1727\">Rare (moins de 1 personne sur 100) :<\/strong><\/p>\n<ul data-start=\"1728\" data-end=\"2522\">\n<li data-start=\"1728\" data-end=\"1759\">\n<p data-start=\"1730\" data-end=\"1759\">Probl\u00e8mes de tendons et perte osseuse<\/p>\n<\/li>\n<li data-start=\"1760\" data-end=\"1852\">\n<p data-start=\"1762\" data-end=\"1852\">Croissance excessive des poils chez les femmes, transpiration excessive, probl\u00e8mes de croissance des ongles et infections des ongles<\/p>\n<\/li>\n<li data-start=\"1853\" data-end=\"1949\">\n<p data-start=\"1855\" data-end=\"1949\">Probl\u00e8mes de sant\u00e9 mentale (anxi\u00e9t\u00e9, psychose, changements d&rsquo;humeur tels que d\u00e9pression ou sentiments hostiles)<\/p>\n<\/li>\n<li data-start=\"1950\" data-end=\"2066\">\n<p data-start=\"1952\" data-end=\"2066\">Probl\u00e8mes de vision (vision trouble, mauvaise vision nocturne, daltonisme, sensibilit\u00e9 \u00e0 la lumi\u00e8re, cataractes, yeux irrit\u00e9s)<\/p>\n<\/li>\n<li data-start=\"2067\" data-end=\"2081\">\n<p data-start=\"2069\" data-end=\"2081\">Perte auditive<\/p>\n<\/li>\n<li data-start=\"2082\" data-end=\"2167\">\n<p data-start=\"2084\" data-end=\"2167\">Augmentation de la pression dans la t\u00eate (maux de t\u00eate s\u00e9v\u00e8res, naus\u00e9es, vomissements, probl\u00e8mes de vision)<\/p>\n<\/li>\n<li data-start=\"2168\" data-end=\"2212\">\n<p data-start=\"2170\" data-end=\"2212\">Probl\u00e8mes gastro-intestinaux (naus\u00e9es, diarrh\u00e9e)<\/p>\n<\/li>\n<li data-start=\"2213\" data-end=\"2247\">\n<p data-start=\"2215\" data-end=\"2247\">Maux de t\u00eate, somnolence, vertiges<\/p>\n<\/li>\n<li data-start=\"2248\" data-end=\"2298\">\n<p data-start=\"2250\" data-end=\"2298\">Aggravation de l&rsquo;acn\u00e9, \u00e9ruption cutan\u00e9e, assombrissement de la peau<\/p>\n<\/li>\n<li data-start=\"2299\" data-end=\"2327\">\n<p data-start=\"2301\" data-end=\"2327\">Probl\u00e8mes de foie ou de pancr\u00e9as<\/p>\n<\/li>\n<li data-start=\"2328\" data-end=\"2345\">\n<p data-start=\"2330\" data-end=\"2345\">Probl\u00e8mes r\u00e9naux<\/p>\n<\/li>\n<li data-start=\"2346\" data-end=\"2370\">\n<p data-start=\"2348\" data-end=\"2370\">Crise cardiaque ou accident vasculaire c\u00e9r\u00e9bral<\/p>\n<\/li>\n<li data-start=\"2371\" data-end=\"2463\">\n<p data-start=\"2373\" data-end=\"2463\">Chez les hommes : difficult\u00e9s \u00e9rectiles, diminution ou parfois augmentation de la libido, augmentation du volume des seins<\/p>\n<\/li>\n<li data-start=\"2464\" data-end=\"2493\">\n<p data-start=\"2466\" data-end=\"2493\">Inflammation de l&rsquo;ur\u00e8tre<\/p>\n<\/li>\n<li data-start=\"2494\" data-end=\"2522\">\n<p data-start=\"2496\" data-end=\"2522\">R\u00e9actions d&rsquo;hypersensibilit\u00e9<\/p>\n<\/li>\n<\/ul>\n<hr data-start=\"2524\" data-end=\"2527\">\n<p data-start=\"2529\" data-end=\"2567\"><strong data-start=\"2529\" data-end=\"2567\">Mode d&#8217;emploi de Roaccutane :<\/strong><\/p>\n<ul data-start=\"2569\" data-end=\"2867\">\n<li data-start=\"2569\" data-end=\"2636\">\n<p data-start=\"2571\" data-end=\"2636\">Prenez les capsules pendant ou juste apr\u00e8s un repas pour une meilleure absorption.<\/p>\n<\/li>\n<li data-start=\"2637\" data-end=\"2867\">\n<p data-start=\"2639\" data-end=\"2661\">Dur\u00e9e du traitement :<\/p>\n<ul data-start=\"2664\" data-end=\"2867\">\n<li data-start=\"2664\" data-end=\"2831\">\n<p data-start=\"2666\" data-end=\"2831\">Acn\u00e9 : g\u00e9n\u00e9ralement 4 \u00e0 6 mois ; si une deuxi\u00e8me cure est n\u00e9cessaire, attendez 2 mois avant de recommencer. L&rsquo;acn\u00e9 peut continuer \u00e0 s&rsquo;am\u00e9liorer jusqu&rsquo;\u00e0 2 mois apr\u00e8s l&rsquo;arr\u00eat du traitement. <\/p>\n<\/li>\n<li data-start=\"2834\" data-end=\"2867\">\n<p data-start=\"2836\" data-end=\"2867\">Rosac\u00e9e : g\u00e9n\u00e9ralement 3 \u00e0 4 mois.<\/p>\n<\/li>\n<\/ul>\n<\/li>\n<\/ul>\n","protected":false},"excerpt":{"rendered":"<p>L&rsquo;isotr\u00e9tino\u00efne aide \u00e0 r\u00e9duire les boutons (acn\u00e9) et les bosses. Il est utilis\u00e9 pour l&rsquo;acn\u00e9 s\u00e9v\u00e8re et la rosac\u00e9e s\u00e9v\u00e8re. Aggravation initiale : L&rsquo;acn\u00e9 peut s&rsquo;aggraver au cours des premi\u00e8res semaines ; c&rsquo;est normal. Efficacit\u00e9 : Vous remarquez g\u00e9n\u00e9ralement si cela fonctionne apr\u00e8s quelques semaines. Dur\u00e9e : Le traitement de l&rsquo;acn\u00e9 dure g\u00e9n\u00e9ralement de 4 &#8230; <a title=\"Roaccutane 10x20mg\" class=\"read-more\" href=\"https:\/\/www.gainmode.to\/fr\/produit\/roaccutane-10x20mg\/\" aria-label=\"En savoir plus sur Roaccutane 10x20mg\">Lire la suite<\/a><\/p>\n","protected":false},"featured_media":479,"comment_status":"open","ping_status":"closed","template":"","meta":[],"product_brand":[],"product_cat":[2148],"product_tag":[2154,2151,2153,2160,2149,2150,2156,2158,2152],"class_list":{"0":"post-2250","1":"product","2":"type-product","3":"status-publish","4":"has-post-thumbnail","6":"product_cat-pharmacie","7":"product_tag-capsules-de-roaccutane","8":"product_tag-isotretinoine-fr","9":"product_tag-medicament-contre-lacne","10":"product_tag-medicament-contre-lacne-sur-ordonnance","11":"product_tag-roaccutane-fr","12":"product_tag-roaccutane-10x20mg-fr","13":"product_tag-soins-de-la-peau","14":"product_tag-solution-contre-lacne","15":"product_tag-traitement-contre-lacne","17":"first","18":"instock","19":"shipping-taxable","20":"purchasable","21":"product-type-simple"},"_links":{"self":[{"href":"https:\/\/www.gainmode.to\/fr\/wp-json\/wp\/v2\/product\/2250","targetHints":{"allow":["GET"]}}],"collection":[{"href":"https:\/\/www.gainmode.to\/fr\/wp-json\/wp\/v2\/product"}],"about":[{"href":"https:\/\/www.gainmode.to\/fr\/wp-json\/wp\/v2\/types\/product"}],"replies":[{"embeddable":true,"href":"https:\/\/www.gainmode.to\/fr\/wp-json\/wp\/v2\/comments?post=2250"}],"wp:featuredmedia":[{"embeddable":true,"href":"https:\/\/www.gainmode.to\/fr\/wp-json\/wp\/v2\/media\/479"}],"wp:attachment":[{"href":"https:\/\/www.gainmode.to\/fr\/wp-json\/wp\/v2\/media?parent=2250"}],"wp:term":[{"taxonomy":"product_brand","embeddable":true,"href":"https:\/\/www.gainmode.to\/fr\/wp-json\/wp\/v2\/product_brand?post=2250"},{"taxonomy":"product_cat","embeddable":true,"href":"https:\/\/www.gainmode.to\/fr\/wp-json\/wp\/v2\/product_cat?post=2250"},{"taxonomy":"product_tag","embeddable":true,"href":"https:\/\/www.gainmode.to\/fr\/wp-json\/wp\/v2\/product_tag?post=2250"}],"curies":[{"name":"wp","href":"https:\/\/api.w.org\/{rel}","templated":true}]}}