{"id":2261,"date":"2025-06-25T21:41:55","date_gmt":"2025-06-25T21:41:55","guid":{"rendered":"https:\/\/www.gainmode.to\/product\/prime-stack-bruleur-de-graisse-30-gelules\/"},"modified":"2025-06-25T21:41:55","modified_gmt":"2025-06-25T21:41:55","slug":"prime-stack-bruleur-de-graisse-30-gelules","status":"publish","type":"product","link":"https:\/\/www.gainmode.to\/fr\/produit\/prime-stack-bruleur-de-graisse-30-gelules\/","title":{"rendered":"Prime stack br\u00fbleur de graisse 30 g\u00e9lules"},"content":{"rendered":"<p data-start=\"94\" data-end=\"145\"><strong data-start=\"94\" data-end=\"122\">Prime Pharma Prime Stack<\/strong><br data-start=\"122\" data-end=\"125\">30 x 100 mg de g\u00e9lules<\/p>\n<ul data-start=\"147\" data-end=\"237\">\n<li data-start=\"147\" data-end=\"162\">\n<p data-start=\"149\" data-end=\"162\">Plus d\u2019\u00e9nergie<\/p>\n<\/li>\n<li data-start=\"163\" data-end=\"183\">\n<p data-start=\"165\" data-end=\"183\">App\u00e9tit r\u00e9duit<\/p>\n<\/li>\n<li data-start=\"184\" data-end=\"215\">\n<p data-start=\"186\" data-end=\"215\">Pourcentage de graisse corporelle r\u00e9duit<\/p>\n<\/li>\n<li data-start=\"216\" data-end=\"237\">\n<p data-start=\"218\" data-end=\"237\">Perte de poids<\/p>\n<\/li>\n<\/ul>\n<h3 data-start=\"239\" data-end=\"289\">Qu\u2019est-ce que prime stack prime pharma \u2013 br\u00fbleur de graisse&nbsp;?<\/h3>\n<p data-start=\"291\" data-end=\"560\">Prime Stack Prime Pharma est con\u00e7u pour fournir un regain d\u2019\u00e9nergie, contr\u00f4ler les fringales et aider \u00e0 la perte de poids. Si vous voulez perdre de la graisse rapidement et gagner de l\u2019\u00e9nergie, l\u2019ajout de Prime Stack \u00e0 votre alimentation est le bon choix. Le r\u00e9sultat est une r\u00e9duction rapide de la graisse et une perte de poids.  <\/p>\n<h3 data-start=\"562\" data-end=\"572\">Posologie<\/h3>\n<p data-start=\"574\" data-end=\"625\">Nous recommandons de prendre 1 g\u00e9lule par jour le matin.<\/p>\n<h3 data-start=\"627\" data-end=\"652\">Effets secondaires possibles<\/h3>\n<ul data-start=\"654\" data-end=\"675\">\n<li data-start=\"654\" data-end=\"666\">\n<p data-start=\"656\" data-end=\"666\">Maux de t\u00eate<\/p>\n<\/li>\n<li data-start=\"667\" data-end=\"675\">\n<p data-start=\"669\" data-end=\"675\">Naus\u00e9es<\/p>\n<\/li>\n<\/ul>\n","protected":false},"excerpt":{"rendered":"<p>Prime Pharma Prime Stack30 x 100 mg de g\u00e9lules Plus d\u2019\u00e9nergie App\u00e9tit r\u00e9duit Pourcentage de graisse corporelle r\u00e9duit Perte de poids Qu\u2019est-ce que prime stack prime pharma \u2013 br\u00fbleur de graisse&nbsp;? Prime Stack Prime Pharma est con\u00e7u pour fournir un regain d\u2019\u00e9nergie, contr\u00f4ler les fringales et aider \u00e0 la perte de poids. Si vous voulez &#8230; <a title=\"Prime stack br\u00fbleur de graisse 30 g\u00e9lules\" class=\"read-more\" href=\"https:\/\/www.gainmode.to\/fr\/produit\/prime-stack-bruleur-de-graisse-30-gelules\/\" aria-label=\"En savoir plus sur Prime stack br\u00fbleur de graisse 30 g\u00e9lules\">Lire la suite<\/a><\/p>\n","protected":false},"featured_media":462,"comment_status":"open","ping_status":"closed","template":"","meta":[],"product_brand":[80],"product_cat":[982,2240],"product_tag":[2245,2253,2252,2249,2256,2243,2255,2247,2241],"class_list":{"0":"post-2261","1":"product","2":"type-product","3":"status-publish","4":"has-post-thumbnail","6":"product_brand-prime-pharma","7":"product_cat-perte-de-poids","8":"product_cat-stacker-fr","9":"product_tag-bruleur-de-graisse-fr","10":"product_tag-complement-brule-graisse","11":"product_tag-complement-de-perte-de-poids","12":"product_tag-gelules-brule-graisse","13":"product_tag-gestion-du-poids","14":"product_tag-prime-stack-fr","15":"product_tag-prime-stack-30-gelules","16":"product_tag-prime-stack-bruleur-de-graisse","17":"product_tag-thermogenique","19":"first","20":"instock","21":"shipping-taxable","22":"purchasable","23":"product-type-simple"},"_links":{"self":[{"href":"https:\/\/www.gainmode.to\/fr\/wp-json\/wp\/v2\/product\/2261","targetHints":{"allow":["GET"]}}],"collection":[{"href":"https:\/\/www.gainmode.to\/fr\/wp-json\/wp\/v2\/product"}],"about":[{"href":"https:\/\/www.gainmode.to\/fr\/wp-json\/wp\/v2\/types\/product"}],"replies":[{"embeddable":true,"href":"https:\/\/www.gainmode.to\/fr\/wp-json\/wp\/v2\/comments?post=2261"}],"wp:featuredmedia":[{"embeddable":true,"href":"https:\/\/www.gainmode.to\/fr\/wp-json\/wp\/v2\/media\/462"}],"wp:attachment":[{"href":"https:\/\/www.gainmode.to\/fr\/wp-json\/wp\/v2\/media?parent=2261"}],"wp:term":[{"taxonomy":"product_brand","embeddable":true,"href":"https:\/\/www.gainmode.to\/fr\/wp-json\/wp\/v2\/product_brand?post=2261"},{"taxonomy":"product_cat","embeddable":true,"href":"https:\/\/www.gainmode.to\/fr\/wp-json\/wp\/v2\/product_cat?post=2261"},{"taxonomy":"product_tag","embeddable":true,"href":"https:\/\/www.gainmode.to\/fr\/wp-json\/wp\/v2\/product_tag?post=2261"}],"curies":[{"name":"wp","href":"https:\/\/api.w.org\/{rel}","templated":true}]}}