{"id":2271,"date":"2025-06-25T21:37:44","date_gmt":"2025-06-25T21:37:44","guid":{"rendered":"https:\/\/www.gainmode.to\/product\/ozempic-novo-nordisk-1-mg\/"},"modified":"2025-06-25T21:37:44","modified_gmt":"2025-06-25T21:37:44","slug":"ozempic-novo-nordisk-1-mg","status":"publish","type":"product","link":"https:\/\/www.gainmode.to\/fr\/produit\/ozempic-novo-nordisk-1-mg\/","title":{"rendered":"Ozempic Novo Nordisk 1 mg"},"content":{"rendered":"<p data-start=\"77\" data-end=\"141\"><strong data-start=\"77\" data-end=\"100\">Informations sur le produit<\/strong><br data-start=\"100\" data-end=\"103\">Conditionnement&nbsp;:<br data-start=\"113\" data-end=\"116\">1 stylo contenant 4 aiguilles<\/p>\n<h3 data-start=\"143\" data-end=\"187\">Qu\u2019est-ce qu\u2019Ozempic et \u00e0 quoi sert-il&nbsp;?<\/h3>\n<p data-start=\"189\" data-end=\"482\">Ozempic est un m\u00e9dicament contenant la substance active <strong data-start=\"245\" data-end=\"260\">s\u00e9maglutide<\/strong>, qui appartient \u00e0 la classe des incr\u00e9tinomim\u00e9tiques. Cette substance aide \u00e0 r\u00e9guler les niveaux d\u2019insuline apr\u00e8s les repas et r\u00e9duit la quantit\u00e9 de sucre lib\u00e9r\u00e9e dans le corps. Ozempic est prescrit pour le diab\u00e8te sucr\u00e9 (diab\u00e8te).  <\/p>\n<h3 data-start=\"484\" data-end=\"523\">Comment dois-je conserver ce m\u00e9dicament&nbsp;?<\/h3>\n<ul data-start=\"525\" data-end=\"783\">\n<li data-start=\"525\" data-end=\"569\">\n<p data-start=\"527\" data-end=\"569\">Ce m\u00e9dicament est exp\u00e9di\u00e9 r\u00e9frig\u00e9r\u00e9.<\/p>\n<\/li>\n<li data-start=\"570\" data-end=\"661\">\n<p data-start=\"572\" data-end=\"661\">Conserver le stylo en dessous de 30&nbsp;\u00b0C ou au r\u00e9frig\u00e9rateur (2&nbsp;\u00b0C &#8211; 8&nbsp;\u00b0C). Ne <strong data-start=\"636\" data-end=\"643\">pas<\/strong> congeler Ozempic. <\/p>\n<\/li>\n<li data-start=\"662\" data-end=\"724\">\n<p data-start=\"664\" data-end=\"724\">Conserver le stylo avec le capuchon en place pour le prot\u00e9ger de la lumi\u00e8re.<\/p>\n<\/li>\n<li data-start=\"725\" data-end=\"783\">\n<p data-start=\"727\" data-end=\"783\">Tenir ce m\u00e9dicament hors de la port\u00e9e et de la vue des enfants.<\/p>\n<\/li>\n<\/ul>\n<p data-start=\"785\" data-end=\"963\">Ne jetez pas les m\u00e9dicaments dans les toilettes ou l\u2019\u00e9vier. Demandez \u00e0 votre pharmacien comment \u00e9liminer correctement les m\u00e9dicaments que vous n\u2019utilisez plus. Ces mesures contribuent \u00e0 la s\u00e9curit\u00e9 de tous.  <\/p>\n<h3 data-start=\"965\" data-end=\"1011\">Quels sont les effets secondaires possibles d\u2019Ozempic&nbsp;?<\/h3>\n<p data-start=\"1013\" data-end=\"1107\">Outre l\u2019effet d\u00e9sir\u00e9, ce m\u00e9dicament peut provoquer des effets secondaires. Les principaux effets secondaires sont les suivants&nbsp;: <\/p>\n<p data-start=\"1109\" data-end=\"1125\"><strong data-start=\"1109\" data-end=\"1123\">Parfois&nbsp;:<\/strong><\/p>\n<ul data-start=\"1126\" data-end=\"1147\">\n<li data-start=\"1126\" data-end=\"1147\">\n<p data-start=\"1128\" data-end=\"1147\">Naus\u00e9es et diarrh\u00e9e<\/p>\n<\/li>\n<\/ul>\n<p data-start=\"1149\" data-end=\"1162\"><strong data-start=\"1149\" data-end=\"1160\">Rarement&nbsp;:<\/strong><\/p>\n<ul data-start=\"1163\" data-end=\"2073\">\n<li data-start=\"1163\" data-end=\"1445\">\n<p data-start=\"1165\" data-end=\"1445\">Faible taux de sucre dans le sang (hypoglyc\u00e9mie), qui survient plus souvent en association avec d\u2019autres m\u00e9dicaments hypoglyc\u00e9miants ou l\u2019insuline. Les sympt\u00f4mes de l\u2019hypoglyc\u00e9mie comprennent la faim, les sautes d\u2019humeur, la confusion, les maux de t\u00eate, la fatigue, les \u00e9tourdissements, le visage p\u00e2le, la vision trouble, les tremblements, la transpiration et les palpitations. <\/p>\n<\/li>\n<li data-start=\"1446\" data-end=\"1552\">\n<p data-start=\"1448\" data-end=\"1552\">L\u00e9sions oculaires qui peuvent entra\u00eener au fil du temps une vision floue ou qui s\u2019aggrave, l\u2019apparition de taches flottantes ou la c\u00e9cit\u00e9.<\/p>\n<\/li>\n<li data-start=\"1553\" data-end=\"1709\">\n<p data-start=\"1555\" data-end=\"1709\">Troubles gastro-intestinaux tels que naus\u00e9es, vomissements, douleurs abdominales ou \u00e0 l\u2019estomac, gastrite, constipation, br\u00fblures d\u2019estomac, ballonnements et flatulences excessives.<\/p>\n<\/li>\n<li data-start=\"1710\" data-end=\"1762\">\n<p data-start=\"1712\" data-end=\"1762\">Diminution de l\u2019app\u00e9tit, qui peut entra\u00eener une perte de poids.<\/p>\n<\/li>\n<li data-start=\"1763\" data-end=\"1789\">\n<p data-start=\"1765\" data-end=\"1789\">\u00c9tourdissements et fatigue.<\/p>\n<\/li>\n<li data-start=\"1790\" data-end=\"1957\">\n<p data-start=\"1792\" data-end=\"1957\">Calculs biliaires, qui sont des calculs dans la v\u00e9sicule biliaire et les canaux biliaires. G\u00e9n\u00e9ralement inaper\u00e7us, mais peuvent provoquer de fortes douleurs abdominales sup\u00e9rieures (douleurs de colique) avec naus\u00e9es et vomissements. <\/p>\n<\/li>\n<li data-start=\"1958\" data-end=\"2073\">\n<p data-start=\"1960\" data-end=\"2073\">Hypersensibilit\u00e9 \u00e0 ce m\u00e9dicament, qui peut se manifester par une \u00e9ruption cutan\u00e9e, de l\u2019urticaire ou des d\u00e9mangeaisons. Consultez votre m\u00e9decin si cela se produit. <\/p>\n<\/li>\n<\/ul>\n<p data-start=\"2075\" data-end=\"2093\"><strong data-start=\"2075\" data-end=\"2091\">Tr\u00e8s rarement&nbsp;:<\/strong><\/p>\n<ul data-start=\"2094\" data-end=\"2336\">\n<li data-start=\"2094\" data-end=\"2115\">\n<p data-start=\"2096\" data-end=\"2115\">Acc\u00e9l\u00e9ration du rythme cardiaque.<\/p>\n<\/li>\n<li data-start=\"2116\" data-end=\"2151\">\n<p data-start=\"2118\" data-end=\"2151\">\u00c9ruption cutan\u00e9e rouge au site d\u2019injection.<\/p>\n<\/li>\n<li data-start=\"2152\" data-end=\"2170\">\n<p data-start=\"2154\" data-end=\"2170\">Go\u00fbt alt\u00e9r\u00e9.<\/p>\n<\/li>\n<li data-start=\"2171\" data-end=\"2336\">\n<p data-start=\"2173\" data-end=\"2336\">Une pancr\u00e9atite soudaine a \u00e9t\u00e9 signal\u00e9e avec des m\u00e9dicaments similaires au s\u00e9maglutide. Si vous ressentez une douleur abdominale tr\u00e8s forte et persistante, contactez imm\u00e9diatement votre m\u00e9decin. <\/p>\n<\/li>\n<\/ul>\n<h3 data-start=\"2338\" data-end=\"2372\">Comment et quand utiliser Ozempic&nbsp;?<\/h3>\n<p data-start=\"2374\" data-end=\"2384\"><strong data-start=\"2374\" data-end=\"2382\">Comment&nbsp;?<\/strong><\/p>\n<ul data-start=\"2385\" data-end=\"2761\">\n<li data-start=\"2385\" data-end=\"2485\">\n<p data-start=\"2387\" data-end=\"2485\">Le liquide d\u2019injection est contenu dans un stylo. Lisez \u00e9galement le mode d\u2019emploi inclus dans l\u2019emballage. <\/p>\n<\/li>\n<li data-start=\"2486\" data-end=\"2669\">\n<p data-start=\"2488\" data-end=\"2669\">Ce m\u00e9dicament doit \u00eatre inject\u00e9 juste sous la peau, dans la cuisse, l\u2019abdomen ou le haut du bras. Habituellement, vous aurez \u00e9t\u00e9 form\u00e9 \u00e0 l\u2019auto-injection ou une personne proche de vous le fera. <\/p>\n<\/li>\n<li data-start=\"2670\" data-end=\"2761\">\n<p data-start=\"2672\" data-end=\"2761\">Si vous avez une \u00e9ruption cutan\u00e9e rouge au site d\u2019injection, choisissez un site d\u2019injection diff\u00e9rent chaque semaine.<\/p>\n<\/li>\n<\/ul>\n<p data-start=\"2763\" data-end=\"2774\"><strong data-start=\"2763\" data-end=\"2772\">Quand&nbsp;?<\/strong><\/p>\n<ul data-start=\"2775\" data-end=\"2825\">\n<li data-start=\"2775\" data-end=\"2825\">\n<p data-start=\"2777\" data-end=\"2825\">Vous injectez Ozempic une fois par semaine \u00e0 la m\u00eame heure.<\/p>\n<\/li>\n<\/ul>\n<h3 data-start=\"2827\" data-end=\"2865\">Que dois-je faire si j\u2019oublie une dose&nbsp;?<\/h3>\n<p data-start=\"2867\" data-end=\"3147\">Si vous oubliez une dose, injectez-la d\u00e8s que possible, \u00e0 condition que la dose suivante soit pr\u00e9vue 2&nbsp;jours ou plus tard. S\u2019il reste moins de 2&nbsp;jours avant la prochaine dose, sautez la dose oubli\u00e9e et injectez la dose suivante \u00e0 l\u2019heure pr\u00e9vue. N\u2019injectez jamais deux doses pour compenser une dose oubli\u00e9e.  <\/p>\n<h3 data-start=\"3149\" data-end=\"3197\">Que dois-je faire si je prends trop d\u2019Ozempic&nbsp;?<\/h3>\n<p data-start=\"3199\" data-end=\"3245\">Contactez imm\u00e9diatement votre m\u00e9decin ou votre pharmacien.<\/p>\n","protected":false},"excerpt":{"rendered":"<p>Informations sur le produitConditionnement&nbsp;:1 stylo contenant 4 aiguilles Qu\u2019est-ce qu\u2019Ozempic et \u00e0 quoi sert-il&nbsp;? Ozempic est un m\u00e9dicament contenant la substance active s\u00e9maglutide, qui appartient \u00e0 la classe des incr\u00e9tinomim\u00e9tiques. Cette substance aide \u00e0 r\u00e9guler les niveaux d\u2019insuline apr\u00e8s les repas et r\u00e9duit la quantit\u00e9 de sucre lib\u00e9r\u00e9e dans le corps. Ozempic est prescrit pour &#8230; <a title=\"Ozempic Novo Nordisk 1 mg\" class=\"read-more\" href=\"https:\/\/www.gainmode.to\/fr\/produit\/ozempic-novo-nordisk-1-mg\/\" aria-label=\"En savoir plus sur Ozempic Novo Nordisk 1 mg\">Lire la suite<\/a><\/p>\n","protected":false},"featured_media":459,"comment_status":"open","ping_status":"closed","template":"","meta":[],"product_brand":[82],"product_cat":[982,2148,1036],"product_tag":[992,2336,2335,1039,2340,2333,2334,1037,2342],"class_list":{"0":"post-2271","1":"product","2":"type-product","3":"status-publish","4":"has-post-thumbnail","6":"product_brand-novo-nordisk","7":"product_cat-perte-de-poids","8":"product_cat-pharmacie","9":"product_cat-semaglutide-fr","10":"product_tag-controle-de-la-glycemie","11":"product_tag-injection-dozempic","12":"product_tag-medicament-contre-le-diabete","13":"product_tag-novo-nordisk-fr","14":"product_tag-novo-nordisk-ozempic-fr","15":"product_tag-ozempic-fr","16":"product_tag-ozempic-1-mg","17":"product_tag-semaglutide-fr","18":"product_tag-traitement-du-diabete-de-type-2","20":"first","21":"outofstock","22":"sale","23":"shipping-taxable","24":"purchasable","25":"product-type-simple"},"_links":{"self":[{"href":"https:\/\/www.gainmode.to\/fr\/wp-json\/wp\/v2\/product\/2271","targetHints":{"allow":["GET"]}}],"collection":[{"href":"https:\/\/www.gainmode.to\/fr\/wp-json\/wp\/v2\/product"}],"about":[{"href":"https:\/\/www.gainmode.to\/fr\/wp-json\/wp\/v2\/types\/product"}],"replies":[{"embeddable":true,"href":"https:\/\/www.gainmode.to\/fr\/wp-json\/wp\/v2\/comments?post=2271"}],"wp:featuredmedia":[{"embeddable":true,"href":"https:\/\/www.gainmode.to\/fr\/wp-json\/wp\/v2\/media\/459"}],"wp:attachment":[{"href":"https:\/\/www.gainmode.to\/fr\/wp-json\/wp\/v2\/media?parent=2271"}],"wp:term":[{"taxonomy":"product_brand","embeddable":true,"href":"https:\/\/www.gainmode.to\/fr\/wp-json\/wp\/v2\/product_brand?post=2271"},{"taxonomy":"product_cat","embeddable":true,"href":"https:\/\/www.gainmode.to\/fr\/wp-json\/wp\/v2\/product_cat?post=2271"},{"taxonomy":"product_tag","embeddable":true,"href":"https:\/\/www.gainmode.to\/fr\/wp-json\/wp\/v2\/product_tag?post=2271"}],"curies":[{"name":"wp","href":"https:\/\/api.w.org\/{rel}","templated":true}]}}