{"id":2300,"date":"2025-06-25T17:58:02","date_gmt":"2025-06-25T17:58:02","guid":{"rendered":"https:\/\/www.gainmode.to\/product\/metformine-glucoplus-iasis-pharma-60-x-1000mg\/"},"modified":"2025-06-25T17:58:02","modified_gmt":"2025-06-25T17:58:02","slug":"metformine-glucoplus-iasis-pharma-60-x-1000mg","status":"publish","type":"product","link":"https:\/\/www.gainmode.to\/fr\/produit\/metformine-glucoplus-iasis-pharma-60-x-1000mg\/","title":{"rendered":"Metformine glucoplus iasis pharma 60 x 1000mg"},"content":{"rendered":"<h2 data-start=\"90\" data-end=\"117\"><strong data-start=\"93\" data-end=\"115\">Ingr\u00e9dient actif :<\/strong><\/h2>\n<p data-start=\"118\" data-end=\"131\"><strong data-start=\"118\" data-end=\"131\">Metformine<\/strong><\/p>\n<hr data-start=\"133\" data-end=\"136\">\n<h3 data-start=\"138\" data-end=\"165\"><strong data-start=\"142\" data-end=\"163\">Effets positifs :<\/strong><\/h3>\n<ul data-start=\"166\" data-end=\"200\">\n<li data-start=\"166\" data-end=\"200\">\n<p data-start=\"168\" data-end=\"200\">Aide \u00e0 g\u00e9rer le <strong data-start=\"181\" data-end=\"200\">diab\u00e8te de type 2<\/strong><\/p>\n<\/li>\n<\/ul>\n<hr data-start=\"202\" data-end=\"205\">\n<h3 data-start=\"207\" data-end=\"239\"><strong data-start=\"211\" data-end=\"237\">Effets secondaires possibles :<\/strong><\/h3>\n<ul data-start=\"240\" data-end=\"269\">\n<li data-start=\"240\" data-end=\"254\">\n<p data-start=\"242\" data-end=\"254\"><strong data-start=\"242\" data-end=\"252\">Naus\u00e9es<\/strong><\/p>\n<\/li>\n<li data-start=\"255\" data-end=\"269\">\n<p data-start=\"257\" data-end=\"269\"><strong data-start=\"257\" data-end=\"269\">Diarrh\u00e9e<\/strong><\/p>\n<\/li>\n<\/ul>\n<hr data-start=\"271\" data-end=\"274\">\n<h3 data-start=\"276\" data-end=\"293\"><strong data-start=\"280\" data-end=\"291\">Dosage :<\/strong><\/h3>\n<p data-start=\"294\" data-end=\"343\"><strong data-start=\"294\" data-end=\"310\">1000\u20133000 mg<\/strong><br data-start=\"310\" data-end=\"313\">(pris <strong data-start=\"320\" data-end=\"342\">2 \u00e0 3 fois par jour<\/strong>)<\/p>\n<hr data-start=\"345\" data-end=\"348\">\n<h3 data-start=\"350\" data-end=\"368\"><strong data-start=\"354\" data-end=\"366\">Stockage :<\/strong><\/h3>\n<p data-start=\"369\" data-end=\"467\">Conserver dans un <strong data-start=\"380\" data-end=\"422\">endroit sec et frais \u00e0 temp\u00e9rature ambiante<\/strong>.<br data-start=\"423\" data-end=\"426\"><strong data-start=\"426\" data-end=\"467\">Ne pas utiliser apr\u00e8s la date d\u2019expiration.<\/strong><\/p>\n","protected":false},"excerpt":{"rendered":"<p>Ingr\u00e9dient actif : Metformine Effets positifs : Aide \u00e0 g\u00e9rer le diab\u00e8te de type 2 Effets secondaires possibles : Naus\u00e9es Diarrh\u00e9e Dosage : 1000\u20133000 mg(pris 2 \u00e0 3 fois par jour) Stockage : Conserver dans un endroit sec et frais \u00e0 temp\u00e9rature ambiante.Ne pas utiliser apr\u00e8s la date d\u2019expiration.<\/p>\n","protected":false},"featured_media":435,"comment_status":"open","ping_status":"closed","template":"","meta":[],"product_brand":[93],"product_cat":[2148],"product_tag":[2539,992,2537,2531,2532,2335,2530,2535,2543,2541,988],"class_list":{"0":"post-2300","1":"product","2":"type-product","3":"status-publish","4":"has-post-thumbnail","6":"product_brand-iasis-pharma","7":"product_cat-pharmacie","8":"product_tag-antidiabetique-oral","9":"product_tag-controle-de-la-glycemie","10":"product_tag-diabete-de-type-2","11":"product_tag-glucoplus-fr","12":"product_tag-iasis-pharma-fr","13":"product_tag-medicament-contre-le-diabete","14":"product_tag-metformine","15":"product_tag-metformine-1000mg","16":"product_tag-metformine-iasis-pharma","17":"product_tag-regulation-du-glucose","18":"product_tag-traitement-du-diabete","20":"first","21":"instock","22":"shipping-taxable","23":"purchasable","24":"product-type-simple"},"_links":{"self":[{"href":"https:\/\/www.gainmode.to\/fr\/wp-json\/wp\/v2\/product\/2300","targetHints":{"allow":["GET"]}}],"collection":[{"href":"https:\/\/www.gainmode.to\/fr\/wp-json\/wp\/v2\/product"}],"about":[{"href":"https:\/\/www.gainmode.to\/fr\/wp-json\/wp\/v2\/types\/product"}],"replies":[{"embeddable":true,"href":"https:\/\/www.gainmode.to\/fr\/wp-json\/wp\/v2\/comments?post=2300"}],"wp:featuredmedia":[{"embeddable":true,"href":"https:\/\/www.gainmode.to\/fr\/wp-json\/wp\/v2\/media\/435"}],"wp:attachment":[{"href":"https:\/\/www.gainmode.to\/fr\/wp-json\/wp\/v2\/media?parent=2300"}],"wp:term":[{"taxonomy":"product_brand","embeddable":true,"href":"https:\/\/www.gainmode.to\/fr\/wp-json\/wp\/v2\/product_brand?post=2300"},{"taxonomy":"product_cat","embeddable":true,"href":"https:\/\/www.gainmode.to\/fr\/wp-json\/wp\/v2\/product_cat?post=2300"},{"taxonomy":"product_tag","embeddable":true,"href":"https:\/\/www.gainmode.to\/fr\/wp-json\/wp\/v2\/product_tag?post=2300"}],"curies":[{"name":"wp","href":"https:\/\/api.w.org\/{rel}","templated":true}]}}